{"id":99530,"date":"2012-03-03T19:33:11","date_gmt":"2012-03-03T18:33:11","guid":{"rendered":"https:\/\/infinitomasuno.org\/producto\/visionado-online-la-ultima-cima\/"},"modified":"2023-03-02T15:15:30","modified_gmt":"2023-03-02T14:15:30","slug":"vizualizare-online-ultima-culme","status":"publish","type":"product","link":"https:\/\/www.infinitomasuno.org\/ro\/produs\/vizualizare-online-ultima-culme\/","title":{"rendered":"Vizualizare online ULTIMA CULME"},"content":{"rendered":"<p>Pablo Dom\u00ednguez a murit la 42 de ani, afl\u00e2ndu-se \u00een mediul pe care \u00eel iubea at\u00e2t de mult: \u00eenconjurat de mun\u021bi. Era preot. Smerit, simpatic \u0219i amabil, unul dintre oamenii aceia care n-ar ajunge niciodat\u0103 la \u0219tiri.<\/p>\n<p>Povestea vie\u021bii lui a ajuns \u00een cinematografe din 18 \u021b\u0103ri \u0219i \u00eenc\u0103 provoac\u0103 \u201cefectesecundare\u201d printrecei care au pl\u0103cerea de a-l cunoa\u0219te pe Pablo.<\/p>\n","protected":false},"excerpt":{"rendered":"<p>Ave\u021bi 3 zile pentru a viziona filmul din momentul cump\u0103r\u0103rii.<\/p>\n","protected":false},"featured_media":174066,"template":"","meta":{"_acf_changed":false,"site-sidebar-layout":"default","site-content-layout":"default","ast-site-content-layout":"default","site-content-style":"default","site-sidebar-style":"default","ast-global-header-display":"","ast-banner-title-visibility":"","ast-main-header-display":"","ast-hfb-above-header-display":"","ast-hfb-below-header-display":"","ast-hfb-mobile-header-display":"","site-post-title":"","ast-breadcrumbs-content":"","ast-featured-img":"","footer-sml-layout":"","ast-disable-related-posts":"","theme-transparent-header-meta":"default","adv-header-id-meta":"","stick-header-meta":"","header-above-stick-meta":"","header-main-stick-meta":"","header-below-stick-meta":"","astra-migrate-meta-layouts":"default","ast-page-background-enabled":"default","ast-page-background-meta":{"desktop":{"background-color":"","background-image":"","background-repeat":"repeat","background-position":"center center","background-size":"auto","background-attachment":"scroll","background-type":"","background-media":"","overlay-type":"","overlay-color":"","overlay-opacity":"","overlay-gradient":""},"tablet":{"background-color":"","background-image":"","background-repeat":"repeat","background-position":"center center","background-size":"auto","background-attachment":"scroll","background-type":"","background-media":"","overlay-type":"","overlay-color":"","overlay-opacity":"","overlay-gradient":""},"mobile":{"background-color":"","background-image":"","background-repeat":"repeat","background-position":"center center","background-size":"auto","background-attachment":"scroll","background-type":"","background-media":"","overlay-type":"","overlay-color":"","overlay-opacity":"","overlay-gradient":""}},"ast-content-background-meta":{"desktop":{"background-color":"var(--ast-global-color-5)","background-image":"","background-repeat":"repeat","background-position":"center center","background-size":"auto","background-attachment":"scroll","background-type":"","background-media":"","overlay-type":"","overlay-color":"","overlay-opacity":"","overlay-gradient":""},"tablet":{"background-color":"var(--ast-global-color-5)","background-image":"","background-repeat":"repeat","background-position":"center center","background-size":"auto","background-attachment":"scroll","background-type":"","background-media":"","overlay-type":"","overlay-color":"","overlay-opacity":"","overlay-gradient":""},"mobile":{"background-color":"var(--ast-global-color-5)","background-image":"","background-repeat":"repeat","background-position":"center center","background-size":"auto","background-attachment":"scroll","background-type":"","background-media":"","overlay-type":"","overlay-color":"","overlay-opacity":"","overlay-gradient":""}}},"product_brand":[],"product_cat":[380,381,621],"product_tag":[93],"class_list":{"0":"post-99530","1":"product","2":"type-product","3":"status-publish","4":"has-post-thumbnail","6":"product_cat-producciones-ro","7":"product_cat-tienda-ro","8":"product_cat-ultima-cume","9":"product_tag-streaming-video-on-line-ro","10":"desktop-align-left","11":"tablet-align-left","12":"mobile-align-left","14":"first","15":"instock","16":"downloadable","17":"virtual","18":"purchasable","19":"product-type-simple"},"acf":[],"aioseo_notices":[],"_links":{"self":[{"href":"https:\/\/www.infinitomasuno.org\/ro\/wp-json\/wp\/v2\/product\/99530","targetHints":{"allow":["GET"]}}],"collection":[{"href":"https:\/\/www.infinitomasuno.org\/ro\/wp-json\/wp\/v2\/product"}],"about":[{"href":"https:\/\/www.infinitomasuno.org\/ro\/wp-json\/wp\/v2\/types\/product"}],"version-history":[{"count":3,"href":"https:\/\/www.infinitomasuno.org\/ro\/wp-json\/wp\/v2\/product\/99530\/revisions"}],"predecessor-version":[{"id":205444,"href":"https:\/\/www.infinitomasuno.org\/ro\/wp-json\/wp\/v2\/product\/99530\/revisions\/205444"}],"wp:featuredmedia":[{"embeddable":true,"href":"https:\/\/www.infinitomasuno.org\/ro\/wp-json\/wp\/v2\/media\/174066"}],"wp:attachment":[{"href":"https:\/\/www.infinitomasuno.org\/ro\/wp-json\/wp\/v2\/media?parent=99530"}],"wp:term":[{"taxonomy":"product_brand","embeddable":true,"href":"https:\/\/www.infinitomasuno.org\/ro\/wp-json\/wp\/v2\/product_brand?post=99530"},{"taxonomy":"product_cat","embeddable":true,"href":"https:\/\/www.infinitomasuno.org\/ro\/wp-json\/wp\/v2\/product_cat?post=99530"},{"taxonomy":"product_tag","embeddable":true,"href":"https:\/\/www.infinitomasuno.org\/ro\/wp-json\/wp\/v2\/product_tag?post=99530"}],"curies":[{"name":"wp","href":"https:\/\/api.w.org\/{rel}","templated":true}]}}