{"id":220366,"date":"2025-02-11T11:04:56","date_gmt":"2025-02-11T10:04:56","guid":{"rendered":"https:\/\/www.infinitomasuno.org\/?post_type=product&#038;p=220366"},"modified":"2025-02-12T12:54:56","modified_gmt":"2025-02-12T11:54:56","slug":"vizualizare-online-rasarit-in-calcutta","status":"publish","type":"product","link":"https:\/\/www.infinitomasuno.org\/ro\/produs\/vizualizare-online-rasarit-in-calcutta\/","title":{"rendered":"Vizualizare online R\u0102S\u0102RIT \u00ceN CALCUTTA"},"content":{"rendered":"<p><span style=\"font-size: 16px;\">Regizat de Jose Maria Zavala (alte filme: Misterul lui Padre Pio, Ren\u0103scu\u021bi \u0219i Woijtyla, Investiga\u021bia), noul film R\u0103s\u0103rit \u00een Calcutta este un c\u00e2ntec adresat unei mici femei care \u0219i-a d\u0103ruit \u00eentreaga via\u021ba celor mai nevoia\u0219i oameni. <\/span><span style=\"font-size: 16px;\">Dac\u0103 este ceva care \u00eenc\u0103 ne \u00eenva\u021b\u0103 Sf\u00e2nta Tereza din Calcutta, acesta este c\u0103 capitala Indiei este prezent\u0103 ast\u0103zi \u00een toat\u0103 lumea. \u0218i \u00een ora\u0219ul t\u0103u exist\u0103 o Calcutta unde tr\u0103iesc \u00een condi\u021bii grele oameni care au nevoie de Iubire, cu liter\u0103 mare.<\/span><\/p>\n<div>\n<p><span style=\"font-size: 16px;\">Cu ritmul trepidant al unui thriller, R\u0103s\u0103rit \u00een Calcutta ne ofer\u0103 m\u0103rturiile unor \u0219ase persoane care continu\u0103 s\u0103-\u0219i pun\u0103 \u00een pericol \u0219i ast\u0103zi via\u021ba lor \u00een cele mai \u00eencep\u0103rtate locuri de pe planet\u0103 ca s\u0103-L fac\u0103 cunoscut \u0219i iubit pe Cristos, prin spiritualitatea Maicii Tereza. Cu o coloan\u0103 sonor\u0103 deosebit\u0103, care incorporeaz\u0103 chiar \u0219i instrumente muzicale ale Indiei, filmul are un impact \u00een inima multor persoane, mai ales a acelor care continu\u0103 s\u0103 stea \u00een zona de confort, ignor\u00e2nd ceea ce se \u00eent\u00e2mpl\u0103 de partea cealalt\u0103 a realit\u0103\u021bii. Impactul acestor pove\u0219ti va fi brutal.<\/span><\/p>\n<\/div>\n","protected":false},"excerpt":{"rendered":"<p>Ai la dispozi\u021bie 3 zile pentru a viziona filmul din momentul achizi\u021biei.<\/p>\n","protected":false},"featured_media":220409,"template":"","meta":{"_acf_changed":false,"site-sidebar-layout":"default","site-content-layout":"default","ast-site-content-layout":"default","site-content-style":"default","site-sidebar-style":"default","ast-global-header-display":"","ast-banner-title-visibility":"","ast-main-header-display":"","ast-hfb-above-header-display":"","ast-hfb-below-header-display":"","ast-hfb-mobile-header-display":"","site-post-title":"","ast-breadcrumbs-content":"","ast-featured-img":"","footer-sml-layout":"","ast-disable-related-posts":"","theme-transparent-header-meta":"default","adv-header-id-meta":"","stick-header-meta":"","header-above-stick-meta":"","header-main-stick-meta":"","header-below-stick-meta":"","astra-migrate-meta-layouts":"set","ast-page-background-enabled":"default","ast-page-background-meta":{"desktop":{"background-color":"","background-image":"","background-repeat":"repeat","background-position":"center center","background-size":"auto","background-attachment":"scroll","background-type":"","background-media":"","overlay-type":"","overlay-color":"","overlay-opacity":"","overlay-gradient":""},"tablet":{"background-color":"","background-image":"","background-repeat":"repeat","background-position":"center center","background-size":"auto","background-attachment":"scroll","background-type":"","background-media":"","overlay-type":"","overlay-color":"","overlay-opacity":"","overlay-gradient":""},"mobile":{"background-color":"","background-image":"","background-repeat":"repeat","background-position":"center center","background-size":"auto","background-attachment":"scroll","background-type":"","background-media":"","overlay-type":"","overlay-color":"","overlay-opacity":"","overlay-gradient":""}},"ast-content-background-meta":{"desktop":{"background-color":"var(--ast-global-color-5)","background-image":"","background-repeat":"repeat","background-position":"center center","background-size":"auto","background-attachment":"scroll","background-type":"","background-media":"","overlay-type":"","overlay-color":"","overlay-opacity":"","overlay-gradient":""},"tablet":{"background-color":"var(--ast-global-color-5)","background-image":"","background-repeat":"repeat","background-position":"center center","background-size":"auto","background-attachment":"scroll","background-type":"","background-media":"","overlay-type":"","overlay-color":"","overlay-opacity":"","overlay-gradient":""},"mobile":{"background-color":"var(--ast-global-color-5)","background-image":"","background-repeat":"repeat","background-position":"center center","background-size":"auto","background-attachment":"scroll","background-type":"","background-media":"","overlay-type":"","overlay-color":"","overlay-opacity":"","overlay-gradient":""}}},"product_brand":[],"product_cat":[380,744,381],"product_tag":[93],"class_list":{"0":"post-220366","1":"product","2":"type-product","3":"status-publish","4":"has-post-thumbnail","6":"product_cat-producciones-ro","7":"product_cat-rasarit-in-calcutta","8":"product_cat-tienda-ro","9":"product_tag-streaming-video-on-line-ro","10":"desktop-align-left","11":"tablet-align-left","12":"mobile-align-left","14":"first","15":"instock","16":"downloadable","17":"virtual","18":"purchasable","19":"product-type-simple"},"acf":[],"aioseo_notices":[],"_links":{"self":[{"href":"https:\/\/www.infinitomasuno.org\/ro\/wp-json\/wp\/v2\/product\/220366","targetHints":{"allow":["GET"]}}],"collection":[{"href":"https:\/\/www.infinitomasuno.org\/ro\/wp-json\/wp\/v2\/product"}],"about":[{"href":"https:\/\/www.infinitomasuno.org\/ro\/wp-json\/wp\/v2\/types\/product"}],"version-history":[{"count":5,"href":"https:\/\/www.infinitomasuno.org\/ro\/wp-json\/wp\/v2\/product\/220366\/revisions"}],"predecessor-version":[{"id":220368,"href":"https:\/\/www.infinitomasuno.org\/ro\/wp-json\/wp\/v2\/product\/220366\/revisions\/220368"}],"wp:featuredmedia":[{"embeddable":true,"href":"https:\/\/www.infinitomasuno.org\/ro\/wp-json\/wp\/v2\/media\/220409"}],"wp:attachment":[{"href":"https:\/\/www.infinitomasuno.org\/ro\/wp-json\/wp\/v2\/media?parent=220366"}],"wp:term":[{"taxonomy":"product_brand","embeddable":true,"href":"https:\/\/www.infinitomasuno.org\/ro\/wp-json\/wp\/v2\/product_brand?post=220366"},{"taxonomy":"product_cat","embeddable":true,"href":"https:\/\/www.infinitomasuno.org\/ro\/wp-json\/wp\/v2\/product_cat?post=220366"},{"taxonomy":"product_tag","embeddable":true,"href":"https:\/\/www.infinitomasuno.org\/ro\/wp-json\/wp\/v2\/product_tag?post=220366"}],"curies":[{"name":"wp","href":"https:\/\/api.w.org\/{rel}","templated":true}]}}