{"id":167900,"date":"2020-09-10T16:08:58","date_gmt":"2020-09-10T15:08:58","guid":{"rendered":"https:\/\/www.infinitomasuno.org\/producto\/visionado-online-el-mayor-regalo-espanol\/"},"modified":"2023-03-02T14:34:21","modified_gmt":"2023-03-02T13:34:21","slug":"vizualizare-online-cel-mai-mare-dar","status":"publish","type":"product","link":"https:\/\/www.infinitomasuno.org\/ro\/produs\/vizualizare-online-cel-mai-mare-dar\/","title":{"rendered":"Vizualizare online CEL MAI MARE DAR"},"content":{"rendered":"<p>Limbi: spaniol\u0103, portughez\u0103, italian\u0103, german\u0103 \u0219i rom\u00e2n\u0103.<\/p>\n<p>Cineva va omor\u00ee pe altcineva. Ce bine dac\u0103 ar fi doar un film.<br \/>\nCed\u0103m&#8230;. sau c\u0103ut\u0103m un alt sf\u00e2r\u0219it fericit?<\/p>\n<p>Exist\u0103 o arm\u0103 capabil\u0103 s\u0103 opreasc\u0103 orice conflict. Deja a fost folosit\u0103 \u00een Fran\u021ba, Spania, Irlanda,<br \/>\nMexic, Columbia, Ruanda&#8230; \u0219i func\u021bioneaz\u0103, mereu.<\/p>\n<p>Dar trebuie s\u0103 fii foarte curajos ca s\u0103 o folose\u0219ti.<br \/>\nGrecii o numesc \u201chyper-dar\u201d: CEL MAI MARE DAR.<\/p>\n","protected":false},"excerpt":{"rendered":"<p>Dispones de 3 d\u00edas para ver la pel\u00edcula desde el momento de la compra.<\/p>\n","protected":false},"featured_media":168238,"template":"","meta":{"_acf_changed":false,"site-sidebar-layout":"default","site-content-layout":"default","ast-site-content-layout":"default","site-content-style":"default","site-sidebar-style":"default","ast-global-header-display":"","ast-banner-title-visibility":"","ast-main-header-display":"","ast-hfb-above-header-display":"","ast-hfb-below-header-display":"","ast-hfb-mobile-header-display":"","site-post-title":"","ast-breadcrumbs-content":"","ast-featured-img":"","footer-sml-layout":"","ast-disable-related-posts":"","theme-transparent-header-meta":"default","adv-header-id-meta":"","stick-header-meta":"","header-above-stick-meta":"","header-main-stick-meta":"","header-below-stick-meta":"","astra-migrate-meta-layouts":"default","ast-page-background-enabled":"default","ast-page-background-meta":{"desktop":{"background-color":"","background-image":"","background-repeat":"repeat","background-position":"center center","background-size":"auto","background-attachment":"scroll","background-type":"","background-media":"","overlay-type":"","overlay-color":"","overlay-opacity":"","overlay-gradient":""},"tablet":{"background-color":"","background-image":"","background-repeat":"repeat","background-position":"center center","background-size":"auto","background-attachment":"scroll","background-type":"","background-media":"","overlay-type":"","overlay-color":"","overlay-opacity":"","overlay-gradient":""},"mobile":{"background-color":"","background-image":"","background-repeat":"repeat","background-position":"center center","background-size":"auto","background-attachment":"scroll","background-type":"","background-media":"","overlay-type":"","overlay-color":"","overlay-opacity":"","overlay-gradient":""}},"ast-content-background-meta":{"desktop":{"background-color":"var(--ast-global-color-5)","background-image":"","background-repeat":"repeat","background-position":"center center","background-size":"auto","background-attachment":"scroll","background-type":"","background-media":"","overlay-type":"","overlay-color":"","overlay-opacity":"","overlay-gradient":""},"tablet":{"background-color":"var(--ast-global-color-5)","background-image":"","background-repeat":"repeat","background-position":"center center","background-size":"auto","background-attachment":"scroll","background-type":"","background-media":"","overlay-type":"","overlay-color":"","overlay-opacity":"","overlay-gradient":""},"mobile":{"background-color":"var(--ast-global-color-5)","background-image":"","background-repeat":"repeat","background-position":"center center","background-size":"auto","background-attachment":"scroll","background-type":"","background-media":"","overlay-type":"","overlay-color":"","overlay-opacity":"","overlay-gradient":""}}},"product_brand":[],"product_cat":[378,380,381],"product_tag":[93],"class_list":{"0":"post-167900","1":"product","2":"type-product","3":"status-publish","4":"has-post-thumbnail","6":"product_cat-cel-mai-mare-dar","7":"product_cat-producciones-ro","8":"product_cat-tienda-ro","9":"product_tag-streaming-video-on-line-ro","10":"desktop-align-left","11":"tablet-align-left","12":"mobile-align-left","14":"first","15":"instock","16":"downloadable","17":"virtual","18":"purchasable","19":"product-type-simple"},"acf":[],"aioseo_notices":[],"_links":{"self":[{"href":"https:\/\/www.infinitomasuno.org\/ro\/wp-json\/wp\/v2\/product\/167900","targetHints":{"allow":["GET"]}}],"collection":[{"href":"https:\/\/www.infinitomasuno.org\/ro\/wp-json\/wp\/v2\/product"}],"about":[{"href":"https:\/\/www.infinitomasuno.org\/ro\/wp-json\/wp\/v2\/types\/product"}],"version-history":[{"count":3,"href":"https:\/\/www.infinitomasuno.org\/ro\/wp-json\/wp\/v2\/product\/167900\/revisions"}],"predecessor-version":[{"id":205442,"href":"https:\/\/www.infinitomasuno.org\/ro\/wp-json\/wp\/v2\/product\/167900\/revisions\/205442"}],"wp:featuredmedia":[{"embeddable":true,"href":"https:\/\/www.infinitomasuno.org\/ro\/wp-json\/wp\/v2\/media\/168238"}],"wp:attachment":[{"href":"https:\/\/www.infinitomasuno.org\/ro\/wp-json\/wp\/v2\/media?parent=167900"}],"wp:term":[{"taxonomy":"product_brand","embeddable":true,"href":"https:\/\/www.infinitomasuno.org\/ro\/wp-json\/wp\/v2\/product_brand?post=167900"},{"taxonomy":"product_cat","embeddable":true,"href":"https:\/\/www.infinitomasuno.org\/ro\/wp-json\/wp\/v2\/product_cat?post=167900"},{"taxonomy":"product_tag","embeddable":true,"href":"https:\/\/www.infinitomasuno.org\/ro\/wp-json\/wp\/v2\/product_tag?post=167900"}],"curies":[{"name":"wp","href":"https:\/\/api.w.org\/{rel}","templated":true}]}}