{"id":173602,"date":"2020-07-21T17:00:36","date_gmt":"2020-07-21T17:00:36","guid":{"rendered":"https:\/\/www.infinitomasuno.org\/politica-de-privacidad-2\/"},"modified":"2021-02-08T16:50:10","modified_gmt":"2021-02-08T14:50:10","slug":"politica-de-confidentialitate","status":"publish","type":"page","link":"https:\/\/www.infinitomasuno.org\/ro\/politica-de-confidentialitate\/","title":{"rendered":"Politic\u0103 de Confiden\u021bialitate"},"content":{"rendered":"\t\t<div data-elementor-type=\"wp-page\" data-elementor-id=\"173602\" class=\"elementor elementor-173602 elementor-167131\" data-elementor-post-type=\"page\">\n\t\t\t\t\t\t<section class=\"elementor-section elementor-top-section elementor-element elementor-element-119ab73 elementor-section-boxed elementor-section-height-default elementor-section-height-default\" data-id=\"119ab73\" data-element_type=\"section\" data-e-type=\"section\">\n\t\t\t\t\t\t\t<div class=\"elementor-background-overlay\"><\/div>\n\t\t\t\t\t\t\t<div class=\"elementor-container elementor-column-gap-default\">\n\t\t\t\t\t<div class=\"elementor-column elementor-col-100 elementor-top-column elementor-element elementor-element-eca703c\" data-id=\"eca703c\" data-element_type=\"column\" data-e-type=\"column\">\n\t\t\t<div class=\"elementor-widget-wrap elementor-element-populated\">\n\t\t\t\t\t\t<div class=\"elementor-element elementor-element-69a9fdb elementor-widget elementor-widget-text-editor\" data-id=\"69a9fdb\" data-element_type=\"widget\" data-e-type=\"widget\" data-widget_type=\"text-editor.default\">\n\t\t\t\t<div class=\"elementor-widget-container\">\n\t\t\t\t\t\t\t\t\t<p>Protec\u021bia datelor cu caracter personal conform RGPD FUNDA\u021aIA INFINITO, \u00een aplicarea reglement\u0103rilor actuale privind protec\u021bia datelor cu caracter personal, informeaz\u0103 c\u0103 datele personale colectate prin formularele de pe site-ul web: www.infinitomasuno.org, sunt incluse \u00een fi\u0219ierele automate specifice ale utilizatorilor serviciilor FUNDACI\u00d3N INFINITO Scopul colect\u0103rii \u0219i prelucr\u0103rii automate a datelor cu caracter personal este men\u021binerea rela\u021biei de afaceri \u0219i desf\u0103\u0219urarea de informa\u021bii, instruire, consiliere \u0219i alte activit\u0103\u021bi ale FUNDACI\u00d3N INFINITO Aceste date nu vor fi transferate nim\u0103nui, cu excep\u021bia acelor entit\u0103\u021bi care sunt strict necesare pentru \u00eendeplinirea scopului men\u021bionat\u00a0 anterior.<\/p><p>FUNDA\u021aIA INFINITO adopt\u0103 m\u0103surile necesare pentru a garanta securitatea, integritatea \u0219i confiden\u021bialitatea datelor \u00een conformitate cu prevederile Regulamentului (UE) 2016\/679 al Parlamentului European \u0219i al Consiliului, din 27 aprilie 2016, privind protec\u021bia persoanelor fizice \u00een ceea ce prive\u0219te prelucrarea datelor cu caracter personal \u0219i libera circula\u021bie a acestora \u0219i abrogarea vechii LOPD, noua Lege organic\u0103 3\/2018, din 5 decembrie, privind protec\u021bia datelor \u0219i garantarea drepturilor digitale (LOPDGDD).<\/p><p>Utilizatorul poate exercita \u00een orice moment drepturile de acces, opozi\u021bie, rectificare, anulare, limitare \u0219i portabilitate recunoscute \u00een regulamentul men\u021bionat anterior (UE). Exercitarea acestor drepturi poate fi f\u0103cut\u0103 de c\u0103tre utilizator \u00eensu\u0219i prin e-mail la: fundacion@infinitomasuno.org sau la adresa: Calle Marines, 14 Pta 5, C.P. 46183 &#8211; La Eliana, Valencia, Spania.<\/p><p>Utilizatorul declar\u0103 c\u0103 toate datele furnizate de acesta sunt adev\u0103rate \u0219i corecte \u0219i se angajeaz\u0103 s\u0103 le men\u021bin\u0103 actualizate, comunic\u00e2nd modific\u0103rile c\u0103tre FUNDA\u021aIA INFINIT\u0102.<\/p><p>Scopul prelucr\u0103rii datelor cu caracter personal: \u00cen ce scop vom trata datele dvs. personale? La FUNDA\u021aIA INFINITO, vom trata datele dvs. personale colectate prin intermediul site-ului web: www.infinitomasuno.org, cu urm\u0103toarele scopuri: Respecta\u021bi obliga\u021biile comerciale, de munc\u0103, corporative \u0219i contabile ale companiei.<\/p><p>Procesul de depunere, actualizare a sistemelor, protejarea \u0219i protejarea informa\u021biilor \u0219i bazelor de date ale companiei.<\/p><p>V\u0103 reamintim c\u0103 v\u0103 pute\u021bi opune trimiterii de comunic\u0103ri comerciale prin orice mijloace \u0219i \u00een orice moment, prin trimiterea unui e-mail la adresa indicat\u0103 mai sus.<\/p><p>C\u00e2mpurile acestor \u00eenregistr\u0103ri sunt obligatorii \u0219i este imposibil s\u0103 se realizeze scopurile declarate dac\u0103 aceste date nu sunt furnizate.<\/p><p>Pentru c\u00e2t timp sunt p\u0103strate datele personale colectate? Datele cu caracter personal furnizate vor fi p\u0103strate at\u00e2ta timp c\u00e2t rela\u021bia comercial\u0103 este men\u021binut\u0103 sau nu solicita\u021bi \u0219tergerea acesteia \u0219i \u00een perioada pentru care pot ap\u0103rea responsabilit\u0103\u021bi legale pentru serviciile furnizate.<\/p><p>Legitimare: Tratarea datelor dvs. se efectueaz\u0103 cu urm\u0103toarele baze legale care o legitimeaz\u0103:<\/p><p>Solicitarea de informa\u021bii \u0219i \/ sau contractarea serviciilor FUNDA\u021aIEI INFINITO, ale c\u0103ror termeni \u0219i condi\u021bii v\u0103 vor fi puse la dispozi\u021bie \u00een orice caz, \u00eenainte de o eventual\u0103 contractare.<\/p><p>Consim\u021b\u0103m\u00e2nt gratuit, specific, informat \u0219i neechivoc, \u00een timp ce v\u0103 inform\u0103m pun\u00e2ndu-v\u0103 la dispozi\u021bie aceast\u0103 politic\u0103 de confiden\u021bialitate, care dup\u0103 ce a\u021bi citit-o, dac\u0103 sunte\u021bi de acord, o pute\u021bi accepta printr-o declara\u021bie sau o ac\u021biune afirmativ\u0103 clar\u0103, cum ar fi marcarea unui cutie amenajat\u0103 \u00een acest scop.<\/p><p>\u00cen cazul \u00een care nu ne furniza\u021bi datele dvs. sau face\u021bi acest lucru \u00eentr-un mod eronat sau incomplet, nu vom putea satisface cererea dvs., ceea ce face complet imposibil s\u0103 v\u0103 furniz\u0103m informa\u021biile solicitate sau s\u0103 efectua\u021bi contractarea Servicii.<\/p><p>Date colectate de utilizatorii serviciilor \u00cen cazurile \u00een care utilizatorul include fi\u0219iere cu date personale pe serverele de g\u0103zduire partajate, FUNDA\u021aIA INFINITO nu este responsabil\u0103 pentru \u00eenc\u0103lcarea de c\u0103tre utilizator a RGPD.\u00a0<\/p><p>P\u0103strarea datelor \u00een conformitate cu LSSI<\/p><p>FUNDA\u021aIA INFINITO informeaz\u0103 c\u0103, \u00een calitate de furnizor de servicii de g\u0103zduire a datelor \u0219i \u00een virtutea prevederilor Legii 34\/2002 din 11 iulie, Serviciile societ\u0103\u021bii informa\u021bionale \u0219i comer\u021bului electronic (LSSI), re\u021bine pentru o perioad\u0103 maxim\u0103 de 12 luni informa\u021bii pentru a identifica originea datelor g\u0103zduite \u0219i momentul \u00een care a \u00eenceput furnizarea serviciului.\u00a0<\/p><p>P\u0103strarea acestor date nu afecteaz\u0103 secretul comunic\u0103rilor \u0219i pot fi utilizate numai \u00een cadrul unei anchete penale sau pentru protejarea siguran\u021bei publice, pun\u00e2ndu-se la dispozi\u021bia judec\u0103torilor \u0219i \/ sau a instan\u021belor sau a Ministerului care solicit\u0103 acest lucru. .\u00a0<\/p><p>Comunicarea datelor c\u0103tre For\u021bele \u0219i Corpurile statului se va face \u00een temeiul prevederilor reglement\u0103rilor privind protec\u021bia datelor cu caracter personal.\u00a0<\/p><p>Drepturi de proprietate intelectual\u0103 www.infinitomasuno.org FUNDA\u021aIA INFINITO este proprietarul tuturor drepturilor de autor, al propriet\u0103\u021bii intelectuale \u0219i industriale, al \u201eknow how-ului\u201d \u0219i al oric\u0103ror alte drepturi legate de con\u021binutul site-ului www.infinitomasuno.org \u0219i de serviciile oferite \u00een acesta, precum \u0219i programele necesare implement\u0103rii acestuia. \u0219i informa\u021bii conexe.\u00a0<\/p><p>Reproducerea, publicarea \u0219i \/ sau utilizarea non-strict privat\u0103 a con\u021binutului, total sau par\u021bial, al site-ului www.infinitomasuno.org nu este permis\u0103 f\u0103r\u0103 acordul scris prealabil. Proprietatea intelectual\u0103 a software-ului Utilizatorul trebuie s\u0103 respecte programele ter\u021be puse la dispozi\u021bie de FUNDA\u021aIA INFINIT\u0102, chiar dac\u0103 acestea sunt gratuite \u0219i \/ sau disponibile publicului.<\/p><p><br \/>FUNDA\u021aIA INFINITO are drepturile necesare de exploatare \u0219i proprietatea intelectual\u0103 a software-ului. Utilizatorul nu dob\u00e2nde\u0219te niciun drept sau licen\u021b\u0103 pentru serviciul contractat, asupra software-ului necesar furniz\u0103rii serviciului \u0219i nici despre informa\u021biile tehnice pentru monitorizarea serviciului, cu excep\u021bia drepturilor \u0219i licen\u021belor necesare pentru \u00eendeplinirea serviciilor contractate \u0219i numai pe durata aceluia\u0219i.\u00a0<\/p><p>Pentru orice ac\u021biune care dep\u0103\u0219e\u0219te \u00eendeplinirea contractului, utilizatorul va avea nevoie de autoriza\u021bie scris\u0103 de la FUNDA\u021aIA INFINITO, utilizatorului i se interzice accesul, modificarea, vizualizarea configura\u021biei, structurii \u0219i fi\u0219ierelor serverelor de\u021binute de FUNDA\u021aIA INFINIT\u0102, asum\u00e2ndu-\u0219i responsabilitatea civil\u0103 \u0219i criminal derivat din orice incident care ar putea ap\u0103rea pe servere \u0219i sisteme de securitate ca o consecin\u021b\u0103 direct\u0103 a unei ac\u021biuni neglijente sau r\u0103u inten\u021bionate din partea dvs.\u00a0<\/p><p>Proprietatea intelectual\u0103 a con\u021binutului g\u0103zduit Utilizarea contrar\u0103 legisla\u021biei privind proprietatea intelectual\u0103 a serviciilor furnizate de FUNDA\u021aIA INFINITO \u0219i, \u00een special, a:\u00a0<\/p><p>Utilizarea care este contrar\u0103 legilor spaniole sau care \u00eencalc\u0103 drepturile ter\u021bilor.\u00a0<\/p><p>Publicarea sau transmiterea oric\u0103rui con\u021binut care, \u00een opinia FUNDA\u021aIEI INFINITE, este violent, obscen, abuziv, ilegal, rasial, xenofob sau def\u0103im\u0103tor.\u00a0<\/p><p>Fisurile, numerele de serie ale programelor sau orice alt con\u021binut care \u00eencalc\u0103 drepturile de proprietate intelectual\u0103 ale ter\u021bilor.\u00a0<\/p><p>Colectarea \u0219i \/ sau utilizarea datelor cu caracter personal ale altor utilizatori f\u0103r\u0103 consim\u021b\u0103m\u00e2ntul lor expres sau contravenind prevederilor Regulamentului (UE) 2016\/679 al Parlamentului European \u0219i al Consiliului, din 27 aprilie 2016, privind protec\u021bia persoanelor \u00een ceea ce prive\u0219te prelucrarea datelor cu caracter personal \u0219i libera circula\u021bie a acestora.\u00a0<\/p><p>Utilizarea serverului de e-mail \u0219i a adreselor de e-mail ale domeniului pentru a trimite spam.\u00a0<\/p><p>Utilizatorul are \u00eentreaga r\u0103spundere pentru con\u021binutul site-ului s\u0103u web, informa\u021biile transmise \u0219i stocate, linkurile de hipertext, revendic\u0103rile ter\u021bilor \u0219i ac\u021biunile legale referitoare la proprietatea intelectual\u0103, drepturile ter\u021bilor \u0219i protec\u021bia minorilor.\u00a0<\/p><p>Utilizatorul este responsabil pentru legile \u0219i reglement\u0103rile \u00een vigoare \u0219i regulile care au leg\u0103tur\u0103 cu func\u021bionarea serviciului online, comer\u021bul electronic, drepturile de autor, men\u021binerea ordinii publice, precum \u0219i principiile universale de utilizare a Internetului.\u00a0<\/p><p>Utilizatorul va desp\u0103gubi FUNDA\u021aIA INFINITO pentru cheltuielile generate de FUNDA\u021aIA INFINIT\u0102 \u00een orice cauz\u0103 a c\u0103rei responsabilitate a fost atribuibil\u0103 utilizatorului, inclusiv taxele \u0219i cheltuielile de ap\u0103rare juridic\u0103, chiar \u0219i \u00een cazul unei decizii judiciare non-definitive. Protec\u021bia informa\u021biilor g\u0103zduite<\/p><p>FUNDA\u021aIA INFINITO face copii de rezerv\u0103 ale con\u021binutului g\u0103zduit pe serverele sale, \u00eens\u0103 nu este responsabil pentru pierderea sau \u0219tergerea accidental\u0103 a datelor de c\u0103tre utilizatori.\u00a0<\/p><p>\u00cen acela\u0219i mod, nu garanteaz\u0103 \u00eenlocuirea total\u0103 a datelor \u0219terse de utilizatori, deoarece datele men\u021bionate anterior ar fi putut fi \u0219terse \u0219i \/ sau modificate \u00een perioada de timp care a trecut de la ultima copie de rezerv\u0103.\u00a0<\/p><p>Serviciile oferite, cu excep\u021bia serviciilor de backup specifice, nu includ \u00eenlocuirea con\u021binutului conservat \u00een copiile de rezerv\u0103 f\u0103cute de FUNDA\u021aIA INFINITO, atunci c\u00e2nd aceast\u0103 pierdere este atribuibil\u0103 utilizatorului;\u00a0<\/p><p>\u00een acest caz, o rat\u0103 va fi determinat\u0103 \u00een func\u021bie de complexitatea \u0219i volumul recuper\u0103rii, \u00eentotdeauna cu acceptul prealabil al utilizatorului.\u00a0<\/p><p>\u00cenlocuirea datelor \u0219terse este inclus\u0103 numai \u00een pre\u021bul serviciului atunci c\u00e2nd pierderea con\u021binutului se datoreaz\u0103 unor cauze atribuibile FUNDA\u021aIEI INFINITO.\u00a0<\/p><p>Comunica\u021bii comerciale \u00cen aplicarea LSSI.\u00a0<\/p><p>FUNDA\u021aIA INFINITO nu va trimite comunic\u0103ri publicitare sau promo\u021bionale prin e-mail sau alte mijloace electronice de comunicare echivalente care nu au fost solicitate sau autorizate \u00een mod expres de c\u0103tre destinatarii aceleia\u0219i.\u00a0<\/p><p>\u00cen cazul utilizatorilor cu care exist\u0103 o rela\u021bie contractual\u0103 prealabil\u0103, FUNDA\u021aIA INFINITO este autorizat\u0103 s\u0103 trimit\u0103 comunic\u0103ri comerciale cu privire la produsele sau serviciile FUNDA\u021aIEI INFINITO care sunt similare cu cele care au fost ini\u021bial contractate cu clientul.\u00a0<\/p><p>\u00cen orice caz, utilizatorul, dup\u0103 ce \u0219i-a dovedit identitatea, poate solicita s\u0103 nu i se mai trimit\u0103 informa\u021bii comerciale prin canalele Serviciului Clien\u021bi.<\/p>\t\t\t\t\t\t\t\t<\/div>\n\t\t\t\t<\/div>\n\t\t\t\t\t<\/div>\n\t\t<\/div>\n\t\t\t\t\t<\/div>\n\t\t<\/section>\n\t\t\t\t<\/div>\n\t\t","protected":false},"excerpt":{"rendered":"<p>Protec\u021bia datelor cu caracter personal conform RGPD FUNDA\u021aIA INFINITO, \u00een aplicarea reglement\u0103rilor actuale privind protec\u021bia datelor cu caracter personal, informeaz\u0103 c\u0103 datele personale colectate prin formularele de pe site-ul web: www.infinitomasuno.org, sunt incluse \u00een fi\u0219ierele automate specifice ale utilizatorilor serviciilor FUNDACI\u00d3N INFINITO Scopul colect\u0103rii \u0219i prelucr\u0103rii automate a datelor cu caracter personal este men\u021binerea rela\u021biei [&hellip;]<\/p>\n","protected":false},"author":19323,"featured_media":0,"parent":0,"menu_order":0,"comment_status":"closed","ping_status":"closed","template":"","meta":{"_acf_changed":false,"site-sidebar-layout":"no-sidebar","site-content-layout":"page-builder","ast-site-content-layout":"default","site-content-style":"default","site-sidebar-style":"default","ast-global-header-display":"","ast-banner-title-visibility":"","ast-main-header-display":"","ast-hfb-above-header-display":"","ast-hfb-below-header-display":"","ast-hfb-mobile-header-display":"","site-post-title":"disabled","ast-breadcrumbs-content":"","ast-featured-img":"disabled","footer-sml-layout":"","ast-disable-related-posts":"","theme-transparent-header-meta":"enabled","adv-header-id-meta":"","stick-header-meta":"","header-above-stick-meta":"","header-main-stick-meta":"","header-below-stick-meta":"","astra-migrate-meta-layouts":"default","ast-page-background-enabled":"default","ast-page-background-meta":{"desktop":{"background-color":"","background-image":"","background-repeat":"repeat","background-position":"center center","background-size":"auto","background-attachment":"scroll","background-type":"","background-media":"","overlay-type":"","overlay-color":"","overlay-opacity":"","overlay-gradient":""},"tablet":{"background-color":"","background-image":"","background-repeat":"repeat","background-position":"center center","background-size":"auto","background-attachment":"scroll","background-type":"","background-media":"","overlay-type":"","overlay-color":"","overlay-opacity":"","overlay-gradient":""},"mobile":{"background-color":"","background-image":"","background-repeat":"repeat","background-position":"center center","background-size":"auto","background-attachment":"scroll","background-type":"","background-media":"","overlay-type":"","overlay-color":"","overlay-opacity":"","overlay-gradient":""}},"ast-content-background-meta":{"desktop":{"background-color":"var(--ast-global-color-5)","background-image":"","background-repeat":"repeat","background-position":"center center","background-size":"auto","background-attachment":"scroll","background-type":"","background-media":"","overlay-type":"","overlay-color":"","overlay-opacity":"","overlay-gradient":""},"tablet":{"background-color":"var(--ast-global-color-5)","background-image":"","background-repeat":"repeat","background-position":"center center","background-size":"auto","background-attachment":"scroll","background-type":"","background-media":"","overlay-type":"","overlay-color":"","overlay-opacity":"","overlay-gradient":""},"mobile":{"background-color":"var(--ast-global-color-5)","background-image":"","background-repeat":"repeat","background-position":"center center","background-size":"auto","background-attachment":"scroll","background-type":"","background-media":"","overlay-type":"","overlay-color":"","overlay-opacity":"","overlay-gradient":""}},"footnotes":""},"class_list":["post-173602","page","type-page","status-publish","hentry"],"acf":[],"aioseo_notices":[],"_links":{"self":[{"href":"https:\/\/www.infinitomasuno.org\/ro\/wp-json\/wp\/v2\/pages\/173602","targetHints":{"allow":["GET"]}}],"collection":[{"href":"https:\/\/www.infinitomasuno.org\/ro\/wp-json\/wp\/v2\/pages"}],"about":[{"href":"https:\/\/www.infinitomasuno.org\/ro\/wp-json\/wp\/v2\/types\/page"}],"author":[{"embeddable":true,"href":"https:\/\/www.infinitomasuno.org\/ro\/wp-json\/wp\/v2\/users\/19323"}],"replies":[{"embeddable":true,"href":"https:\/\/www.infinitomasuno.org\/ro\/wp-json\/wp\/v2\/comments?post=173602"}],"version-history":[{"count":11,"href":"https:\/\/www.infinitomasuno.org\/ro\/wp-json\/wp\/v2\/pages\/173602\/revisions"}],"predecessor-version":[{"id":174122,"href":"https:\/\/www.infinitomasuno.org\/ro\/wp-json\/wp\/v2\/pages\/173602\/revisions\/174122"}],"wp:attachment":[{"href":"https:\/\/www.infinitomasuno.org\/ro\/wp-json\/wp\/v2\/media?parent=173602"}],"curies":[{"name":"wp","href":"https:\/\/api.w.org\/{rel}","templated":true}]}}