{"id":173601,"date":"2020-07-21T16:44:03","date_gmt":"2020-07-21T16:44:03","guid":{"rendered":"https:\/\/www.infinitomasuno.org\/politica-de-cookies\/"},"modified":"2021-02-10T11:54:31","modified_gmt":"2021-02-10T09:54:31","slug":"politica-de-utilizare-cookie-uri","status":"publish","type":"page","link":"https:\/\/www.infinitomasuno.org\/ro\/politica-de-utilizare-cookie-uri\/","title":{"rendered":"Politica de utilizare Cookie-uri"},"content":{"rendered":"\t\t<div data-elementor-type=\"wp-page\" data-elementor-id=\"173601\" class=\"elementor elementor-173601 elementor-167127\" data-elementor-post-type=\"page\">\n\t\t\t\t\t\t<section class=\"elementor-section elementor-top-section elementor-element elementor-element-119ab73 elementor-section-boxed elementor-section-height-default elementor-section-height-default\" data-id=\"119ab73\" data-element_type=\"section\" data-e-type=\"section\">\n\t\t\t\t\t\t\t<div class=\"elementor-background-overlay\"><\/div>\n\t\t\t\t\t\t\t<div class=\"elementor-container elementor-column-gap-default\">\n\t\t\t\t\t<div class=\"elementor-column elementor-col-100 elementor-top-column elementor-element elementor-element-eca703c\" data-id=\"eca703c\" data-element_type=\"column\" data-e-type=\"column\">\n\t\t\t<div class=\"elementor-widget-wrap elementor-element-populated\">\n\t\t\t\t\t\t<div class=\"elementor-element elementor-element-69a9fdb elementor-widget elementor-widget-text-editor\" data-id=\"69a9fdb\" data-element_type=\"widget\" data-e-type=\"widget\" data-widget_type=\"text-editor.default\">\n\t\t\t\t<div class=\"elementor-widget-container\">\n\t\t\t\t\t\t\t\t\t<p>POLITICA DE UTILIZARE A COOKIE-URILOR<\/p><p>\u00a0<\/p><p>FUNDA\u021aIA INFINITO v\u0103 informeaz\u0103 despre utilizare cookie-urilor pe pagina sa de internet, <a href=\"http:\/\/www.infinitomasuno.org\">www.infinitomasuno.org<\/a><\/p><p>\u00a0<\/p><p>Ce sunt cookie-urile?<\/p><p>\u00a0<\/p><p>Cookie-urile sunt ni\u0219te fi\u0219iere care pot fi desc\u0103rcate pe dispozitivul dumneavoastr\u0103 prin intermediul paginile de internet. Sunt ni\u0219te instrumente cu un rol esen\u021bial \u00een prestarea a numeroase servicii ale lumii informa\u021bionale. Printre altele, dau posibilitatea unei pagini web s\u0103 colecteze \u0219i s\u0103 recupereze informa\u021bii despre obiceiurile de navigare ale unui utilizator sau ale unui dispozitiv de-al s\u0103u. Depinz\u00e2nd de informa\u021bia colectat\u0103, poate fi folosit\u0103 pentru a recunoa\u0219te utilizatorul \u0219i pentru a \u00eembun\u0103t\u0103\u021bii serviciile oferite.<\/p><p>\u00a0<\/p><p>Tipuri de cookie-uri<\/p><p>\u00a0<\/p><p>\u00cen func\u021bie de entit\u0103\u021bile care gestioneaz\u0103 domeniul de unde se trimit cookie-urile \u0219i cele care manipuleaz\u0103 datele care se ob\u021bin, se pot distinge dou\u0103 tipuri de cookie-uri:<\/p><p>\u00a0<\/p><p>Cookie-uri proprii (sau <em>first party<\/em>): acelea care sunt trimise dispozitivului terminal al utilizatorului de c\u0103tre un dispozitiv sau un domeniu gestionat de procesorul de text\/editorul propriu \u0219i de cel care presteaz\u0103 serviciul solicitat de utilizator.<\/p><p>\u00a0<\/p><p>Cookie-uri din ter\u021be p\u0103r\u021bi (sau <em>third-party<\/em>): acelea care se trimit dispozitivului terminal al utilizatorului de c\u0103tre un dispozitiv sau un domeniu care nu este gestionat de procesorul de text\/editorul propriu, ci de c\u0103tre o alt\u0103 entitate, care controleaz\u0103 datele ob\u021binute prin ac\u021biunea cookie-urilor.<\/p><p>\u00a0<\/p><p>\u00cen cazul \u00een care cookie-urile sunt instalate de c\u0103tre un dispozitiv sau un domeniu gestionat de c\u0103tre procesorul de text\/editorul propriu, dar informa\u021bia colectat\u0103 este gestionat\u0103 de o ter\u021b\u0103, acestea nu se pot considera cookie-uri propriu-zise.<\/p><p>\u00a0<\/p><p>Exist\u0103 de asemenea o alt\u0103 clasificare a cookie-urilor, dup\u0103 perioada de timp \u00een care r\u0103m\u00e2n salvate \u00een navigatorul de internet (<em>browser<\/em>-ul) clientului. Astfel avem de-a face cu:<\/p><p>\u00a0<\/p><p>1)Cookie-uri de sesiune: Concepute pentru a colecta \u0219i salva informa\u021bii trebuincioase doar pentru prestarea serviciului solicitat de c\u0103tre utilizator \u00eentr-o sesiune unic\u0103 (de ex. lista produselor din co\u0219ul de cump\u0103r\u0103turi).<\/p><p>\u00a0<\/p><p>2) Cookie-uri persistente: Datele colec\u021bionate r\u0103m\u00e2n salvate \u00een terminal \u0219i pot fi accesate \u0219i gestionate pe o perioad\u0103 de timp stabilit\u0103 de c\u0103tre responsabilul cookie-ului, care poate s\u0103 varieze de la c\u00e2teva minute la c\u00e2\u021biva ani.<\/p><p>\u00a0<\/p><p>Mai exist\u0103 o ultim\u0103 clasificare \u00een \u0219ase categorii, \u00een func\u021bie de scopul pentru care sunt gestionate datele ob\u021binute de cookie-uri:<\/p><p>\u00a0<\/p><p>1)Cookie-uri tehnice: acelea care permit utilizatorului s\u0103 navigheze pe o pagin\u0103 web, o platform\u0103 sau o aplica\u021bie, \u0219i folosirea diferitelor op\u021biuni care exist\u0103 pe acestea, de exemplu: controlarea traficului \u0219i comunic\u0103rii de date, identificarea sesiunii, accesarea unorp\u0103r\u021bi cu acces restric\u021bionat, a \u021bine cont de produsele unei comenzi, realizarea procesului de cump\u0103rare a unei comenzi, realizarea cererii de \u00eenscriere sau de participare la un eveniment, utilizarea unor elemente de securitate pe durata navig\u0103rii paginii, a salva con\u021binut necesar difuz\u0103rii de video-uri \u0219i fi\u0219iere audio sau pentru a distribui con\u021binuturi pe re\u021belele sociale.<\/p><p>\u00a0<\/p><p>2) Cookie-uri pentru personalizare: Permit utilizatorului s\u0103 aib\u0103 acces la servicii, care au ni\u0219te caracteristici generale predefinite \u00een func\u021bie de o serie de criterii ale terminalului utilizatorului, precum: limba, tipul browser-ului prin care acceseaz\u0103 serviciile, configura\u021bia regional\u0103 a locului din care acceseaz\u0103 serviciul etc.<\/p><p>\u00a0<\/p><p>3) Cookie-uri de analiz\u0103: permit responsabilului cookie-urilor s\u0103 monitorizeze \u0219i s\u0103 analizeze comportamentul utilizatorilor paginilor de internet la care sunt ata\u0219ate respectivele cookie-uri. Informa\u021bia colectat\u0103 prin acest tip de cookie-uri este folosit\u0103 pentru a m\u0103sura activitatea paginilor web, platformelor sau aplica\u021biilor, \u0219i pentru elaborarea de profiluri de navigare ale utilizatorilorrespectivelor pagini, platforme sau aplica\u021bii. Datele de uz ale utilizatorilor colectate \u00een aceste profiluri suntanalizate cu scopul de\u00a0 a aduce \u00eembun\u0103t\u0103\u021biri serviciilor.<\/p><p>\u00a0<\/p><p>4) Cookie-uri pentru publicitate: Permit gestionarea \u00een cel mai eficient mod posibil a spa\u021biilor publicitare.<\/p><p>\u00a0<\/p><p>5) Cookie-uri de publicitate comportamental\u0103: Aceste cookie-uri colecteaz\u0103 informa\u021bii referitoare la comportamentul utilizatorilor, ob\u021binute prin monitorizarea continu\u0103 a obiceiurilor sale de navigare. Acest lucru d\u0103 posibilitatea dezvolt\u0103rii unui profil personalizat cu scopul de a-i ar\u0103ta fiec\u0103rui utilizator anun\u021burile publicitare relevante.<\/p><p>\u00a0<\/p><p>6) Cookies ale re\u021belelor sociale externe\/independente: Se folosesc pentru a da posibilitatea utilizatorului de a interac\u021biona cu con\u021binutul de pe diferite platforme sociale (Facebook, Youtube, Twitter, LinkedIn etc.) \u0219i pentru ca acest con\u021binut s\u0103 fie generat \u00een mod specific pentru utilizatorii respectivelor re\u021bele sociale. Condi\u021biile de utilizare ale acestor cookie-uri \u0219i informa\u021bia colectat\u0103 sunt condi\u021bionate de politicile de confiden\u021bialitate ale platformelor sociale corespunz\u0103toare.<\/p><p>\u00a0<\/p><p>Dezactivarea \u0219i \u0219tergerea cookie-urilor<\/p><p>\u00a0<\/p><p>Ave\u021bi op\u021biunea de a permite, a bloca sau a \u0219terge cookie-urile instalate pe dispozitivul dumneavoastr\u0103, configur\u00e2nd set\u0103rile navigatorului de internet pe care \u00eel folosi\u021bi \u00een func\u021bie de preferin\u021bele dumneavoastr\u0103. C\u00e2nd dezactiva\u021bi cookie-uri este posibil ca anumite servicii s\u0103 nu mai func\u021bioneze. Dezactivarea cookie-urilor se face diferit la fiecare <em>browser<\/em>, dar de obicei se poate face din meniul \u201cUnelte\u201d sau \u201cOp\u021biuni\u201d. De asemenea, pute\u021bi consulta meniul \u201cAjutor\u201d al navigatorului,undepute\u021big\u0103siinstruc\u021biuni. Utilizatorulpoates\u0103aleag\u0103\u00eenorice moment ce cookie-uripotfunc\u021bionas pe aceast\u0103pagin\u0103 web.<\/p><p>\u00a0<\/p><p>Pute\u021bipermite, bloca\u0219i\u0219terge cookie-urile instalate pe dispozitivuldumneavostr\u0103modific\u00e2ndset\u0103rile browser-ului pe care \u00eelutiliza\u021bi:<\/p><p>Microsoft Internet Explorer sau Microsoft Edge: <a href=\"https:\/\/support.microsoft.com\/ro-ro\/topic\/%C8%99tergerea-%C8%99i-gestionarea-modulelor-cookie-168dab11-0753-043d-7c16-ede5947fc64d\">https:\/\/support.microsoft.com\/ro-ro\/topic\/%C8%99tergerea-%C8%99i-gestionarea-modulelor-cookie-168dab11-0753-043d-7c16-ede5947fc64d<\/a><\/p><p>\u00a0<\/p><p>MozillaFirefox: <a href=\"https:\/\/support.mozilla.org\/ro\/kb\/cookie-urile\">https:\/\/support.mozilla.org\/ro\/kb\/cookie-urile<\/a><\/p><p>\u00a0<\/p><p>Chrome: <a href=\"https:\/\/support.google.com\/chrome\/answer\/95647?co=GENIE.Platform%3DDesktop&amp;hl=ro\">https:\/\/support.google.com\/chrome\/answer\/95647?co=GENIE.Platform%3DDesktop&amp;hl=ro<\/a><\/p><p>\u00a0<\/p><p>Safari: \u00cen aplica\u021bia Safari accesa\u021bi Safari Help (se va deschide Safari UserGuide) -&gt; Table of Contents -&gt;PrivacyandSecurity -&gt;Manage cookies and website data<\/p><p><a href=\"http:\/\/safari.helpmax.net\/en\/safari-help\/\">http:\/\/safari.helpmax.net\/en\/safari-help\/<\/a><\/p><p>\u00a0<\/p><p>Opera: <a href=\"http:\/\/help.opera.com\/Linux\/10.60\/es-ES\/cookies.html\">http:\/\/help.opera.com\/Linux\/10.60\/es-ES\/cookies.html<\/a><\/p><p>\u00a0<\/p><p>\u00cen plus, pute\u021bi gestiona stocarea de cookie-uri \u00een browser-ul dumneavoastr\u0103 folosind diferite unelte, precum:<\/p><p>Ghostery: <a href=\"http:\/\/www.ghostery.com\">www.ghostery.com<\/a><\/p>\t\t\t\t\t\t\t\t<\/div>\n\t\t\t\t<\/div>\n\t\t\t\t\t<\/div>\n\t\t<\/div>\n\t\t\t\t\t<\/div>\n\t\t<\/section>\n\t\t\t\t<\/div>\n\t\t","protected":false},"excerpt":{"rendered":"<p>POLITICA DE UTILIZARE A COOKIE-URILOR \u00a0 FUNDA\u021aIA INFINITO v\u0103 informeaz\u0103 despre utilizare cookie-urilor pe pagina sa de internet, www.infinitomasuno.org \u00a0 Ce sunt cookie-urile? \u00a0 Cookie-urile sunt ni\u0219te fi\u0219iere care pot fi desc\u0103rcate pe dispozitivul dumneavoastr\u0103 prin intermediul paginile de internet. Sunt ni\u0219te instrumente cu un rol esen\u021bial \u00een prestarea a numeroase servicii ale lumii informa\u021bionale. [&hellip;]<\/p>\n","protected":false},"author":19323,"featured_media":0,"parent":0,"menu_order":0,"comment_status":"closed","ping_status":"closed","template":"","meta":{"_acf_changed":false,"site-sidebar-layout":"no-sidebar","site-content-layout":"page-builder","ast-site-content-layout":"default","site-content-style":"default","site-sidebar-style":"default","ast-global-header-display":"","ast-banner-title-visibility":"","ast-main-header-display":"","ast-hfb-above-header-display":"","ast-hfb-below-header-display":"","ast-hfb-mobile-header-display":"","site-post-title":"disabled","ast-breadcrumbs-content":"","ast-featured-img":"disabled","footer-sml-layout":"","ast-disable-related-posts":"","theme-transparent-header-meta":"enabled","adv-header-id-meta":"","stick-header-meta":"","header-above-stick-meta":"","header-main-stick-meta":"","header-below-stick-meta":"","astra-migrate-meta-layouts":"default","ast-page-background-enabled":"default","ast-page-background-meta":{"desktop":{"background-color":"","background-image":"","background-repeat":"repeat","background-position":"center center","background-size":"auto","background-attachment":"scroll","background-type":"","background-media":"","overlay-type":"","overlay-color":"","overlay-opacity":"","overlay-gradient":""},"tablet":{"background-color":"","background-image":"","background-repeat":"repeat","background-position":"center center","background-size":"auto","background-attachment":"scroll","background-type":"","background-media":"","overlay-type":"","overlay-color":"","overlay-opacity":"","overlay-gradient":""},"mobile":{"background-color":"","background-image":"","background-repeat":"repeat","background-position":"center center","background-size":"auto","background-attachment":"scroll","background-type":"","background-media":"","overlay-type":"","overlay-color":"","overlay-opacity":"","overlay-gradient":""}},"ast-content-background-meta":{"desktop":{"background-color":"var(--ast-global-color-5)","background-image":"","background-repeat":"repeat","background-position":"center center","background-size":"auto","background-attachment":"scroll","background-type":"","background-media":"","overlay-type":"","overlay-color":"","overlay-opacity":"","overlay-gradient":""},"tablet":{"background-color":"var(--ast-global-color-5)","background-image":"","background-repeat":"repeat","background-position":"center center","background-size":"auto","background-attachment":"scroll","background-type":"","background-media":"","overlay-type":"","overlay-color":"","overlay-opacity":"","overlay-gradient":""},"mobile":{"background-color":"var(--ast-global-color-5)","background-image":"","background-repeat":"repeat","background-position":"center center","background-size":"auto","background-attachment":"scroll","background-type":"","background-media":"","overlay-type":"","overlay-color":"","overlay-opacity":"","overlay-gradient":""}},"footnotes":""},"class_list":["post-173601","page","type-page","status-publish","hentry"],"acf":[],"aioseo_notices":[],"_links":{"self":[{"href":"https:\/\/www.infinitomasuno.org\/ro\/wp-json\/wp\/v2\/pages\/173601","targetHints":{"allow":["GET"]}}],"collection":[{"href":"https:\/\/www.infinitomasuno.org\/ro\/wp-json\/wp\/v2\/pages"}],"about":[{"href":"https:\/\/www.infinitomasuno.org\/ro\/wp-json\/wp\/v2\/types\/page"}],"author":[{"embeddable":true,"href":"https:\/\/www.infinitomasuno.org\/ro\/wp-json\/wp\/v2\/users\/19323"}],"replies":[{"embeddable":true,"href":"https:\/\/www.infinitomasuno.org\/ro\/wp-json\/wp\/v2\/comments?post=173601"}],"version-history":[{"count":12,"href":"https:\/\/www.infinitomasuno.org\/ro\/wp-json\/wp\/v2\/pages\/173601\/revisions"}],"predecessor-version":[{"id":211915,"href":"https:\/\/www.infinitomasuno.org\/ro\/wp-json\/wp\/v2\/pages\/173601\/revisions\/211915"}],"wp:attachment":[{"href":"https:\/\/www.infinitomasuno.org\/ro\/wp-json\/wp\/v2\/media?parent=173601"}],"curies":[{"name":"wp","href":"https:\/\/api.w.org\/{rel}","templated":true}]}}