{"id":173599,"date":"2020-07-20T10:39:09","date_gmt":"2020-07-20T10:39:09","guid":{"rendered":"https:\/\/www.infinitomasuno.org\/la-ultima-cima\/"},"modified":"2021-02-15T15:36:47","modified_gmt":"2021-02-15T13:36:47","slug":"ultima-culme","status":"publish","type":"page","link":"https:\/\/www.infinitomasuno.org\/ro\/ultima-culme\/","title":{"rendered":"ULTIMA CULME"},"content":{"rendered":"\t\t<div data-elementor-type=\"wp-page\" data-elementor-id=\"173599\" class=\"elementor elementor-173599\" data-elementor-post-type=\"page\">\n\t\t\t\t\t\t<section class=\"elementor-section elementor-top-section elementor-element elementor-element-65e08a9 elementor-section-stretched elementor-section-full_width elementor-section-height-default elementor-section-height-default\" data-id=\"65e08a9\" data-element_type=\"section\" data-e-type=\"section\" data-settings=\"{&quot;stretch_section&quot;:&quot;section-stretched&quot;,&quot;background_background&quot;:&quot;classic&quot;}\">\n\t\t\t\t\t\t<div class=\"elementor-container elementor-column-gap-no\">\n\t\t\t\t\t<div class=\"elementor-column elementor-col-100 elementor-top-column elementor-element elementor-element-03d59b6\" data-id=\"03d59b6\" data-element_type=\"column\" data-e-type=\"column\">\n\t\t\t<div class=\"elementor-widget-wrap elementor-element-populated\">\n\t\t\t\t\t\t<section class=\"elementor-section elementor-inner-section elementor-element elementor-element-21b761c elementor-section-full_width elementor-section-height-default elementor-section-height-default\" data-id=\"21b761c\" data-element_type=\"section\" data-e-type=\"section\">\n\t\t\t\t\t\t<div class=\"elementor-container elementor-column-gap-default\">\n\t\t\t\t\t<div class=\"elementor-column elementor-col-100 elementor-inner-column elementor-element elementor-element-dc1291c\" data-id=\"dc1291c\" data-element_type=\"column\" data-e-type=\"column\" data-settings=\"{&quot;background_background&quot;:&quot;classic&quot;}\">\n\t\t\t<div class=\"elementor-widget-wrap elementor-element-populated\">\n\t\t\t\t\t\t<div class=\"elementor-element elementor-element-209e874 elementor-widget__width-inherit elementor-absolute elementor-hidden-phone play30 elementor-widget elementor-widget-video\" data-id=\"209e874\" data-element_type=\"widget\" data-e-type=\"widget\" id=\"video_escritorio\" data-settings=\"{&quot;youtube_url&quot;:&quot;https:\\\/\\\/www.youtube.com\\\/watch?v=Ec2bE653kaI&quot;,&quot;show_image_overlay&quot;:&quot;yes&quot;,&quot;image_overlay&quot;:{&quot;url&quot;:&quot;https:\\\/\\\/infinitomasuno.org\\\/wp-content\\\/uploads\\\/2020\\\/07\\\/producciones-la-ultima-cima.jpg&quot;,&quot;id&quot;:1587,&quot;size&quot;:&quot;&quot;},&quot;lightbox&quot;:&quot;yes&quot;,&quot;_position&quot;:&quot;absolute&quot;,&quot;video_type&quot;:&quot;youtube&quot;,&quot;controls&quot;:&quot;yes&quot;}\" data-widget_type=\"video.default\">\n\t\t\t\t<div class=\"elementor-widget-container\">\n\t\t\t\t\t\t\t<div class=\"elementor-wrapper elementor-open-lightbox\">\n\t\t\t\t\t\t\t<div class=\"elementor-custom-embed-image-overlay\" data-elementor-open-lightbox=\"yes\" data-elementor-lightbox=\"{&quot;type&quot;:&quot;video&quot;,&quot;videoType&quot;:&quot;youtube&quot;,&quot;url&quot;:&quot;https:\\\/\\\/www.youtube.com\\\/embed\\\/Ec2bE653kaI?feature=oembed&amp;start&amp;end&amp;wmode=opaque&amp;loop=0&amp;controls=1&amp;mute=0&amp;rel=0&amp;cc_load_policy=0&quot;,&quot;autoplay&quot;:&quot;&quot;,&quot;modalOptions&quot;:{&quot;id&quot;:&quot;elementor-lightbox-209e874&quot;,&quot;entranceAnimation&quot;:&quot;&quot;,&quot;entranceAnimation_tablet&quot;:&quot;&quot;,&quot;entranceAnimation_mobile&quot;:&quot;&quot;,&quot;videoAspectRatio&quot;:&quot;169&quot;}}\" data-e-action-hash=\"#elementor-action%3Aaction%3Dlightbox%26settings%3DeyJ0eXBlIjoidmlkZW8iLCJ2aWRlb1R5cGUiOiJ5b3V0dWJlIiwidXJsIjoiaHR0cHM6XC9cL3d3dy55b3V0dWJlLmNvbVwvZW1iZWRcL0VjMmJFNjUza2FJP2ZlYXR1cmU9b2VtYmVkJnN0YXJ0JmVuZCZ3bW9kZT1vcGFxdWUmbG9vcD0wJmNvbnRyb2xzPTEmbXV0ZT0wJnJlbD0wJmNjX2xvYWRfcG9saWN5PTAiLCJhdXRvcGxheSI6IiIsIm1vZGFsT3B0aW9ucyI6eyJpZCI6ImVsZW1lbnRvci1saWdodGJveC0yMDllODc0IiwiZW50cmFuY2VBbmltYXRpb24iOiIiLCJlbnRyYW5jZUFuaW1hdGlvbl90YWJsZXQiOiIiLCJlbnRyYW5jZUFuaW1hdGlvbl9tb2JpbGUiOiIiLCJ2aWRlb0FzcGVjdFJhdGlvIjoiMTY5In19\">\n\t\t\t\t\t\t\t\t\t\t\t<img fetchpriority=\"high\" decoding=\"async\" width=\"1920\" height=\"1228\" src=\"https:\/\/www.infinitomasuno.org\/wp-content\/uploads\/2020\/07\/producciones-la-ultima-cima-2.jpg\" class=\"attachment-full size-full wp-image-1587\" alt=\"\" srcset=\"https:\/\/www.infinitomasuno.org\/wp-content\/uploads\/2020\/07\/producciones-la-ultima-cima-2.jpg 1920w, https:\/\/www.infinitomasuno.org\/wp-content\/uploads\/2020\/07\/producciones-la-ultima-cima-2-600x384.jpg 600w, https:\/\/www.infinitomasuno.org\/wp-content\/uploads\/2020\/07\/producciones-la-ultima-cima-2-300x192.jpg 300w, https:\/\/www.infinitomasuno.org\/wp-content\/uploads\/2020\/07\/producciones-la-ultima-cima-2-1024x655.jpg 1024w, https:\/\/www.infinitomasuno.org\/wp-content\/uploads\/2020\/07\/producciones-la-ultima-cima-2-768x491.jpg 768w, https:\/\/www.infinitomasuno.org\/wp-content\/uploads\/2020\/07\/producciones-la-ultima-cima-2-1536x982.jpg 1536w\" sizes=\"(max-width: 1920px) 100vw, 1920px\" \/>\t\t\t\t\t\t\t\t\t\t\t\t\t\t\t\t<div class=\"elementor-custom-embed-play\" role=\"button\" aria-label=\"Ruleaz\u0103 videoul\" tabindex=\"0\">\n\t\t\t\t\t\t\t<i aria-hidden=\"true\" class=\"eicon-play\"><\/i>\t\t\t\t\t\t<\/div>\n\t\t\t\t\t\t\t\t\t<\/div>\n\t\t\t\t\t<\/div>\n\t\t\t\t\t\t<\/div>\n\t\t\t\t<\/div>\n\t\t\t\t<div class=\"elementor-element elementor-element-bf793d0 elementor-widget__width-inherit elementor-absolute elementor-hidden-desktop elementor-hidden-tablet play35 elementor-widget elementor-widget-video\" data-id=\"bf793d0\" data-element_type=\"widget\" data-e-type=\"widget\" id=\"video_movil\" data-settings=\"{&quot;youtube_url&quot;:&quot;https:\\\/\\\/www.youtube.com\\\/watch?v=Ec2bE653kaI&quot;,&quot;show_image_overlay&quot;:&quot;yes&quot;,&quot;image_overlay&quot;:{&quot;url&quot;:&quot;https:\\\/\\\/infinitomasuno.org\\\/wp-content\\\/uploads\\\/2020\\\/09\\\/produccion-la-ultima-cima-scaled.jpg&quot;,&quot;id&quot;:4313,&quot;size&quot;:&quot;&quot;},&quot;lightbox&quot;:&quot;yes&quot;,&quot;_position&quot;:&quot;absolute&quot;,&quot;video_type&quot;:&quot;youtube&quot;,&quot;controls&quot;:&quot;yes&quot;}\" data-widget_type=\"video.default\">\n\t\t\t\t<div class=\"elementor-widget-container\">\n\t\t\t\t\t\t\t<div class=\"elementor-wrapper elementor-open-lightbox\">\n\t\t\t\t\t\t\t<div class=\"elementor-custom-embed-image-overlay\" data-elementor-open-lightbox=\"yes\" data-elementor-lightbox=\"{&quot;type&quot;:&quot;video&quot;,&quot;videoType&quot;:&quot;youtube&quot;,&quot;url&quot;:&quot;https:\\\/\\\/www.youtube.com\\\/embed\\\/Ec2bE653kaI?feature=oembed&amp;start&amp;end&amp;wmode=opaque&amp;loop=0&amp;controls=1&amp;mute=0&amp;rel=0&amp;cc_load_policy=0&quot;,&quot;autoplay&quot;:&quot;&quot;,&quot;modalOptions&quot;:{&quot;id&quot;:&quot;elementor-lightbox-bf793d0&quot;,&quot;entranceAnimation&quot;:&quot;&quot;,&quot;entranceAnimation_tablet&quot;:&quot;&quot;,&quot;entranceAnimation_mobile&quot;:&quot;&quot;,&quot;videoAspectRatio&quot;:&quot;169&quot;}}\" data-e-action-hash=\"#elementor-action%3Aaction%3Dlightbox%26settings%3DeyJ0eXBlIjoidmlkZW8iLCJ2aWRlb1R5cGUiOiJ5b3V0dWJlIiwidXJsIjoiaHR0cHM6XC9cL3d3dy55b3V0dWJlLmNvbVwvZW1iZWRcL0VjMmJFNjUza2FJP2ZlYXR1cmU9b2VtYmVkJnN0YXJ0JmVuZCZ3bW9kZT1vcGFxdWUmbG9vcD0wJmNvbnRyb2xzPTEmbXV0ZT0wJnJlbD0wJmNjX2xvYWRfcG9saWN5PTAiLCJhdXRvcGxheSI6IiIsIm1vZGFsT3B0aW9ucyI6eyJpZCI6ImVsZW1lbnRvci1saWdodGJveC1iZjc5M2QwIiwiZW50cmFuY2VBbmltYXRpb24iOiIiLCJlbnRyYW5jZUFuaW1hdGlvbl90YWJsZXQiOiIiLCJlbnRyYW5jZUFuaW1hdGlvbl9tb2JpbGUiOiIiLCJ2aWRlb0FzcGVjdFJhdGlvIjoiMTY5In19\">\n\t\t\t\t\t\t\t\t\t\t\t<img decoding=\"async\" width=\"627\" height=\"2560\" src=\"https:\/\/www.infinitomasuno.org\/wp-content\/uploads\/2020\/09\/produccion-la-ultima-cima-scaled-2.jpg\" class=\"attachment-full size-full wp-image-4313\" alt=\"\" srcset=\"https:\/\/www.infinitomasuno.org\/wp-content\/uploads\/2020\/09\/produccion-la-ultima-cima-scaled-2.jpg 627w, https:\/\/www.infinitomasuno.org\/wp-content\/uploads\/2020\/09\/produccion-la-ultima-cima-scaled-2-600x2450.jpg 600w, https:\/\/www.infinitomasuno.org\/wp-content\/uploads\/2020\/09\/produccion-la-ultima-cima-scaled-2-251x1024.jpg 251w, https:\/\/www.infinitomasuno.org\/wp-content\/uploads\/2020\/09\/produccion-la-ultima-cima-scaled-2-376x1536.jpg 376w\" sizes=\"(max-width: 627px) 100vw, 627px\" \/>\t\t\t\t\t\t\t\t\t\t\t\t\t\t\t\t<div class=\"elementor-custom-embed-play\" role=\"button\" aria-label=\"Ruleaz\u0103 videoul\" tabindex=\"0\">\n\t\t\t\t\t\t\t<i aria-hidden=\"true\" class=\"eicon-play\"><\/i>\t\t\t\t\t\t<\/div>\n\t\t\t\t\t\t\t\t\t<\/div>\n\t\t\t\t\t<\/div>\n\t\t\t\t\t\t<\/div>\n\t\t\t\t<\/div>\n\t\t\t\t<div class=\"elementor-element elementor-element-ec03307 elementor-widget elementor-widget-image\" data-id=\"ec03307\" data-element_type=\"widget\" data-e-type=\"widget\" data-widget_type=\"image.default\">\n\t\t\t\t<div class=\"elementor-widget-container\">\n\t\t\t\t\t\t\t\t\t\t\t\t\t\t\t<img decoding=\"async\" width=\"1001\" height=\"195\" src=\"https:\/\/www.infinitomasuno.org\/wp-content\/uploads\/2021\/02\/Titulo-LUC-web_RU.png\" class=\"attachment-large size-large wp-image-174239\" alt=\"\" srcset=\"https:\/\/www.infinitomasuno.org\/wp-content\/uploads\/2021\/02\/Titulo-LUC-web_RU.png 1001w, https:\/\/www.infinitomasuno.org\/wp-content\/uploads\/2021\/02\/Titulo-LUC-web_RU-600x117.png 600w, https:\/\/www.infinitomasuno.org\/wp-content\/uploads\/2021\/02\/Titulo-LUC-web_RU-300x58.png 300w, https:\/\/www.infinitomasuno.org\/wp-content\/uploads\/2021\/02\/Titulo-LUC-web_RU-768x150.png 768w\" sizes=\"(max-width: 1001px) 100vw, 1001px\" \/>\t\t\t\t\t\t\t\t\t\t\t\t\t\t\t<\/div>\n\t\t\t\t<\/div>\n\t\t\t\t<div class=\"elementor-element elementor-element-fea6105 elementor-widget__width-initial elementor-hidden-desktop elementor-hidden-tablet elementor-widget elementor-widget-text-editor\" data-id=\"fea6105\" data-element_type=\"widget\" data-e-type=\"widget\" id=\"texto_movil\" data-widget_type=\"text-editor.default\">\n\t\t\t\t<div class=\"elementor-widget-container\">\n\t\t\t\t\t\t\t\t\t<p>Pablo Dom\u00ednguez a murit la 42 de ani, afl\u00e2ndu-se \u00een mediul pe care \u00eel iubea at\u00e2t de mult: \u00eenconjurat de mun\u021bi. Era preot. Smerit, simpatic \u0219i amabil, unul dintre oamenii aceia care n-ar ajunge niciodat\u0103 la \u0219tiri.<\/p><p>Povestea vie\u021bii lui a ajuns \u00een cinematografe din 18 \u021b\u0103ri \u0219i \u00eenc\u0103 provoac\u0103 \u201cefectesecundare\u201d printrecei care au pl\u0103cerea de a-l cunoa\u0219te pe Pablo.<\/p>\t\t\t\t\t\t\t\t<\/div>\n\t\t\t\t<\/div>\n\t\t\t\t<div class=\"elementor-element elementor-element-e88305a elementor-widget__width-initial elementor-hidden-phone elementor-widget elementor-widget-text-editor\" data-id=\"e88305a\" data-element_type=\"widget\" data-e-type=\"widget\" id=\"texto_escritorio\" data-widget_type=\"text-editor.default\">\n\t\t\t\t<div class=\"elementor-widget-container\">\n\t\t\t\t\t\t\t\t\t<p>Pablo Dom\u00ednguez a murit la 42 de ani, afl\u00e2ndu-se \u00een mediul pe care \u00eel iubea at\u00e2t de mult: \u00eenconjurat de mun\u021bi. Era preot. Smerit, simpatic \u0219i amabil, unul dintre oamenii aceia care n-ar ajunge niciodat\u0103 la \u0219tiri.<\/p><p>Povestea vie\u021bii lui a ajuns \u00een cinematografe din 18 \u021b\u0103ri \u0219i \u00eenc\u0103 provoac\u0103 \u201cefectesecundare\u201d printrecei care au pl\u0103cerea de a-l cunoa\u0219te pe Pablo.<\/p>\t\t\t\t\t\t\t\t<\/div>\n\t\t\t\t<\/div>\n\t\t\t\t\t<\/div>\n\t\t<\/div>\n\t\t\t\t\t<\/div>\n\t\t<\/section>\n\t\t\t\t<section class=\"elementor-section elementor-inner-section elementor-element elementor-element-34be6b0 elementor-section-full_width elementor-section-height-default elementor-section-height-default\" data-id=\"34be6b0\" data-element_type=\"section\" data-e-type=\"section\">\n\t\t\t\t\t\t\t<div class=\"elementor-background-overlay\"><\/div>\n\t\t\t\t\t\t\t<div class=\"elementor-container elementor-column-gap-default\">\n\t\t\t\t\t<div class=\"elementor-column elementor-col-100 elementor-inner-column elementor-element elementor-element-0466f5e\" data-id=\"0466f5e\" data-element_type=\"column\" data-e-type=\"column\">\n\t\t\t<div class=\"elementor-widget-wrap elementor-element-populated\">\n\t\t\t\t\t\t<div class=\"elementor-element elementor-element-649b275 elementor-widget elementor-widget-shortcode\" data-id=\"649b275\" data-element_type=\"widget\" data-e-type=\"widget\" data-widget_type=\"shortcode.default\">\n\t\t\t\t<div class=\"elementor-widget-container\">\n\t\t\t\t\t\t\t<div class=\"elementor-shortcode\">\t\t<div id=\"woorousell-160645\" class=\"woorousell_sc\">\n\t\t\t\t\t<div class=\"wrsl-carousel-container\" \n\t\t\tdata-mode=\"horizontal\"\n\t\t\tdata-speed=\"500\"\n\t\t\tdata-maxslides=\"3\"\n\t\t\tdata-moveslides=\"1\"\n\t\t\tdata-slidemargin=\"10\"\n\t\t\tdata-randomstart=false\n\t\t\tdata-adaptiveheight=false\n\t\t\tdata-adaptiveHeightspeed=\"0\"\n\t\t\tdata-touchenabled=true\n\t\t\tdata-auto=false\n\t\t\tdata-pause=\"0\"\n\t\t\tdata-autohover=false\n\t\t\tdata-autodelay=\"0\"\n\t\t\tdata-ticker=false\n\t\t\tdata-tickerhover=false\n\t\t>\n\t\t\t\t\t\t\t<div class=\"wrsl-carousel\">\n\t\t\t\t\t\t\t\t\t<div class=\"wrsl-carousel-item\">\n\t\t\t\t\t\t\t<div id=\"woorousell-160645-99530\" class=\"wrsl-prosingle-wrapper wrsl-prosingle-style-1 wrsl-has-thumbnail wrsl-text-left wrsl-not-overlay wrsl-invert\">\n\t\t\t\t\t<div class=\"wrsl-prosingle-thumbnail\">\n\t\t\t<img loading=\"lazy\" decoding=\"async\" width=\"400\" height=\"400\" src=\"https:\/\/www.infinitomasuno.org\/wp-content\/uploads\/2012\/03\/LUC-rumano-400x400.jpg\" class=\"attachment-woocommerce_thumbnail size-woocommerce_thumbnail\" alt=\"Vizualizare online ULTIMA CULME\" srcset=\"https:\/\/www.infinitomasuno.org\/wp-content\/uploads\/2012\/03\/LUC-rumano-400x400.jpg 400w, https:\/\/www.infinitomasuno.org\/wp-content\/uploads\/2012\/03\/LUC-rumano-100x100.jpg 100w, https:\/\/www.infinitomasuno.org\/wp-content\/uploads\/2012\/03\/LUC-rumano-600x600.jpg 600w, https:\/\/www.infinitomasuno.org\/wp-content\/uploads\/2012\/03\/LUC-rumano-300x300.jpg 300w, https:\/\/www.infinitomasuno.org\/wp-content\/uploads\/2012\/03\/LUC-rumano-1024x1024.jpg 1024w, https:\/\/www.infinitomasuno.org\/wp-content\/uploads\/2012\/03\/LUC-rumano-150x150.jpg 150w, https:\/\/www.infinitomasuno.org\/wp-content\/uploads\/2012\/03\/LUC-rumano-768x768.jpg 768w, https:\/\/www.infinitomasuno.org\/wp-content\/uploads\/2012\/03\/LUC-rumano.jpg 1080w\" sizes=\"(max-width: 400px) 100vw, 400px\" \/>\t\t\t\t\t<\/div>\n\t\t\t\t<div class=\"wrsl-prosingle-body\">\n\t\t\t<div class=\"wrsl-prosingle-overlay\">\n\n\t\t\t\t\t\t<h4 class=\"wrsl-prosingle-heading\"><a href=\"https:\/\/www.infinitomasuno.org\/ro\/produs\/vizualizare-online-ultima-culme\/\">Vizualizare online ULTIMA CULME<\/a><\/h4>\n\t\t\n\t\t\t\t\n\t\t\t\t\t\t<div class=\"wrsl-prosingle-price\">\n\t\t\t\n\t<span class=\"price\"><span class=\"woocommerce-Price-amount amount\"><bdi>2,95<span class=\"woocommerce-Price-currencySymbol\">&euro;<\/span><\/bdi><\/span><\/span>\n\t\t<\/div>\n\t\t\n\t\t\t\t\n\t\t\t\t\t\t<div class=\"wrsl-prosingle-button\">\n\t\t\t<a href=\"\/ro\/wp-json\/wp\/v2\/pages\/173599?add-to-cart=99530\" aria-describedby=\"woocommerce_loop_add_to_cart_link_describedby_99530\" data-quantity=\"1\" class=\"button product_type_simple add_to_cart_button ajax_add_to_cart\" data-product_id=\"99530\" data-product_sku=\"STREAMING_LUC_RO\" aria-label=\"Adaug\u0103 \u00een co\u0219: &amp;lbquo;Vizualizare online ULTIMA CULME&rdquo;\" rel=\"nofollow\" data-success_message=\"&bdquo;Vizualizare online ULTIMA CULME&rdquo; a fost ad\u0103ugat \u00een co\u0219\">Adaug\u0103 \u00een co\u0219<\/a>\t<span id=\"woocommerce_loop_add_to_cart_link_describedby_99530\" class=\"screen-reader-text\">\n\t\t\t<\/span>\n\t\t<\/div>\n\t\t\t\t\t<\/div>\n\t\t<\/div>\n\t\t\t\t<\/div><!-- .wrsl-prosingle -->\n\t\t\t\t\t\t\t<\/div><!-- .wrsl-carousel-item -->\n\t\t\t\t\t\t\t\t<\/div>\n\t\t\t\t\t<div class=\"wrsl-carousel-controller-center\">\n\t\t\t<button id=\"#woorousell-160645-prev\" class=\"wrsl-carousel-to-prev\"><i class=\"fa fa-chevron-left\"><\/i><\/button>\n\t\t\t<button id=\"#woorousell-160645-next\" class=\"wrsl-carousel-to-next\"><i class=\"fa fa-chevron-right\"><\/i><\/button>\n\t\t<\/div>\n\t\t\t\t<\/div><!-- .wrsl-carousel-container -->\n\t\t\t\t<\/div>\n\t\t<\/div>\n\t\t\t\t\t\t<\/div>\n\t\t\t\t<\/div>\n\t\t\t\t\t<\/div>\n\t\t<\/div>\n\t\t\t\t\t<\/div>\n\t\t<\/section>\n\t\t\t\t\t<\/div>\n\t\t<\/div>\n\t\t\t\t\t<\/div>\n\t\t<\/section>\n\t\t\t\t<\/div>\n\t\t","protected":false},"excerpt":{"rendered":"<p>Pablo Dom\u00ednguez a murit la 42 de ani, afl\u00e2ndu-se \u00een mediul pe care \u00eel iubea at\u00e2t de mult: \u00eenconjurat de mun\u021bi. Era preot. Smerit, simpatic \u0219i amabil, unul dintre oamenii aceia care n-ar ajunge niciodat\u0103 la \u0219tiri. Povestea vie\u021bii lui a ajuns \u00een cinematografe din 18 \u021b\u0103ri \u0219i \u00eenc\u0103 provoac\u0103 \u201cefectesecundare\u201d printrecei care au pl\u0103cerea [&hellip;]<\/p>\n","protected":false},"author":19323,"featured_media":0,"parent":0,"menu_order":0,"comment_status":"closed","ping_status":"closed","template":"","meta":{"_acf_changed":false,"site-sidebar-layout":"no-sidebar","site-content-layout":"page-builder","ast-site-content-layout":"default","site-content-style":"default","site-sidebar-style":"default","ast-global-header-display":"","ast-banner-title-visibility":"","ast-main-header-display":"","ast-hfb-above-header-display":"","ast-hfb-below-header-display":"","ast-hfb-mobile-header-display":"","site-post-title":"disabled","ast-breadcrumbs-content":"","ast-featured-img":"disabled","footer-sml-layout":"","ast-disable-related-posts":"","theme-transparent-header-meta":"enabled","adv-header-id-meta":"","stick-header-meta":"","header-above-stick-meta":"","header-main-stick-meta":"","header-below-stick-meta":"","astra-migrate-meta-layouts":"default","ast-page-background-enabled":"default","ast-page-background-meta":{"desktop":{"background-color":"","background-image":"","background-repeat":"repeat","background-position":"center center","background-size":"auto","background-attachment":"scroll","background-type":"","background-media":"","overlay-type":"","overlay-color":"","overlay-opacity":"","overlay-gradient":""},"tablet":{"background-color":"","background-image":"","background-repeat":"repeat","background-position":"center center","background-size":"auto","background-attachment":"scroll","background-type":"","background-media":"","overlay-type":"","overlay-color":"","overlay-opacity":"","overlay-gradient":""},"mobile":{"background-color":"","background-image":"","background-repeat":"repeat","background-position":"center center","background-size":"auto","background-attachment":"scroll","background-type":"","background-media":"","overlay-type":"","overlay-color":"","overlay-opacity":"","overlay-gradient":""}},"ast-content-background-meta":{"desktop":{"background-color":"var(--ast-global-color-5)","background-image":"","background-repeat":"repeat","background-position":"center center","background-size":"auto","background-attachment":"scroll","background-type":"","background-media":"","overlay-type":"","overlay-color":"","overlay-opacity":"","overlay-gradient":""},"tablet":{"background-color":"var(--ast-global-color-5)","background-image":"","background-repeat":"repeat","background-position":"center center","background-size":"auto","background-attachment":"scroll","background-type":"","background-media":"","overlay-type":"","overlay-color":"","overlay-opacity":"","overlay-gradient":""},"mobile":{"background-color":"var(--ast-global-color-5)","background-image":"","background-repeat":"repeat","background-position":"center center","background-size":"auto","background-attachment":"scroll","background-type":"","background-media":"","overlay-type":"","overlay-color":"","overlay-opacity":"","overlay-gradient":""}},"footnotes":""},"class_list":["post-173599","page","type-page","status-publish","hentry","desktop-align-left","tablet-align-left","mobile-align-left"],"acf":[],"aioseo_notices":[],"_links":{"self":[{"href":"https:\/\/www.infinitomasuno.org\/ro\/wp-json\/wp\/v2\/pages\/173599","targetHints":{"allow":["GET"]}}],"collection":[{"href":"https:\/\/www.infinitomasuno.org\/ro\/wp-json\/wp\/v2\/pages"}],"about":[{"href":"https:\/\/www.infinitomasuno.org\/ro\/wp-json\/wp\/v2\/types\/page"}],"author":[{"embeddable":true,"href":"https:\/\/www.infinitomasuno.org\/ro\/wp-json\/wp\/v2\/users\/19323"}],"replies":[{"embeddable":true,"href":"https:\/\/www.infinitomasuno.org\/ro\/wp-json\/wp\/v2\/comments?post=173599"}],"version-history":[{"count":11,"href":"https:\/\/www.infinitomasuno.org\/ro\/wp-json\/wp\/v2\/pages\/173599\/revisions"}],"predecessor-version":[{"id":174737,"href":"https:\/\/www.infinitomasuno.org\/ro\/wp-json\/wp\/v2\/pages\/173599\/revisions\/174737"}],"wp:attachment":[{"href":"https:\/\/www.infinitomasuno.org\/ro\/wp-json\/wp\/v2\/media?parent=173599"}],"curies":[{"name":"wp","href":"https:\/\/api.w.org\/{rel}","templated":true}]}}