{"id":173597,"date":"2020-07-20T09:36:20","date_gmt":"2020-07-20T07:36:20","guid":{"rendered":"https:\/\/www.infinitomasuno.org\/el-mayor-regalo\/"},"modified":"2021-02-15T15:28:06","modified_gmt":"2021-02-15T13:28:06","slug":"cel-mai-mare-dar","status":"publish","type":"page","link":"https:\/\/www.infinitomasuno.org\/ro\/cel-mai-mare-dar\/","title":{"rendered":"CEL MAI MARE DAR"},"content":{"rendered":"\t\t<div data-elementor-type=\"wp-page\" data-elementor-id=\"173597\" class=\"elementor elementor-173597 elementor-167107\" data-elementor-post-type=\"page\">\n\t\t\t\t\t\t<section class=\"elementor-section elementor-top-section elementor-element elementor-element-65e08a9 elementor-section-stretched elementor-section-full_width elementor-section-height-default elementor-section-height-default\" data-id=\"65e08a9\" data-element_type=\"section\" data-e-type=\"section\" data-settings=\"{&quot;stretch_section&quot;:&quot;section-stretched&quot;,&quot;background_background&quot;:&quot;classic&quot;}\">\n\t\t\t\t\t\t<div class=\"elementor-container elementor-column-gap-no\">\n\t\t\t\t\t<div class=\"elementor-column elementor-col-100 elementor-top-column elementor-element elementor-element-03d59b6\" data-id=\"03d59b6\" data-element_type=\"column\" data-e-type=\"column\" data-settings=\"{&quot;animation&quot;:&quot;none&quot;}\">\n\t\t\t<div class=\"elementor-widget-wrap elementor-element-populated\">\n\t\t\t\t\t\t<section class=\"elementor-section elementor-inner-section elementor-element elementor-element-21b761c elementor-section-full_width elementor-section-height-default elementor-section-height-default\" data-id=\"21b761c\" data-element_type=\"section\" data-e-type=\"section\">\n\t\t\t\t\t\t<div class=\"elementor-container elementor-column-gap-default\">\n\t\t\t\t\t<div class=\"elementor-column elementor-col-100 elementor-inner-column elementor-element elementor-element-dc1291c\" data-id=\"dc1291c\" data-element_type=\"column\" data-e-type=\"column\">\n\t\t\t<div class=\"elementor-widget-wrap elementor-element-populated\">\n\t\t\t\t\t\t<div class=\"elementor-element elementor-element-5dce513 elementor-widget__width-inherit elementor-absolute elementor-hidden-phone play35 elementor-widget elementor-widget-video\" data-id=\"5dce513\" data-element_type=\"widget\" data-e-type=\"widget\" id=\"video_escritorio\" data-settings=\"{&quot;youtube_url&quot;:&quot;https:\\\/\\\/www.youtube.com\\\/watch?v=HUB6QHi9sH4&quot;,&quot;show_image_overlay&quot;:&quot;yes&quot;,&quot;image_overlay&quot;:{&quot;url&quot;:&quot;https:\\\/\\\/infinitomasuno.org\\\/wp-content\\\/uploads\\\/2020\\\/07\\\/producciones-el-mayor-regalo.jpg&quot;,&quot;id&quot;:1563,&quot;size&quot;:&quot;&quot;},&quot;_position&quot;:&quot;absolute&quot;,&quot;lazy_load&quot;:&quot;yes&quot;,&quot;lightbox&quot;:&quot;yes&quot;,&quot;_animation&quot;:&quot;none&quot;,&quot;_animation_delay&quot;:1500,&quot;video_type&quot;:&quot;youtube&quot;,&quot;controls&quot;:&quot;yes&quot;}\" data-widget_type=\"video.default\">\n\t\t\t\t<div class=\"elementor-widget-container\">\n\t\t\t\t\t\t\t<div class=\"elementor-wrapper elementor-open-lightbox\">\n\t\t\t\t\t\t\t<div class=\"elementor-custom-embed-image-overlay\" data-elementor-open-lightbox=\"yes\" data-elementor-lightbox=\"{&quot;type&quot;:&quot;video&quot;,&quot;videoType&quot;:&quot;youtube&quot;,&quot;url&quot;:&quot;https:\\\/\\\/www.youtube.com\\\/embed\\\/HUB6QHi9sH4?feature=oembed&amp;start&amp;end&amp;wmode=opaque&amp;loop=0&amp;controls=1&amp;mute=0&amp;rel=0&amp;cc_load_policy=0&quot;,&quot;autoplay&quot;:&quot;&quot;,&quot;modalOptions&quot;:{&quot;id&quot;:&quot;elementor-lightbox-5dce513&quot;,&quot;entranceAnimation&quot;:&quot;&quot;,&quot;entranceAnimation_tablet&quot;:&quot;&quot;,&quot;entranceAnimation_mobile&quot;:&quot;&quot;,&quot;videoAspectRatio&quot;:&quot;169&quot;}}\" data-e-action-hash=\"#elementor-action%3Aaction%3Dlightbox%26settings%3DeyJ0eXBlIjoidmlkZW8iLCJ2aWRlb1R5cGUiOiJ5b3V0dWJlIiwidXJsIjoiaHR0cHM6XC9cL3d3dy55b3V0dWJlLmNvbVwvZW1iZWRcL0hVQjZRSGk5c0g0P2ZlYXR1cmU9b2VtYmVkJnN0YXJ0JmVuZCZ3bW9kZT1vcGFxdWUmbG9vcD0wJmNvbnRyb2xzPTEmbXV0ZT0wJnJlbD0wJmNjX2xvYWRfcG9saWN5PTAiLCJhdXRvcGxheSI6IiIsIm1vZGFsT3B0aW9ucyI6eyJpZCI6ImVsZW1lbnRvci1saWdodGJveC01ZGNlNTEzIiwiZW50cmFuY2VBbmltYXRpb24iOiIiLCJlbnRyYW5jZUFuaW1hdGlvbl90YWJsZXQiOiIiLCJlbnRyYW5jZUFuaW1hdGlvbl9tb2JpbGUiOiIiLCJ2aWRlb0FzcGVjdFJhdGlvIjoiMTY5In19\">\n\t\t\t\t\t\t\t\t\t\t\t<img fetchpriority=\"high\" decoding=\"async\" width=\"1920\" height=\"1192\" src=\"https:\/\/www.infinitomasuno.org\/wp-content\/uploads\/2020\/07\/producciones-el-mayor-regalo-2.jpg\" class=\"attachment-full size-full wp-image-1563\" alt=\"\" srcset=\"https:\/\/www.infinitomasuno.org\/wp-content\/uploads\/2020\/07\/producciones-el-mayor-regalo-2.jpg 1920w, https:\/\/www.infinitomasuno.org\/wp-content\/uploads\/2020\/07\/producciones-el-mayor-regalo-2-600x373.jpg 600w, https:\/\/www.infinitomasuno.org\/wp-content\/uploads\/2020\/07\/producciones-el-mayor-regalo-2-300x186.jpg 300w, https:\/\/www.infinitomasuno.org\/wp-content\/uploads\/2020\/07\/producciones-el-mayor-regalo-2-1024x636.jpg 1024w, https:\/\/www.infinitomasuno.org\/wp-content\/uploads\/2020\/07\/producciones-el-mayor-regalo-2-768x477.jpg 768w, https:\/\/www.infinitomasuno.org\/wp-content\/uploads\/2020\/07\/producciones-el-mayor-regalo-2-1536x954.jpg 1536w\" sizes=\"(max-width: 1920px) 100vw, 1920px\" \/>\t\t\t\t\t\t\t\t\t\t\t\t\t\t\t\t<div class=\"elementor-custom-embed-play\" role=\"button\" aria-label=\"Reproducir v\u00eddeo\" tabindex=\"0\">\n\t\t\t\t\t\t\t<i aria-hidden=\"true\" class=\"eicon-play\"><\/i>\t\t\t\t\t\t<\/div>\n\t\t\t\t\t\t\t\t\t<\/div>\n\t\t\t\t\t<\/div>\n\t\t\t\t\t\t<\/div>\n\t\t\t\t<\/div>\n\t\t\t\t<div class=\"elementor-element elementor-element-bed7dbb elementor-widget elementor-widget-image\" data-id=\"bed7dbb\" data-element_type=\"widget\" data-e-type=\"widget\" data-widget_type=\"image.default\">\n\t\t\t\t<div class=\"elementor-widget-container\">\n\t\t\t\t\t\t\t\t\t\t\t\t\t\t\t<img decoding=\"async\" width=\"1001\" height=\"195\" src=\"https:\/\/www.infinitomasuno.org\/wp-content\/uploads\/2021\/02\/Titulo-EMR-web_RU.png\" class=\"attachment-full size-full wp-image-174238\" alt=\"\" srcset=\"https:\/\/www.infinitomasuno.org\/wp-content\/uploads\/2021\/02\/Titulo-EMR-web_RU.png 1001w, https:\/\/www.infinitomasuno.org\/wp-content\/uploads\/2021\/02\/Titulo-EMR-web_RU-600x117.png 600w, https:\/\/www.infinitomasuno.org\/wp-content\/uploads\/2021\/02\/Titulo-EMR-web_RU-300x58.png 300w, https:\/\/www.infinitomasuno.org\/wp-content\/uploads\/2021\/02\/Titulo-EMR-web_RU-768x150.png 768w\" sizes=\"(max-width: 1001px) 100vw, 1001px\" \/>\t\t\t\t\t\t\t\t\t\t\t\t\t\t\t<\/div>\n\t\t\t\t<\/div>\n\t\t\t\t<div class=\"elementor-element elementor-element-d3f4f0f elementor-widget__width-inherit elementor-absolute elementor-hidden-desktop play40 elementor-widget elementor-widget-video\" data-id=\"d3f4f0f\" data-element_type=\"widget\" data-e-type=\"widget\" id=\"video_movil\" data-settings=\"{&quot;youtube_url&quot;:&quot;https:\\\/\\\/www.youtube.com\\\/watch?v=HUB6QHi9sH4&quot;,&quot;show_image_overlay&quot;:&quot;yes&quot;,&quot;image_overlay&quot;:{&quot;url&quot;:&quot;https:\\\/\\\/infinitomasuno.org\\\/wp-content\\\/uploads\\\/2020\\\/09\\\/produccion-el-mayor-regalo-5-scaled.jpg&quot;,&quot;id&quot;:4256,&quot;size&quot;:&quot;&quot;},&quot;lightbox&quot;:&quot;yes&quot;,&quot;_position&quot;:&quot;absolute&quot;,&quot;video_type&quot;:&quot;youtube&quot;,&quot;controls&quot;:&quot;yes&quot;}\" data-widget_type=\"video.default\">\n\t\t\t\t<div class=\"elementor-widget-container\">\n\t\t\t\t\t\t\t<div class=\"elementor-wrapper elementor-open-lightbox\">\n\t\t\t\t\t\t\t<div class=\"elementor-custom-embed-image-overlay\" data-elementor-open-lightbox=\"yes\" data-elementor-lightbox=\"{&quot;type&quot;:&quot;video&quot;,&quot;videoType&quot;:&quot;youtube&quot;,&quot;url&quot;:&quot;https:\\\/\\\/www.youtube.com\\\/embed\\\/HUB6QHi9sH4?feature=oembed&amp;start&amp;end&amp;wmode=opaque&amp;loop=0&amp;controls=1&amp;mute=0&amp;rel=0&amp;cc_load_policy=0&quot;,&quot;autoplay&quot;:&quot;&quot;,&quot;modalOptions&quot;:{&quot;id&quot;:&quot;elementor-lightbox-d3f4f0f&quot;,&quot;entranceAnimation&quot;:&quot;&quot;,&quot;entranceAnimation_tablet&quot;:&quot;&quot;,&quot;entranceAnimation_mobile&quot;:&quot;&quot;,&quot;videoAspectRatio&quot;:&quot;169&quot;}}\" data-e-action-hash=\"#elementor-action%3Aaction%3Dlightbox%26settings%3DeyJ0eXBlIjoidmlkZW8iLCJ2aWRlb1R5cGUiOiJ5b3V0dWJlIiwidXJsIjoiaHR0cHM6XC9cL3d3dy55b3V0dWJlLmNvbVwvZW1iZWRcL0hVQjZRSGk5c0g0P2ZlYXR1cmU9b2VtYmVkJnN0YXJ0JmVuZCZ3bW9kZT1vcGFxdWUmbG9vcD0wJmNvbnRyb2xzPTEmbXV0ZT0wJnJlbD0wJmNjX2xvYWRfcG9saWN5PTAiLCJhdXRvcGxheSI6IiIsIm1vZGFsT3B0aW9ucyI6eyJpZCI6ImVsZW1lbnRvci1saWdodGJveC1kM2Y0ZjBmIiwiZW50cmFuY2VBbmltYXRpb24iOiIiLCJlbnRyYW5jZUFuaW1hdGlvbl90YWJsZXQiOiIiLCJlbnRyYW5jZUFuaW1hdGlvbl9tb2JpbGUiOiIiLCJ2aWRlb0FzcGVjdFJhdGlvIjoiMTY5In19\">\n\t\t\t\t\t\t\t\t\t\t\t<img decoding=\"async\" src=\"https:\/\/infinitomasuno.org\/wp-content\/uploads\/2020\/09\/produccion-el-mayor-regalo-5-scaled.jpg\" title=\"\" alt=\"\" loading=\"lazy\" \/>\t\t\t\t\t\t\t\t\t\t\t\t\t\t\t\t<div class=\"elementor-custom-embed-play\" role=\"button\" aria-label=\"Reproducir v\u00eddeo\" tabindex=\"0\">\n\t\t\t\t\t\t\t<i aria-hidden=\"true\" class=\"eicon-play\"><\/i>\t\t\t\t\t\t<\/div>\n\t\t\t\t\t\t\t\t\t<\/div>\n\t\t\t\t\t<\/div>\n\t\t\t\t\t\t<\/div>\n\t\t\t\t<\/div>\n\t\t\t\t<div class=\"elementor-element elementor-element-a7b3ee7 elementor-widget__width-initial elementor-widget-mobile__width-initial elementor-hidden-desktop elementor-widget elementor-widget-text-editor\" data-id=\"a7b3ee7\" data-element_type=\"widget\" data-e-type=\"widget\" id=\"texto_movil\" data-widget_type=\"text-editor.default\">\n\t\t\t\t<div class=\"elementor-widget-container\">\n\t\t\t\t\t\t\t\t\t<p>Pute\u021bi s\u0103 v\u0103 certa\u021bi, s\u0103 v\u0103 bate\u021bi, s\u0103 v\u0103 ur\u00e2\u021bi\u2026 dar exist\u0103 o arm\u0103 mult mai eficace cu care pute\u021bi rezolva conflictele:<br \/>iertarea.<br \/>Pare imposibil, dar sunt pove\u0219ti adev\u0103rate! Dup\u0103 ce ve\u021bi vedea acest film o s\u0103 sim\u021bi nevoia s\u0103 s\u0103rb\u0103tori\u021bi \u0219i \u00een via\u021ba voastr\u0103 finalul fericit perfect:<br \/>petrecerea iert\u0103rii.<\/p>\t\t\t\t\t\t\t\t<\/div>\n\t\t\t\t<\/div>\n\t\t\t\t<div class=\"elementor-element elementor-element-e88305a elementor-widget__width-initial elementor-widget-mobile__width-initial elementor-hidden-tablet elementor-hidden-phone elementor-widget elementor-widget-text-editor\" data-id=\"e88305a\" data-element_type=\"widget\" data-e-type=\"widget\" id=\"texto_excritorio\" data-widget_type=\"text-editor.default\">\n\t\t\t\t<div class=\"elementor-widget-container\">\n\t\t\t\t\t\t\t\t\t<p>Pute\u021bi s\u0103 v\u0103 certa\u021bi, s\u0103 v\u0103 bate\u021bi, s\u0103 v\u0103 ur\u00e2\u021bi\u2026 dar exist\u0103 o arm\u0103 mult mai eficace cu care pute\u021bi rezolva conflictele:<br \/>iertarea.<br \/>Pare imposibil, dar sunt pove\u0219ti adev\u0103rate! Dup\u0103 ce ve\u021bi vedea acest film o s\u0103 sim\u021bi nevoia s\u0103 s\u0103rb\u0103tori\u021bi \u0219i \u00een via\u021ba voastr\u0103 finalul fericit perfect:<br \/>petrecerea iert\u0103rii.<\/p>\t\t\t\t\t\t\t\t<\/div>\n\t\t\t\t<\/div>\n\t\t\t\t\t<\/div>\n\t\t<\/div>\n\t\t\t\t\t<\/div>\n\t\t<\/section>\n\t\t\t\t<section class=\"elementor-section elementor-inner-section elementor-element elementor-element-37d0b18 elementor-section-full_width elementor-section-height-default elementor-section-height-default\" data-id=\"37d0b18\" data-element_type=\"section\" data-e-type=\"section\">\n\t\t\t\t\t\t\t<div class=\"elementor-background-overlay\"><\/div>\n\t\t\t\t\t\t\t<div class=\"elementor-container elementor-column-gap-default\">\n\t\t\t\t\t<div class=\"elementor-column elementor-col-100 elementor-inner-column elementor-element elementor-element-4efc85e\" data-id=\"4efc85e\" data-element_type=\"column\" data-e-type=\"column\">\n\t\t\t<div class=\"elementor-widget-wrap elementor-element-populated\">\n\t\t\t\t\t\t<div class=\"elementor-element elementor-element-8ac168e elementor-widget elementor-widget-shortcode\" data-id=\"8ac168e\" data-element_type=\"widget\" data-e-type=\"widget\" data-widget_type=\"shortcode.default\">\n\t\t\t\t<div class=\"elementor-widget-container\">\n\t\t\t\t\t\t\t<div class=\"elementor-shortcode\">\t\t<div id=\"woorousell-160644\" class=\"woorousell_sc\">\n\t\t\t\t\t<div class=\"wrsl-carousel-container\" \n\t\t\tdata-mode=\"horizontal\"\n\t\t\tdata-speed=\"500\"\n\t\t\tdata-maxslides=\"3\"\n\t\t\tdata-moveslides=\"1\"\n\t\t\tdata-slidemargin=\"10\"\n\t\t\tdata-randomstart=false\n\t\t\tdata-adaptiveheight=false\n\t\t\tdata-adaptiveHeightspeed=\"0\"\n\t\t\tdata-touchenabled=true\n\t\t\tdata-auto=false\n\t\t\tdata-pause=\"0\"\n\t\t\tdata-autohover=false\n\t\t\tdata-autodelay=\"0\"\n\t\t\tdata-ticker=false\n\t\t\tdata-tickerhover=false\n\t\t>\n\t\t\t\t\n\t\t\t\t<p>No product(s) found.<\/p>\n\t\t\t\t\t<\/div><!-- .wrsl-carousel-container -->\n\t\t\t\t<\/div>\n\t\t<\/div>\n\t\t\t\t\t\t<\/div>\n\t\t\t\t<\/div>\n\t\t\t\t\t<\/div>\n\t\t<\/div>\n\t\t\t\t\t<\/div>\n\t\t<\/section>\n\t\t\t\t\t<\/div>\n\t\t<\/div>\n\t\t\t\t\t<\/div>\n\t\t<\/section>\n\t\t\t\t<section class=\"elementor-section elementor-top-section elementor-element elementor-element-aee66ba elementor-section-boxed elementor-section-height-default elementor-section-height-default\" data-id=\"aee66ba\" data-element_type=\"section\" data-e-type=\"section\">\n\t\t\t\t\t\t<div class=\"elementor-container elementor-column-gap-default\">\n\t\t\t\t\t<div class=\"elementor-column elementor-col-100 elementor-top-column elementor-element elementor-element-bc5ae86\" data-id=\"bc5ae86\" data-element_type=\"column\" data-e-type=\"column\">\n\t\t\t<div class=\"elementor-widget-wrap\">\n\t\t\t\t\t\t\t<\/div>\n\t\t<\/div>\n\t\t\t\t\t<\/div>\n\t\t<\/section>\n\t\t\t\t<\/div>\n\t\t","protected":false},"excerpt":{"rendered":"<p>https:\/\/www.youtube.com\/watch?v=HUB6QHi9sH4 Pute\u021bi s\u0103 v\u0103 certa\u021bi, s\u0103 v\u0103 bate\u021bi, s\u0103 v\u0103 ur\u00e2\u021bi\u2026 dar exist\u0103 o arm\u0103 mult mai eficace cu care pute\u021bi rezolva conflictele:iertarea.Pare imposibil, dar sunt pove\u0219ti adev\u0103rate! Dup\u0103 ce ve\u021bi vedea acest film o s\u0103 sim\u021bi nevoia s\u0103 s\u0103rb\u0103tori\u021bi \u0219i \u00een via\u021ba voastr\u0103 finalul fericit perfect:petrecerea iert\u0103rii. Pute\u021bi s\u0103 v\u0103 certa\u021bi, s\u0103 v\u0103 bate\u021bi, [&hellip;]<\/p>\n","protected":false},"author":19323,"featured_media":0,"parent":0,"menu_order":0,"comment_status":"closed","ping_status":"closed","template":"elementor_header_footer","meta":{"_acf_changed":false,"site-sidebar-layout":"no-sidebar","site-content-layout":"page-builder","ast-site-content-layout":"full-width-container","site-content-style":"unboxed","site-sidebar-style":"unboxed","ast-global-header-display":"","ast-banner-title-visibility":"","ast-main-header-display":"","ast-hfb-above-header-display":"","ast-hfb-below-header-display":"","ast-hfb-mobile-header-display":"","site-post-title":"disabled","ast-breadcrumbs-content":"","ast-featured-img":"disabled","footer-sml-layout":"","ast-disable-related-posts":"","theme-transparent-header-meta":"disabled","adv-header-id-meta":"","stick-header-meta":"","header-above-stick-meta":"","header-main-stick-meta":"","header-below-stick-meta":"","astra-migrate-meta-layouts":"default","ast-page-background-enabled":"default","ast-page-background-meta":{"desktop":{"background-color":"","background-image":"","background-repeat":"repeat","background-position":"center center","background-size":"auto","background-attachment":"scroll","background-type":"","background-media":"","overlay-type":"","overlay-color":"","overlay-opacity":"","overlay-gradient":""},"tablet":{"background-color":"","background-image":"","background-repeat":"repeat","background-position":"center center","background-size":"auto","background-attachment":"scroll","background-type":"","background-media":"","overlay-type":"","overlay-color":"","overlay-opacity":"","overlay-gradient":""},"mobile":{"background-color":"","background-image":"","background-repeat":"repeat","background-position":"center center","background-size":"auto","background-attachment":"scroll","background-type":"","background-media":"","overlay-type":"","overlay-color":"","overlay-opacity":"","overlay-gradient":""}},"ast-content-background-meta":{"desktop":{"background-color":"var(--ast-global-color-5)","background-image":"","background-repeat":"repeat","background-position":"center center","background-size":"auto","background-attachment":"scroll","background-type":"","background-media":"","overlay-type":"","overlay-color":"","overlay-opacity":"","overlay-gradient":""},"tablet":{"background-color":"var(--ast-global-color-5)","background-image":"","background-repeat":"repeat","background-position":"center center","background-size":"auto","background-attachment":"scroll","background-type":"","background-media":"","overlay-type":"","overlay-color":"","overlay-opacity":"","overlay-gradient":""},"mobile":{"background-color":"var(--ast-global-color-5)","background-image":"","background-repeat":"repeat","background-position":"center center","background-size":"auto","background-attachment":"scroll","background-type":"","background-media":"","overlay-type":"","overlay-color":"","overlay-opacity":"","overlay-gradient":""}},"footnotes":""},"class_list":["post-173597","page","type-page","status-publish","hentry"],"acf":[],"aioseo_notices":[],"_links":{"self":[{"href":"https:\/\/www.infinitomasuno.org\/ro\/wp-json\/wp\/v2\/pages\/173597","targetHints":{"allow":["GET"]}}],"collection":[{"href":"https:\/\/www.infinitomasuno.org\/ro\/wp-json\/wp\/v2\/pages"}],"about":[{"href":"https:\/\/www.infinitomasuno.org\/ro\/wp-json\/wp\/v2\/types\/page"}],"author":[{"embeddable":true,"href":"https:\/\/www.infinitomasuno.org\/ro\/wp-json\/wp\/v2\/users\/19323"}],"replies":[{"embeddable":true,"href":"https:\/\/www.infinitomasuno.org\/ro\/wp-json\/wp\/v2\/comments?post=173597"}],"version-history":[{"count":23,"href":"https:\/\/www.infinitomasuno.org\/ro\/wp-json\/wp\/v2\/pages\/173597\/revisions"}],"predecessor-version":[{"id":174731,"href":"https:\/\/www.infinitomasuno.org\/ro\/wp-json\/wp\/v2\/pages\/173597\/revisions\/174731"}],"wp:attachment":[{"href":"https:\/\/www.infinitomasuno.org\/ro\/wp-json\/wp\/v2\/media?parent=173597"}],"curies":[{"name":"wp","href":"https:\/\/api.w.org\/{rel}","templated":true}]}}