{"id":173595,"date":"2020-07-19T11:38:50","date_gmt":"2020-07-19T11:38:50","guid":{"rendered":"https:\/\/www.infinitomasuno.org\/decalogo\/"},"modified":"2025-02-27T11:26:16","modified_gmt":"2025-02-27T10:26:16","slug":"decalogo","status":"publish","type":"page","link":"https:\/\/www.infinitomasuno.org\/ro\/decalogo\/","title":{"rendered":"Dec\u00e1logo"},"content":{"rendered":"\t\t<div data-elementor-type=\"wp-post\" data-elementor-id=\"173595\" class=\"elementor elementor-173595 elementor-167099\" data-elementor-post-type=\"page\">\n\t\t\t\t\t\t<section class=\"elementor-section elementor-top-section elementor-element elementor-element-8c39fce elementor-section-content-middle elementor-section-full_width elementor-section-stretched elementor-section-height-default elementor-section-height-default\" data-id=\"8c39fce\" data-element_type=\"section\" data-e-type=\"section\" data-settings=\"{&quot;background_background&quot;:&quot;classic&quot;,&quot;stretch_section&quot;:&quot;section-stretched&quot;}\">\n\t\t\t\t\t\t\t<div class=\"elementor-background-overlay\"><\/div>\n\t\t\t\t\t\t\t<div class=\"elementor-container elementor-column-gap-no\">\n\t\t\t\t\t<div class=\"elementor-column elementor-col-100 elementor-top-column elementor-element elementor-element-b1952b1\" data-id=\"b1952b1\" data-element_type=\"column\" data-e-type=\"column\">\n\t\t\t<div class=\"elementor-widget-wrap\">\n\t\t\t\t\t\t\t<\/div>\n\t\t<\/div>\n\t\t\t\t\t<\/div>\n\t\t<\/section>\n\t\t\t\t<section class=\"elementor-section elementor-top-section elementor-element elementor-element-8ffa315 elementor-section-full_width elementor-section-stretched elementor-section-height-default elementor-section-height-default\" data-id=\"8ffa315\" data-element_type=\"section\" data-e-type=\"section\" data-settings=\"{&quot;stretch_section&quot;:&quot;section-stretched&quot;}\">\n\t\t\t\t\t\t\t<div class=\"elementor-background-overlay\"><\/div>\n\t\t\t\t\t\t\t<div class=\"elementor-container elementor-column-gap-default\">\n\t\t\t\t\t<div class=\"elementor-column elementor-col-100 elementor-top-column elementor-element elementor-element-184f3d7\" data-id=\"184f3d7\" data-element_type=\"column\" data-e-type=\"column\">\n\t\t\t<div class=\"elementor-widget-wrap elementor-element-populated\">\n\t\t\t\t\t\t<div class=\"elementor-element elementor-element-160ff7f elementor-widget elementor-widget-heading\" data-id=\"160ff7f\" data-element_type=\"widget\" data-e-type=\"widget\" data-widget_type=\"heading.default\">\n\t\t\t\t<div class=\"elementor-widget-container\">\n\t\t\t\t\t<h2 class=\"elementor-heading-title elementor-size-default\">DEC\u00c1LOGO FUNDACI\u00d3N INFINITO + 1<\/h2>\t\t\t\t<\/div>\n\t\t\t\t<\/div>\n\t\t\t\t<div class=\"elementor-element elementor-element-d79f88a elementor-widget elementor-widget-text-editor\" data-id=\"d79f88a\" data-element_type=\"widget\" data-e-type=\"widget\" data-widget_type=\"text-editor.default\">\n\t\t\t\t<div class=\"elementor-widget-container\">\n\t\t\t\t\t\t\t\t\t<p><span style=\"color: #ffdc03;\">1.- Nuestras producciones muestran modelos atractivos de fe y amor. <\/span> <span style=\"color: #ffffff;\">Huimos de los planteamientos te\u00f3ricos y damos todo el protagonismo a quienes vivan hoy las ense\u00f1anzas de Jesucristo de forma pr\u00e1ctica, experimentando as\u00ed la transformaci\u00f3n de su propia vida y la de los dem\u00e1s.\u00a0<\/span><\/p><p><span style=\"color: #ffdc03;\">2.- Nuestras producciones son para todos los p\u00fablicos. <\/span> <span style=\"color: #ffffff;\">Ser\u00eda una torpeza que las destin\u00e1ramos a un perfil concreto de espectadores, a un supuesto \u00abnicho de mercado\u00bb, pues las propuestas de Jesucristo son para cualquier persona, sin posible discriminaci\u00f3n.<\/span><\/p><p><span style=\"color: #ffdc03;\">3.- Trabajamos al servicio del espectador individual, no de la masa.<\/span> <span style=\"color: #ffffff;\">Por supuesto, aspiramos a llegar al mayor n\u00famero de personas, pero trabajamos como si s\u00f3lo fuera a ver cada producci\u00f3n una sola persona, a la que deseamos servir.<\/span><\/p><p><span style=\"color: #ffdc03;\">4.- Todas nuestras producciones aspiran a provocar efectos transformadores positivos entre los espectadores. <\/span> <span style=\"color: #ffffff;\">No nos conformamos con entretener ni con informar. Cada producci\u00f3n ha de suponer una invitaci\u00f3n amable y realista a vivir con m\u00e1s fe, amor y esperanza. Si eso no sucediera\u2026 tan s\u00f3lo habr\u00edamos hecho ruido.<\/span><\/p><p><span style=\"color: #ffdc03;\">5.- Prohibido aburrir. <\/span> <span style=\"color: #ffffff;\">Punto de partida obvio para contar cualquier historia. Nos encanta re\u00edrnos y hacer re\u00edr, sin renunciar a la reflexi\u00f3n y la profundidad. Porque en la comunicaci\u00f3n, las formas importan tanto como el fondo.<\/span><\/p><p><span style=\"color: #ffdc03;\">6.- Creatividad exigente<\/span><span style=\"color: #ffffff;\"> en el desarrollo de los guiones, en la calidad de las producciones y en las estrategias de distribucio\u0301n y promocio\u0301n, buscando cauces innovadores de llegar al pu\u0301blico, adapta\u0301ndonos a sus preferencias en los ha\u0301bitos\u00a0de\u00a0consumo.<\/span><\/p><p><span style=\"color: #ffdc03;\">7.- Cometamos errores, cuanto antes. <\/span> <span style=\"color: #ffffff;\">Porque equivocarse es el mejor modo de aprender y mejorar. Los \u00fanicos errores que no estamos dispuestos a cometer son la pasividad, la queja o la cr\u00edtica est\u00e9ril de lo que hagan o dejen de hacer los dem\u00e1s.<\/span><\/p><p><span style=\"color: #ffdc03;\">8.- Buscamos los medios econ\u00f3micos necesarios<\/span> <span style=\"color: #ffffff;\">para producir, distribuir y promocionar cada proyecto del mejor modo posible, en muchos idiomas, sin lujos que encarezcan caprichosamente los presupuestos y sin ahorros que reduzcan su calidad y sus opciones de atraer a un p\u00fablico exigente. Para afrontar esos costes, confiamos en la implicaci\u00f3n generosa de personas e instituciones que quieran sumarse a esta misi\u00f3n con sus donaciones. Tambi\u00e9n establecemos acuerdos de financiaci\u00f3n con co-productores (personas o empresas), distribuidores, plataformas o canales de TV, y solicitamos subvenciones p\u00fablicas, como cualquier productora y distribuidora cinematogr\u00e1fica.<\/span><\/p><p><span style=\"color: #ffdc03;\">9.- Renunciamos al enriquecimiento econ\u00f3mico. <\/span> <span style=\"color: #ffffff;\">Por eso, somos una Fundaci\u00f3n. Los ingresos que se obtengan por la comercializaci\u00f3n de nuestras pel\u00edculas, se dividen entre todos los agentes implicados: salas de cine, distribuidoras, tiendas\u2026 Con la parte de retorno que corresponda a la Fundaci\u00f3n, cubrimos los gastos generales y desarrollamos nuevos proyectos, para dar continuidad a nuestros fines fundacionales.<\/span><\/p><p><span style=\"color: #ffdc03;\">10.- Formamos una verdadera familia<\/span><span style=\"color: #ffffff;\">, que crece por el mundo, abierta a cualquier persona, sin ning\u00fan criterio previo de selecci\u00f3n. Nuestros rasgos de identidad son tan heterog\u00e9neos como cada persona que quiera sumarse a nosotros.<\/span><\/p><p><span style=\"color: #ffffff;\">\u00a1Todos bienvenidos! NUNCA, NADIE, SOLO.<\/span><\/p>\t\t\t\t\t\t\t\t<\/div>\n\t\t\t\t<\/div>\n\t\t\t\t\t<\/div>\n\t\t<\/div>\n\t\t\t\t\t<\/div>\n\t\t<\/section>\n\t\t\t\t<\/div>\n\t\t","protected":false},"excerpt":{"rendered":"<p>DEC\u00c1LOGO FUNDACI\u00d3N INFINITO + 1 1.- Nuestras producciones muestran modelos atractivos de fe y amor. Huimos de los planteamientos te\u00f3ricos y damos todo el protagonismo a quienes vivan hoy las ense\u00f1anzas de Jesucristo de forma pr\u00e1ctica, experimentando as\u00ed la transformaci\u00f3n de su propia vida y la de los dem\u00e1s.\u00a0 2.- Nuestras producciones son para todos [&hellip;]<\/p>\n","protected":false},"author":19323,"featured_media":0,"parent":0,"menu_order":0,"comment_status":"closed","ping_status":"closed","template":"","meta":{"_acf_changed":false,"site-sidebar-layout":"no-sidebar","site-content-layout":"page-builder","ast-site-content-layout":"default","site-content-style":"default","site-sidebar-style":"default","ast-global-header-display":"","ast-banner-title-visibility":"","ast-main-header-display":"","ast-hfb-above-header-display":"","ast-hfb-below-header-display":"","ast-hfb-mobile-header-display":"","site-post-title":"disabled","ast-breadcrumbs-content":"","ast-featured-img":"disabled","footer-sml-layout":"","ast-disable-related-posts":"","theme-transparent-header-meta":"enabled","adv-header-id-meta":"","stick-header-meta":"","header-above-stick-meta":"","header-main-stick-meta":"","header-below-stick-meta":"","astra-migrate-meta-layouts":"default","ast-page-background-enabled":"default","ast-page-background-meta":{"desktop":{"background-color":"","background-image":"","background-repeat":"repeat","background-position":"center center","background-size":"auto","background-attachment":"scroll","background-type":"","background-media":"","overlay-type":"","overlay-color":"","overlay-opacity":"","overlay-gradient":""},"tablet":{"background-color":"","background-image":"","background-repeat":"repeat","background-position":"center center","background-size":"auto","background-attachment":"scroll","background-type":"","background-media":"","overlay-type":"","overlay-color":"","overlay-opacity":"","overlay-gradient":""},"mobile":{"background-color":"","background-image":"","background-repeat":"repeat","background-position":"center center","background-size":"auto","background-attachment":"scroll","background-type":"","background-media":"","overlay-type":"","overlay-color":"","overlay-opacity":"","overlay-gradient":""}},"ast-content-background-meta":{"desktop":{"background-color":"var(--ast-global-color-5)","background-image":"","background-repeat":"repeat","background-position":"center center","background-size":"auto","background-attachment":"scroll","background-type":"","background-media":"","overlay-type":"","overlay-color":"","overlay-opacity":"","overlay-gradient":""},"tablet":{"background-color":"var(--ast-global-color-5)","background-image":"","background-repeat":"repeat","background-position":"center center","background-size":"auto","background-attachment":"scroll","background-type":"","background-media":"","overlay-type":"","overlay-color":"","overlay-opacity":"","overlay-gradient":""},"mobile":{"background-color":"var(--ast-global-color-5)","background-image":"","background-repeat":"repeat","background-position":"center center","background-size":"auto","background-attachment":"scroll","background-type":"","background-media":"","overlay-type":"","overlay-color":"","overlay-opacity":"","overlay-gradient":""}},"footnotes":""},"class_list":["post-173595","page","type-page","status-publish","hentry"],"acf":[],"aioseo_notices":[],"_links":{"self":[{"href":"https:\/\/www.infinitomasuno.org\/ro\/wp-json\/wp\/v2\/pages\/173595","targetHints":{"allow":["GET"]}}],"collection":[{"href":"https:\/\/www.infinitomasuno.org\/ro\/wp-json\/wp\/v2\/pages"}],"about":[{"href":"https:\/\/www.infinitomasuno.org\/ro\/wp-json\/wp\/v2\/types\/page"}],"author":[{"embeddable":true,"href":"https:\/\/www.infinitomasuno.org\/ro\/wp-json\/wp\/v2\/users\/19323"}],"replies":[{"embeddable":true,"href":"https:\/\/www.infinitomasuno.org\/ro\/wp-json\/wp\/v2\/comments?post=173595"}],"version-history":[{"count":90,"href":"https:\/\/www.infinitomasuno.org\/ro\/wp-json\/wp\/v2\/pages\/173595\/revisions"}],"predecessor-version":[{"id":221394,"href":"https:\/\/www.infinitomasuno.org\/ro\/wp-json\/wp\/v2\/pages\/173595\/revisions\/221394"}],"wp:attachment":[{"href":"https:\/\/www.infinitomasuno.org\/ro\/wp-json\/wp\/v2\/media?parent=173595"}],"curies":[{"name":"wp","href":"https:\/\/api.w.org\/{rel}","templated":true}]}}