{"id":173593,"date":"2020-07-28T11:43:48","date_gmt":"2020-07-28T11:43:48","guid":{"rendered":"https:\/\/www.infinitomasuno.org\/contagiosos\/"},"modified":"2021-02-15T15:39:11","modified_gmt":"2021-02-15T13:39:11","slug":"contagiosii","status":"publish","type":"page","link":"https:\/\/www.infinitomasuno.org\/ro\/contagiosii\/","title":{"rendered":"CONTAGIO\u0218II"},"content":{"rendered":"\t\t<div data-elementor-type=\"wp-page\" data-elementor-id=\"173593\" class=\"elementor elementor-173593 elementor-167091\" data-elementor-post-type=\"page\">\n\t\t\t\t\t\t<section class=\"elementor-section elementor-top-section elementor-element elementor-element-22d2baf elementor-section-stretched elementor-section-full_width elementor-section-height-default elementor-section-height-default\" data-id=\"22d2baf\" data-element_type=\"section\" data-e-type=\"section\" data-settings=\"{&quot;background_background&quot;:&quot;slideshow&quot;,&quot;background_slideshow_gallery&quot;:[{&quot;id&quot;:2022,&quot;url&quot;:&quot;https:\\\/\\\/infinitomasuno.org\\\/wp-content\\\/uploads\\\/2020\\\/07\\\/proximos-destinos-contagiosos-kati.jpg&quot;},{&quot;id&quot;:2021,&quot;url&quot;:&quot;https:\\\/\\\/infinitomasuno.org\\\/wp-content\\\/uploads\\\/2020\\\/07\\\/proximos-destinos-contagiosos-grilex.jpg&quot;},{&quot;id&quot;:2025,&quot;url&quot;:&quot;https:\\\/\\\/infinitomasuno.org\\\/wp-content\\\/uploads\\\/2020\\\/07\\\/proximos-destinos-contagiosos-susana.jpg&quot;},{&quot;id&quot;:2024,&quot;url&quot;:&quot;https:\\\/\\\/infinitomasuno.org\\\/wp-content\\\/uploads\\\/2020\\\/07\\\/proximos-destinos-contagiosos-pedro.jpg&quot;},{&quot;id&quot;:2023,&quot;url&quot;:&quot;https:\\\/\\\/infinitomasuno.org\\\/wp-content\\\/uploads\\\/2020\\\/07\\\/proximos-destinos-contagiosos-maribel.jpg&quot;}],&quot;stretch_section&quot;:&quot;section-stretched&quot;,&quot;background_slideshow_loop&quot;:&quot;yes&quot;,&quot;background_slideshow_slide_duration&quot;:5000,&quot;background_slideshow_slide_transition&quot;:&quot;fade&quot;,&quot;background_slideshow_transition_duration&quot;:500}\">\n\t\t\t\t\t\t\t<div class=\"elementor-background-overlay\"><\/div>\n\t\t\t\t\t\t\t<div class=\"elementor-container elementor-column-gap-default\">\n\t\t\t\t\t<div class=\"elementor-column elementor-col-50 elementor-top-column elementor-element elementor-element-0929c0d\" data-id=\"0929c0d\" data-element_type=\"column\" data-e-type=\"column\">\n\t\t\t<div class=\"elementor-widget-wrap elementor-element-populated\">\n\t\t\t\t\t\t<div class=\"elementor-element elementor-element-b496dc9 elementor-hidden-phone elementor-widget elementor-widget-text-editor\" data-id=\"b496dc9\" data-element_type=\"widget\" data-e-type=\"widget\" data-widget_type=\"text-editor.default\">\n\t\t\t\t<div class=\"elementor-widget-container\">\n\t\t\t\t\t\t\t\t\t<p><img decoding=\"async\" class=\"size-medium wp-image-173999 alignnone\" src=\"https:\/\/www.infinitomasuno.org\/wp-content\/uploads\/2021\/02\/Titulo-Contagiosos_RU-300x58.png\" alt=\"\" width=\"300\" height=\"58\" srcset=\"https:\/\/www.infinitomasuno.org\/wp-content\/uploads\/2021\/02\/Titulo-Contagiosos_RU-300x58.png 300w, https:\/\/www.infinitomasuno.org\/wp-content\/uploads\/2021\/02\/Titulo-Contagiosos_RU-600x117.png 600w, https:\/\/www.infinitomasuno.org\/wp-content\/uploads\/2021\/02\/Titulo-Contagiosos_RU-768x150.png 768w, https:\/\/www.infinitomasuno.org\/wp-content\/uploads\/2021\/02\/Titulo-Contagiosos_RU.png 1001w\" sizes=\"(max-width: 300px) 100vw, 300px\" \/><\/p><p>Oamenii ace\u0219tia au ceva special&#8230; oare ce e?<\/p><p>Privirea, z\u00e2mbetul, vocea lor&#8230; transmit pace!<\/p><p>\u201cVoisunte\u021bi lumina lumii.[\u2026] Nici nu se aprinde o candel\u0103\u0219i se pune sub obroc, ci pe candelabru, ca s\u0103luminezepentruto\u021bicei care sunt \u00eencas\u0103. A\u0219as\u0103lumineze lumina voastr\u0103\u00eenainteaoamenilor, \u00eenc\u00e2teis\u0103vad\u0103faptelevoastrebune\u0219is\u0103-l glorifice pe Tat\u0103lvostru din ceruri!\u201d (Mc 15, 14-16)<\/p><p>M\u0103rturia lor ne invit\u0103 s\u0103 tr\u0103im cu mai mult\u0103 bucurie, dragoste, credin\u021b\u0103 \u0219i speran\u021b\u0103. Trebuie s\u0103 ne molipsim de toate aceste lucruri, a\u0219a-i?<\/p><p>Mul\u021bumim c\u0103 ne-a\u021bi ajutat s\u0103 producem aceast\u0103 serie!<\/p>\t\t\t\t\t\t\t\t<\/div>\n\t\t\t\t<\/div>\n\t\t\t\t<div class=\"elementor-element elementor-element-a8ab7c5 elementor-hidden-desktop elementor-hidden-tablet elementor-widget elementor-widget-text-editor\" data-id=\"a8ab7c5\" data-element_type=\"widget\" data-e-type=\"widget\" data-widget_type=\"text-editor.default\">\n\t\t\t\t<div class=\"elementor-widget-container\">\n\t\t\t\t\t\t\t\t\t<p><img decoding=\"async\" class=\"alignnone size-medium wp-image-173999\" src=\"https:\/\/www.infinitomasuno.org\/wp-content\/uploads\/2021\/02\/Titulo-Contagiosos_RU-300x58.png\" alt=\"\" width=\"300\" height=\"58\" srcset=\"https:\/\/www.infinitomasuno.org\/wp-content\/uploads\/2021\/02\/Titulo-Contagiosos_RU-300x58.png 300w, https:\/\/www.infinitomasuno.org\/wp-content\/uploads\/2021\/02\/Titulo-Contagiosos_RU-600x117.png 600w, https:\/\/www.infinitomasuno.org\/wp-content\/uploads\/2021\/02\/Titulo-Contagiosos_RU-768x150.png 768w, https:\/\/www.infinitomasuno.org\/wp-content\/uploads\/2021\/02\/Titulo-Contagiosos_RU.png 1001w\" sizes=\"(max-width: 300px) 100vw, 300px\" \/><\/p><p>Oamenii ace\u0219tia au ceva special&#8230; oare ce e?<\/p><p>Privirea, z\u00e2mbetul, vocea lor&#8230; transmit pace!<\/p><p>\u201cVoisunte\u021bi lumina lumii.[\u2026] Nici nu se aprinde o candel\u0103\u0219i se pune sub obroc, ci pe candelabru, ca s\u0103luminezepentruto\u021bicei care sunt \u00eencas\u0103. A\u0219as\u0103lumineze lumina voastr\u0103\u00eenainteaoamenilor, \u00eenc\u00e2teis\u0103vad\u0103faptelevoastrebune\u0219is\u0103-l glorifice pe Tat\u0103lvostru din ceruri!\u201d (Mc 15, 14-16)<\/p><p>M\u0103rturia lor ne invit\u0103 s\u0103 tr\u0103im cu mai mult\u0103 bucurie, dragoste, credin\u021b\u0103 \u0219i speran\u021b\u0103. Trebuie s\u0103 ne molipsim de toate aceste lucruri, a\u0219a-i?<\/p><p>Mul\u021bumim c\u0103 ne-a\u021bi ajutat s\u0103 producem aceast\u0103 serie!<\/p>\t\t\t\t\t\t\t\t<\/div>\n\t\t\t\t<\/div>\n\t\t\t\t<div class=\"elementor-element elementor-element-5ce1b6c elementor-mobile-align-center elementor-widget elementor-widget-button\" data-id=\"5ce1b6c\" data-element_type=\"widget\" data-e-type=\"widget\" data-widget_type=\"button.default\">\n\t\t\t\t<div class=\"elementor-widget-container\">\n\t\t\t\t\t\t\t\t\t<div class=\"elementor-button-wrapper\">\n\t\t\t\t\t<a class=\"elementor-button elementor-button-link elementor-size-sm\" href=\"\/ro\/doneaza\/\">\n\t\t\t\t\t\t<span class=\"elementor-button-content-wrapper\">\n\t\t\t\t\t\t\t\t\t<span class=\"elementor-button-text\">OFER\u0102 AICI<\/span>\n\t\t\t\t\t<\/span>\n\t\t\t\t\t<\/a>\n\t\t\t\t<\/div>\n\t\t\t\t\t\t\t\t<\/div>\n\t\t\t\t<\/div>\n\t\t\t\t\t<\/div>\n\t\t<\/div>\n\t\t\t\t<div class=\"elementor-column elementor-col-50 elementor-top-column elementor-element elementor-element-c9fbdeb\" data-id=\"c9fbdeb\" data-element_type=\"column\" data-e-type=\"column\">\n\t\t\t<div class=\"elementor-widget-wrap elementor-element-populated\">\n\t\t\t\t\t\t<div class=\"elementor-element elementor-element-1d8aec2 elementor-widget__width-inherit elementor-absolute elementor-hidden-phone play30 elementor-widget elementor-widget-video\" data-id=\"1d8aec2\" data-element_type=\"widget\" data-e-type=\"widget\" data-settings=\"{&quot;youtube_url&quot;:&quot;https:\\\/\\\/www.youtube.com\\\/watch?v=3cwgm-M0s7o&quot;,&quot;show_image_overlay&quot;:&quot;yes&quot;,&quot;image_overlay&quot;:{&quot;url&quot;:&quot;https:\\\/\\\/www.infinitomasuno.org\\\/wp-content\\\/uploads\\\/2020\\\/09\\\/cuadro-transparente.png&quot;,&quot;id&quot;:164211,&quot;size&quot;:&quot;&quot;},&quot;lightbox&quot;:&quot;yes&quot;,&quot;_position&quot;:&quot;absolute&quot;,&quot;video_type&quot;:&quot;youtube&quot;,&quot;controls&quot;:&quot;yes&quot;}\" data-widget_type=\"video.default\">\n\t\t\t\t<div class=\"elementor-widget-container\">\n\t\t\t\t\t\t\t<div class=\"elementor-wrapper elementor-open-lightbox\">\n\t\t\t\t\t\t\t<div class=\"elementor-custom-embed-image-overlay\" data-elementor-open-lightbox=\"yes\" data-elementor-lightbox=\"{&quot;type&quot;:&quot;video&quot;,&quot;videoType&quot;:&quot;youtube&quot;,&quot;url&quot;:&quot;https:\\\/\\\/www.youtube.com\\\/embed\\\/3cwgm-M0s7o?feature=oembed&amp;start&amp;end&amp;wmode=opaque&amp;loop=0&amp;controls=1&amp;mute=0&amp;rel=0&amp;cc_load_policy=0&quot;,&quot;autoplay&quot;:&quot;&quot;,&quot;modalOptions&quot;:{&quot;id&quot;:&quot;elementor-lightbox-1d8aec2&quot;,&quot;entranceAnimation&quot;:&quot;&quot;,&quot;entranceAnimation_tablet&quot;:&quot;&quot;,&quot;entranceAnimation_mobile&quot;:&quot;&quot;,&quot;videoAspectRatio&quot;:&quot;169&quot;}}\" data-e-action-hash=\"#elementor-action%3Aaction%3Dlightbox%26settings%3DeyJ0eXBlIjoidmlkZW8iLCJ2aWRlb1R5cGUiOiJ5b3V0dWJlIiwidXJsIjoiaHR0cHM6XC9cL3d3dy55b3V0dWJlLmNvbVwvZW1iZWRcLzNjd2dtLU0wczdvP2ZlYXR1cmU9b2VtYmVkJnN0YXJ0JmVuZCZ3bW9kZT1vcGFxdWUmbG9vcD0wJmNvbnRyb2xzPTEmbXV0ZT0wJnJlbD0wJmNjX2xvYWRfcG9saWN5PTAiLCJhdXRvcGxheSI6IiIsIm1vZGFsT3B0aW9ucyI6eyJpZCI6ImVsZW1lbnRvci1saWdodGJveC0xZDhhZWMyIiwiZW50cmFuY2VBbmltYXRpb24iOiIiLCJlbnRyYW5jZUFuaW1hdGlvbl90YWJsZXQiOiIiLCJlbnRyYW5jZUFuaW1hdGlvbl9tb2JpbGUiOiIiLCJ2aWRlb0FzcGVjdFJhdGlvIjoiMTY5In19\">\n\t\t\t\t\t\t\t\t\t\t\t<img decoding=\"async\" width=\"145\" height=\"145\" src=\"https:\/\/www.infinitomasuno.org\/wp-content\/uploads\/2020\/09\/cuadro-transparente.png\" class=\"attachment-full size-full wp-image-164211\" alt=\"\" srcset=\"https:\/\/www.infinitomasuno.org\/wp-content\/uploads\/2020\/09\/cuadro-transparente.png 145w, https:\/\/www.infinitomasuno.org\/wp-content\/uploads\/2020\/09\/cuadro-transparente-100x100.png 100w\" sizes=\"(max-width: 145px) 100vw, 145px\" \/>\t\t\t\t\t\t\t\t\t\t\t\t\t\t\t\t<div class=\"elementor-custom-embed-play\" role=\"button\" aria-label=\"Ruleaz\u0103 videoul\" tabindex=\"0\">\n\t\t\t\t\t\t\t<i aria-hidden=\"true\" class=\"eicon-play\"><\/i>\t\t\t\t\t\t<\/div>\n\t\t\t\t\t\t\t\t\t<\/div>\n\t\t\t\t\t<\/div>\n\t\t\t\t\t\t<\/div>\n\t\t\t\t<\/div>\n\t\t\t\t\t<\/div>\n\t\t<\/div>\n\t\t\t\t\t<\/div>\n\t\t<\/section>\n\t\t\t\t<\/div>\n\t\t","protected":false},"excerpt":{"rendered":"<p>Oamenii ace\u0219tia au ceva special&#8230; oare ce e? Privirea, z\u00e2mbetul, vocea lor&#8230; transmit pace! \u201cVoisunte\u021bi lumina lumii.[\u2026] Nici nu se aprinde o candel\u0103\u0219i se pune sub obroc, ci pe candelabru, ca s\u0103luminezepentruto\u021bicei care sunt \u00eencas\u0103. A\u0219as\u0103lumineze lumina voastr\u0103\u00eenainteaoamenilor, \u00eenc\u00e2teis\u0103vad\u0103faptelevoastrebune\u0219is\u0103-l glorifice pe Tat\u0103lvostru din ceruri!\u201d (Mc 15, 14-16) M\u0103rturia lor ne invit\u0103 s\u0103 tr\u0103im cu mai [&hellip;]<\/p>\n","protected":false},"author":19323,"featured_media":0,"parent":0,"menu_order":0,"comment_status":"closed","ping_status":"closed","template":"","meta":{"_acf_changed":false,"site-sidebar-layout":"no-sidebar","site-content-layout":"page-builder","ast-site-content-layout":"default","site-content-style":"default","site-sidebar-style":"default","ast-global-header-display":"","ast-banner-title-visibility":"","ast-main-header-display":"","ast-hfb-above-header-display":"","ast-hfb-below-header-display":"","ast-hfb-mobile-header-display":"","site-post-title":"disabled","ast-breadcrumbs-content":"","ast-featured-img":"disabled","footer-sml-layout":"disabled","ast-disable-related-posts":"","theme-transparent-header-meta":"enabled","adv-header-id-meta":"","stick-header-meta":"","header-above-stick-meta":"","header-main-stick-meta":"","header-below-stick-meta":"","astra-migrate-meta-layouts":"default","ast-page-background-enabled":"default","ast-page-background-meta":{"desktop":{"background-color":"","background-image":"","background-repeat":"repeat","background-position":"center center","background-size":"auto","background-attachment":"scroll","background-type":"","background-media":"","overlay-type":"","overlay-color":"","overlay-opacity":"","overlay-gradient":""},"tablet":{"background-color":"","background-image":"","background-repeat":"repeat","background-position":"center center","background-size":"auto","background-attachment":"scroll","background-type":"","background-media":"","overlay-type":"","overlay-color":"","overlay-opacity":"","overlay-gradient":""},"mobile":{"background-color":"","background-image":"","background-repeat":"repeat","background-position":"center center","background-size":"auto","background-attachment":"scroll","background-type":"","background-media":"","overlay-type":"","overlay-color":"","overlay-opacity":"","overlay-gradient":""}},"ast-content-background-meta":{"desktop":{"background-color":"var(--ast-global-color-5)","background-image":"","background-repeat":"repeat","background-position":"center center","background-size":"auto","background-attachment":"scroll","background-type":"","background-media":"","overlay-type":"","overlay-color":"","overlay-opacity":"","overlay-gradient":""},"tablet":{"background-color":"var(--ast-global-color-5)","background-image":"","background-repeat":"repeat","background-position":"center center","background-size":"auto","background-attachment":"scroll","background-type":"","background-media":"","overlay-type":"","overlay-color":"","overlay-opacity":"","overlay-gradient":""},"mobile":{"background-color":"var(--ast-global-color-5)","background-image":"","background-repeat":"repeat","background-position":"center center","background-size":"auto","background-attachment":"scroll","background-type":"","background-media":"","overlay-type":"","overlay-color":"","overlay-opacity":"","overlay-gradient":""}},"footnotes":""},"class_list":["post-173593","page","type-page","status-publish","hentry"],"acf":[],"aioseo_notices":[],"_links":{"self":[{"href":"https:\/\/www.infinitomasuno.org\/ro\/wp-json\/wp\/v2\/pages\/173593","targetHints":{"allow":["GET"]}}],"collection":[{"href":"https:\/\/www.infinitomasuno.org\/ro\/wp-json\/wp\/v2\/pages"}],"about":[{"href":"https:\/\/www.infinitomasuno.org\/ro\/wp-json\/wp\/v2\/types\/page"}],"author":[{"embeddable":true,"href":"https:\/\/www.infinitomasuno.org\/ro\/wp-json\/wp\/v2\/users\/19323"}],"replies":[{"embeddable":true,"href":"https:\/\/www.infinitomasuno.org\/ro\/wp-json\/wp\/v2\/comments?post=173593"}],"version-history":[{"count":11,"href":"https:\/\/www.infinitomasuno.org\/ro\/wp-json\/wp\/v2\/pages\/173593\/revisions"}],"predecessor-version":[{"id":174741,"href":"https:\/\/www.infinitomasuno.org\/ro\/wp-json\/wp\/v2\/pages\/173593\/revisions\/174741"}],"wp:attachment":[{"href":"https:\/\/www.infinitomasuno.org\/ro\/wp-json\/wp\/v2\/media?parent=173593"}],"curies":[{"name":"wp","href":"https:\/\/api.w.org\/{rel}","templated":true}]}}