{"id":173587,"date":"2020-07-20T23:05:37","date_gmt":"2020-07-20T23:05:37","guid":{"rendered":"https:\/\/www.infinitomasuno.org\/catecrisis\/"},"modified":"2021-02-08T14:45:44","modified_gmt":"2021-02-08T12:45:44","slug":"cate-criza","status":"publish","type":"page","link":"https:\/\/www.infinitomasuno.org\/ro\/cate-criza\/","title":{"rendered":"CATE-CRIZ\u0102"},"content":{"rendered":"\t\t<div data-elementor-type=\"wp-page\" data-elementor-id=\"173587\" class=\"elementor elementor-173587 elementor-167073\" data-elementor-post-type=\"page\">\n\t\t\t\t\t\t<section class=\"elementor-section elementor-top-section elementor-element elementor-element-65e08a9 elementor-section-stretched elementor-section-full_width elementor-section-height-default elementor-section-height-default\" data-id=\"65e08a9\" data-element_type=\"section\" data-e-type=\"section\" data-settings=\"{&quot;stretch_section&quot;:&quot;section-stretched&quot;,&quot;background_background&quot;:&quot;classic&quot;}\">\n\t\t\t\t\t\t<div class=\"elementor-container elementor-column-gap-default\">\n\t\t\t\t\t<div class=\"elementor-column elementor-col-100 elementor-top-column elementor-element elementor-element-03d59b6\" data-id=\"03d59b6\" data-element_type=\"column\" data-e-type=\"column\">\n\t\t\t<div class=\"elementor-widget-wrap elementor-element-populated\">\n\t\t\t\t\t\t<section class=\"elementor-section elementor-inner-section elementor-element elementor-element-21b761c elementor-section-full_width elementor-section-height-default elementor-section-height-default\" data-id=\"21b761c\" data-element_type=\"section\" data-e-type=\"section\">\n\t\t\t\t\t\t<div class=\"elementor-container elementor-column-gap-default\">\n\t\t\t\t\t<div class=\"elementor-column elementor-col-50 elementor-inner-column elementor-element elementor-element-dc1291c\" data-id=\"dc1291c\" data-element_type=\"column\" data-e-type=\"column\">\n\t\t\t<div class=\"elementor-widget-wrap elementor-element-populated\">\n\t\t\t\t\t\t<div class=\"elementor-element elementor-element-e993346 elementor-widget elementor-widget-image\" data-id=\"e993346\" data-element_type=\"widget\" data-e-type=\"widget\" data-widget_type=\"image.default\">\n\t\t\t\t<div class=\"elementor-widget-container\">\n\t\t\t\t\t\t\t\t\t\t\t\t\t\t\t<img fetchpriority=\"high\" decoding=\"async\" width=\"1001\" height=\"195\" src=\"https:\/\/www.infinitomasuno.org\/wp-content\/uploads\/2021\/02\/Titulo_Catecrisis_RO.png\" class=\"attachment-large size-large wp-image-173978\" alt=\"\" srcset=\"https:\/\/www.infinitomasuno.org\/wp-content\/uploads\/2021\/02\/Titulo_Catecrisis_RO.png 1001w, https:\/\/www.infinitomasuno.org\/wp-content\/uploads\/2021\/02\/Titulo_Catecrisis_RO-600x117.png 600w, https:\/\/www.infinitomasuno.org\/wp-content\/uploads\/2021\/02\/Titulo_Catecrisis_RO-300x58.png 300w, https:\/\/www.infinitomasuno.org\/wp-content\/uploads\/2021\/02\/Titulo_Catecrisis_RO-768x150.png 768w\" sizes=\"(max-width: 1001px) 100vw, 1001px\" \/>\t\t\t\t\t\t\t\t\t\t\t\t\t\t\t<\/div>\n\t\t\t\t<\/div>\n\t\t\t\t<div class=\"elementor-element elementor-element-e88305a texto-catecrisis elementor-hidden-phone elementor-widget elementor-widget-text-editor\" data-id=\"e88305a\" data-element_type=\"widget\" data-e-type=\"widget\" id=\"texto_escritorio\" data-widget_type=\"text-editor.default\">\n\t\t\t\t<div class=\"elementor-widget-container\">\n\t\t\t\t\t\t\t\t\t<p><span style=\"color: #333333;\">\u00cen 2019, doar \u00een Rom\u00e2nia s-au desp\u0103r\u021bit 31.000 de c\u0103snicii.<\/span><br \/><span style=\"color: #333333;\">1,8 la fiecare 30 de minute.<\/span><\/p><p><span style=\"color: #333333;\">Am puteas\u0103 ne obi\u0219nuim, s\u0103 ne par\u0103r\u0103u\u2026 <\/span><br \/><span style=\"color: #333333;\">Sau s\u0103 facem ceva pentru a oprii aceast\u0103 pandemie.<\/span><\/p><p><span style=\"color: #333333;\">Putem s\u0103 le oferim speran\u021b\u0103 logodnicilor \u0219i celor c\u0103s\u0103tori\u021bi, prin intermediul a multor m\u0103rturi reale ale unor cupluri care \u0219i-au dep\u0103\u0219it dificult\u0103\u021bile cu ajutorul lui Dumnezeu, atunci c\u00e2nd nici sfaturile \u0219i nici bunele inten\u021bii nu mai erau suficiente.<\/span><\/p><p><span style=\"color: #333333;\">Ne-a\u021bi ajuta s\u0103-i ajut\u0103m pe cei c\u0103s\u0103tori\u021bi? MII DE MUL\u021aUMIRI!<\/span><\/p>\t\t\t\t\t\t\t\t<\/div>\n\t\t\t\t<\/div>\n\t\t\t\t<div class=\"elementor-element elementor-element-cd1c36a elementor-hidden-desktop elementor-hidden-tablet elementor-widget elementor-widget-text-editor\" data-id=\"cd1c36a\" data-element_type=\"widget\" data-e-type=\"widget\" data-widget_type=\"text-editor.default\">\n\t\t\t\t<div class=\"elementor-widget-container\">\n\t\t\t\t\t\t\t\t\t<p><span style=\"color: #333333;\">\u00cen 2019, doar \u00een Rom\u00e2nia s-au desp\u0103r\u021bit 31.000 de c\u0103snicii.<\/span><br \/><span style=\"color: #333333;\">1,8 la fiecare 30 de minute.<\/span><\/p><p><span style=\"color: #333333;\">Am puteas\u0103 ne obi\u0219nuim, s\u0103 ne par\u0103r\u0103u\u2026 <\/span><br \/><span style=\"color: #333333;\">Sau s\u0103 facem ceva pentru a oprii aceast\u0103 pandemie.<\/span><\/p><p><span style=\"color: #333333;\">Putem s\u0103 le oferim speran\u021b\u0103 logodnicilor \u0219i celor c\u0103s\u0103tori\u021bi, prin intermediul a multor m\u0103rturi reale ale unor cupluri care \u0219i-au dep\u0103\u0219it dificult\u0103\u021bile cu ajutorul lui Dumnezeu, atunci c\u00e2nd nici sfaturile \u0219i nici bunele inten\u021bii nu mai erau suficiente.<\/span><\/p><p><span style=\"color: #333333;\">Ne-a\u021bi ajuta s\u0103-i ajut\u0103m pe cei c\u0103s\u0103tori\u021bi? MII DE MUL\u021aUMIRI!<\/span><\/p>\t\t\t\t\t\t\t\t<\/div>\n\t\t\t\t<\/div>\n\t\t\t\t<div class=\"elementor-element elementor-element-b9df094 elementor-mobile-align-center elementor-widget elementor-widget-button\" data-id=\"b9df094\" data-element_type=\"widget\" data-e-type=\"widget\" data-widget_type=\"button.default\">\n\t\t\t\t<div class=\"elementor-widget-container\">\n\t\t\t\t\t\t\t\t\t<div class=\"elementor-button-wrapper\">\n\t\t\t\t\t<a class=\"elementor-button elementor-button-link elementor-size-sm\" href=\"\/ro\/doneaza\/\">\n\t\t\t\t\t\t<span class=\"elementor-button-content-wrapper\">\n\t\t\t\t\t\t\t\t\t<span class=\"elementor-button-text\">OFER\u0102 AICI<\/span>\n\t\t\t\t\t<\/span>\n\t\t\t\t\t<\/a>\n\t\t\t\t<\/div>\n\t\t\t\t\t\t\t\t<\/div>\n\t\t\t\t<\/div>\n\t\t\t\t\t<\/div>\n\t\t<\/div>\n\t\t\t\t<div class=\"elementor-column elementor-col-50 elementor-inner-column elementor-element elementor-element-97a4c36\" data-id=\"97a4c36\" data-element_type=\"column\" data-e-type=\"column\">\n\t\t\t<div class=\"elementor-widget-wrap\">\n\t\t\t\t\t\t\t<\/div>\n\t\t<\/div>\n\t\t\t\t\t<\/div>\n\t\t<\/section>\n\t\t\t\t\t<\/div>\n\t\t<\/div>\n\t\t\t\t\t<\/div>\n\t\t<\/section>\n\t\t\t\t<\/div>\n\t\t","protected":false},"excerpt":{"rendered":"<p>\u00cen 2019, doar \u00een Rom\u00e2nia s-au desp\u0103r\u021bit 31.000 de c\u0103snicii.1,8 la fiecare 30 de minute. Am puteas\u0103 ne obi\u0219nuim, s\u0103 ne par\u0103r\u0103u\u2026 Sau s\u0103 facem ceva pentru a oprii aceast\u0103 pandemie. Putem s\u0103 le oferim speran\u021b\u0103 logodnicilor \u0219i celor c\u0103s\u0103tori\u021bi, prin intermediul a multor m\u0103rturi reale ale unor cupluri care \u0219i-au dep\u0103\u0219it dificult\u0103\u021bile cu ajutorul [&hellip;]<\/p>\n","protected":false},"author":19323,"featured_media":0,"parent":0,"menu_order":0,"comment_status":"closed","ping_status":"closed","template":"","meta":{"_acf_changed":false,"site-sidebar-layout":"no-sidebar","site-content-layout":"page-builder","ast-site-content-layout":"default","site-content-style":"default","site-sidebar-style":"default","ast-global-header-display":"","ast-banner-title-visibility":"","ast-main-header-display":"","ast-hfb-above-header-display":"","ast-hfb-below-header-display":"","ast-hfb-mobile-header-display":"","site-post-title":"disabled","ast-breadcrumbs-content":"","ast-featured-img":"disabled","footer-sml-layout":"","ast-disable-related-posts":"","theme-transparent-header-meta":"enabled","adv-header-id-meta":"","stick-header-meta":"","header-above-stick-meta":"","header-main-stick-meta":"","header-below-stick-meta":"","astra-migrate-meta-layouts":"default","ast-page-background-enabled":"default","ast-page-background-meta":{"desktop":{"background-color":"","background-image":"","background-repeat":"repeat","background-position":"center center","background-size":"auto","background-attachment":"scroll","background-type":"","background-media":"","overlay-type":"","overlay-color":"","overlay-opacity":"","overlay-gradient":""},"tablet":{"background-color":"","background-image":"","background-repeat":"repeat","background-position":"center center","background-size":"auto","background-attachment":"scroll","background-type":"","background-media":"","overlay-type":"","overlay-color":"","overlay-opacity":"","overlay-gradient":""},"mobile":{"background-color":"","background-image":"","background-repeat":"repeat","background-position":"center center","background-size":"auto","background-attachment":"scroll","background-type":"","background-media":"","overlay-type":"","overlay-color":"","overlay-opacity":"","overlay-gradient":""}},"ast-content-background-meta":{"desktop":{"background-color":"var(--ast-global-color-5)","background-image":"","background-repeat":"repeat","background-position":"center center","background-size":"auto","background-attachment":"scroll","background-type":"","background-media":"","overlay-type":"","overlay-color":"","overlay-opacity":"","overlay-gradient":""},"tablet":{"background-color":"var(--ast-global-color-5)","background-image":"","background-repeat":"repeat","background-position":"center center","background-size":"auto","background-attachment":"scroll","background-type":"","background-media":"","overlay-type":"","overlay-color":"","overlay-opacity":"","overlay-gradient":""},"mobile":{"background-color":"var(--ast-global-color-5)","background-image":"","background-repeat":"repeat","background-position":"center center","background-size":"auto","background-attachment":"scroll","background-type":"","background-media":"","overlay-type":"","overlay-color":"","overlay-opacity":"","overlay-gradient":""}},"footnotes":""},"class_list":["post-173587","page","type-page","status-publish","hentry"],"acf":[],"aioseo_notices":[],"_links":{"self":[{"href":"https:\/\/www.infinitomasuno.org\/ro\/wp-json\/wp\/v2\/pages\/173587","targetHints":{"allow":["GET"]}}],"collection":[{"href":"https:\/\/www.infinitomasuno.org\/ro\/wp-json\/wp\/v2\/pages"}],"about":[{"href":"https:\/\/www.infinitomasuno.org\/ro\/wp-json\/wp\/v2\/types\/page"}],"author":[{"embeddable":true,"href":"https:\/\/www.infinitomasuno.org\/ro\/wp-json\/wp\/v2\/users\/19323"}],"replies":[{"embeddable":true,"href":"https:\/\/www.infinitomasuno.org\/ro\/wp-json\/wp\/v2\/comments?post=173587"}],"version-history":[{"count":11,"href":"https:\/\/www.infinitomasuno.org\/ro\/wp-json\/wp\/v2\/pages\/173587\/revisions"}],"predecessor-version":[{"id":174054,"href":"https:\/\/www.infinitomasuno.org\/ro\/wp-json\/wp\/v2\/pages\/173587\/revisions\/174054"}],"wp:attachment":[{"href":"https:\/\/www.infinitomasuno.org\/ro\/wp-json\/wp\/v2\/media?parent=173587"}],"curies":[{"name":"wp","href":"https:\/\/api.w.org\/{rel}","templated":true}]}}