{"id":173585,"date":"2020-07-20T22:54:12","date_gmt":"2020-07-20T20:54:12","guid":{"rendered":"https:\/\/www.infinitomasuno.org\/catequizis-para-ninos\/"},"modified":"2021-02-08T13:41:52","modified_gmt":"2021-02-08T11:41:52","slug":"cateheza-pentru-copii","status":"publish","type":"page","link":"https:\/\/www.infinitomasuno.org\/ro\/cateheza-pentru-copii\/","title":{"rendered":"+ CATEHEZ\u0102"},"content":{"rendered":"\t\t<div data-elementor-type=\"wp-page\" data-elementor-id=\"173585\" class=\"elementor elementor-173585 elementor-167032\" data-elementor-post-type=\"page\">\n\t\t\t\t\t\t<section class=\"elementor-section elementor-top-section elementor-element elementor-element-65e08a9 elementor-section-stretched elementor-section-full_width elementor-section-height-default elementor-section-height-default\" data-id=\"65e08a9\" data-element_type=\"section\" data-e-type=\"section\" data-settings=\"{&quot;stretch_section&quot;:&quot;section-stretched&quot;,&quot;background_background&quot;:&quot;classic&quot;}\">\n\t\t\t\t\t\t<div class=\"elementor-container elementor-column-gap-default\">\n\t\t\t\t\t<div class=\"elementor-column elementor-col-100 elementor-top-column elementor-element elementor-element-03d59b6\" data-id=\"03d59b6\" data-element_type=\"column\" data-e-type=\"column\">\n\t\t\t<div class=\"elementor-widget-wrap elementor-element-populated\">\n\t\t\t\t\t\t<section class=\"elementor-section elementor-inner-section elementor-element elementor-element-21b761c elementor-section-full_width elementor-section-height-default elementor-section-height-default\" data-id=\"21b761c\" data-element_type=\"section\" data-e-type=\"section\">\n\t\t\t\t\t\t<div class=\"elementor-container elementor-column-gap-default\">\n\t\t\t\t\t<div class=\"elementor-column elementor-col-50 elementor-inner-column elementor-element elementor-element-dc1291c\" data-id=\"dc1291c\" data-element_type=\"column\" data-e-type=\"column\">\n\t\t\t<div class=\"elementor-widget-wrap elementor-element-populated\">\n\t\t\t\t\t\t<div class=\"elementor-element elementor-element-e88305a elementor-hidden-desktop elementor-hidden-tablet elementor-widget elementor-widget-text-editor\" data-id=\"e88305a\" data-element_type=\"widget\" data-e-type=\"widget\" data-widget_type=\"text-editor.default\">\n\t\t\t\t<div class=\"elementor-widget-container\">\n\t\t\t\t\t\t\t\t\t<p><img decoding=\"async\" class=\"alignnone size-medium wp-image-173989\" src=\"https:\/\/www.infinitomasuno.org\/wp-content\/uploads\/2021\/02\/Titulo_Catequizis_RO-300x58.png\" alt=\"\" width=\"300\" height=\"58\" srcset=\"https:\/\/www.infinitomasuno.org\/wp-content\/uploads\/2021\/02\/Titulo_Catequizis_RO-300x58.png 300w, https:\/\/www.infinitomasuno.org\/wp-content\/uploads\/2021\/02\/Titulo_Catequizis_RO-600x117.png 600w, https:\/\/www.infinitomasuno.org\/wp-content\/uploads\/2021\/02\/Titulo_Catequizis_RO-768x150.png 768w, https:\/\/www.infinitomasuno.org\/wp-content\/uploads\/2021\/02\/Titulo_Catequizis_RO.png 1001w\" sizes=\"(max-width: 300px) 100vw, 300px\" \/><\/p><p>Am produs 51 de lec\u021bii de <span style=\"color: #ff0000;\"><u><a style=\"color: #ff0000;\" href=\"https:\/\/www.youtube.com\/channel\/UCCyPL4ALCPqyawuvG4hkWAA\/videos\">CATEHEZ\u0102<\/a><\/u><\/span> pentru preg\u0103tirea pentru Prima Sf\u00e2nt\u0103 \u00cemp\u0103rt\u0103\u0219anie.<\/p><p>Dar vrem s\u0103 producem \u0219i mai multe materiale pentru copiii mici!<\/p><p>Copii, p\u0103rin\u021bi, catehi\u0219ti, profesori de religie, preo\u021bi, episcopi&#8230; to\u021bi ne cer materiale.<\/p><p>Dac\u0103 deja ai v\u0103zut\u00a0 <a href=\"https:\/\/www.youtube.com\/channel\/UCCyPL4ALCPqyawuvG4hkWAA\/videos\"><u>CATEHEZ\u0102<\/u>\u00a0<\/a>noastre \u0219i a\u021bi v\u0103zut c\u00e2t de mult bine fac&#8230; ne-a\u021bi ajuta s\u0103 ajut\u0103m mai mul\u021bi copii?<\/p><p>MII DE MUL\u021aUMIRI!<\/p>\t\t\t\t\t\t\t\t<\/div>\n\t\t\t\t<\/div>\n\t\t\t\t<div class=\"elementor-element elementor-element-d697ee2 elementor-hidden-phone elementor-widget elementor-widget-text-editor\" data-id=\"d697ee2\" data-element_type=\"widget\" data-e-type=\"widget\" data-widget_type=\"text-editor.default\">\n\t\t\t\t<div class=\"elementor-widget-container\">\n\t\t\t\t\t\t\t\t\t<p><img decoding=\"async\" class=\"alignnone  wp-image-173989\" src=\"https:\/\/www.infinitomasuno.org\/wp-content\/uploads\/2021\/02\/Titulo_Catequizis_RO-300x58.png\" alt=\"\" width=\"228\" height=\"44\" srcset=\"https:\/\/www.infinitomasuno.org\/wp-content\/uploads\/2021\/02\/Titulo_Catequizis_RO-300x58.png 300w, https:\/\/www.infinitomasuno.org\/wp-content\/uploads\/2021\/02\/Titulo_Catequizis_RO-600x117.png 600w, https:\/\/www.infinitomasuno.org\/wp-content\/uploads\/2021\/02\/Titulo_Catequizis_RO-768x150.png 768w, https:\/\/www.infinitomasuno.org\/wp-content\/uploads\/2021\/02\/Titulo_Catequizis_RO.png 1001w\" sizes=\"(max-width: 228px) 100vw, 228px\" \/><\/p><p>Am produs 51 de lec\u021bii de <span style=\"color: #ff0000;\"><u><a style=\"color: #ff0000;\" href=\"https:\/\/www.youtube.com\/channel\/UCCyPL4ALCPqyawuvG4hkWAA\/videos\">CATEHEZ\u0102<\/a><\/u><\/span> pentru preg\u0103tirea pentru Prima Sf\u00e2nt\u0103 \u00cemp\u0103rt\u0103\u0219anie.<\/p><p>Dar vrem s\u0103 producem \u0219i mai multe materiale pentru copiii mici!<\/p><p>Copii, p\u0103rin\u021bi, catehi\u0219ti, profesori de religie, preo\u021bi, episcopi&#8230; to\u021bi ne cer materiale.<\/p><p>Dac\u0103 deja ai v\u0103zut\u00a0 <a href=\"https:\/\/www.youtube.com\/channel\/UCCyPL4ALCPqyawuvG4hkWAA\/videos\"><u>CATEHEZ\u0102<\/u>\u00a0<\/a>noastre \u0219i a\u021bi v\u0103zut c\u00e2t de mult bine fac&#8230; ne-a\u021bi ajuta s\u0103 ajut\u0103m mai mul\u021bi copii?<\/p><p>MII DE MUL\u021aUMIRI!<\/p>\t\t\t\t\t\t\t\t<\/div>\n\t\t\t\t<\/div>\n\t\t\t\t<div class=\"elementor-element elementor-element-69a6911 elementor-align-left elementor-mobile-align-center elementor-widget elementor-widget-button\" data-id=\"69a6911\" data-element_type=\"widget\" data-e-type=\"widget\" data-widget_type=\"button.default\">\n\t\t\t\t<div class=\"elementor-widget-container\">\n\t\t\t\t\t\t\t\t\t<div class=\"elementor-button-wrapper\">\n\t\t\t\t\t<a class=\"elementor-button elementor-button-link elementor-size-sm\" href=\"\/ro\/doneaza\/\">\n\t\t\t\t\t\t<span class=\"elementor-button-content-wrapper\">\n\t\t\t\t\t\t\t\t\t<span class=\"elementor-button-text\">OFER\u0102 AICI<\/span>\n\t\t\t\t\t<\/span>\n\t\t\t\t\t<\/a>\n\t\t\t\t<\/div>\n\t\t\t\t\t\t\t\t<\/div>\n\t\t\t\t<\/div>\n\t\t\t\t\t<\/div>\n\t\t<\/div>\n\t\t\t\t<div class=\"elementor-column elementor-col-50 elementor-inner-column elementor-element elementor-element-97a4c36\" data-id=\"97a4c36\" data-element_type=\"column\" data-e-type=\"column\">\n\t\t\t<div class=\"elementor-widget-wrap\">\n\t\t\t\t\t\t\t<\/div>\n\t\t<\/div>\n\t\t\t\t\t<\/div>\n\t\t<\/section>\n\t\t\t\t\t<\/div>\n\t\t<\/div>\n\t\t\t\t\t<\/div>\n\t\t<\/section>\n\t\t\t\t<\/div>\n\t\t","protected":false},"excerpt":{"rendered":"<p>Am produs 51 de lec\u021bii de CATEHEZ\u0102 pentru preg\u0103tirea pentru Prima Sf\u00e2nt\u0103 \u00cemp\u0103rt\u0103\u0219anie. Dar vrem s\u0103 producem \u0219i mai multe materiale pentru copiii mici! Copii, p\u0103rin\u021bi, catehi\u0219ti, profesori de religie, preo\u021bi, episcopi&#8230; to\u021bi ne cer materiale. Dac\u0103 deja ai v\u0103zut\u00a0 CATEHEZ\u0102\u00a0noastre \u0219i a\u021bi v\u0103zut c\u00e2t de mult bine fac&#8230; ne-a\u021bi ajuta s\u0103 ajut\u0103m mai mul\u021bi [&hellip;]<\/p>\n","protected":false},"author":19323,"featured_media":0,"parent":0,"menu_order":0,"comment_status":"closed","ping_status":"closed","template":"","meta":{"_acf_changed":false,"site-sidebar-layout":"no-sidebar","site-content-layout":"page-builder","ast-site-content-layout":"default","site-content-style":"default","site-sidebar-style":"default","ast-global-header-display":"","ast-banner-title-visibility":"","ast-main-header-display":"","ast-hfb-above-header-display":"","ast-hfb-below-header-display":"","ast-hfb-mobile-header-display":"","site-post-title":"disabled","ast-breadcrumbs-content":"","ast-featured-img":"disabled","footer-sml-layout":"","ast-disable-related-posts":"","theme-transparent-header-meta":"enabled","adv-header-id-meta":"","stick-header-meta":"","header-above-stick-meta":"","header-main-stick-meta":"","header-below-stick-meta":"","astra-migrate-meta-layouts":"default","ast-page-background-enabled":"default","ast-page-background-meta":{"desktop":{"background-color":"","background-image":"","background-repeat":"repeat","background-position":"center center","background-size":"auto","background-attachment":"scroll","background-type":"","background-media":"","overlay-type":"","overlay-color":"","overlay-opacity":"","overlay-gradient":""},"tablet":{"background-color":"","background-image":"","background-repeat":"repeat","background-position":"center center","background-size":"auto","background-attachment":"scroll","background-type":"","background-media":"","overlay-type":"","overlay-color":"","overlay-opacity":"","overlay-gradient":""},"mobile":{"background-color":"","background-image":"","background-repeat":"repeat","background-position":"center center","background-size":"auto","background-attachment":"scroll","background-type":"","background-media":"","overlay-type":"","overlay-color":"","overlay-opacity":"","overlay-gradient":""}},"ast-content-background-meta":{"desktop":{"background-color":"var(--ast-global-color-5)","background-image":"","background-repeat":"repeat","background-position":"center center","background-size":"auto","background-attachment":"scroll","background-type":"","background-media":"","overlay-type":"","overlay-color":"","overlay-opacity":"","overlay-gradient":""},"tablet":{"background-color":"var(--ast-global-color-5)","background-image":"","background-repeat":"repeat","background-position":"center center","background-size":"auto","background-attachment":"scroll","background-type":"","background-media":"","overlay-type":"","overlay-color":"","overlay-opacity":"","overlay-gradient":""},"mobile":{"background-color":"var(--ast-global-color-5)","background-image":"","background-repeat":"repeat","background-position":"center center","background-size":"auto","background-attachment":"scroll","background-type":"","background-media":"","overlay-type":"","overlay-color":"","overlay-opacity":"","overlay-gradient":""}},"footnotes":""},"class_list":["post-173585","page","type-page","status-publish","hentry"],"acf":[],"aioseo_notices":[],"_links":{"self":[{"href":"https:\/\/www.infinitomasuno.org\/ro\/wp-json\/wp\/v2\/pages\/173585","targetHints":{"allow":["GET"]}}],"collection":[{"href":"https:\/\/www.infinitomasuno.org\/ro\/wp-json\/wp\/v2\/pages"}],"about":[{"href":"https:\/\/www.infinitomasuno.org\/ro\/wp-json\/wp\/v2\/types\/page"}],"author":[{"embeddable":true,"href":"https:\/\/www.infinitomasuno.org\/ro\/wp-json\/wp\/v2\/users\/19323"}],"replies":[{"embeddable":true,"href":"https:\/\/www.infinitomasuno.org\/ro\/wp-json\/wp\/v2\/comments?post=173585"}],"version-history":[{"count":8,"href":"https:\/\/www.infinitomasuno.org\/ro\/wp-json\/wp\/v2\/pages\/173585\/revisions"}],"predecessor-version":[{"id":174011,"href":"https:\/\/www.infinitomasuno.org\/ro\/wp-json\/wp\/v2\/pages\/173585\/revisions\/174011"}],"wp:attachment":[{"href":"https:\/\/www.infinitomasuno.org\/ro\/wp-json\/wp\/v2\/media?parent=173585"}],"curies":[{"name":"wp","href":"https:\/\/api.w.org\/{rel}","templated":true}]}}