{"id":166192,"date":"2020-09-10T16:08:58","date_gmt":"2020-09-10T15:08:58","guid":{"rendered":"https:\/\/infinitomasuno.org\/producto\/visionado-online-el-mayor-regalo-espanol\/"},"modified":"2023-02-08T13:15:46","modified_gmt":"2023-02-08T12:15:46","slug":"visionado-online-el-mayor-regalo-espanol","status":"publish","type":"product","link":"https:\/\/www.infinitomasuno.org\/pt-br\/produt-pt-br\/visionado-online-el-mayor-regalo-espanol\/","title":{"rendered":"Visualiza\u00e7\u00e3o online O MAIOR PRESENTE"},"content":{"rendered":"<p>Idiomas: espanhol, portugu\u00eas, italiano e alem\u00e3o.<\/p>\n<p>Algu\u00e9m vai matar algu\u00e9m. Quem dera fosse um filme s\u00f3.<br \/>\nDesistimos ou procuramos outro final feliz?<br \/>\nExiste uma arma capaz de p\u00f4r fim a qualquer conflito.<br \/>\nJ\u00e1 a tem usado na Fran\u00e7a, Espanha, Irlanda, M\u00e9xico, Col\u00f4mbia, Ruanda e funciona, sempre.<br \/>\nSeu poder construtivo \u00e9 ilimitado. E, ali\u00e1s, \u00e9 gratuita.<br \/>\nMas tem que ser muito corajoso para usar essa arma.<br \/>\nOs gregos chamam ela de \u201chyper-don\u201d: O MAIOR PRESENTE.<\/p>\n","protected":false},"excerpt":{"rendered":"<p>Voc\u00ea tem 3 dias para assistir ao filme a partir do momento da compra.<\/p>\n","protected":false},"featured_media":166486,"template":"","meta":{"_acf_changed":false,"site-sidebar-layout":"default","site-content-layout":"default","ast-site-content-layout":"default","site-content-style":"default","site-sidebar-style":"default","ast-global-header-display":"","ast-banner-title-visibility":"","ast-main-header-display":"","ast-hfb-above-header-display":"","ast-hfb-below-header-display":"","ast-hfb-mobile-header-display":"","site-post-title":"","ast-breadcrumbs-content":"","ast-featured-img":"","footer-sml-layout":"","ast-disable-related-posts":"","theme-transparent-header-meta":"default","adv-header-id-meta":"","stick-header-meta":"","header-above-stick-meta":"","header-main-stick-meta":"","header-below-stick-meta":"","astra-migrate-meta-layouts":"default","ast-page-background-enabled":"default","ast-page-background-meta":{"desktop":{"background-color":"","background-image":"","background-repeat":"repeat","background-position":"center center","background-size":"auto","background-attachment":"scroll","background-type":"","background-media":"","overlay-type":"","overlay-color":"","overlay-opacity":"","overlay-gradient":""},"tablet":{"background-color":"","background-image":"","background-repeat":"repeat","background-position":"center center","background-size":"auto","background-attachment":"scroll","background-type":"","background-media":"","overlay-type":"","overlay-color":"","overlay-opacity":"","overlay-gradient":""},"mobile":{"background-color":"","background-image":"","background-repeat":"repeat","background-position":"center center","background-size":"auto","background-attachment":"scroll","background-type":"","background-media":"","overlay-type":"","overlay-color":"","overlay-opacity":"","overlay-gradient":""}},"ast-content-background-meta":{"desktop":{"background-color":"var(--ast-global-color-5)","background-image":"","background-repeat":"repeat","background-position":"center center","background-size":"auto","background-attachment":"scroll","background-type":"","background-media":"","overlay-type":"","overlay-color":"","overlay-opacity":"","overlay-gradient":""},"tablet":{"background-color":"var(--ast-global-color-5)","background-image":"","background-repeat":"repeat","background-position":"center center","background-size":"auto","background-attachment":"scroll","background-type":"","background-media":"","overlay-type":"","overlay-color":"","overlay-opacity":"","overlay-gradient":""},"mobile":{"background-color":"var(--ast-global-color-5)","background-image":"","background-repeat":"repeat","background-position":"center center","background-size":"auto","background-attachment":"scroll","background-type":"","background-media":"","overlay-type":"","overlay-color":"","overlay-opacity":"","overlay-gradient":""}}},"product_brand":[],"product_cat":[311,313,314],"product_tag":[237],"class_list":{"0":"post-166192","1":"product","2":"type-product","3":"status-publish","4":"has-post-thumbnail","6":"product_cat-o-maior-presente-pt","7":"product_cat-producoes-pt","8":"product_cat-shop-pt-br","9":"product_tag-streaming-video-on-line-pt-br","10":"desktop-align-left","11":"tablet-align-left","12":"mobile-align-left","14":"first","15":"instock","16":"downloadable","17":"virtual","18":"purchasable","19":"product-type-simple"},"acf":[],"aioseo_notices":[],"_links":{"self":[{"href":"https:\/\/www.infinitomasuno.org\/pt-br\/wp-json\/wp\/v2\/product\/166192","targetHints":{"allow":["GET"]}}],"collection":[{"href":"https:\/\/www.infinitomasuno.org\/pt-br\/wp-json\/wp\/v2\/product"}],"about":[{"href":"https:\/\/www.infinitomasuno.org\/pt-br\/wp-json\/wp\/v2\/types\/product"}],"version-history":[{"count":4,"href":"https:\/\/www.infinitomasuno.org\/pt-br\/wp-json\/wp\/v2\/product\/166192\/revisions"}],"predecessor-version":[{"id":205445,"href":"https:\/\/www.infinitomasuno.org\/pt-br\/wp-json\/wp\/v2\/product\/166192\/revisions\/205445"}],"wp:featuredmedia":[{"embeddable":true,"href":"https:\/\/www.infinitomasuno.org\/pt-br\/wp-json\/wp\/v2\/media\/166486"}],"wp:attachment":[{"href":"https:\/\/www.infinitomasuno.org\/pt-br\/wp-json\/wp\/v2\/media?parent=166192"}],"wp:term":[{"taxonomy":"product_brand","embeddable":true,"href":"https:\/\/www.infinitomasuno.org\/pt-br\/wp-json\/wp\/v2\/product_brand?post=166192"},{"taxonomy":"product_cat","embeddable":true,"href":"https:\/\/www.infinitomasuno.org\/pt-br\/wp-json\/wp\/v2\/product_cat?post=166192"},{"taxonomy":"product_tag","embeddable":true,"href":"https:\/\/www.infinitomasuno.org\/pt-br\/wp-json\/wp\/v2\/product_tag?post=166192"}],"curies":[{"name":"wp","href":"https:\/\/api.w.org\/{rel}","templated":true}]}}