{"id":160376,"date":"2012-03-03T19:33:11","date_gmt":"2012-03-03T18:33:11","guid":{"rendered":"https:\/\/infinitomasuno.org\/?post_type=product&#038;p=160376"},"modified":"2023-03-02T15:14:26","modified_gmt":"2023-03-02T14:14:26","slug":"visualizacao-online-o-ultimo-cume","status":"publish","type":"product","link":"https:\/\/www.infinitomasuno.org\/pt-br\/produt-pt-br\/visualizacao-online-o-ultimo-cume\/","title":{"rendered":"Visualiza\u00e7\u00e3o online O \u00daLTIMO CUME"},"content":{"rendered":"<p>Formato online, voc\u00ea pode escolher v\u00ea-lo em espanhol, italiano, ingl\u00eas, portugu\u00eas, romeno, alem\u00e3o ou tcheco. 82 minutos.<\/p>\n<p>Ap\u00f3s a compra, voc\u00ea poder\u00e1 desfrutar da visualiza\u00e7\u00e3o por 3 dias, com um n\u00famero ilimitado de visualiza\u00e7\u00f5es.<\/p>\n<p>Paulo, um sacerdote, sabia que ia morrer jovem e queria morrer na montanha. Ele entregou sua vida a Deus &#8230; e Deus aceitou a oferta. Agora eles dizem que ele est\u00e1 vivo.<\/p>\n<p>Pablo era conhecido e amado por um n\u00famero incalcul\u00e1vel de pessoas, que o registraram ap\u00f3s sua morte.<\/p>\n<p>O \u00daLTIMO CUME mostra a marca profunda que um bom sacerdote pode deixar nas pessoas com quem se cruza. E provoca no espectador uma pergunta comprometedora: ser\u00e1 que eu tamb\u00e9m poderia viver assim?<\/p>\n","protected":false},"excerpt":{"rendered":"<p>Formato online, voc\u00ea pode escolher v\u00ea-lo em espanhol, italiano, ingl\u00eas, portugu\u00eas, romeno, alem\u00e3o ou tcheco. 82 minutos. Ap\u00f3s a compra, voc\u00ea poder\u00e1 desfrutar da visualiza\u00e7\u00e3o por 3 dias, com um n\u00famero ilimitado de visualiza\u00e7\u00f5es. Paulo, um sacerdote, sabia que ia morrer jovem e queria morrer na montanha. Ele entregou sua vida a Deus &#8230; e [&hellip;]<\/p>\n","protected":false},"featured_media":166239,"template":"","meta":{"_acf_changed":false,"site-sidebar-layout":"default","site-content-layout":"default","ast-site-content-layout":"default","site-content-style":"default","site-sidebar-style":"default","ast-global-header-display":"","ast-banner-title-visibility":"","ast-main-header-display":"","ast-hfb-above-header-display":"","ast-hfb-below-header-display":"","ast-hfb-mobile-header-display":"","site-post-title":"","ast-breadcrumbs-content":"","ast-featured-img":"","footer-sml-layout":"","ast-disable-related-posts":"","theme-transparent-header-meta":"default","adv-header-id-meta":"","stick-header-meta":"","header-above-stick-meta":"","header-main-stick-meta":"","header-below-stick-meta":"","astra-migrate-meta-layouts":"default","ast-page-background-enabled":"default","ast-page-background-meta":{"desktop":{"background-color":"","background-image":"","background-repeat":"repeat","background-position":"center center","background-size":"auto","background-attachment":"scroll","background-type":"","background-media":"","overlay-type":"","overlay-color":"","overlay-opacity":"","overlay-gradient":""},"tablet":{"background-color":"","background-image":"","background-repeat":"repeat","background-position":"center center","background-size":"auto","background-attachment":"scroll","background-type":"","background-media":"","overlay-type":"","overlay-color":"","overlay-opacity":"","overlay-gradient":""},"mobile":{"background-color":"","background-image":"","background-repeat":"repeat","background-position":"center center","background-size":"auto","background-attachment":"scroll","background-type":"","background-media":"","overlay-type":"","overlay-color":"","overlay-opacity":"","overlay-gradient":""}},"ast-content-background-meta":{"desktop":{"background-color":"var(--ast-global-color-5)","background-image":"","background-repeat":"repeat","background-position":"center center","background-size":"auto","background-attachment":"scroll","background-type":"","background-media":"","overlay-type":"","overlay-color":"","overlay-opacity":"","overlay-gradient":""},"tablet":{"background-color":"var(--ast-global-color-5)","background-image":"","background-repeat":"repeat","background-position":"center center","background-size":"auto","background-attachment":"scroll","background-type":"","background-media":"","overlay-type":"","overlay-color":"","overlay-opacity":"","overlay-gradient":""},"mobile":{"background-color":"var(--ast-global-color-5)","background-image":"","background-repeat":"repeat","background-position":"center center","background-size":"auto","background-attachment":"scroll","background-type":"","background-media":"","overlay-type":"","overlay-color":"","overlay-opacity":"","overlay-gradient":""}}},"product_brand":[],"product_cat":[318,313],"product_tag":[237],"class_list":{"0":"post-160376","1":"product","2":"type-product","3":"status-publish","4":"has-post-thumbnail","6":"product_cat-a-ultima-cimeira-pt","7":"product_cat-producoes-pt","8":"product_tag-streaming-video-on-line-pt-br","9":"desktop-align-left","10":"tablet-align-left","11":"mobile-align-left","13":"first","14":"instock","15":"downloadable","16":"virtual","17":"purchasable","18":"product-type-simple"},"acf":[],"aioseo_notices":[],"_links":{"self":[{"href":"https:\/\/www.infinitomasuno.org\/pt-br\/wp-json\/wp\/v2\/product\/160376","targetHints":{"allow":["GET"]}}],"collection":[{"href":"https:\/\/www.infinitomasuno.org\/pt-br\/wp-json\/wp\/v2\/product"}],"about":[{"href":"https:\/\/www.infinitomasuno.org\/pt-br\/wp-json\/wp\/v2\/types\/product"}],"version-history":[{"count":7,"href":"https:\/\/www.infinitomasuno.org\/pt-br\/wp-json\/wp\/v2\/product\/160376\/revisions"}],"predecessor-version":[{"id":206093,"href":"https:\/\/www.infinitomasuno.org\/pt-br\/wp-json\/wp\/v2\/product\/160376\/revisions\/206093"}],"wp:featuredmedia":[{"embeddable":true,"href":"https:\/\/www.infinitomasuno.org\/pt-br\/wp-json\/wp\/v2\/media\/166239"}],"wp:attachment":[{"href":"https:\/\/www.infinitomasuno.org\/pt-br\/wp-json\/wp\/v2\/media?parent=160376"}],"wp:term":[{"taxonomy":"product_brand","embeddable":true,"href":"https:\/\/www.infinitomasuno.org\/pt-br\/wp-json\/wp\/v2\/product_brand?post=160376"},{"taxonomy":"product_cat","embeddable":true,"href":"https:\/\/www.infinitomasuno.org\/pt-br\/wp-json\/wp\/v2\/product_cat?post=160376"},{"taxonomy":"product_tag","embeddable":true,"href":"https:\/\/www.infinitomasuno.org\/pt-br\/wp-json\/wp\/v2\/product_tag?post=160376"}],"curies":[{"name":"wp","href":"https:\/\/api.w.org\/{rel}","templated":true}]}}