{"id":167825,"date":"2020-07-20T10:29:02","date_gmt":"2020-07-20T10:29:02","guid":{"rendered":"https:\/\/www.infinitomasuno.org\/tierra-de-maria\/"},"modified":"2025-02-12T09:33:59","modified_gmt":"2025-02-12T08:33:59","slug":"tierra-de-maria","status":"publish","type":"page","link":"https:\/\/www.infinitomasuno.org\/pt-br\/tierra-de-maria\/","title":{"rendered":"TIERRA DE MAR\u00cdA"},"content":{"rendered":"\t\t<div data-elementor-type=\"wp-page\" data-elementor-id=\"167825\" class=\"elementor elementor-167825 elementor-167821\" data-elementor-post-type=\"page\">\n\t\t\t\t\t\t<section class=\"elementor-section elementor-top-section elementor-element elementor-element-65e08a9 elementor-section-stretched elementor-section-full_width elementor-section-height-default elementor-section-height-default\" data-id=\"65e08a9\" data-element_type=\"section\" data-e-type=\"section\" data-settings=\"{&quot;stretch_section&quot;:&quot;section-stretched&quot;,&quot;background_background&quot;:&quot;classic&quot;}\">\n\t\t\t\t\t\t<div class=\"elementor-container elementor-column-gap-no\">\n\t\t\t\t\t<div class=\"elementor-column elementor-col-100 elementor-top-column elementor-element elementor-element-03d59b6\" data-id=\"03d59b6\" data-element_type=\"column\" data-e-type=\"column\">\n\t\t\t<div class=\"elementor-widget-wrap elementor-element-populated\">\n\t\t\t\t\t\t<section class=\"elementor-section elementor-inner-section elementor-element elementor-element-21b761c elementor-section-full_width elementor-section-height-default elementor-section-height-default\" data-id=\"21b761c\" data-element_type=\"section\" data-e-type=\"section\">\n\t\t\t\t\t\t<div class=\"elementor-container elementor-column-gap-default\">\n\t\t\t\t\t<div class=\"elementor-column elementor-col-100 elementor-inner-column elementor-element elementor-element-dc1291c\" data-id=\"dc1291c\" data-element_type=\"column\" data-e-type=\"column\">\n\t\t\t<div class=\"elementor-widget-wrap elementor-element-populated\">\n\t\t\t\t\t\t<div class=\"elementor-element elementor-element-90f7d9e elementor-widget__width-inherit elementor-absolute elementor-hidden-phone play35 elementor-widget elementor-widget-video\" data-id=\"90f7d9e\" data-element_type=\"widget\" data-e-type=\"widget\" id=\"video_escritorio\" data-settings=\"{&quot;youtube_url&quot;:&quot;:\\\/\\\/www.youtube.com\\\/watch?v=Eelr3junC00&amp;t=4s&quot;,&quot;show_image_overlay&quot;:&quot;yes&quot;,&quot;image_overlay&quot;:{&quot;url&quot;:&quot;https:\\\/\\\/www.infinitomasuno.org\\\/wp-content\\\/uploads\\\/2020\\\/10\\\/produccion-tierra-de-maria-copia.jpg&quot;,&quot;id&quot;:165878,&quot;size&quot;:&quot;&quot;},&quot;lightbox&quot;:&quot;yes&quot;,&quot;_position&quot;:&quot;absolute&quot;,&quot;video_type&quot;:&quot;youtube&quot;,&quot;controls&quot;:&quot;yes&quot;}\" data-widget_type=\"video.default\">\n\t\t\t\t<div class=\"elementor-widget-container\">\n\t\t\t\t\t\t\t<div class=\"elementor-wrapper elementor-open-lightbox\">\n\t\t\t\t\t\t\t<div class=\"elementor-custom-embed-image-overlay\" data-elementor-open-lightbox=\"yes\" data-elementor-lightbox=\"{&quot;type&quot;:&quot;video&quot;,&quot;videoType&quot;:&quot;youtube&quot;,&quot;url&quot;:&quot;https:\\\/\\\/www.youtube.com\\\/embed\\\/Eelr3junC00?feature=oembed&amp;start&amp;end&amp;wmode=opaque&amp;loop=0&amp;controls=1&amp;mute=0&amp;rel=0&amp;cc_load_policy=0&quot;,&quot;autoplay&quot;:&quot;&quot;,&quot;modalOptions&quot;:{&quot;id&quot;:&quot;elementor-lightbox-90f7d9e&quot;,&quot;entranceAnimation&quot;:&quot;&quot;,&quot;entranceAnimation_tablet&quot;:&quot;&quot;,&quot;entranceAnimation_mobile&quot;:&quot;&quot;,&quot;videoAspectRatio&quot;:&quot;169&quot;}}\" data-e-action-hash=\"#elementor-action%3Aaction%3Dlightbox%26settings%3DeyJ0eXBlIjoidmlkZW8iLCJ2aWRlb1R5cGUiOiJ5b3V0dWJlIiwidXJsIjoiaHR0cHM6XC9cL3d3dy55b3V0dWJlLmNvbVwvZW1iZWRcL0VlbHIzanVuQzAwP2ZlYXR1cmU9b2VtYmVkJnN0YXJ0JmVuZCZ3bW9kZT1vcGFxdWUmbG9vcD0wJmNvbnRyb2xzPTEmbXV0ZT0wJnJlbD0wJmNjX2xvYWRfcG9saWN5PTAiLCJhdXRvcGxheSI6IiIsIm1vZGFsT3B0aW9ucyI6eyJpZCI6ImVsZW1lbnRvci1saWdodGJveC05MGY3ZDllIiwiZW50cmFuY2VBbmltYXRpb24iOiIiLCJlbnRyYW5jZUFuaW1hdGlvbl90YWJsZXQiOiIiLCJlbnRyYW5jZUFuaW1hdGlvbl9tb2JpbGUiOiIiLCJ2aWRlb0FzcGVjdFJhdGlvIjoiMTY5In19\">\n\t\t\t\t\t\t\t\t\t\t\t<img fetchpriority=\"high\" decoding=\"async\" width=\"1920\" height=\"1289\" src=\"https:\/\/www.infinitomasuno.org\/wp-content\/uploads\/2020\/10\/produccion-tierra-de-maria-copia.jpg\" class=\"attachment-full size-full wp-image-165878\" alt=\"\" srcset=\"https:\/\/www.infinitomasuno.org\/wp-content\/uploads\/2020\/10\/produccion-tierra-de-maria-copia.jpg 1920w, https:\/\/www.infinitomasuno.org\/wp-content\/uploads\/2020\/10\/produccion-tierra-de-maria-copia-600x403.jpg 600w, https:\/\/www.infinitomasuno.org\/wp-content\/uploads\/2020\/10\/produccion-tierra-de-maria-copia-300x201.jpg 300w, https:\/\/www.infinitomasuno.org\/wp-content\/uploads\/2020\/10\/produccion-tierra-de-maria-copia-1024x687.jpg 1024w, https:\/\/www.infinitomasuno.org\/wp-content\/uploads\/2020\/10\/produccion-tierra-de-maria-copia-768x516.jpg 768w, https:\/\/www.infinitomasuno.org\/wp-content\/uploads\/2020\/10\/produccion-tierra-de-maria-copia-1536x1031.jpg 1536w\" sizes=\"(max-width: 1920px) 100vw, 1920px\" \/>\t\t\t\t\t\t\t\t\t\t\t\t\t\t\t\t<div class=\"elementor-custom-embed-play\" role=\"button\" aria-label=\"Reproducir v\u00eddeo\" tabindex=\"0\">\n\t\t\t\t\t\t\t<i aria-hidden=\"true\" class=\"eicon-play\"><\/i>\t\t\t\t\t\t<\/div>\n\t\t\t\t\t\t\t\t\t<\/div>\n\t\t\t\t\t<\/div>\n\t\t\t\t\t\t<\/div>\n\t\t\t\t<\/div>\n\t\t\t\t<div class=\"elementor-element elementor-element-b0f44d9 elementor-widget elementor-widget-image\" data-id=\"b0f44d9\" data-element_type=\"widget\" data-e-type=\"widget\" data-widget_type=\"image.default\">\n\t\t\t\t<div class=\"elementor-widget-container\">\n\t\t\t\t\t\t\t\t\t\t\t\t\t\t\t<img decoding=\"async\" width=\"715\" height=\"138\" src=\"https:\/\/www.infinitomasuno.org\/wp-content\/uploads\/2020\/09\/T\u00edtulo-TDM-web-2.png\" class=\"attachment-full size-full wp-image-3690\" alt=\"\" srcset=\"https:\/\/www.infinitomasuno.org\/wp-content\/uploads\/2020\/09\/T\u00edtulo-TDM-web-2.png 715w, https:\/\/www.infinitomasuno.org\/wp-content\/uploads\/2020\/09\/T\u00edtulo-TDM-web-2-600x116.png 600w\" sizes=\"(max-width: 715px) 100vw, 715px\" \/>\t\t\t\t\t\t\t\t\t\t\t\t\t\t\t<\/div>\n\t\t\t\t<\/div>\n\t\t\t\t<div class=\"elementor-element elementor-element-ed76b51 elementor-widget__width-inherit elementor-absolute elementor-hidden-desktop elementor-hidden-tablet play35 elementor-widget elementor-widget-video\" data-id=\"ed76b51\" data-element_type=\"widget\" data-e-type=\"widget\" id=\"video_movil\" data-settings=\"{&quot;youtube_url&quot;:&quot;:\\\/\\\/www.youtube.com\\\/watch?v=Eelr3junC00&amp;t=4s&quot;,&quot;show_image_overlay&quot;:&quot;yes&quot;,&quot;image_overlay&quot;:{&quot;url&quot;:&quot;https:\\\/\\\/www.infinitomasuno.org\\\/wp-content\\\/uploads\\\/2020\\\/10\\\/produccion-tierra-de-maria-movil-copia-scaled.jpg&quot;,&quot;id&quot;:165939,&quot;size&quot;:&quot;&quot;},&quot;lightbox&quot;:&quot;yes&quot;,&quot;_position&quot;:&quot;absolute&quot;,&quot;video_type&quot;:&quot;youtube&quot;,&quot;controls&quot;:&quot;yes&quot;}\" data-widget_type=\"video.default\">\n\t\t\t\t<div class=\"elementor-widget-container\">\n\t\t\t\t\t\t\t<div class=\"elementor-wrapper elementor-open-lightbox\">\n\t\t\t\t\t\t\t<div class=\"elementor-custom-embed-image-overlay\" data-elementor-open-lightbox=\"yes\" data-elementor-lightbox=\"{&quot;type&quot;:&quot;video&quot;,&quot;videoType&quot;:&quot;youtube&quot;,&quot;url&quot;:&quot;https:\\\/\\\/www.youtube.com\\\/embed\\\/Eelr3junC00?feature=oembed&amp;start&amp;end&amp;wmode=opaque&amp;loop=0&amp;controls=1&amp;mute=0&amp;rel=0&amp;cc_load_policy=0&quot;,&quot;autoplay&quot;:&quot;&quot;,&quot;modalOptions&quot;:{&quot;id&quot;:&quot;elementor-lightbox-ed76b51&quot;,&quot;entranceAnimation&quot;:&quot;&quot;,&quot;entranceAnimation_tablet&quot;:&quot;&quot;,&quot;entranceAnimation_mobile&quot;:&quot;&quot;,&quot;videoAspectRatio&quot;:&quot;169&quot;}}\" data-e-action-hash=\"#elementor-action%3Aaction%3Dlightbox%26settings%3DeyJ0eXBlIjoidmlkZW8iLCJ2aWRlb1R5cGUiOiJ5b3V0dWJlIiwidXJsIjoiaHR0cHM6XC9cL3d3dy55b3V0dWJlLmNvbVwvZW1iZWRcL0VlbHIzanVuQzAwP2ZlYXR1cmU9b2VtYmVkJnN0YXJ0JmVuZCZ3bW9kZT1vcGFxdWUmbG9vcD0wJmNvbnRyb2xzPTEmbXV0ZT0wJnJlbD0wJmNjX2xvYWRfcG9saWN5PTAiLCJhdXRvcGxheSI6IiIsIm1vZGFsT3B0aW9ucyI6eyJpZCI6ImVsZW1lbnRvci1saWdodGJveC1lZDc2YjUxIiwiZW50cmFuY2VBbmltYXRpb24iOiIiLCJlbnRyYW5jZUFuaW1hdGlvbl90YWJsZXQiOiIiLCJlbnRyYW5jZUFuaW1hdGlvbl9tb2JpbGUiOiIiLCJ2aWRlb0FzcGVjdFJhdGlvIjoiMTY5In19\">\n\t\t\t\t\t\t\t\t\t\t\t<img decoding=\"async\" width=\"627\" height=\"2560\" src=\"https:\/\/www.infinitomasuno.org\/wp-content\/uploads\/2020\/10\/produccion-tierra-de-maria-movil-copia-scaled.jpg\" class=\"attachment-full size-full wp-image-165939\" alt=\"\" srcset=\"https:\/\/www.infinitomasuno.org\/wp-content\/uploads\/2020\/10\/produccion-tierra-de-maria-movil-copia-scaled.jpg 627w, https:\/\/www.infinitomasuno.org\/wp-content\/uploads\/2020\/10\/produccion-tierra-de-maria-movil-copia-scaled-600x2450.jpg 600w, https:\/\/www.infinitomasuno.org\/wp-content\/uploads\/2020\/10\/produccion-tierra-de-maria-movil-copia-251x1024.jpg 251w, https:\/\/www.infinitomasuno.org\/wp-content\/uploads\/2020\/10\/produccion-tierra-de-maria-movil-copia-768x3135.jpg 768w, https:\/\/www.infinitomasuno.org\/wp-content\/uploads\/2020\/10\/produccion-tierra-de-maria-movil-copia-376x1536.jpg 376w\" sizes=\"(max-width: 627px) 100vw, 627px\" \/>\t\t\t\t\t\t\t\t\t\t\t\t\t\t\t\t<div class=\"elementor-custom-embed-play\" role=\"button\" aria-label=\"Reproducir v\u00eddeo\" tabindex=\"0\">\n\t\t\t\t\t\t\t<i aria-hidden=\"true\" class=\"eicon-play\"><\/i>\t\t\t\t\t\t<\/div>\n\t\t\t\t\t\t\t\t\t<\/div>\n\t\t\t\t\t<\/div>\n\t\t\t\t\t\t<\/div>\n\t\t\t\t<\/div>\n\t\t\t\t<div class=\"elementor-element elementor-element-5ae1d7e elementor-widget__width-initial elementor-hidden-desktop elementor-hidden-tablet elementor-widget elementor-widget-text-editor\" data-id=\"5ae1d7e\" data-element_type=\"widget\" data-e-type=\"widget\" id=\"texto_movil\" data-widget_type=\"text-editor.default\">\n\t\t\t\t<div class=\"elementor-widget-container\">\n\t\t\t\t\t\t\t\t\t<p>Un agente investiga a quienes dicen hablar con Dios Padre, con Jesucristo o con su madre, Mar\u00eda. Sin miedo a descubrir la verdad.<\/p><p>\u00bfEst\u00e1n enga\u00f1ados, mienten&#8230; o no? \u00bfPor qu\u00e9 es la pel\u00edcula + vista de la Fundaci\u00f3n INFINITO + 1, estrenada en 41 pa\u00edses?<\/p>\t\t\t\t\t\t\t\t<\/div>\n\t\t\t\t<\/div>\n\t\t\t\t<div class=\"elementor-element elementor-element-e88305a elementor-widget__width-initial elementor-hidden-phone elementor-widget elementor-widget-text-editor\" data-id=\"e88305a\" data-element_type=\"widget\" data-e-type=\"widget\" id=\"texto_escritorio\" data-widget_type=\"text-editor.default\">\n\t\t\t\t<div class=\"elementor-widget-container\">\n\t\t\t\t\t\t\t\t\t<p>Un agente investiga a quienes dicen hablar con Dios Padre, con Jesucristo o con su madre, Mar\u00eda. Sin miedo a descubrir la verdad.<\/p><p>\u00bfEst\u00e1n enga\u00f1ados, mienten&#8230; o no? \u00bfPor qu\u00e9 es la pel\u00edcula + vista de la Fundaci\u00f3n INFINITO + 1, estrenada en 41 pa\u00edses?<\/p>\t\t\t\t\t\t\t\t<\/div>\n\t\t\t\t<\/div>\n\t\t\t\t\t<\/div>\n\t\t<\/div>\n\t\t\t\t\t<\/div>\n\t\t<\/section>\n\t\t\t\t<section class=\"elementor-section elementor-inner-section elementor-element elementor-element-91f5983 elementor-section-full_width elementor-section-height-default elementor-section-height-default\" data-id=\"91f5983\" data-element_type=\"section\" data-e-type=\"section\">\n\t\t\t\t\t\t\t<div class=\"elementor-background-overlay\"><\/div>\n\t\t\t\t\t\t\t<div class=\"elementor-container elementor-column-gap-default\">\n\t\t\t\t\t<div class=\"elementor-column elementor-col-100 elementor-inner-column elementor-element elementor-element-304848f\" data-id=\"304848f\" data-element_type=\"column\" data-e-type=\"column\">\n\t\t\t<div class=\"elementor-widget-wrap elementor-element-populated\">\n\t\t\t\t\t\t<div class=\"elementor-element elementor-element-342a650 elementor-widget elementor-widget-shortcode\" data-id=\"342a650\" data-element_type=\"widget\" data-e-type=\"widget\" data-widget_type=\"shortcode.default\">\n\t\t\t\t<div class=\"elementor-widget-container\">\n\t\t\t\t\t\t\t<div class=\"elementor-shortcode\">\t\t<div id=\"woorousell-5011\" class=\"woorousell_sc\">\n\t\t\t\t\t<div class=\"wrsl-carousel-container\" \n\t\t\tdata-mode=\"horizontal\"\n\t\t\tdata-speed=\"500\"\n\t\t\tdata-maxslides=\"3\"\n\t\t\tdata-moveslides=\"1\"\n\t\t\tdata-slidemargin=\"10\"\n\t\t\tdata-randomstart=false\n\t\t\tdata-adaptiveheight=false\n\t\t\tdata-adaptiveHeightspeed=\"0\"\n\t\t\tdata-touchenabled=true\n\t\t\tdata-auto=false\n\t\t\tdata-pause=\"0\"\n\t\t\tdata-autohover=false\n\t\t\tdata-autodelay=\"0\"\n\t\t\tdata-ticker=false\n\t\t\tdata-tickerhover=false\n\t\t>\n\t\t\t\t\t\t\t<div class=\"wrsl-carousel\">\n\t\t\t\t\t\t\t\t\t<div class=\"wrsl-carousel-item\">\n\t\t\t\t\t\t\t<div id=\"woorousell-5011-140312\" class=\"wrsl-prosingle-wrapper wrsl-prosingle-style-1 wrsl-has-thumbnail wrsl-text-left wrsl-not-overlay wrsl-invert\">\n\t\t\t\t\t<div class=\"wrsl-prosingle-thumbnail\">\n\t\t\t<img loading=\"lazy\" decoding=\"async\" width=\"400\" height=\"400\" src=\"https:\/\/www.infinitomasuno.org\/wp-content\/uploads\/2020\/09\/producto-tierra-de-maria-visionado-400x400.jpg\" class=\"attachment-woocommerce_thumbnail size-woocommerce_thumbnail\" alt=\"Visualiza\u00e7\u00e3o online TERRA DE MARIA\" srcset=\"https:\/\/www.infinitomasuno.org\/wp-content\/uploads\/2020\/09\/producto-tierra-de-maria-visionado-400x400.jpg 400w, https:\/\/www.infinitomasuno.org\/wp-content\/uploads\/2020\/09\/producto-tierra-de-maria-visionado-100x100.jpg 100w, https:\/\/www.infinitomasuno.org\/wp-content\/uploads\/2020\/09\/producto-tierra-de-maria-visionado-300x300.jpg 300w, https:\/\/www.infinitomasuno.org\/wp-content\/uploads\/2020\/09\/producto-tierra-de-maria-visionado-150x150.jpg 150w\" sizes=\"(max-width: 400px) 100vw, 400px\" \/>\t\t\t\t\t<\/div>\n\t\t\t\t<div class=\"wrsl-prosingle-body\">\n\t\t\t<div class=\"wrsl-prosingle-overlay\">\n\n\t\t\t\t\t\t<h4 class=\"wrsl-prosingle-heading\"><a href=\"https:\/\/www.infinitomasuno.org\/pt-br\/produt-pt-br\/marys-land-terra-de-maria\/\">Visualiza\u00e7\u00e3o online TERRA DE MARIA<\/a><\/h4>\n\t\t\n\t\t\t\t\n\t\t\t\t\t\t<div class=\"wrsl-prosingle-price\">\n\t\t\t\n\t<span class=\"price\"><span class=\"woocommerce-Price-amount amount\"><bdi>2,99<span class=\"woocommerce-Price-currencySymbol\">&euro;<\/span><\/bdi><\/span><\/span>\n\t\t<\/div>\n\t\t\n\t\t\t\t\n\t\t\t\t\t\t<div class=\"wrsl-prosingle-button\">\n\t\t\t<a href=\"\/pt-br\/wp-json\/wp\/v2\/pages\/167825?add-to-cart=140312\" aria-describedby=\"woocommerce_loop_add_to_cart_link_describedby_140312\" data-quantity=\"1\" class=\"button product_type_simple add_to_cart_button ajax_add_to_cart\" data-product_id=\"140312\" data-product_sku=\"STREAMING_ML_PT\" aria-label=\"Adicione ao carrinho: &ldquo;Visualiza\u00e7\u00e3o online TERRA DE MARIA&rdquo;\" rel=\"nofollow\" data-success_message=\"\u201cVisualiza\u00e7\u00e3o online TERRA DE MARIA\u201d foi adicionado ao seu carrinho\">Adicionar ao carrinho<\/a>\t<span id=\"woocommerce_loop_add_to_cart_link_describedby_140312\" class=\"screen-reader-text\">\n\t\t\t<\/span>\n\t\t<\/div>\n\t\t\t\t\t<\/div>\n\t\t<\/div>\n\t\t\t\t<\/div><!-- .wrsl-prosingle -->\n\t\t\t\t\t\t\t<\/div><!-- .wrsl-carousel-item -->\n\t\t\t\t\t\t\t\t<\/div>\n\t\t\t\t\t<div class=\"wrsl-carousel-controller-center\">\n\t\t\t<button id=\"#woorousell-5011-prev\" class=\"wrsl-carousel-to-prev\"><i class=\"fa fa-chevron-left\"><\/i><\/button>\n\t\t\t<button id=\"#woorousell-5011-next\" class=\"wrsl-carousel-to-next\"><i class=\"fa fa-chevron-right\"><\/i><\/button>\n\t\t<\/div>\n\t\t\t\t<\/div><!-- .wrsl-carousel-container -->\n\t\t\t\t<\/div>\n\t\t<\/div>\n\t\t\t\t\t\t<\/div>\n\t\t\t\t<\/div>\n\t\t\t\t\t<\/div>\n\t\t<\/div>\n\t\t\t\t\t<\/div>\n\t\t<\/section>\n\t\t\t\t\t<\/div>\n\t\t<\/div>\n\t\t\t\t\t<\/div>\n\t\t<\/section>\n\t\t\t\t<\/div>\n\t\t","protected":false},"excerpt":{"rendered":"<p>Un agente investiga a quienes dicen hablar con Dios Padre, con Jesucristo o con su madre, Mar\u00eda. Sin miedo a descubrir la verdad. \u00bfEst\u00e1n enga\u00f1ados, mienten&#8230; o no? \u00bfPor qu\u00e9 es la pel\u00edcula + vista de la Fundaci\u00f3n INFINITO + 1, estrenada en 41 pa\u00edses? Un agente investiga a quienes dicen hablar con Dios Padre, [&hellip;]<\/p>\n","protected":false},"author":19323,"featured_media":0,"parent":0,"menu_order":0,"comment_status":"closed","ping_status":"closed","template":"","meta":{"_acf_changed":false,"site-sidebar-layout":"no-sidebar","site-content-layout":"page-builder","ast-site-content-layout":"default","site-content-style":"default","site-sidebar-style":"default","ast-global-header-display":"","ast-banner-title-visibility":"","ast-main-header-display":"","ast-hfb-above-header-display":"","ast-hfb-below-header-display":"","ast-hfb-mobile-header-display":"","site-post-title":"disabled","ast-breadcrumbs-content":"","ast-featured-img":"disabled","footer-sml-layout":"","ast-disable-related-posts":"","theme-transparent-header-meta":"enabled","adv-header-id-meta":"","stick-header-meta":"","header-above-stick-meta":"","header-main-stick-meta":"","header-below-stick-meta":"","astra-migrate-meta-layouts":"default","ast-page-background-enabled":"default","ast-page-background-meta":{"desktop":{"background-color":"","background-image":"","background-repeat":"repeat","background-position":"center center","background-size":"auto","background-attachment":"scroll","background-type":"","background-media":"","overlay-type":"","overlay-color":"","overlay-opacity":"","overlay-gradient":""},"tablet":{"background-color":"","background-image":"","background-repeat":"repeat","background-position":"center center","background-size":"auto","background-attachment":"scroll","background-type":"","background-media":"","overlay-type":"","overlay-color":"","overlay-opacity":"","overlay-gradient":""},"mobile":{"background-color":"","background-image":"","background-repeat":"repeat","background-position":"center center","background-size":"auto","background-attachment":"scroll","background-type":"","background-media":"","overlay-type":"","overlay-color":"","overlay-opacity":"","overlay-gradient":""}},"ast-content-background-meta":{"desktop":{"background-color":"var(--ast-global-color-5)","background-image":"","background-repeat":"repeat","background-position":"center center","background-size":"auto","background-attachment":"scroll","background-type":"","background-media":"","overlay-type":"","overlay-color":"","overlay-opacity":"","overlay-gradient":""},"tablet":{"background-color":"var(--ast-global-color-5)","background-image":"","background-repeat":"repeat","background-position":"center center","background-size":"auto","background-attachment":"scroll","background-type":"","background-media":"","overlay-type":"","overlay-color":"","overlay-opacity":"","overlay-gradient":""},"mobile":{"background-color":"var(--ast-global-color-5)","background-image":"","background-repeat":"repeat","background-position":"center center","background-size":"auto","background-attachment":"scroll","background-type":"","background-media":"","overlay-type":"","overlay-color":"","overlay-opacity":"","overlay-gradient":""}},"footnotes":""},"class_list":["post-167825","page","type-page","status-publish","hentry","desktop-align-left","tablet-align-left","mobile-align-left"],"acf":[],"aioseo_notices":[],"_links":{"self":[{"href":"https:\/\/www.infinitomasuno.org\/pt-br\/wp-json\/wp\/v2\/pages\/167825","targetHints":{"allow":["GET"]}}],"collection":[{"href":"https:\/\/www.infinitomasuno.org\/pt-br\/wp-json\/wp\/v2\/pages"}],"about":[{"href":"https:\/\/www.infinitomasuno.org\/pt-br\/wp-json\/wp\/v2\/types\/page"}],"author":[{"embeddable":true,"href":"https:\/\/www.infinitomasuno.org\/pt-br\/wp-json\/wp\/v2\/users\/19323"}],"replies":[{"embeddable":true,"href":"https:\/\/www.infinitomasuno.org\/pt-br\/wp-json\/wp\/v2\/comments?post=167825"}],"version-history":[{"count":3,"href":"https:\/\/www.infinitomasuno.org\/pt-br\/wp-json\/wp\/v2\/pages\/167825\/revisions"}],"predecessor-version":[{"id":220400,"href":"https:\/\/www.infinitomasuno.org\/pt-br\/wp-json\/wp\/v2\/pages\/167825\/revisions\/220400"}],"wp:attachment":[{"href":"https:\/\/www.infinitomasuno.org\/pt-br\/wp-json\/wp\/v2\/media?parent=167825"}],"curies":[{"name":"wp","href":"https:\/\/api.w.org\/{rel}","templated":true}]}}