{"id":65424,"date":"2018-10-07T02:34:04","date_gmt":"2018-10-07T00:34:04","guid":{"rendered":"https:\/\/infinitomasuno.org\/formulario-mayor-regalo-television\/"},"modified":"2021-01-23T22:10:33","modified_gmt":"2021-01-23T20:10:33","slug":"formulario-mayor-regalo-television","status":"publish","type":"page","link":"https:\/\/www.infinitomasuno.org\/it\/formulario-mayor-regalo-television\/","title":{"rendered":"Formulario en WEB de El Mayor Regalo: Televisi\u00f3n"},"content":{"rendered":"<p>[gravityform id=&#8221;74&#8243; title=&#8221;true&#8221; description=&#8221;true&#8221;]<\/p>\n<p style=\"color: #fcfcfd;font-size: 14px;\">In ottemperanza con quanto stabilito dal Regolamento (UE) 2016\/679 del Parlamento Europeo e del Consiglio il 27 Aprile del 2016, riguardo alla protezione delle persone fisiche sul trattamento dei loro dati personali e la loro libera circolazione, la informiamo che, compilando i presenti formulari, i suoi dati personali saranno inseriti e conservati negli archivi di FUNDACI\u00d3N INFINITO con la finalit\u00e0 di poterle fornire e offrire i nostri servizi cos\u00ec come per informarla sugli aggiornamenti del nostro sito. Inoltre, la informiamo che ha la possibilit\u00e0 di avvalersi dei suoi diritti di accesso, rettifica, cancellazione e opposizione dei suoi dati personali, in modo gratuito tramite email scrivendo all\u2019indirizzo hola@fundacioninfinito.org o all\u2019indirizzo Calle Marines, 14 Pta 5, 46183 \u2013 La Eliana (Valencia).<\/p>\n<p><script type=\"text\/javascript\"><br \/>\n     if (document.getElementById('gform_confirmation_message_42')) {<br \/>\n          var URLactual = window.location;<br \/>\n          location.href = URLactual + \"#gracias\";<br \/>\n     }<br \/>\n<\/script><\/p>\n<style>\n.navbar {<br \/>\n    display: none;<br \/>\n}<br \/>\nfooter#footer {<br \/>\n    display: none;<br \/>\n}<br \/>\nbody {<br \/>\n    background-color: transparent;<br \/>\n}<br \/>\n.gform_heading {<br \/>\n    display: none!important;<br \/>\n}<br \/>\nlabel.gfield_label {<br \/>\n    color: #fff;<br \/>\n}<br \/>\nlabel {<br \/>\n    color: #fcfcfd;<br \/>\n}<br \/>\ndiv#a3p-cookie-banner {<br \/>\n    display: none;<br \/>\n}<br \/>\na:hover, a:focus {<br \/>\n    color: #9dadbb;<br \/>\n}<br \/>\n<\/style>\n\n\n<script type=\"text\/javascript\">\n     if (document.getElementById('gform_confirmation_message_88')) {\n          var URLactual = window.location;\n          location.href = URLactual + \"#gracias\";\n     }\n<\/script>\n<style>\n.gform_heading {\n    display: none;\n}\nheader.entry-header.ast-no-thumbnail.ast-no-meta {\n    display: none;\n}\narticle, body {\n    background-color: transparent!important;\n}\nlabel.gfield_label {\n    color: #fff;\n}\nlabel {\n    color: #fcfcfd;\n}\na:hover, a:focus {\n    color: #9dadbb;\n}\ninput.button {\n    color: black!important;\n}\nsection#barra_superior, section#barra_superior_movil, .elementor-widget-nav-menu, .elementor-widget-nav-menu, div#cookie-law-info-bar, div[data-elementor-type*=\"footer\"], a.elementor-icon[href*=\"#barra_superior\"] {\n    display: none!important;\n}\n<\/style>\n","protected":false},"excerpt":{"rendered":"<p>[gravityform id=&#8221;74&#8243; title=&#8221;true&#8221; description=&#8221;true&#8221;] In ottemperanza con quanto stabilito dal Regolamento (UE) 2016\/679 del Parlamento Europeo e del Consiglio il 27 Aprile del 2016, riguardo alla protezione delle persone fisiche sul trattamento dei loro dati personali e la loro libera circolazione, la informiamo che, compilando i presenti formulari, i suoi dati personali saranno inseriti e [&hellip;]<\/p>\n","protected":false},"author":3986,"featured_media":0,"parent":0,"menu_order":0,"comment_status":"closed","ping_status":"closed","template":"","meta":{"_acf_changed":false,"site-sidebar-layout":"default","site-content-layout":"default","ast-site-content-layout":"default","site-content-style":"default","site-sidebar-style":"default","ast-global-header-display":"","ast-banner-title-visibility":"","ast-main-header-display":"","ast-hfb-above-header-display":"","ast-hfb-below-header-display":"","ast-hfb-mobile-header-display":"","site-post-title":"","ast-breadcrumbs-content":"","ast-featured-img":"","footer-sml-layout":"","ast-disable-related-posts":"","theme-transparent-header-meta":"default","adv-header-id-meta":"","stick-header-meta":"","header-above-stick-meta":"","header-main-stick-meta":"","header-below-stick-meta":"","astra-migrate-meta-layouts":"default","ast-page-background-enabled":"default","ast-page-background-meta":{"desktop":{"background-color":"","background-image":"","background-repeat":"repeat","background-position":"center center","background-size":"auto","background-attachment":"scroll","background-type":"","background-media":"","overlay-type":"","overlay-color":"","overlay-opacity":"","overlay-gradient":""},"tablet":{"background-color":"","background-image":"","background-repeat":"repeat","background-position":"center center","background-size":"auto","background-attachment":"scroll","background-type":"","background-media":"","overlay-type":"","overlay-color":"","overlay-opacity":"","overlay-gradient":""},"mobile":{"background-color":"","background-image":"","background-repeat":"repeat","background-position":"center center","background-size":"auto","background-attachment":"scroll","background-type":"","background-media":"","overlay-type":"","overlay-color":"","overlay-opacity":"","overlay-gradient":""}},"ast-content-background-meta":{"desktop":{"background-color":"var(--ast-global-color-5)","background-image":"","background-repeat":"repeat","background-position":"center center","background-size":"auto","background-attachment":"scroll","background-type":"","background-media":"","overlay-type":"","overlay-color":"","overlay-opacity":"","overlay-gradient":""},"tablet":{"background-color":"var(--ast-global-color-5)","background-image":"","background-repeat":"repeat","background-position":"center center","background-size":"auto","background-attachment":"scroll","background-type":"","background-media":"","overlay-type":"","overlay-color":"","overlay-opacity":"","overlay-gradient":""},"mobile":{"background-color":"var(--ast-global-color-5)","background-image":"","background-repeat":"repeat","background-position":"center center","background-size":"auto","background-attachment":"scroll","background-type":"","background-media":"","overlay-type":"","overlay-color":"","overlay-opacity":"","overlay-gradient":""}},"footnotes":""},"class_list":["post-65424","page","type-page","status-publish","hentry"],"acf":[],"aioseo_notices":[],"_links":{"self":[{"href":"https:\/\/www.infinitomasuno.org\/it\/wp-json\/wp\/v2\/pages\/65424","targetHints":{"allow":["GET"]}}],"collection":[{"href":"https:\/\/www.infinitomasuno.org\/it\/wp-json\/wp\/v2\/pages"}],"about":[{"href":"https:\/\/www.infinitomasuno.org\/it\/wp-json\/wp\/v2\/types\/page"}],"author":[{"embeddable":true,"href":"https:\/\/www.infinitomasuno.org\/it\/wp-json\/wp\/v2\/users\/3986"}],"replies":[{"embeddable":true,"href":"https:\/\/www.infinitomasuno.org\/it\/wp-json\/wp\/v2\/comments?post=65424"}],"version-history":[{"count":2,"href":"https:\/\/www.infinitomasuno.org\/it\/wp-json\/wp\/v2\/pages\/65424\/revisions"}],"predecessor-version":[{"id":169777,"href":"https:\/\/www.infinitomasuno.org\/it\/wp-json\/wp\/v2\/pages\/65424\/revisions\/169777"}],"wp:attachment":[{"href":"https:\/\/www.infinitomasuno.org\/it\/wp-json\/wp\/v2\/media?parent=65424"}],"curies":[{"name":"wp","href":"https:\/\/api.w.org\/{rel}","templated":true}]}}