{"id":65408,"date":"2018-10-05T12:30:29","date_gmt":"2018-10-05T10:30:29","guid":{"rendered":"https:\/\/infinitomasuno.org\/formulario-mayor-regalo-en-tu-pais\/"},"modified":"2021-01-23T22:10:31","modified_gmt":"2021-01-23T20:10:31","slug":"formulario-mayor-regalo-en-tu-pais","status":"publish","type":"page","link":"https:\/\/www.infinitomasuno.org\/it\/formulario-mayor-regalo-en-tu-pais\/","title":{"rendered":"Formulario en WEB de El Mayor Regalo: En cines de tu pa\u00eds"},"content":{"rendered":"<p>[gravityform id=&#8221;41&#8243; title=&#8221;true&#8221; description=&#8221;true&#8221;]<\/p>\n<p style=\"color: #fcfcfd; font-size: 14px;\">In conformit\u00e0 con le disposizioni del Regolamento (UE) 2016\/679 del Parlamento Europeo e del Consiglio, del 27 aprile 2016, relativa alla tutela delle persone fisiche per quanto concerne il trattamento dei dati personali e alla libera circolazione di questi dati vi informiamo che, compilando i presenti formulari, i vostri dati personali saranno conservati e trattati negli archivi di FUNDACI\u00d3N INFINITO al fine di fornire e offrire i nostri servizi e per informarvi sui miglioramenti del sito stesso. Altres\u00ec, vi informiamo sulla possibilit\u00e0 di esercitare i diritti di accesso, rettifica, cancellazione e opposizione dei suoi dati personali, in modo gratuito tramite l&#8217;indirizzo email: hola@fundacioninfinito.org oppure all&#8217;indirizzo: Calle Marines, 14 Porta 5, 46183 \u2013 La Eliana (Valencia).<\/p>\n<p><script type=\"text\/javascript\">\n     if (document.getElementById('gform_confirmation_message_42')) {\n          var URLactual = window.location;\n          location.href = URLactual + \"#gracias\";\n     } \n<\/script><\/p>\n<style>\n.navbar {\n    display: none;\n}\nfooter#footer {\n    display: none;\n}\nbody {\n    background-color: transparent;\n}\n.gform_heading {\n    display: none!important;\n}\nlabel.gfield_label {\n    color: #fff;\n}\nlabel {\n    color: #fcfcfd;\n}\ndiv#a3p-cookie-banner {\n    display: none;\n}\na:hover, a:focus {\n    color: #9dadbb;\n}\n<\/style>\n","protected":false},"excerpt":{"rendered":"<p>[gravityform id=&#8221;41&#8243; title=&#8221;true&#8221; description=&#8221;true&#8221;] In conformit\u00e0 con le disposizioni del Regolamento (UE) 2016\/679 del Parlamento Europeo e del Consiglio, del 27 aprile 2016, relativa alla tutela delle persone fisiche per quanto concerne il trattamento dei dati personali e alla libera circolazione di questi dati vi informiamo che, compilando i presenti formulari, i vostri dati personali [&hellip;]<\/p>\n","protected":false},"author":3986,"featured_media":0,"parent":0,"menu_order":0,"comment_status":"closed","ping_status":"closed","template":"","meta":{"_acf_changed":false,"site-sidebar-layout":"default","site-content-layout":"default","ast-site-content-layout":"default","site-content-style":"default","site-sidebar-style":"default","ast-global-header-display":"","ast-banner-title-visibility":"","ast-main-header-display":"","ast-hfb-above-header-display":"","ast-hfb-below-header-display":"","ast-hfb-mobile-header-display":"","site-post-title":"disabled","ast-breadcrumbs-content":"","ast-featured-img":"","footer-sml-layout":"","ast-disable-related-posts":"","theme-transparent-header-meta":"default","adv-header-id-meta":"","stick-header-meta":"","header-above-stick-meta":"","header-main-stick-meta":"","header-below-stick-meta":"","astra-migrate-meta-layouts":"default","ast-page-background-enabled":"default","ast-page-background-meta":{"desktop":{"background-color":"","background-image":"","background-repeat":"repeat","background-position":"center center","background-size":"auto","background-attachment":"scroll","background-type":"","background-media":"","overlay-type":"","overlay-color":"","overlay-opacity":"","overlay-gradient":""},"tablet":{"background-color":"","background-image":"","background-repeat":"repeat","background-position":"center center","background-size":"auto","background-attachment":"scroll","background-type":"","background-media":"","overlay-type":"","overlay-color":"","overlay-opacity":"","overlay-gradient":""},"mobile":{"background-color":"","background-image":"","background-repeat":"repeat","background-position":"center center","background-size":"auto","background-attachment":"scroll","background-type":"","background-media":"","overlay-type":"","overlay-color":"","overlay-opacity":"","overlay-gradient":""}},"ast-content-background-meta":{"desktop":{"background-color":"var(--ast-global-color-5)","background-image":"","background-repeat":"repeat","background-position":"center center","background-size":"auto","background-attachment":"scroll","background-type":"","background-media":"","overlay-type":"","overlay-color":"","overlay-opacity":"","overlay-gradient":""},"tablet":{"background-color":"var(--ast-global-color-5)","background-image":"","background-repeat":"repeat","background-position":"center center","background-size":"auto","background-attachment":"scroll","background-type":"","background-media":"","overlay-type":"","overlay-color":"","overlay-opacity":"","overlay-gradient":""},"mobile":{"background-color":"var(--ast-global-color-5)","background-image":"","background-repeat":"repeat","background-position":"center center","background-size":"auto","background-attachment":"scroll","background-type":"","background-media":"","overlay-type":"","overlay-color":"","overlay-opacity":"","overlay-gradient":""}},"footnotes":""},"class_list":["post-65408","page","type-page","status-publish","hentry"],"acf":[],"aioseo_notices":[],"_links":{"self":[{"href":"https:\/\/www.infinitomasuno.org\/it\/wp-json\/wp\/v2\/pages\/65408","targetHints":{"allow":["GET"]}}],"collection":[{"href":"https:\/\/www.infinitomasuno.org\/it\/wp-json\/wp\/v2\/pages"}],"about":[{"href":"https:\/\/www.infinitomasuno.org\/it\/wp-json\/wp\/v2\/types\/page"}],"author":[{"embeddable":true,"href":"https:\/\/www.infinitomasuno.org\/it\/wp-json\/wp\/v2\/users\/3986"}],"replies":[{"embeddable":true,"href":"https:\/\/www.infinitomasuno.org\/it\/wp-json\/wp\/v2\/comments?post=65408"}],"version-history":[{"count":1,"href":"https:\/\/www.infinitomasuno.org\/it\/wp-json\/wp\/v2\/pages\/65408\/revisions"}],"predecessor-version":[{"id":172796,"href":"https:\/\/www.infinitomasuno.org\/it\/wp-json\/wp\/v2\/pages\/65408\/revisions\/172796"}],"wp:attachment":[{"href":"https:\/\/www.infinitomasuno.org\/it\/wp-json\/wp\/v2\/media?parent=65408"}],"curies":[{"name":"wp","href":"https:\/\/api.w.org\/{rel}","templated":true}]}}