{"id":167102,"date":"2020-07-19T11:38:50","date_gmt":"2020-07-19T11:38:50","guid":{"rendered":"https:\/\/www.infinitomasuno.org\/decalogo\/"},"modified":"2021-01-25T16:29:04","modified_gmt":"2021-01-25T14:29:04","slug":"decalogo","status":"publish","type":"page","link":"https:\/\/www.infinitomasuno.org\/it\/decalogo\/","title":{"rendered":"Decalogo"},"content":{"rendered":"\t\t<div data-elementor-type=\"wp-post\" data-elementor-id=\"167102\" class=\"elementor elementor-167102 elementor-167099\" data-elementor-post-type=\"page\">\n\t\t\t\t\t\t<section class=\"elementor-section elementor-top-section elementor-element elementor-element-8c39fce elementor-section-content-middle elementor-section-full_width elementor-section-height-default elementor-section-height-default\" data-id=\"8c39fce\" data-element_type=\"section\" data-e-type=\"section\" data-settings=\"{&quot;background_background&quot;:&quot;classic&quot;}\">\n\t\t\t\t\t\t\t<div class=\"elementor-background-overlay\"><\/div>\n\t\t\t\t\t\t\t<div class=\"elementor-container elementor-column-gap-no\">\n\t\t\t\t\t<div class=\"elementor-column elementor-col-100 elementor-top-column elementor-element elementor-element-b1952b1\" data-id=\"b1952b1\" data-element_type=\"column\" data-e-type=\"column\">\n\t\t\t<div class=\"elementor-widget-wrap\">\n\t\t\t\t\t\t\t<\/div>\n\t\t<\/div>\n\t\t\t\t\t<\/div>\n\t\t<\/section>\n\t\t\t\t<section class=\"elementor-section elementor-top-section elementor-element elementor-element-8ffa315 elementor-section-full_width elementor-section-height-default elementor-section-height-default\" data-id=\"8ffa315\" data-element_type=\"section\" data-e-type=\"section\">\n\t\t\t\t\t\t\t<div class=\"elementor-background-overlay\"><\/div>\n\t\t\t\t\t\t\t<div class=\"elementor-container elementor-column-gap-default\">\n\t\t\t\t\t<div class=\"elementor-column elementor-col-100 elementor-top-column elementor-element elementor-element-184f3d7\" data-id=\"184f3d7\" data-element_type=\"column\" data-e-type=\"column\">\n\t\t\t<div class=\"elementor-widget-wrap elementor-element-populated\">\n\t\t\t\t\t\t<div class=\"elementor-element elementor-element-160ff7f elementor-widget elementor-widget-heading\" data-id=\"160ff7f\" data-element_type=\"widget\" data-e-type=\"widget\" data-widget_type=\"heading.default\">\n\t\t\t\t<div class=\"elementor-widget-container\">\n\t\t\t\t\t<h2 class=\"elementor-heading-title elementor-size-default\">DECALOGO DELLA FONDAZIONE INFINITO + 1<\/h2>\t\t\t\t<\/div>\n\t\t\t\t<\/div>\n\t\t\t\t<div class=\"elementor-element elementor-element-d79f88a elementor-widget elementor-widget-text-editor\" data-id=\"d79f88a\" data-element_type=\"widget\" data-e-type=\"widget\" data-widget_type=\"text-editor.default\">\n\t\t\t\t<div class=\"elementor-widget-container\">\n\t\t\t\t\t\t\t\t\t<p><span style=\"color: #eb5658;\">1.- I nostri film mostrano l\u2019azione di Dio nel mondo di oggi. <\/span><span style=\"font-size: 19.45px; font-family: var( --e-global-typography-text-font-family), Sans-serif;\">Fuggiamo dagli approcci teorici e ma cerchiamo chiunque abbia sperimentato, in modo pratico e concreto, la presenza di Dio nella sua vita, manifestatosi con opere d\u2019amore.<\/span><\/p><p><span style=\"color: #eb5658;\">2.- Proibito annoiare.\u00a0<\/span><span style=\"font-size: 19.45px; font-family: var( --e-global-typography-text-font-family ), Sans-serif;\">\u00c8 un punto di partenza ovvio per chiunque racconti una storia. Amiamo ridere e far ridere, come un sano sintomo di allegria e speranza, senza rinunciare alla riflessione e alla profondit\u00e0.<\/span><\/p><p><span style=\"color: #eb5658;\">3.- Cerchiamo di commettere errori quanto prima.\u00a0<\/span><span style=\"font-size: 19.45px; font-family: var( --e-global-typography-text-font-family ), Sans-serif;\">Perch\u00e9 sbagliare \u00e8 il miglior modo di imparare e migliorare. Gli unici errori che non siamo disposti a commettere sono la passivit\u00e0, la lamentela o la critica sterile di ci\u00f2 che fanno o non fanno gli altri.<\/span><\/p><p><span style=\"color: #eb5658;\">4.- Le nostre produzioni sono per ogni tipo di pubblico.\u00a0<\/span><span style=\"font-size: 19.45px; font-family: var( --e-global-typography-text-font-family ), Sans-serif;\">Sarebbe imbarazzante destinarle ad un profilo specifico di spettatori, una presunta \u00abnicchia di mercato\u00bb.Perch\u00e9 le proposte del Vangelo sono per ogni persona, senza discriminazione.<\/span><\/p><p><span style=\"color: #eb5658;\">5.- Lavoriamo al servizio di ogni singolo spettatore, non della massa.\u00a0<\/span><span style=\"font-size: 19.45px; font-family: var( --e-global-typography-text-font-family ), Sans-serif;\">Ovviamente desideriamo arrivare al maggior numero di spettatori possibile, ma per tutte le fasi del processo di produzione lavoriamo come se ogni film dovesse vederlo una sola persona, cui vogliamo servire.<\/span><\/p><p><span style=\"color: #eb5658;\">6.- Tutte le nostre produzioni desiderano provocare effetti speciali positivi tra gli spettatori.\u00a0<\/span><span style=\"font-size: 19.45px; font-family: var( --e-global-typography-text-font-family ), Sans-serif;\">Non ci accontentiamo di intrattenere o di informare. Ogni nostra produzione vuole essere un cordiale e realeinvito di trasformazione personale verso l\u2019amore. Se questo non avvenisse\u2026 avremmo fatto solo rumore.<\/span><\/p><p><span style=\"color: #eb5658;\">7.- Creativit\u00e0 esigente\u00a0<\/span><span style=\"font-size: 19.45px; font-family: var( --e-global-typography-text-font-family ), Sans-serif;\">nello sviluppo delle sceneggiature, della produzione e distribuzione, cercando percorsi innovativi per arrivare al pubblico. Proteggiamo i lavori creativi, separandoli dalle funzioni di gestione o di finanziamento.<\/span><\/p><p><span style=\"color: #eb5658;\">8.- Cerchiamo in mezzi economici\u00a0<\/span><span style=\"font-size: 19.45px; font-family: var( --e-global-typography-text-font-family ), Sans-serif;\">per produrre, distribuire e promuovere ogni progetto nel miglior modo possibile, senza fronzoli che facciano lievitare capricciosamente i costi e senza risparmi che ne riducano la qualit\u00e0. Per affrontare tali spese, confidiamo nell\u2019aiuto generoso di persone che condividano e amino questa missione e vogliano unirsi con le loro donazioni. Abbiamo stabilito anche accordi di finanziamento con co-produttori (persone o aziende), distributori o canali televisivi e chiediamo sovvenzioni pubbliche, se ci sono, come qualsiasi casa di produzione o distribuzione.<\/span><\/p><p><span style=\"color: #eb5658;\">9.- Rinunciamo all\u2019arricchimento economico.\u00a0<\/span><span style=\"font-size: 19.45px; font-family: var( --e-global-typography-text-font-family ), Sans-serif;\">Per questo siamo una Fondazione. Le entrate provenienti dalla commercializzazione dei nostri film, sono divise tra tutti gli attori coinvolti: sale cinematografiche, distributori, co-produttori, punti vendita. Con la parte spettante alla Fondazione, copriamo le spese generali e sviluppiamo nuovi progetti, per dare continuit\u00e0 ai nostri fini fondanti.<\/span><\/p><p><span style=\"color: #eb5658;\">10.- Formiamo una vera famiglia,\u00a0<\/span><span style=\"font-size: 19.45px; font-family: var( --e-global-typography-text-font-family ), Sans-serif;\">che cresce in tutto il mondo, aperta ad ogni persona, senza alcun criterio di selezione preliminare. I nostri tratti d\u2019identit\u00e0 sono tanto eterogenei quanto chiunque voglia unirsi a noi.<\/span><\/p><p>Siete tutti benvenuti! MAI, NESSUNO, SOLO.<\/p>\t\t\t\t\t\t\t\t<\/div>\n\t\t\t\t<\/div>\n\t\t\t\t\t<\/div>\n\t\t<\/div>\n\t\t\t\t\t<\/div>\n\t\t<\/section>\n\t\t\t\t<\/div>\n\t\t","protected":false},"excerpt":{"rendered":"<p>DECALOGO DELLA FONDAZIONE INFINITO + 1 1.- I nostri film mostrano l\u2019azione di Dio nel mondo di oggi. Fuggiamo dagli approcci teorici e ma cerchiamo chiunque abbia sperimentato, in modo pratico e concreto, la presenza di Dio nella sua vita, manifestatosi con opere d\u2019amore. 2.- Proibito annoiare.&nbsp;\u00c8 un punto di partenza ovvio per chiunque racconti [&hellip;]<\/p>\n","protected":false},"author":19323,"featured_media":0,"parent":0,"menu_order":0,"comment_status":"closed","ping_status":"closed","template":"","meta":{"_acf_changed":false,"site-sidebar-layout":"no-sidebar","site-content-layout":"page-builder","ast-site-content-layout":"default","site-content-style":"default","site-sidebar-style":"default","ast-global-header-display":"","ast-banner-title-visibility":"","ast-main-header-display":"","ast-hfb-above-header-display":"","ast-hfb-below-header-display":"","ast-hfb-mobile-header-display":"","site-post-title":"disabled","ast-breadcrumbs-content":"","ast-featured-img":"disabled","footer-sml-layout":"","ast-disable-related-posts":"","theme-transparent-header-meta":"enabled","adv-header-id-meta":"","stick-header-meta":"","header-above-stick-meta":"","header-main-stick-meta":"","header-below-stick-meta":"","astra-migrate-meta-layouts":"default","ast-page-background-enabled":"default","ast-page-background-meta":{"desktop":{"background-color":"","background-image":"","background-repeat":"repeat","background-position":"center center","background-size":"auto","background-attachment":"scroll","background-type":"","background-media":"","overlay-type":"","overlay-color":"","overlay-opacity":"","overlay-gradient":""},"tablet":{"background-color":"","background-image":"","background-repeat":"repeat","background-position":"center center","background-size":"auto","background-attachment":"scroll","background-type":"","background-media":"","overlay-type":"","overlay-color":"","overlay-opacity":"","overlay-gradient":""},"mobile":{"background-color":"","background-image":"","background-repeat":"repeat","background-position":"center center","background-size":"auto","background-attachment":"scroll","background-type":"","background-media":"","overlay-type":"","overlay-color":"","overlay-opacity":"","overlay-gradient":""}},"ast-content-background-meta":{"desktop":{"background-color":"var(--ast-global-color-5)","background-image":"","background-repeat":"repeat","background-position":"center center","background-size":"auto","background-attachment":"scroll","background-type":"","background-media":"","overlay-type":"","overlay-color":"","overlay-opacity":"","overlay-gradient":""},"tablet":{"background-color":"var(--ast-global-color-5)","background-image":"","background-repeat":"repeat","background-position":"center center","background-size":"auto","background-attachment":"scroll","background-type":"","background-media":"","overlay-type":"","overlay-color":"","overlay-opacity":"","overlay-gradient":""},"mobile":{"background-color":"var(--ast-global-color-5)","background-image":"","background-repeat":"repeat","background-position":"center center","background-size":"auto","background-attachment":"scroll","background-type":"","background-media":"","overlay-type":"","overlay-color":"","overlay-opacity":"","overlay-gradient":""}},"footnotes":""},"class_list":["post-167102","page","type-page","status-publish","hentry"],"acf":[],"aioseo_notices":[],"_links":{"self":[{"href":"https:\/\/www.infinitomasuno.org\/it\/wp-json\/wp\/v2\/pages\/167102","targetHints":{"allow":["GET"]}}],"collection":[{"href":"https:\/\/www.infinitomasuno.org\/it\/wp-json\/wp\/v2\/pages"}],"about":[{"href":"https:\/\/www.infinitomasuno.org\/it\/wp-json\/wp\/v2\/types\/page"}],"author":[{"embeddable":true,"href":"https:\/\/www.infinitomasuno.org\/it\/wp-json\/wp\/v2\/users\/19323"}],"replies":[{"embeddable":true,"href":"https:\/\/www.infinitomasuno.org\/it\/wp-json\/wp\/v2\/comments?post=167102"}],"version-history":[{"count":27,"href":"https:\/\/www.infinitomasuno.org\/it\/wp-json\/wp\/v2\/pages\/167102\/revisions"}],"predecessor-version":[{"id":173068,"href":"https:\/\/www.infinitomasuno.org\/it\/wp-json\/wp\/v2\/pages\/167102\/revisions\/173068"}],"wp:attachment":[{"href":"https:\/\/www.infinitomasuno.org\/it\/wp-json\/wp\/v2\/media?parent=167102"}],"curies":[{"name":"wp","href":"https:\/\/api.w.org\/{rel}","templated":true}]}}