{"id":167085,"date":"2020-07-22T00:17:21","date_gmt":"2020-07-21T22:17:21","guid":{"rendered":"https:\/\/www.infinitomasuno.org\/condiciones-generales\/"},"modified":"2021-01-23T22:10:27","modified_gmt":"2021-01-23T20:10:27","slug":"condizioni-generali","status":"publish","type":"page","link":"https:\/\/www.infinitomasuno.org\/it\/condizioni-generali\/","title":{"rendered":"Condizioni Generali"},"content":{"rendered":"\t\t<div data-elementor-type=\"wp-page\" data-elementor-id=\"167085\" class=\"elementor elementor-167085\" data-elementor-post-type=\"page\">\n\t\t\t\t\t\t<section class=\"elementor-section elementor-top-section elementor-element elementor-element-119ab73 elementor-section-boxed elementor-section-height-default elementor-section-height-default\" data-id=\"119ab73\" data-element_type=\"section\" data-e-type=\"section\">\n\t\t\t\t\t\t\t<div class=\"elementor-background-overlay\"><\/div>\n\t\t\t\t\t\t\t<div class=\"elementor-container elementor-column-gap-default\">\n\t\t\t\t\t<div class=\"elementor-column elementor-col-100 elementor-top-column elementor-element elementor-element-eca703c\" data-id=\"eca703c\" data-element_type=\"column\" data-e-type=\"column\">\n\t\t\t<div class=\"elementor-widget-wrap elementor-element-populated\">\n\t\t\t\t\t\t<div class=\"elementor-element elementor-element-69a9fdb elementor-widget elementor-widget-text-editor\" data-id=\"69a9fdb\" data-element_type=\"widget\" data-e-type=\"widget\" data-widget_type=\"text-editor.default\">\n\t\t\t\t<div class=\"elementor-widget-container\">\n\t\t\t\t\t\t\t\t\t<p><strong>CONDIZIONI GENERALI DI CONTRATTAZIONE PER NEGOZI ONLINE <\/strong><\/p><p>www.infinitomasuno.org (di seguito, il Sito) \u00e8 un sito web di propriet\u00e0 di FUNDACI\u00d3N INFINITO, di seguito, il PROPRIETARIO, con Partita Iva n. ESG98499734 e sede legale in: Calle Marines, 14 Porta 5, 46183 &#8211; La Eliana (Valencia) Spagna.<\/p><p>L&#8217;accesso, la riproduzione e l&#8217;uso dei servizi del Web richiedono l&#8217;approvazione preventiva delle presenti Condizioni d&#8217;Uso in qualsiasi momento; il PROPRIETARIO si riserva il diritto di modificare dette Condizioni quando lo ritenga opportuno, pubblicando il nuovo testo sul Web.<\/p><p>\u00c8 responsabilit\u00e0 dell&#8217;utente conoscere le Condizioni d&#8217;Uso prima di accedere ai prodotti e ai servizi del Sito; nel caso non si condividano le stesse, La preghiamo, di astenersi dall&#8217;usarlo.<\/p><p>\u00a0<\/p><p><strong>PROPRIET\u00c0<\/strong><\/p><p>Il Sito \u00e8 un lavoro composto da diversi elementi integrati e inscindibili (testi, illustrazioni, fotografie, immagini animate, video, programmi di computer, compresi i codici HTML del sito stesso, ecc.), la cui propriet\u00e0 intellettuale appartiene al PROPRIETARIO, ad eccezione dei materiali ottenuti su licenza di terzi.<\/p><p>Il PROPRIETARIO e i suoi licenziatari mantengono in ogni momento la Propriet\u00e0 Intellettuale sul Sito e sui vari elementi che lo compongono, singolarmente considerati, in tutte le copie si realizzino (qualunque sia il supporto a cui siano incorporati), conferendo su di loro solo i diritti d&#8217;uso che saranno descritti in seguito. Qualsiasi diritto non espressamente assegnato \u00e8 da considerarsi riservato.<\/p><p>In aggiunta a quanto sopra, il PROPRIETARIO \u00e8 responsabile della selezione, progettazione della struttura e la disposizione dei contenuti del Sito, cos\u00ec come chi abbia preso l&#8217;iniziativa e assunto il rischio di fare importanti investimenti volti al raggiungimento, alla digitalizzazione e alla presentazione dello stesso, corrispondendo quindi la protezione che l&#8217;articolo 12 e il Titolo VIII del libro II del Copyright Act possa concedere sul Sito, considerandolo come una base dati.<\/p><p>Il PROPRIETARIO \u00e8 anche l&#8217;unico che ha il possesso del design grafico e dell&#8217;immagine del Sito, riservandosi le azioni legali pertinenti che gli possano corrispondere nei confronti di persone che realizzino imitazioni o uso sleale dello stesso.<\/p><p>\u00a0<\/p><p><strong>CONTENUTI DEL SITO E DOWNLOAD. USI CONSENTITI E VIETATI.<\/strong><\/p><p><strong>\u00c8 permessa:<\/strong><\/p><ul><li>La Navigazione sul Sito, ovvero, l&#8217;accesso e la visualizzazione dello stesso su un dispositivo, autorizzando qualsiasi riproduzione temporanea o accessoria, a condizione che non sia volontaria e costituisca parte integrante ed essenziale del processo tecnologico di trasmissione. La navigazione attraverso determinate sezioni del Sito richiede la registrazione preventiva.<\/li><li>Beneficiare (previa registrazione) dei servizi e dei vantaggi forniti dal PROPRIETARIO attraverso il Sito ai propri utenti, alle condizioni espressamente indicate nelle diverse sezioni.<\/li><\/ul><p><strong>\u00c8 severamente vietata:<\/strong><\/p><ul><li>Qualsiasi operazione riguardante il Sito, i suoi contenuti, i prodotti scaricati e copie di tutti questi che siano contrari alla legge, alle buone abitudini e alla buona fede.<\/li><li>Qualsiasi tipo utilizzo al di fuori della sfera personale e privata, in particolare quelli che hanno finalit\u00e0 commerciali o professionali, tra cui l&#8217;invio di pubblicit\u00e0 o messaggi e la raccolta e il trattamento di dati da parte di terzi.<\/li><li>Qualsiasi tipo di estrazione, comunicazione pubblica e\/o trasmissione, totale o parziale, con qualsiasi mezzo, al di fuori dell&#8217;ambito privato di uso consentito e, in particolare, della sua incorporazione a qualsiasi altra opera, incluse siti Internet, collezioni o database. Sono esentate da tale divieto le pubblicazioni sui media dei materiali suscettibili di download nella sezione Press Room.<\/li><li>La rimozione, l&#8217;occultamento o la falsificazione di avvisi e avvertenze sulla Propriet\u00e0 intellettuale o industriale del Sito o sui prodotti forniti attraverso di essa.<\/li><li>Le operazioni e le attivit\u00e0 espressamente vietate in qualsiasi altra sezione delle presenti Condizioni Generali e, in generale, quelle che possano pregiudicare il normale funzionamento del Sito, ad altri utenti o a terze parti.<\/li><\/ul><p>\u00a0<\/p><p><strong>LINK AL SITO<\/strong><\/p><p>\u00c8 autorizzata la creazione di collegamenti e collegamenti ipertestuali al Sito da altre pagine o siti Internet, sempre a condizione che non siano realizzati in modo tale da ledere l&#8217;immagine pubblica e il marchio del PROPRIETARIO, del Sito o delle persone e dei prodotti a cui si faccia riferimento nello stesso. Nella creazione di collegamenti al Web, l&#8217;uso di tecniche che generino confusione sull&#8217;identit\u00e0 e sulla propriet\u00e0 dei contenuti, come il framing o altri.<\/p><p>\u00c8 vietato stabilire collegamenti da siti Internet o pagine i cui contenuti promuovano o sostengano, direttamente o indirettamente, qualsiasi tipo di violenza, discriminazione, pornografia o attivit\u00e0 illecita. Allo stesso modo, \u00e8 espressamente vietata la creazione di link per scopi commerciali.<\/p><p>Nella creazione dei collegamenti \u00e8 espressamente vietato l&#8217;uso di elementi estratti dal Sito, senza il previo ed esplicito consenso del PROPRIETARIO.<\/p><p>In nessun caso i link al Sito da parte di pagine o siti Internet di terze parti implicano relazioni tra il PROPRIETARIO e i loro proprietari, n\u00e9 implicano approvazione, sponsorizzazione o raccomandazione da parte del PROPRIETARIO su di essi, pertanto il PROPRIETARIO non sar\u00e0 responsabile in alcun caso riguardo al loro contenuto e alla loro liceit\u00e0.<\/p><p>\u00a0<\/p><p><strong>CONTENUTI E COMPORTAMENTO DELL&#8217;UTENTE<\/strong><\/p><p>Come cliente o utente del Sito, Lei accetta di fare un uso appropriato dei contenuti e dei servizi offerti attraverso di esso e di non usarli per:<\/p><ol><li>Impegnarsi in attivit\u00e0 illecite, illegali o contrarie alla buona fede e all&#8217;ordine pubblico.<\/li><\/ol><ol start=\"2\"><li>Diffondere contenuti o propaganda di natura razzista, xenofoba, pornografica, che faccia apologia del terrorismo o violi i diritti umani.<\/li><\/ol><ol start=\"3\"><li>Causare danni ai sistemi fisici e logici del PROPRIETARIO, dei suoi fornitori o di terzi, introducendo o diffondendo virus informatici o qualsiasi altro sistema fisico o logico che possa causare il suddetto danno.<\/li><\/ol><ol start=\"4\"><li>Diffondere contenuti che danneggiino l&#8217;immagine e la reputazione del PROPRIETARIO o di terzi.<\/li><\/ol><ol start=\"5\"><li>Danneggiare i diritti di Propriet\u00e0 Intellettuale, industriale, di immagine, onore o altri che corrispondano al PROPRIETARIO o a terzi.<\/li><\/ol><p>\u00a0<\/p><p>IL PROPRIETARIO avr\u00e0 piena libert\u00e0 di decisione sul fatto che le collaborazioni e i messaggi siano infine pubblicati sul Sito o no, avendo il diritto di ritirarli quando ritenuto opportuno.<\/p><p>La violazione di una qualsiasi delle regole contenute nelle presenti Condizioni d&#8217;uso e, in particolare, delle disposizioni di questa clausola, dar\u00e0 diritto al PROPRIETARIO di concludere immediatamente ogni rapporto con l&#8217;utente o con sottoscrittore del Sito.<\/p><p>\u00a0<\/p><p><strong>FORME DI PAGAMENTO<\/strong><\/p><p>Carta di credito o PayPal.<\/p><p>\u00a0<\/p><p><strong>TEMPI DI CONSEGNA<\/strong><\/p><p>Il tempo di consegna sar\u00e0 da 2 a 5 giorni.<\/p><p>\u00a0<\/p><p><strong>RECESSO<\/strong><\/p><p>Il cliente ha 14 giorni di calendario dal ricevimento dell&#8217;ordine per ritirare volontariamente il proprio acquisto, senza alcuna penalit\u00e0 e senza fornire spiegazioni.<\/p><p>L&#8217;acquisto dovr\u00e0 essere restituito con tutti i suoi prodotti. In ogni caso, per motivi di igiene i prodotti da restituire devono essere in perfette condizioni, non utilizzati, nella loro confezione e sigillo originali e con tutti i loro accessori.<\/p><p>Il cliente dovr\u00e0 assumersi i costi della spedizione di restituzione. In nessun caso saranno accettati invii a carico del PROPRIETARIO.<\/p><p>Il cliente sar\u00e0 responsabile di assicurare che il prodotto e il suo imballaggio arrivino in condizioni perfette, essendo necessario imballare gli articoli in modo appropriato, al fine di evitare possibili deterioramenti durante il trasporto.<\/p><p>Una volta ricevuto il pacchetto di reso, verificheremo il suo stato e al momento della verifica controlleremo che sia gli articoli restituiti, sia gli eventuali accessori, campioni, regali promozionali e documentazione, siano completi e in perfette condizioni. Invieremo poi al cliente una e-mail per notificare l&#8217;approvazione o il rifiuto del rimborso.<\/p><p>Il rimborso di tutti i pagamenti ricevuti per l&#8217;acquisto, comprese le spese di consegna, avverr\u00e0 entro 14 giorni di calendario dal ritiro.<\/p><p>Il rimborso sar\u00e0 elaborato tramite lo stesso mezzo di pagamento utilizzato dal cliente per la transazione iniziale.<\/p><p>Ci riserviamo il diritto di trattenere il rimborso fino a quando non avremo ricevuto i prodotti o fino a quando il cliente non abbia presentato la prova del reso degli stessi, a seconda di quale condizione sia stata soddisfatta per prima.<\/p><p>Non effettueremo il rimborso se il prodotto \u00e8 stato utilizzato.<\/p><p>Nel caso in cui il cliente riceva un prodotto sbagliato o in cattive condizioni, o in caso di perdita o danneggiamento dei prodotti da parte della societ\u00e0 di trasporti, il cliente pu\u00f2 richiederne la restituzione e\/o la sostituzione, entro 14 giorni di calendario dalla consegna. In questo caso, ci impegniamo ad assumere i costi di invio della restituzione, ritireremo il prodotto difettoso e\/o restituiremo il prodotto danneggiato con un altro prodotto identico senza costi aggiuntivi per il cliente.<\/p><p>\u00a0<\/p><p><strong>POLITICA DEI CAMBI E DEI RESI<\/strong><\/p><p>Per richiedere una modifica del prodotto, il cliente deve contattare il servizio clienti entro 14 giorni di calendario dalla ricezione dell&#8217;ordine.<\/p><p>Per motivi di salute e di igiene non saranno accettati prodotti che siano stati aperti o utilizzati dopo la consegna, quindi devono essere in perfette condizioni e nelle stesse condizioni in cui sono stati ricevuti.<\/p><p>In caso di reso, i costi di spedizione e di ritiro saranno a carico del cliente. In alcun caso saranno accettati invii a carico del PROPRIETARIO.<\/p><p>Nel caso in cui il prodotto da scambiare abbia un prezzo superiore a quello precedentemente acquistato, il cliente dovr\u00e0 pagare la differenza di valore. In caso contrario, se il nuovo prodotto ha un prezzo inferiore a quello acquistato in precedenza, non sar\u00e0 restituito la differenza in contanti, ma attraverso un buono regalo da utilizzare sul vostro prossimo acquisto.<\/p><p>Per gestire qualsiasi tipo di reso o di cambio prodotti acquistati su www.infinitomasuno.org il cliente dovr\u00e0 contattare il nostro Servizio Clienti via e-mail: pedidos@infinitomasuno.org o via telefono +34 962740780, il cui orario di apertura al pubblico \u00e8: Dal luned\u00ec al venerd\u00ec dalle 9:00 alle 16:00.<\/p><p>Il cliente dovr\u00e0 indicare il numero dell&#8217;ordine e gli diremo esattamente tutti i passaggi da seguire.<\/p><p>Si informa, inoltre, che non si accetter\u00e0 alcuna modifica o rimborso che non siano stati precedentemente segnalati dalle modalit\u00e0 indicate.<\/p><p>\u00a0<\/p><p><strong>CANCELLAZIONI<\/strong><\/p><p>Il cliente pu\u00f2 annullare l&#8217;ordine senza spese e senza specificarne il motivo, contattando al pi\u00f9 presto il Servizio Clienti: +34 658 133 610 o tramite il seguente indirizzo di posta elettronica: <a href=\"mailto:simona@infinitomasuno.org\">simona@infinitomasuno.org<\/a>.<\/p><p>Se l&#8217;ordine non ha lasciato il nostro magazzino, lo cancelleremo senza alcun problema, ma se l&#8217;ordine fosse gi\u00e0 stato evaso, dovremo aspettare di riceverlo indietro e una volta confermato il ricevimento, verr\u00e0 restituito l&#8217;importo del prodotto meno le spese di spedizione e il reso sar\u00e0 effettuato nella stessa forma di pagamento utilizzata per l&#8217;acquisto.<\/p><p>\u00a0<\/p><p><strong>PROTEZIONE DEI DATI<\/strong><\/p><p>Le informazioni o i dati personali che ci fornir\u00e0 saranno trattati in conformit\u00e0 con le disposizioni della Politica sulla Privacy. Utilizzando il presente Sito voi acconsentite al trattamento di tali informazioni e dati e si dichiara che tutte le informazioni o dati comunicati sono veri e corrispondono alla realt\u00e0.<\/p><p>\u00a0<\/p><p><strong>MODIFICHE<\/strong><\/p><p>Il PROPRIETARIO si riserva il diritto di apportare, senza preavviso, le modifiche che ritenga opportune sul Sito, potendo cambiare, cancellare o aggiungere tanto i contenuti e servizi forniti attraverso lo stesso, come il modo in cui essi siano presentati o localizzati.<\/p><p>Anche se il PROPRIETARIO metter\u00e0 i suoi maggiori sforzi per mantenere aggiornate e libere da errori le informazioni contenute nel Sito, non garantisce sull&#8217;accuratezza e l&#8217;esatta attualizzazione. Non \u00e8 garantito neanche l&#8217;ottenimento dei risultati o scopo specifico, per cui l&#8217;accesso e l&#8217;uso del Sito, \u00e8 di totale responsabilit\u00e0 degli utenti e dei clienti.<\/p><p>\u00a0<\/p><p><strong>AZIONI LEGALI<\/strong><\/p><p>\u00a0<\/p><p>Il PROPRIETARIO potr\u00e0 perseguire una violazione di queste Condizioni d&#8217;Uso, cos\u00ec come qualsiasi uso improprio del Sito o dei suoi contenuti, le violazioni dei diritti che corrispondono ad esso o dei suoi licenziatari, in particolare quelli della Propriet\u00e0 Intellettuale, intraprendendo tutte le azioni, civili e penali, che possano corrispondergli a livello legale.<\/p>\t\t\t\t\t\t\t\t<\/div>\n\t\t\t\t<\/div>\n\t\t\t\t\t<\/div>\n\t\t<\/div>\n\t\t\t\t\t<\/div>\n\t\t<\/section>\n\t\t\t\t<\/div>\n\t\t","protected":false},"excerpt":{"rendered":"<p>CONDIZIONI GENERALI DI CONTRATTAZIONE PER NEGOZI ONLINE www.infinitomasuno.org (di seguito, il Sito) \u00e8 un sito web di propriet\u00e0 di FUNDACI\u00d3N INFINITO, di seguito, il PROPRIETARIO, con Partita Iva n. ESG98499734 e sede legale in: Calle Marines, 14 Porta 5, 46183 &#8211; La Eliana (Valencia) Spagna. L&#8217;accesso, la riproduzione e l&#8217;uso dei servizi del Web richiedono [&hellip;]<\/p>\n","protected":false},"author":19323,"featured_media":0,"parent":0,"menu_order":0,"comment_status":"closed","ping_status":"closed","template":"","meta":{"_acf_changed":false,"site-sidebar-layout":"no-sidebar","site-content-layout":"page-builder","ast-site-content-layout":"default","site-content-style":"default","site-sidebar-style":"default","ast-global-header-display":"","ast-banner-title-visibility":"","ast-main-header-display":"","ast-hfb-above-header-display":"","ast-hfb-below-header-display":"","ast-hfb-mobile-header-display":"","site-post-title":"disabled","ast-breadcrumbs-content":"","ast-featured-img":"disabled","footer-sml-layout":"","ast-disable-related-posts":"","theme-transparent-header-meta":"enabled","adv-header-id-meta":"","stick-header-meta":"","header-above-stick-meta":"","header-main-stick-meta":"","header-below-stick-meta":"","astra-migrate-meta-layouts":"default","ast-page-background-enabled":"default","ast-page-background-meta":{"desktop":{"background-color":"","background-image":"","background-repeat":"repeat","background-position":"center center","background-size":"auto","background-attachment":"scroll","background-type":"","background-media":"","overlay-type":"","overlay-color":"","overlay-opacity":"","overlay-gradient":""},"tablet":{"background-color":"","background-image":"","background-repeat":"repeat","background-position":"center center","background-size":"auto","background-attachment":"scroll","background-type":"","background-media":"","overlay-type":"","overlay-color":"","overlay-opacity":"","overlay-gradient":""},"mobile":{"background-color":"","background-image":"","background-repeat":"repeat","background-position":"center center","background-size":"auto","background-attachment":"scroll","background-type":"","background-media":"","overlay-type":"","overlay-color":"","overlay-opacity":"","overlay-gradient":""}},"ast-content-background-meta":{"desktop":{"background-color":"var(--ast-global-color-5)","background-image":"","background-repeat":"repeat","background-position":"center center","background-size":"auto","background-attachment":"scroll","background-type":"","background-media":"","overlay-type":"","overlay-color":"","overlay-opacity":"","overlay-gradient":""},"tablet":{"background-color":"var(--ast-global-color-5)","background-image":"","background-repeat":"repeat","background-position":"center center","background-size":"auto","background-attachment":"scroll","background-type":"","background-media":"","overlay-type":"","overlay-color":"","overlay-opacity":"","overlay-gradient":""},"mobile":{"background-color":"var(--ast-global-color-5)","background-image":"","background-repeat":"repeat","background-position":"center center","background-size":"auto","background-attachment":"scroll","background-type":"","background-media":"","overlay-type":"","overlay-color":"","overlay-opacity":"","overlay-gradient":""}},"footnotes":""},"class_list":["post-167085","page","type-page","status-publish","hentry"],"acf":[],"aioseo_notices":[],"_links":{"self":[{"href":"https:\/\/www.infinitomasuno.org\/it\/wp-json\/wp\/v2\/pages\/167085","targetHints":{"allow":["GET"]}}],"collection":[{"href":"https:\/\/www.infinitomasuno.org\/it\/wp-json\/wp\/v2\/pages"}],"about":[{"href":"https:\/\/www.infinitomasuno.org\/it\/wp-json\/wp\/v2\/types\/page"}],"author":[{"embeddable":true,"href":"https:\/\/www.infinitomasuno.org\/it\/wp-json\/wp\/v2\/users\/19323"}],"replies":[{"embeddable":true,"href":"https:\/\/www.infinitomasuno.org\/it\/wp-json\/wp\/v2\/comments?post=167085"}],"version-history":[{"count":6,"href":"https:\/\/www.infinitomasuno.org\/it\/wp-json\/wp\/v2\/pages\/167085\/revisions"}],"predecessor-version":[{"id":167550,"href":"https:\/\/www.infinitomasuno.org\/it\/wp-json\/wp\/v2\/pages\/167085\/revisions\/167550"}],"wp:attachment":[{"href":"https:\/\/www.infinitomasuno.org\/it\/wp-json\/wp\/v2\/media?parent=167085"}],"curies":[{"name":"wp","href":"https:\/\/api.w.org\/{rel}","templated":true}]}}