{"id":223229,"date":"2025-06-13T11:58:38","date_gmt":"2025-06-13T10:58:38","guid":{"rendered":"https:\/\/www.infinitomasuno.org\/?post_type=product&#038;p=223229"},"modified":"2025-06-13T14:36:28","modified_gmt":"2025-06-13T13:36:28","slug":"gledati-online-slobodni-hrvatski-titlovi","status":"publish","type":"product","link":"https:\/\/www.infinitomasuno.org\/hr\/product-hr\/gledati-online-slobodni-hrvatski-titlovi\/","title":{"rendered":"Gledati online SLOBODNI  (Hrvatski\u00a0titlovi)"},"content":{"rendered":"<p>SLOBODNI je putovanje u nutrinu \u010dovjeka<\/p>\n<p>Ve\u0107 stolje\u0107ima mnogi mu\u0161karci i \u017eene ostavljaju sve kako bi posvetili svoj \u017eivot kontemplaciji.<\/p>\n<p>Redatelj Santos Blanco dobio je rijetku priliku za ulazak u zatvorene prostore klauzurnih samostana i razgovor s osobama koje gotovo nikada ne govore za vanjski svijet.<\/p>\n<p>\u0160to neku osobu potakne da se odvoji od svijeta koji poznaje i da izabere \u017eivot u osami do kraja \u017eivota?<\/p>\n<p>Kako razmi\u0161lja takva osoba? SLOBODNI se bavi velikim pitanjima ljudske egzistencije, a na\u0161a je jedina namjera pa\u017eljivo poslu\u0161ati \u0161to oni o tome govore.<\/p>\n","protected":false},"excerpt":{"rendered":"<p>Film je dostupan za streaming 3 dana od trenutka kupnje.<\/p>\n","protected":false},"featured_media":223237,"template":"","meta":{"_acf_changed":false,"site-sidebar-layout":"default","site-content-layout":"default","ast-site-content-layout":"default","site-content-style":"default","site-sidebar-style":"default","ast-global-header-display":"","ast-banner-title-visibility":"","ast-main-header-display":"","ast-hfb-above-header-display":"","ast-hfb-below-header-display":"","ast-hfb-mobile-header-display":"","site-post-title":"","ast-breadcrumbs-content":"","ast-featured-img":"","footer-sml-layout":"","ast-disable-related-posts":"","theme-transparent-header-meta":"default","adv-header-id-meta":"","stick-header-meta":"","header-above-stick-meta":"","header-main-stick-meta":"","header-below-stick-meta":"","astra-migrate-meta-layouts":"set","ast-page-background-enabled":"default","ast-page-background-meta":{"desktop":{"background-color":"","background-image":"","background-repeat":"repeat","background-position":"center center","background-size":"auto","background-attachment":"scroll","background-type":"","background-media":"","overlay-type":"","overlay-color":"","overlay-opacity":"","overlay-gradient":""},"tablet":{"background-color":"","background-image":"","background-repeat":"repeat","background-position":"center center","background-size":"auto","background-attachment":"scroll","background-type":"","background-media":"","overlay-type":"","overlay-color":"","overlay-opacity":"","overlay-gradient":""},"mobile":{"background-color":"","background-image":"","background-repeat":"repeat","background-position":"center center","background-size":"auto","background-attachment":"scroll","background-type":"","background-media":"","overlay-type":"","overlay-color":"","overlay-opacity":"","overlay-gradient":""}},"ast-content-background-meta":{"desktop":{"background-color":"var(--ast-global-color-5)","background-image":"","background-repeat":"repeat","background-position":"center center","background-size":"auto","background-attachment":"scroll","background-type":"","background-media":"","overlay-type":"","overlay-color":"","overlay-opacity":"","overlay-gradient":""},"tablet":{"background-color":"var(--ast-global-color-5)","background-image":"","background-repeat":"repeat","background-position":"center center","background-size":"auto","background-attachment":"scroll","background-type":"","background-media":"","overlay-type":"","overlay-color":"","overlay-opacity":"","overlay-gradient":""},"mobile":{"background-color":"var(--ast-global-color-5)","background-image":"","background-repeat":"repeat","background-position":"center center","background-size":"auto","background-attachment":"scroll","background-type":"","background-media":"","overlay-type":"","overlay-color":"","overlay-opacity":"","overlay-gradient":""}}},"product_brand":[],"product_cat":[658,486,768],"product_tag":[579],"class_list":{"0":"post-223229","1":"product","2":"type-product","3":"status-publish","4":"has-post-thumbnail","6":"product_cat-online-hr","7":"product_cat-produkcije-hr","8":"product_cat-slodobni-hr","9":"product_tag-streaming-online","10":"desktop-align-left","11":"tablet-align-left","12":"mobile-align-left","14":"first","15":"instock","16":"downloadable","17":"virtual","18":"purchasable","19":"product-type-simple"},"acf":[],"aioseo_notices":[],"_links":{"self":[{"href":"https:\/\/www.infinitomasuno.org\/hr\/wp-json\/wp\/v2\/product\/223229","targetHints":{"allow":["GET"]}}],"collection":[{"href":"https:\/\/www.infinitomasuno.org\/hr\/wp-json\/wp\/v2\/product"}],"about":[{"href":"https:\/\/www.infinitomasuno.org\/hr\/wp-json\/wp\/v2\/types\/product"}],"version-history":[{"count":1,"href":"https:\/\/www.infinitomasuno.org\/hr\/wp-json\/wp\/v2\/product\/223229\/revisions"}],"predecessor-version":[{"id":223230,"href":"https:\/\/www.infinitomasuno.org\/hr\/wp-json\/wp\/v2\/product\/223229\/revisions\/223230"}],"wp:featuredmedia":[{"embeddable":true,"href":"https:\/\/www.infinitomasuno.org\/hr\/wp-json\/wp\/v2\/media\/223237"}],"wp:attachment":[{"href":"https:\/\/www.infinitomasuno.org\/hr\/wp-json\/wp\/v2\/media?parent=223229"}],"wp:term":[{"taxonomy":"product_brand","embeddable":true,"href":"https:\/\/www.infinitomasuno.org\/hr\/wp-json\/wp\/v2\/product_brand?post=223229"},{"taxonomy":"product_cat","embeddable":true,"href":"https:\/\/www.infinitomasuno.org\/hr\/wp-json\/wp\/v2\/product_cat?post=223229"},{"taxonomy":"product_tag","embeddable":true,"href":"https:\/\/www.infinitomasuno.org\/hr\/wp-json\/wp\/v2\/product_tag?post=223229"}],"curies":[{"name":"wp","href":"https:\/\/api.w.org\/{rel}","templated":true}]}}