{"id":208788,"date":"2023-04-21T10:44:05","date_gmt":"2023-04-21T09:44:05","guid":{"rendered":"https:\/\/www.infinitomasuno.org\/?post_type=product&#038;p=208788"},"modified":"2025-06-13T12:11:07","modified_gmt":"2025-06-13T11:11:07","slug":"gledati-online-svitanje-u-kalkuti-hrvatski-titlovi","status":"publish","type":"product","link":"https:\/\/www.infinitomasuno.org\/hr\/product-hr\/gledati-online-svitanje-u-kalkuti-hrvatski-titlovi\/","title":{"rendered":"Gledati online SVITANJE U KALKUTI  (Hrvatski\u00a0titlovi)"},"content":{"rendered":"<p>Novi film\u00a0<em>Svitanje u Kalkuti<\/em>\u00a0redatelja Jos\u00e9 Marije Zavale\u00a0<em>(Misterij Padre Pija, Nanovo ro\u0111eni i Wojtyla. Istraga),<\/em>\u00a0himna je o maloj, ali i velikoj \u017eeni, koja je svoj \u017eivot posvetila najsiroma\u0161nijima me\u0111u siroma\u0161nima.<\/p>\n<p>Ono u \u010demu nas sveta Terezija iz Kalkute pou\u010dava jest spoznaja da je glavni grad Indije i danas posvuda prisutan. I u va\u0161em gradu postoji jedna Kalkuta u kojoj ljudi \u017eive lo\u0161e i potrebna im je Ljubav (pisano velikim Lj).<\/p>\n<p>U brzom tempu trilera\u00a0<em>Svitanje u Kalkuti<\/em>\u00a0prikazuje preplet svjedo\u010danstava \u0161estero ljudi, koji i danas riskiraju svoje \u017eivote na najudaljenijim mjestima planeta da bi svjedo\u010dili i ljubili Krista prema duhovnosti Majke Terezije.<\/p>\n<p>S prekrasnom izvornom indijskom glazbom film \u0107e zasigurno dirnuti srca mnogih gledatelja, osobito onih koji u svojoj zoni komfora zanemaruju ono \u0161to se doga\u0111a s druge strane stvarnosti.<\/p>\n<p>Ta dramati\u010dna svjedo\u010danstva mnoge \u0107e duboko dotaknuti.<\/p>\n","protected":false},"excerpt":{"rendered":"<p>Film je dostupan za streaming 3 dana od trenutka kupnje.<\/p>\n","protected":false},"featured_media":208776,"template":"","meta":{"_acf_changed":false,"site-sidebar-layout":"default","site-content-layout":"default","ast-site-content-layout":"default","site-content-style":"default","site-sidebar-style":"default","ast-global-header-display":"","ast-banner-title-visibility":"","ast-main-header-display":"","ast-hfb-above-header-display":"","ast-hfb-below-header-display":"","ast-hfb-mobile-header-display":"","site-post-title":"","ast-breadcrumbs-content":"","ast-featured-img":"","footer-sml-layout":"","ast-disable-related-posts":"","theme-transparent-header-meta":"default","adv-header-id-meta":"","stick-header-meta":"","header-above-stick-meta":"","header-main-stick-meta":"","header-below-stick-meta":"","astra-migrate-meta-layouts":"set","ast-page-background-enabled":"default","ast-page-background-meta":{"desktop":{"background-color":"","background-image":"","background-repeat":"repeat","background-position":"center center","background-size":"auto","background-attachment":"scroll","background-type":"","background-media":"","overlay-type":"","overlay-color":"","overlay-opacity":"","overlay-gradient":""},"tablet":{"background-color":"","background-image":"","background-repeat":"repeat","background-position":"center center","background-size":"auto","background-attachment":"scroll","background-type":"","background-media":"","overlay-type":"","overlay-color":"","overlay-opacity":"","overlay-gradient":""},"mobile":{"background-color":"","background-image":"","background-repeat":"repeat","background-position":"center center","background-size":"auto","background-attachment":"scroll","background-type":"","background-media":"","overlay-type":"","overlay-color":"","overlay-opacity":"","overlay-gradient":""}},"ast-content-background-meta":{"desktop":{"background-color":"var(--ast-global-color-5)","background-image":"","background-repeat":"repeat","background-position":"center center","background-size":"auto","background-attachment":"scroll","background-type":"","background-media":"","overlay-type":"","overlay-color":"","overlay-opacity":"","overlay-gradient":""},"tablet":{"background-color":"var(--ast-global-color-5)","background-image":"","background-repeat":"repeat","background-position":"center center","background-size":"auto","background-attachment":"scroll","background-type":"","background-media":"","overlay-type":"","overlay-color":"","overlay-opacity":"","overlay-gradient":""},"mobile":{"background-color":"var(--ast-global-color-5)","background-image":"","background-repeat":"repeat","background-position":"center center","background-size":"auto","background-attachment":"scroll","background-type":"","background-media":"","overlay-type":"","overlay-color":"","overlay-opacity":"","overlay-gradient":""}}},"product_brand":[],"product_cat":[658,486,664],"product_tag":[579],"class_list":{"0":"post-208788","1":"product","2":"type-product","3":"status-publish","4":"has-post-thumbnail","6":"product_cat-online-hr","7":"product_cat-produkcije-hr","8":"product_cat-svitanje-hr","9":"product_tag-streaming-online","10":"desktop-align-left","11":"tablet-align-left","12":"mobile-align-left","14":"first","15":"instock","16":"downloadable","17":"virtual","18":"purchasable","19":"product-type-simple"},"acf":[],"aioseo_notices":[],"_links":{"self":[{"href":"https:\/\/www.infinitomasuno.org\/hr\/wp-json\/wp\/v2\/product\/208788","targetHints":{"allow":["GET"]}}],"collection":[{"href":"https:\/\/www.infinitomasuno.org\/hr\/wp-json\/wp\/v2\/product"}],"about":[{"href":"https:\/\/www.infinitomasuno.org\/hr\/wp-json\/wp\/v2\/types\/product"}],"version-history":[{"count":3,"href":"https:\/\/www.infinitomasuno.org\/hr\/wp-json\/wp\/v2\/product\/208788\/revisions"}],"predecessor-version":[{"id":220365,"href":"https:\/\/www.infinitomasuno.org\/hr\/wp-json\/wp\/v2\/product\/208788\/revisions\/220365"}],"wp:featuredmedia":[{"embeddable":true,"href":"https:\/\/www.infinitomasuno.org\/hr\/wp-json\/wp\/v2\/media\/208776"}],"wp:attachment":[{"href":"https:\/\/www.infinitomasuno.org\/hr\/wp-json\/wp\/v2\/media?parent=208788"}],"wp:term":[{"taxonomy":"product_brand","embeddable":true,"href":"https:\/\/www.infinitomasuno.org\/hr\/wp-json\/wp\/v2\/product_brand?post=208788"},{"taxonomy":"product_cat","embeddable":true,"href":"https:\/\/www.infinitomasuno.org\/hr\/wp-json\/wp\/v2\/product_cat?post=208788"},{"taxonomy":"product_tag","embeddable":true,"href":"https:\/\/www.infinitomasuno.org\/hr\/wp-json\/wp\/v2\/product_tag?post=208788"}],"curies":[{"name":"wp","href":"https:\/\/api.w.org\/{rel}","templated":true}]}}