{"id":144420,"date":"2021-05-08T11:32:18","date_gmt":"2021-05-08T10:32:18","guid":{"rendered":"https:\/\/infinitomasuno.org\/producto\/visionado-online-el-mayor-regalo-espanol\/"},"modified":"2025-02-14T13:21:39","modified_gmt":"2025-02-14T12:21:39","slug":"streaming-najveci-dar-hrvatski-titlovi","status":"publish","type":"product","link":"https:\/\/www.infinitomasuno.org\/hr\/product-hr\/streaming-najveci-dar-hrvatski-titlovi\/","title":{"rendered":"Gledati online NAJVE\u0106I DAR (Hrvatski\u00a0titlovi)"},"content":{"rendered":"<h2>SADR\u017dAJ FILMA<\/h2>\n<div>\n<p>Netko \u0107e nekoga ubiti. Volio bih da je to samo film.<\/p>\n<p>Ho\u0107emo li odustati&#8230; ili \u0107emo tra\u017eiti jedan druga\u010diji, sretan kraj?<\/p>\n<p>Postoji oru\u017eje koje mo\u017ee zaustaviti svaki sukob.<\/p>\n<p>To je oru\u017eje ve\u0107 upotrijebljeno u Francuskoj, \u0160panjolskoj, Irskoj, Meksiku, Kolumbiji, Ruandi\u2026 i uvijek djeluje.<\/p>\n<p>Njegova stvarala\u010dka mo\u0107 je neizmjerna. I \u0161tovi\u0161e, besplatna.<\/p>\n<p>Ali morate biti vrlo hrabri da biste ga upotrijebili.<\/p>\n<p>Grci to zovu \u201chiper-dar&#8221;: NAJVE\u0106I DAR<\/p>\n<\/div>\n","protected":false},"excerpt":{"rendered":"<p>Film je dostupan za streaming 3 dana od trenutka kupnje.<\/p>\n","protected":false},"featured_media":144168,"template":"","meta":{"_acf_changed":false,"site-sidebar-layout":"default","site-content-layout":"default","ast-site-content-layout":"default","site-content-style":"default","site-sidebar-style":"default","ast-global-header-display":"","ast-banner-title-visibility":"","ast-main-header-display":"","ast-hfb-above-header-display":"","ast-hfb-below-header-display":"","ast-hfb-mobile-header-display":"","site-post-title":"","ast-breadcrumbs-content":"","ast-featured-img":"","footer-sml-layout":"","ast-disable-related-posts":"","theme-transparent-header-meta":"default","adv-header-id-meta":"","stick-header-meta":"","header-above-stick-meta":"","header-main-stick-meta":"","header-below-stick-meta":"","astra-migrate-meta-layouts":"default","ast-page-background-enabled":"default","ast-page-background-meta":{"desktop":{"background-color":"","background-image":"","background-repeat":"repeat","background-position":"center center","background-size":"auto","background-attachment":"scroll","background-type":"","background-media":"","overlay-type":"","overlay-color":"","overlay-opacity":"","overlay-gradient":""},"tablet":{"background-color":"","background-image":"","background-repeat":"repeat","background-position":"center center","background-size":"auto","background-attachment":"scroll","background-type":"","background-media":"","overlay-type":"","overlay-color":"","overlay-opacity":"","overlay-gradient":""},"mobile":{"background-color":"","background-image":"","background-repeat":"repeat","background-position":"center center","background-size":"auto","background-attachment":"scroll","background-type":"","background-media":"","overlay-type":"","overlay-color":"","overlay-opacity":"","overlay-gradient":""}},"ast-content-background-meta":{"desktop":{"background-color":"var(--ast-global-color-5)","background-image":"","background-repeat":"repeat","background-position":"center center","background-size":"auto","background-attachment":"scroll","background-type":"","background-media":"","overlay-type":"","overlay-color":"","overlay-opacity":"","overlay-gradient":""},"tablet":{"background-color":"var(--ast-global-color-5)","background-image":"","background-repeat":"repeat","background-position":"center center","background-size":"auto","background-attachment":"scroll","background-type":"","background-media":"","overlay-type":"","overlay-color":"","overlay-opacity":"","overlay-gradient":""},"mobile":{"background-color":"var(--ast-global-color-5)","background-image":"","background-repeat":"repeat","background-position":"center center","background-size":"auto","background-attachment":"scroll","background-type":"","background-media":"","overlay-type":"","overlay-color":"","overlay-opacity":"","overlay-gradient":""}}},"product_brand":[],"product_cat":[507,658,486],"product_tag":[579],"class_list":{"0":"post-144420","1":"product","2":"type-product","3":"status-publish","4":"has-post-thumbnail","6":"product_cat-najveci-dar-hr","7":"product_cat-online-hr","8":"product_cat-produkcije-hr","9":"product_tag-streaming-online","10":"desktop-align-left","11":"tablet-align-left","12":"mobile-align-left","14":"first","15":"instock","16":"downloadable","17":"virtual","18":"purchasable","19":"product-type-simple"},"acf":[],"aioseo_notices":[],"_links":{"self":[{"href":"https:\/\/www.infinitomasuno.org\/hr\/wp-json\/wp\/v2\/product\/144420","targetHints":{"allow":["GET"]}}],"collection":[{"href":"https:\/\/www.infinitomasuno.org\/hr\/wp-json\/wp\/v2\/product"}],"about":[{"href":"https:\/\/www.infinitomasuno.org\/hr\/wp-json\/wp\/v2\/types\/product"}],"version-history":[{"count":10,"href":"https:\/\/www.infinitomasuno.org\/hr\/wp-json\/wp\/v2\/product\/144420\/revisions"}],"predecessor-version":[{"id":208685,"href":"https:\/\/www.infinitomasuno.org\/hr\/wp-json\/wp\/v2\/product\/144420\/revisions\/208685"}],"wp:featuredmedia":[{"embeddable":true,"href":"https:\/\/www.infinitomasuno.org\/hr\/wp-json\/wp\/v2\/media\/144168"}],"wp:attachment":[{"href":"https:\/\/www.infinitomasuno.org\/hr\/wp-json\/wp\/v2\/media?parent=144420"}],"wp:term":[{"taxonomy":"product_brand","embeddable":true,"href":"https:\/\/www.infinitomasuno.org\/hr\/wp-json\/wp\/v2\/product_brand?post=144420"},{"taxonomy":"product_cat","embeddable":true,"href":"https:\/\/www.infinitomasuno.org\/hr\/wp-json\/wp\/v2\/product_cat?post=144420"},{"taxonomy":"product_tag","embeddable":true,"href":"https:\/\/www.infinitomasuno.org\/hr\/wp-json\/wp\/v2\/product_tag?post=144420"}],"curies":[{"name":"wp","href":"https:\/\/api.w.org\/{rel}","templated":true}]}}