{"id":195320,"date":"2021-10-04T14:00:26","date_gmt":"2021-10-04T12:00:26","guid":{"rendered":"https:\/\/www.infinitomasuno.org\/formulario-tlfp-en-tu-pais-infinito1\/"},"modified":"2022-09-28T09:46:02","modified_gmt":"2022-09-28T07:46:02","slug":"formulario-tlfp-en-tu-pais-infinito1","status":"publish","type":"page","link":"https:\/\/www.infinitomasuno.org\/hr\/formulario-tlfp-en-tu-pais-infinito1\/","title":{"rendered":"Formulario TLFP En tu pa\u00eds Infinito+1"},"content":{"rendered":"\t\t<div data-elementor-type=\"wp-page\" data-elementor-id=\"195320\" class=\"elementor elementor-195320 elementor-181110\" data-elementor-post-type=\"page\">\n\t\t\t\t\t\t<section class=\"elementor-section elementor-top-section elementor-element elementor-element-d1f8ef9 elementor-section-boxed elementor-section-height-default elementor-section-height-default\" data-id=\"d1f8ef9\" data-element_type=\"section\" data-e-type=\"section\" data-settings=\"{&quot;background_background&quot;:&quot;classic&quot;}\">\n\t\t\t\t\t\t<div class=\"elementor-container elementor-column-gap-default\">\n\t\t\t\t\t<div class=\"elementor-column elementor-col-100 elementor-top-column elementor-element elementor-element-7e43a73\" data-id=\"7e43a73\" data-element_type=\"column\" data-e-type=\"column\">\n\t\t\t<div class=\"elementor-widget-wrap elementor-element-populated\">\n\t\t\t\t\t\t<div class=\"elementor-element elementor-element-db396c9 elementor-button-align-center elementor-widget elementor-widget-form\" data-id=\"db396c9\" data-element_type=\"widget\" data-e-type=\"widget\" data-settings=\"{&quot;step_next_label&quot;:&quot;Next&quot;,&quot;step_previous_label&quot;:&quot;Previous&quot;,&quot;step_type&quot;:&quot;number_text&quot;,&quot;step_icon_shape&quot;:&quot;circle&quot;}\" data-widget_type=\"form.default\">\n\t\t\t\t<div class=\"elementor-widget-container\">\n\t\t\t\t\t\t\t<form class=\"elementor-form\" method=\"post\" id=\"tlfp_pais_i\" name=\"Proyecci\u00f3n Privada\" aria-label=\"Proyecci\u00f3n Privada\">\n\t\t\t<input type=\"hidden\" name=\"post_id\" value=\"195320\"\/>\n\t\t\t<input type=\"hidden\" name=\"form_id\" value=\"db396c9\"\/>\n\t\t\t<input type=\"hidden\" name=\"referer_title\" value=\"Formulario TLFP En tu pa\u00eds Infinito+1 - Fundaci\u00f3n INFINITO + 1\" \/>\n\n\t\t\t\t\t\t\t<input type=\"hidden\" name=\"queried_id\" value=\"195320\"\/>\n\t\t\t\n\t\t\t<div class=\"elementor-form-fields-wrapper elementor-labels-above\">\n\t\t\t\t\t\t\t\t<div class=\"elementor-field-type-text elementor-field-group elementor-column elementor-field-group-name elementor-col-33 elementor-field-required elementor-mark-required\">\n\t\t\t\t\t\t\t\t\t\t\t\t<label for=\"form-field-name\" class=\"elementor-field-label\">\n\t\t\t\t\t\t\t\tIme tvrtke\t\t\t\t\t\t\t<\/label>\n\t\t\t\t\t\t\t\t\t\t\t\t\t\t<input size=\"1\" type=\"text\" name=\"form_fields[name]\" id=\"form-field-name\" class=\"elementor-field elementor-size-sm  elementor-field-textual\" placeholder=\"Ime tvrtke\" required=\"required\">\n\t\t\t\t\t\t\t\t\t\t\t<\/div>\n\t\t\t\t\t\t\t\t<div class=\"elementor-field-type-text elementor-field-group elementor-column elementor-field-group-field_7260736 elementor-col-33 elementor-field-required elementor-mark-required\">\n\t\t\t\t\t\t\t\t\t\t\t\t<label for=\"form-field-field_7260736\" class=\"elementor-field-label\">\n\t\t\t\t\t\t\t\tOdgovorna osoba\t\t\t\t\t\t\t<\/label>\n\t\t\t\t\t\t\t\t\t\t\t\t\t\t<input size=\"1\" type=\"text\" name=\"form_fields[field_7260736]\" id=\"form-field-field_7260736\" class=\"elementor-field elementor-size-sm  elementor-field-textual\" placeholder=\"Odgovorna osoba\" required=\"required\">\n\t\t\t\t\t\t\t\t\t\t\t<\/div>\n\t\t\t\t\t\t\t\t<div class=\"elementor-field-type-text elementor-field-group elementor-column elementor-field-group-field_dd13eb5 elementor-col-33\">\n\t\t\t\t\t\t\t\t\t\t\t\t<label for=\"form-field-field_dd13eb5\" class=\"elementor-field-label\">\n\t\t\t\t\t\t\t\tPolo\u017eaj\t\t\t\t\t\t\t<\/label>\n\t\t\t\t\t\t\t\t\t\t\t\t\t\t<input size=\"1\" type=\"text\" name=\"form_fields[field_dd13eb5]\" id=\"form-field-field_dd13eb5\" class=\"elementor-field elementor-size-sm  elementor-field-textual\" placeholder=\"Polo\u017eaj\">\n\t\t\t\t\t\t\t\t\t\t\t<\/div>\n\t\t\t\t\t\t\t\t<div class=\"elementor-field-type-text elementor-field-group elementor-column elementor-field-group-field_0bbb42c elementor-col-33\">\n\t\t\t\t\t\t\t\t\t\t\t\t<label for=\"form-field-field_0bbb42c\" class=\"elementor-field-label\">\n\t\t\t\t\t\t\t\tAdresa tvrtke\t\t\t\t\t\t\t<\/label>\n\t\t\t\t\t\t\t\t\t\t\t\t\t\t<input size=\"1\" type=\"text\" name=\"form_fields[field_0bbb42c]\" id=\"form-field-field_0bbb42c\" class=\"elementor-field elementor-size-sm  elementor-field-textual\" placeholder=\"Adresa tvrtke\">\n\t\t\t\t\t\t\t\t\t\t\t<\/div>\n\t\t\t\t\t\t\t\t<div class=\"elementor-field-type-text elementor-field-group elementor-column elementor-field-group-field_340cb8c elementor-col-33 elementor-field-required elementor-mark-required\">\n\t\t\t\t\t\t\t\t\t\t\t\t<label for=\"form-field-field_340cb8c\" class=\"elementor-field-label\">\n\t\t\t\t\t\t\t\tGrad\t\t\t\t\t\t\t<\/label>\n\t\t\t\t\t\t\t\t\t\t\t\t\t\t<input size=\"1\" type=\"text\" name=\"form_fields[field_340cb8c]\" id=\"form-field-field_340cb8c\" class=\"elementor-field elementor-size-sm  elementor-field-textual\" placeholder=\"Grad\" required=\"required\">\n\t\t\t\t\t\t\t\t\t\t\t<\/div>\n\t\t\t\t\t\t\t\t<div class=\"elementor-field-type-text elementor-field-group elementor-column elementor-field-group-field_39d2e48 elementor-col-33 elementor-field-required elementor-mark-required\">\n\t\t\t\t\t\t\t\t\t\t\t\t<label for=\"form-field-field_39d2e48\" class=\"elementor-field-label\">\n\t\t\t\t\t\t\t\t\u017dupanija\t\t\t\t\t\t\t<\/label>\n\t\t\t\t\t\t\t\t\t\t\t\t\t\t<input size=\"1\" type=\"text\" name=\"form_fields[field_39d2e48]\" id=\"form-field-field_39d2e48\" class=\"elementor-field elementor-size-sm  elementor-field-textual\" placeholder=\"\u017dupanija\" required=\"required\">\n\t\t\t\t\t\t\t\t\t\t\t<\/div>\n\t\t\t\t\t\t\t\t<div class=\"elementor-field-type-text elementor-field-group elementor-column elementor-field-group-field_54e9f8b elementor-col-33 elementor-field-required elementor-mark-required\">\n\t\t\t\t\t\t\t\t\t\t\t\t<label for=\"form-field-field_54e9f8b\" class=\"elementor-field-label\">\n\t\t\t\t\t\t\t\tDr\u017eava\t\t\t\t\t\t\t<\/label>\n\t\t\t\t\t\t\t\t\t\t\t\t\t\t<input size=\"1\" type=\"text\" name=\"form_fields[field_54e9f8b]\" id=\"form-field-field_54e9f8b\" class=\"elementor-field elementor-size-sm  elementor-field-textual\" placeholder=\"Dr\u017eava\" required=\"required\">\n\t\t\t\t\t\t\t\t\t\t\t<\/div>\n\t\t\t\t\t\t\t\t<div class=\"elementor-field-type-tel elementor-field-group elementor-column elementor-field-group-field_e61213b elementor-col-33 elementor-field-required elementor-mark-required\">\n\t\t\t\t\t\t\t\t\t\t\t\t<label for=\"form-field-field_e61213b\" class=\"elementor-field-label\">\n\t\t\t\t\t\t\t\tMobitel\t\t\t\t\t\t\t<\/label>\n\t\t\t\t\t\t\t\t<input size=\"1\" type=\"tel\" name=\"form_fields[field_e61213b]\" id=\"form-field-field_e61213b\" class=\"elementor-field elementor-size-sm  elementor-field-textual\" placeholder=\"Mobitel \/ Whatsapp\" required=\"required\" pattern=\"[0-9()#&amp;+*-=.]+\" title=\"Only numbers and phone characters (#, -, *, etc) are accepted.\">\n\n\t\t\t\t\t\t<\/div>\n\t\t\t\t\t\t\t\t<div class=\"elementor-field-type-email elementor-field-group elementor-column elementor-field-group-email elementor-col-50 elementor-field-required elementor-mark-required\">\n\t\t\t\t\t\t\t\t\t\t\t\t<label for=\"form-field-email\" class=\"elementor-field-label\">\n\t\t\t\t\t\t\t\tEmail\t\t\t\t\t\t\t<\/label>\n\t\t\t\t\t\t\t\t\t\t\t\t\t\t<input size=\"1\" type=\"email\" name=\"form_fields[email]\" id=\"form-field-email\" class=\"elementor-field elementor-size-sm  elementor-field-textual\" placeholder=\"Email\" required=\"required\">\n\t\t\t\t\t\t\t\t\t\t\t<\/div>\n\t\t\t\t\t\t\t\t<div class=\"elementor-field-type-text elementor-field-group elementor-column elementor-field-group-field_1f7ca59 elementor-col-50\">\n\t\t\t\t\t\t\t\t\t\t\t\t<label for=\"form-field-field_1f7ca59\" class=\"elementor-field-label\">\n\t\t\t\t\t\t\t\tWeb stranica\t\t\t\t\t\t\t<\/label>\n\t\t\t\t\t\t\t\t\t\t\t\t\t\t<input size=\"1\" type=\"text\" name=\"form_fields[field_1f7ca59]\" id=\"form-field-field_1f7ca59\" class=\"elementor-field elementor-size-sm  elementor-field-textual\" placeholder=\"Web stranica\">\n\t\t\t\t\t\t\t\t\t\t\t<\/div>\n\t\t\t\t\t\t\t\t<div class=\"elementor-field-type-text elementor-field-group elementor-column elementor-field-group-field_e0ad67d elementor-col-100\">\n\t\t\t\t\t\t\t\t\t\t\t\t<label for=\"form-field-field_e0ad67d\" class=\"elementor-field-label\">\n\t\t\t\t\t\t\t\tO.I.B.\t\t\t\t\t\t\t<\/label>\n\t\t\t\t\t\t\t\t\t\t\t\t\t\t<input size=\"1\" type=\"text\" name=\"form_fields[field_e0ad67d]\" id=\"form-field-field_e0ad67d\" class=\"elementor-field elementor-size-sm  elementor-field-textual\" placeholder=\"O.I.B.\">\n\t\t\t\t\t\t\t\t\t\t\t<\/div>\n\t\t\t\t\t\t\t\t<div class=\"elementor-field-type-checkbox elementor-field-group elementor-column elementor-field-group-field_1198e9d elementor-col-100\">\n\t\t\t\t\t\t\t\t\t\t\t\t<label for=\"form-field-field_1198e9d\" class=\"elementor-field-label\">\n\t\t\t\t\t\t\t\tSustav projekcije\t\t\t\t\t\t\t<\/label>\n\t\t\t\t\t\t<div class=\"elementor-field-subgroup  \"><span class=\"elementor-field-option\"><input type=\"checkbox\" value=\"DCP\" id=\"form-field-field_1198e9d-0\" name=\"form_fields[field_1198e9d][]\"> <label for=\"form-field-field_1198e9d-0\">DCP<\/label><\/span><span class=\"elementor-field-option\"><input type=\"checkbox\" value=\"Blu ray\" id=\"form-field-field_1198e9d-1\" name=\"form_fields[field_1198e9d][]\"> <label for=\"form-field-field_1198e9d-1\">Blu ray<\/label><\/span><span class=\"elementor-field-option\"><input type=\"checkbox\" value=\"Drugo\" id=\"form-field-field_1198e9d-2\" name=\"form_fields[field_1198e9d][]\"> <label for=\"form-field-field_1198e9d-2\">Drugo<\/label><\/span><span class=\"elementor-field-option\"><input type=\"checkbox\" value=\"\" id=\"form-field-field_1198e9d-3\" name=\"form_fields[field_1198e9d][]\"> <label for=\"form-field-field_1198e9d-3\"><\/label><\/span><\/div>\t\t\t\t<\/div>\n\t\t\t\t\t\t\t\t<div class=\"elementor-field-type-textarea elementor-field-group elementor-column elementor-field-group-message elementor-col-100\">\n\t\t\t\t\t\t\t\t\t\t\t\t<label for=\"form-field-message\" class=\"elementor-field-label\">\n\t\t\t\t\t\t\t\tPoruka\t\t\t\t\t\t\t<\/label>\n\t\t\t\t\t\t<textarea class=\"elementor-field-textual elementor-field  elementor-size-sm\" name=\"form_fields[message]\" id=\"form-field-message\" rows=\"4\" placeholder=\"Poruka\"><\/textarea>\t\t\t\t<\/div>\n\t\t\t\t\t\t\t\t<div class=\"elementor-field-type-acceptance elementor-field-group elementor-column elementor-field-group-boletin elementor-col-100\">\n\t\t\t\t\t\t\t\t\t\t\t\t<label for=\"form-field-boletin\" class=\"elementor-field-label\">\n\t\t\t\t\t\t\t\t\u017delim redovito primati informacije od Infinita. \t\t\t\t\t\t\t<\/label>\n\t\t\t\t\t\t\t\t<div class=\"elementor-field-subgroup\">\n\t\t\t<span class=\"elementor-field-option\">\n\t\t\t\t<input type=\"checkbox\" name=\"form_fields[boletin]\" id=\"form-field-boletin\" class=\"elementor-field elementor-size-sm  elementor-acceptance-field\" checked=\"checked\">\n\t\t\t\t\t\t\t<\/span>\n\t\t<\/div>\n\t\t\t\t\t\t<\/div>\n\t\t\t\t\t\t\t\t<div class=\"elementor-field-type-acceptance elementor-field-group elementor-column elementor-field-group-field_1f8aa29 elementor-col-100 elementor-field-required elementor-mark-required\">\n\t\t\t\t\t\t\t\t\t\t\t\t<label for=\"form-field-field_1f8aa29\" class=\"elementor-field-label\">\n\t\t\t\t\t\t\t\tPro\u010ditao\/la sam  <a href=\"\/hr\/pravila-privatnosti\/\">i prihva\u0107am pravila privatnosti. \t\t\t\t\t\t\t<\/label>\n\t\t\t\t\t\t\t\t<div class=\"elementor-field-subgroup\">\n\t\t\t<span class=\"elementor-field-option\">\n\t\t\t\t<input type=\"checkbox\" name=\"form_fields[field_1f8aa29]\" id=\"form-field-field_1f8aa29\" class=\"elementor-field elementor-size-sm  elementor-acceptance-field\" required=\"required\">\n\t\t\t\t\t\t\t<\/span>\n\t\t<\/div>\n\t\t\t\t\t\t<\/div>\n\t\t\t\t\t\t\t\t<div class=\"elementor-field-group elementor-column elementor-field-type-submit elementor-col-100 e-form__buttons\">\n\t\t\t\t\t<button class=\"elementor-button elementor-size-md\" type=\"submit\">\n\t\t\t\t\t\t<span class=\"elementor-button-content-wrapper\">\n\t\t\t\t\t\t\t\t\t\t\t\t\t\t\t\t\t\t\t\t\t\t<span class=\"elementor-button-text\">Poslati<\/span>\n\t\t\t\t\t\t\t\t\t\t\t\t\t<\/span>\n\t\t\t\t\t<\/button>\n\t\t\t\t<\/div>\n\t\t\t<\/div>\n\t\t<\/form>\n\t\t\t\t\t\t<\/div>\n\t\t\t\t<\/div>\n\t\t\t\t<div class=\"elementor-element elementor-element-4a4283a elementor-widget elementor-widget-text-editor\" data-id=\"4a4283a\" data-element_type=\"widget\" data-e-type=\"widget\" data-widget_type=\"text-editor.default\">\n\t\t\t\t<div class=\"elementor-widget-container\">\n\t\t\t\t\t\t\t\t\t<p>Va\u0161e podatke pohranjujemo u datoteke FUNDACI\u00d3N INFINITO + 1 da bismo vas informirali o na\u0161im aktivnostima.<br \/>\u017delite li pristupiti, izmijeniti ili poni\u0161titi svoje podatke, po\u0161aljite email na fundacion@infinitomasuno.org ili po\u0161tom na<br \/>FUNDACI\u00d3N INFINITO + 1, Calle Marines 14, Pta. 5, 46183 \u2013 La Eliana, Valencija, Espa\u00f1a. Hvala!<\/p>\t\t\t\t\t\t\t\t<\/div>\n\t\t\t\t<\/div>\n\t\t\t\t\t<\/div>\n\t\t<\/div>\n\t\t\t\t\t<\/div>\n\t\t<\/section>\n\t\t\t\t<\/div>\n\t\t","protected":false},"excerpt":{"rendered":"<p>Va\u0161e podatke pohranjujemo u datoteke FUNDACI\u00d3N INFINITO + 1 da bismo vas informirali o na\u0161im aktivnostima.\u017delite li pristupiti, izmijeniti ili poni\u0161titi svoje podatke, po\u0161aljite email na fundacion@infinitomasuno.org ili po\u0161tom naFUNDACI\u00d3N INFINITO + 1, Calle Marines 14, Pta. 5, 46183 \u2013 La Eliana, Valencija, Espa\u00f1a. Hvala!<\/p>\n","protected":false},"author":3986,"featured_media":0,"parent":0,"menu_order":0,"comment_status":"closed","ping_status":"closed","template":"","meta":{"_acf_changed":false,"site-sidebar-layout":"no-sidebar","site-content-layout":"page-builder","ast-site-content-layout":"default","site-content-style":"default","site-sidebar-style":"default","ast-global-header-display":"","ast-banner-title-visibility":"","ast-main-header-display":"","ast-hfb-above-header-display":"","ast-hfb-below-header-display":"","ast-hfb-mobile-header-display":"","site-post-title":"disabled","ast-breadcrumbs-content":"","ast-featured-img":"disabled","footer-sml-layout":"","ast-disable-related-posts":"","theme-transparent-header-meta":"default","adv-header-id-meta":"","stick-header-meta":"","header-above-stick-meta":"","header-main-stick-meta":"","header-below-stick-meta":"","astra-migrate-meta-layouts":"default","ast-page-background-enabled":"default","ast-page-background-meta":{"desktop":{"background-color":"","background-image":"","background-repeat":"repeat","background-position":"center center","background-size":"auto","background-attachment":"scroll","background-type":"","background-media":"","overlay-type":"","overlay-color":"","overlay-opacity":"","overlay-gradient":""},"tablet":{"background-color":"","background-image":"","background-repeat":"repeat","background-position":"center center","background-size":"auto","background-attachment":"scroll","background-type":"","background-media":"","overlay-type":"","overlay-color":"","overlay-opacity":"","overlay-gradient":""},"mobile":{"background-color":"","background-image":"","background-repeat":"repeat","background-position":"center center","background-size":"auto","background-attachment":"scroll","background-type":"","background-media":"","overlay-type":"","overlay-color":"","overlay-opacity":"","overlay-gradient":""}},"ast-content-background-meta":{"desktop":{"background-color":"var(--ast-global-color-5)","background-image":"","background-repeat":"repeat","background-position":"center center","background-size":"auto","background-attachment":"scroll","background-type":"","background-media":"","overlay-type":"","overlay-color":"","overlay-opacity":"","overlay-gradient":""},"tablet":{"background-color":"var(--ast-global-color-5)","background-image":"","background-repeat":"repeat","background-position":"center center","background-size":"auto","background-attachment":"scroll","background-type":"","background-media":"","overlay-type":"","overlay-color":"","overlay-opacity":"","overlay-gradient":""},"mobile":{"background-color":"var(--ast-global-color-5)","background-image":"","background-repeat":"repeat","background-position":"center center","background-size":"auto","background-attachment":"scroll","background-type":"","background-media":"","overlay-type":"","overlay-color":"","overlay-opacity":"","overlay-gradient":""}},"footnotes":""},"class_list":["post-195320","page","type-page","status-publish","hentry"],"acf":[],"aioseo_notices":[],"_links":{"self":[{"href":"https:\/\/www.infinitomasuno.org\/hr\/wp-json\/wp\/v2\/pages\/195320","targetHints":{"allow":["GET"]}}],"collection":[{"href":"https:\/\/www.infinitomasuno.org\/hr\/wp-json\/wp\/v2\/pages"}],"about":[{"href":"https:\/\/www.infinitomasuno.org\/hr\/wp-json\/wp\/v2\/types\/page"}],"author":[{"embeddable":true,"href":"https:\/\/www.infinitomasuno.org\/hr\/wp-json\/wp\/v2\/users\/3986"}],"replies":[{"embeddable":true,"href":"https:\/\/www.infinitomasuno.org\/hr\/wp-json\/wp\/v2\/comments?post=195320"}],"version-history":[{"count":15,"href":"https:\/\/www.infinitomasuno.org\/hr\/wp-json\/wp\/v2\/pages\/195320\/revisions"}],"predecessor-version":[{"id":196506,"href":"https:\/\/www.infinitomasuno.org\/hr\/wp-json\/wp\/v2\/pages\/195320\/revisions\/196506"}],"wp:attachment":[{"href":"https:\/\/www.infinitomasuno.org\/hr\/wp-json\/wp\/v2\/media?parent=195320"}],"curies":[{"name":"wp","href":"https:\/\/api.w.org\/{rel}","templated":true}]}}