{"id":167128,"date":"2020-07-21T17:00:36","date_gmt":"2020-07-21T17:00:36","guid":{"rendered":"https:\/\/www.infinitomasuno.org\/politica-de-privacidad-2\/"},"modified":"2021-02-02T13:57:58","modified_gmt":"2021-02-02T11:57:58","slug":"pravila-privatnosti","status":"publish","type":"page","link":"https:\/\/www.infinitomasuno.org\/hr\/pravila-privatnosti\/","title":{"rendered":"Pravila Privatnosti"},"content":{"rendered":"\t\t<div data-elementor-type=\"wp-page\" data-elementor-id=\"167128\" class=\"elementor elementor-167128 elementor-167131\" data-elementor-post-type=\"page\">\n\t\t\t\t\t\t<section class=\"elementor-section elementor-top-section elementor-element elementor-element-119ab73 elementor-section-boxed elementor-section-height-default elementor-section-height-default\" data-id=\"119ab73\" data-element_type=\"section\" data-e-type=\"section\">\n\t\t\t\t\t\t\t<div class=\"elementor-background-overlay\"><\/div>\n\t\t\t\t\t\t\t<div class=\"elementor-container elementor-column-gap-default\">\n\t\t\t\t\t<div class=\"elementor-column elementor-col-100 elementor-top-column elementor-element elementor-element-eca703c\" data-id=\"eca703c\" data-element_type=\"column\" data-e-type=\"column\">\n\t\t\t<div class=\"elementor-widget-wrap elementor-element-populated\">\n\t\t\t\t\t\t<div class=\"elementor-element elementor-element-69a9fdb elementor-widget elementor-widget-text-editor\" data-id=\"69a9fdb\" data-element_type=\"widget\" data-e-type=\"widget\" data-widget_type=\"text-editor.default\">\n\t\t\t\t<div class=\"elementor-widget-container\">\n\t\t\t\t\t\t\t\t\tZa\u0161tita osobnih podataka prema RGPD\n\nFUNDACI\u00d3N INFINITO, primjenjuju\u0107i trenutne propise koji se odnose na za\u0161titu osobnih podataka, obavje\u0161tava da su osobni podaci prikupljeni putem obrazaca na internetskoj stranici: www.infinitomasuno.org, uklju\u010deni u posebne automatizirane datoteke korisnika usluga FUNDACI\u00d3N-a INFINITO Svrha prikupljanja i automatizirane obrade osobnih podataka je odr\u017eavanje poslovnog odnosa i provo\u0111enje informacija, obuka, savjeta i drugih aktivnosti FUNDACI\u00d3N INFINITO\n\nTi se podaci ne\u0107e prenositi nikome, osim onim entitetima koji su nu\u017eno potrebni za ispunjavanje gore spomenute svrhe.\n\nFUNDACI\u00d3N INFINITO donosi potrebne mjere kako bi zajam\u010dila sigurnost, cjelovitost i povjerljivost podataka u skladu s odredbama Uredbe (EU) 2016\/679 Europskog parlamenta i Vije\u0107a od 27. travnja 2016. u vezi sa za\u0161titom fizi\u010dke osobe u pogledu obrade osobnih podataka i njihovog slobodnog prometa, te ukidanja starog LOPD-a, novog organskog zakona 3\/2018, od 5. prosinca o za\u0161titi podataka i jamstvu digitalnih prava (LOPDGDD).\n\nKorisnik mo\u017ee u bilo kojem trenutku ostvariti prava pristupa, protivljenja, ispravljanja, ukidanja, ograni\u010denja i prenosivosti priznata u spomenutoj Uredbi (EU). Ostvarivanje ovih prava korisnik mo\u017ee provesti sam putem e-po\u0161te na: fundacion@infinitomasuno.org ili na adresi: Calle Marines, 14 Pta 5, C.P. 46183 &#8211; La Eliana, Valencia, \u0160panjolska.\n\nKorisnik izjavljuje da su svi podaci koje je pru\u017eio istiniti i to\u010dni te se obvezuje da \u0107e ih redovito a\u017eurirati, priop\u0107avaju\u0107i promjene BEZGRANI\u010cENOM TEMELJU.\n\nSvrha obrade osobnih podataka:\n\nU koju \u0107emo svrhu postupati s va\u0161im osobnim podacima?\n\nU FONDACIJI INFINITO tretirat \u0107emo va\u0161e osobne podatke prikupljene putem web stranice: www.infinitomasuno.org, u sljede\u0107e svrhe:\n\nPridr\u017eavajte se komercijalnih, radnih, korporativnih i ra\u010dunovodstvenih obveza tvrtke.\n\nProces arhiviranja, a\u017euriranja sustava, za\u0161tite i za\u0161tite podataka i baza podataka tvrtke.\n\nPodsje\u0107amo vas da se slanju komercijalnih komunikacija mo\u017eete suprotstaviti na bilo koji na\u010din iu bilo koje vrijeme slanjem e-po\u0161te na gore navedenu adresu.\n\nPolja ovih zapisa su obavezna i nemogu\u0107e je izvr\u0161iti navedene svrhe ako ti podaci nisu dostavljeni.\n\nKoliko dugo se \u010duvaju prikupljeni osobni podaci? \n\nDani osobni podaci \u010duvat \u0107e se sve dok se odr\u017eava komercijalni odnos ili ne zatra\u017eite njegovo brisanje i tijekom razdoblja u kojem mogu nastati zakonske odgovornosti za pru\u017eene usluge.\n\nLegitimacija:\n\nObrada va\u0161ih podataka provodi se na sljede\u0107im pravnim osnovama koje ih legitimiraju:\n\nZahtjev za informacijama i \/ ili ugovaranje usluga FUNDACI\u00d3N INFINITO, \u010diji \u0107e vam uvjeti biti dostupni u svakom slu\u010daju, prije mogu\u0107eg ugovaranja.\n\nBesplatan, konkretan, informiran i nedvosmislen pristanak, iako vas obavje\u0161tavamo stavljaju\u0107i vam na raspolaganje ovu politiku privatnosti, koju nakon \u0161to je pro\u010ditate, ako se sla\u017eete, mo\u017eete prihvatiti izjavom ili jasnom potvrdnom radnjom, poput ozna\u010davanja kutija ure\u0111ena u tu svrhu.\n\nU slu\u010daju da nam ne dostavite svoje podatke ili to u\u010dinite pogre\u0161no ili nepotpuno, ne\u0107emo mo\u0107i udovoljiti va\u0161em zahtjevu, \u010dine\u0107i potpuno nemogu\u0107im da vam dostavimo tra\u017eene podatke ili da izvr\u0161imo ugovaranje usluge.\n\nPodaci koje su prikupili korisnici usluga\n\nU slu\u010dajevima kada korisnik uklju\u010duje datoteke s osobnim podacima na poslu\u017eiteljima zajedni\u010dkog hostinga, FUNDACI\u00d3N INFINITO nije odgovoran za kr\u0161enje od strane korisnika RGPD-a.\n\nZadr\u017eavanje podataka u skladu sa LSSI\n\nFUNDACI\u00d3N INFINITO izvje\u0161tava da, kao pru\u017eatelj usluga hostinga podataka i na temelju odredbi Zakona 34\/2002 od 11. srpnja, Usluge informacijskog dru\u0161tva i elektroni\u010dke trgovine (LSSI), zadr\u017eava najbitnije razdoblje od 12 mjeseci informacije za utvr\u0111ivanje podrijetla hostiranih podataka i trenutak u kojem je pru\u017eanje usluge zapo\u010delo. Zadr\u017eavanje ovih podataka ne utje\u010de na tajnost komunikacije i oni se mogu koristiti samo u okviru kriminalisti\u010dke istrage ili radi za\u0161tite javne sigurnosti, stavljaju\u0107i se na raspolaganje sucima i \/ ili sudovima ili Ministarstvu koje to zahtijeva. . Prijenos podataka snagama i tijelima dr\u017eave izvr\u0161it \u0107e se temeljem odredbi propisa o za\u0161titi osobnih podataka.\n\nPrava intelektualnog vlasni\u0161tva www.infinitomasuno.org\n\nFUNDACI\u00d3N INFINITO vlasnik je svih autorskih prava, intelektualnog i industrijskog vlasni\u0161tva, &#8220;know-how&#8221; -a i svih drugih prava koja se odnose na sadr\u017eaj web stranice www.infinitomasuno.org i usluge koje se na njemu nude, kao i programe potrebne za njegovu provedbu i srodne informacije.\n\nReprodukcija, objavljivanje i \/ ili ne-strogo privatna upotreba sadr\u017eaja, ukupnog ili djelomi\u010dnog, web stranice www.infinitomasuno.org nije dopu\u0161tena bez prethodnog pismenog pristanka.\n\nIntelektualno vlasni\u0161tvo softvera\n\nKorisnik mora po\u0161tivati \u200b\u200bprograme tre\u0107e strane koje je FUNDACI\u00d3N INFINITO u\u010dinio dostupnima, iako su besplatni i \/ ili javno dostupni.\n\nFUNDACI\u00d3N INFINITO ima potrebna prava na eksploataciju i intelektualno vlasni\u0161tvo softvera.\n\nKorisnik ne stje\u010de nikakvo pravo ili licencu za ugovorenu uslugu, na softveru neophodnom za pru\u017eanje usluge, niti na tehni\u010dkim informacijama za nadzor usluge, osim prava i licenci potrebnih za ispunjenje ugovorenih usluga i samo za vrijeme trajanja istog.\n\nZa bilo koju radnju koja prema\u0161uje ispunjenje ugovora, korisniku \u0107e trebati pismeno odobrenje FUNDACI\u00d3N INFINITO, kojem je zabranjen pristup, izmjena, pregled konfiguracije, strukture i datoteka poslu\u017eitelja u vlasni\u0161tvu FUNDACI\u00d3N INFINITO, preuzimaju\u0107i gra\u0111ansku odgovornost i kriminal koji proizlazi iz bilo kojeg incidenta koji se mo\u017ee dogoditi na poslu\u017eiteljima i sigurnosnim sustavima kao izravna posljedica va\u0161e nemarne ili zlonamjerne radnje.\n\nIntelektualno vlasni\u0161tvo smje\u0161tenog sadr\u017eaja\n\nUpotreba usluga koje pru\u017ea FUNDACI\u00d3N INFINITO protivno zakonu o intelektualnom vlasni\u0161tvu, a posebno:\n\nUpotreba koja je u suprotnosti sa \u0161panjolskim zakonima ili koja kr\u0161i prava tre\u0107ih strana.\n\nObjava ili prijenos bilo kojeg sadr\u017eaja koji je, prema mi\u0161ljenju FUNDACI\u00d3N INFINITO, nasilan, nepristojan, uvredljiv, ilegalan, rasni, ksenofobi\u010dan ili klevetni\u010dki.\n\nPukotine, serijski brojevi programa ili bilo koji drugi sadr\u017eaj koji kr\u0161i prava intelektualnog vlasni\u0161tva tre\u0107ih strana. \n\nPonu\u0111ene usluge, osim specifi\u010dnih usluga sigurnosne kopije, ne uklju\u010duju zamjenu sadr\u017eaja sa\u010duvanog u sigurnosnim kopijama koje je napravila FUNDACI\u00d3N INFINITO, kada je taj gubitak pripisan korisniku; u ovom slu\u010daju, stopa \u0107e se odrediti prema slo\u017eenosti i opsegu oporavka, uvijek uz prethodno prihva\u0107anje korisnika.\n\nZamjena izbrisanih podataka uklju\u010dena je u cijenu usluge samo ako je gubitak sadr\u017eaja uzrokovan pripisima FUNDACI\u00d3N INFINITO.\n\nKomercijalne komunikacije\n\nU primjeni LSSI-a. FUNDACI\u00d3N INFINITO ne\u0107e slati reklamne ili promotivne komunikacije e-po\u0161tom ili drugim ekvivalentnim elektroni\u010dkim sredstvima komunikacije koja prethodno nisu bila zatra\u017eena ili izri\u010dito odobrena od strane primatelja iste.\n\nU slu\u010daju korisnika s kojima postoji prethodni ugovorni odnos, FUNDACI\u00d3N INFINITO je ovla\u0161tena slati komercijalne komunikacije u vezi s proizvodima ili uslugama FUNDACI\u00d3N INFINITO koji su sli\u010dni onima koji su u po\u010detku bili ugovoreni s klijentom.\n\nU svakom slu\u010daju, korisnik, nakon \u0161to doka\u017ee svoj identitet, mo\u017ee zatra\u017eiti da mu se vi\u0161e ne \u0161alju komercijalne informacije putem korisni\u010dkih kanala. \t\t\t\t\t\t\t\t<\/div>\n\t\t\t\t<\/div>\n\t\t\t\t\t<\/div>\n\t\t<\/div>\n\t\t\t\t\t<\/div>\n\t\t<\/section>\n\t\t\t\t<\/div>\n\t\t","protected":false},"excerpt":{"rendered":"<p>Za\u0161tita osobnih podataka prema RGPD FUNDACI\u00d3N INFINITO, primjenjuju\u0107i trenutne propise koji se odnose na za\u0161titu osobnih podataka, obavje\u0161tava da su osobni podaci prikupljeni putem obrazaca na internetskoj stranici: www.infinitomasuno.org, uklju\u010deni u posebne automatizirane datoteke korisnika usluga FUNDACI\u00d3N-a INFINITO Svrha prikupljanja i automatizirane obrade osobnih podataka je odr\u017eavanje poslovnog odnosa i provo\u0111enje informacija, obuka, savjeta i [&hellip;]<\/p>\n","protected":false},"author":19323,"featured_media":0,"parent":0,"menu_order":0,"comment_status":"closed","ping_status":"closed","template":"","meta":{"_acf_changed":false,"site-sidebar-layout":"no-sidebar","site-content-layout":"page-builder","ast-site-content-layout":"default","site-content-style":"default","site-sidebar-style":"default","ast-global-header-display":"","ast-banner-title-visibility":"","ast-main-header-display":"","ast-hfb-above-header-display":"","ast-hfb-below-header-display":"","ast-hfb-mobile-header-display":"","site-post-title":"disabled","ast-breadcrumbs-content":"","ast-featured-img":"disabled","footer-sml-layout":"","ast-disable-related-posts":"","theme-transparent-header-meta":"enabled","adv-header-id-meta":"","stick-header-meta":"","header-above-stick-meta":"","header-main-stick-meta":"","header-below-stick-meta":"","astra-migrate-meta-layouts":"default","ast-page-background-enabled":"default","ast-page-background-meta":{"desktop":{"background-color":"","background-image":"","background-repeat":"repeat","background-position":"center center","background-size":"auto","background-attachment":"scroll","background-type":"","background-media":"","overlay-type":"","overlay-color":"","overlay-opacity":"","overlay-gradient":""},"tablet":{"background-color":"","background-image":"","background-repeat":"repeat","background-position":"center center","background-size":"auto","background-attachment":"scroll","background-type":"","background-media":"","overlay-type":"","overlay-color":"","overlay-opacity":"","overlay-gradient":""},"mobile":{"background-color":"","background-image":"","background-repeat":"repeat","background-position":"center center","background-size":"auto","background-attachment":"scroll","background-type":"","background-media":"","overlay-type":"","overlay-color":"","overlay-opacity":"","overlay-gradient":""}},"ast-content-background-meta":{"desktop":{"background-color":"var(--ast-global-color-5)","background-image":"","background-repeat":"repeat","background-position":"center center","background-size":"auto","background-attachment":"scroll","background-type":"","background-media":"","overlay-type":"","overlay-color":"","overlay-opacity":"","overlay-gradient":""},"tablet":{"background-color":"var(--ast-global-color-5)","background-image":"","background-repeat":"repeat","background-position":"center center","background-size":"auto","background-attachment":"scroll","background-type":"","background-media":"","overlay-type":"","overlay-color":"","overlay-opacity":"","overlay-gradient":""},"mobile":{"background-color":"var(--ast-global-color-5)","background-image":"","background-repeat":"repeat","background-position":"center center","background-size":"auto","background-attachment":"scroll","background-type":"","background-media":"","overlay-type":"","overlay-color":"","overlay-opacity":"","overlay-gradient":""}},"footnotes":""},"class_list":["post-167128","page","type-page","status-publish","hentry"],"acf":[],"aioseo_notices":[],"_links":{"self":[{"href":"https:\/\/www.infinitomasuno.org\/hr\/wp-json\/wp\/v2\/pages\/167128","targetHints":{"allow":["GET"]}}],"collection":[{"href":"https:\/\/www.infinitomasuno.org\/hr\/wp-json\/wp\/v2\/pages"}],"about":[{"href":"https:\/\/www.infinitomasuno.org\/hr\/wp-json\/wp\/v2\/types\/page"}],"author":[{"embeddable":true,"href":"https:\/\/www.infinitomasuno.org\/hr\/wp-json\/wp\/v2\/users\/19323"}],"replies":[{"embeddable":true,"href":"https:\/\/www.infinitomasuno.org\/hr\/wp-json\/wp\/v2\/comments?post=167128"}],"version-history":[{"count":6,"href":"https:\/\/www.infinitomasuno.org\/hr\/wp-json\/wp\/v2\/pages\/167128\/revisions"}],"predecessor-version":[{"id":196500,"href":"https:\/\/www.infinitomasuno.org\/hr\/wp-json\/wp\/v2\/pages\/167128\/revisions\/196500"}],"wp:attachment":[{"href":"https:\/\/www.infinitomasuno.org\/hr\/wp-json\/wp\/v2\/media?parent=167128"}],"curies":[{"name":"wp","href":"https:\/\/api.w.org\/{rel}","templated":true}]}}