{"id":167099,"date":"2020-07-19T11:38:50","date_gmt":"2020-07-19T09:38:50","guid":{"rendered":"https:\/\/www.infinitomasuno.org\/decalogo\/"},"modified":"2021-02-10T12:17:15","modified_gmt":"2021-02-10T10:17:15","slug":"deset-zapovijedi","status":"publish","type":"page","link":"https:\/\/www.infinitomasuno.org\/hr\/deset-zapovijedi\/","title":{"rendered":"Deset Zapovijedi"},"content":{"rendered":"\t\t<div data-elementor-type=\"wp-post\" data-elementor-id=\"167099\" class=\"elementor elementor-167099\" data-elementor-post-type=\"page\">\n\t\t\t\t\t\t<section class=\"elementor-section elementor-top-section elementor-element elementor-element-8c39fce elementor-section-content-middle elementor-section-full_width elementor-section-height-default elementor-section-height-default\" data-id=\"8c39fce\" data-element_type=\"section\" data-e-type=\"section\" data-settings=\"{&quot;background_background&quot;:&quot;classic&quot;}\">\n\t\t\t\t\t\t\t<div class=\"elementor-background-overlay\"><\/div>\n\t\t\t\t\t\t\t<div class=\"elementor-container elementor-column-gap-no\">\n\t\t\t\t\t<div class=\"elementor-column elementor-col-100 elementor-top-column elementor-element elementor-element-b1952b1\" data-id=\"b1952b1\" data-element_type=\"column\" data-e-type=\"column\">\n\t\t\t<div class=\"elementor-widget-wrap\">\n\t\t\t\t\t\t\t<\/div>\n\t\t<\/div>\n\t\t\t\t\t<\/div>\n\t\t<\/section>\n\t\t\t\t<section class=\"elementor-section elementor-top-section elementor-element elementor-element-8ffa315 elementor-section-full_width elementor-section-height-default elementor-section-height-default\" data-id=\"8ffa315\" data-element_type=\"section\" data-e-type=\"section\">\n\t\t\t\t\t\t\t<div class=\"elementor-background-overlay\"><\/div>\n\t\t\t\t\t\t\t<div class=\"elementor-container elementor-column-gap-default\">\n\t\t\t\t\t<div class=\"elementor-column elementor-col-100 elementor-top-column elementor-element elementor-element-184f3d7\" data-id=\"184f3d7\" data-element_type=\"column\" data-e-type=\"column\">\n\t\t\t<div class=\"elementor-widget-wrap elementor-element-populated\">\n\t\t\t\t\t\t<div class=\"elementor-element elementor-element-160ff7f elementor-widget elementor-widget-heading\" data-id=\"160ff7f\" data-element_type=\"widget\" data-e-type=\"widget\" data-widget_type=\"heading.default\">\n\t\t\t\t<div class=\"elementor-widget-container\">\n\t\t\t\t\t<h2 class=\"elementor-heading-title elementor-size-default\">DESET ZAPOVIJEDI ZAKLADE INFINITO +1<\/h2>\t\t\t\t<\/div>\n\t\t\t\t<\/div>\n\t\t\t\t<div class=\"elementor-element elementor-element-d79f88a elementor-widget elementor-widget-text-editor\" data-id=\"d79f88a\" data-element_type=\"widget\" data-e-type=\"widget\" data-widget_type=\"text-editor.default\">\n\t\t\t\t<div class=\"elementor-widget-container\">\n\t\t\t\t\t\t\t\t\t<p><span style=\"color: #eb5658;\">1.- Na\u0161i filmovi pokazuju kako Bog djeluje u dana\u0161njem svijetu.<\/span> Bje\u017eimo od teoretskih pristupa i dajemo glas onima koji su na prakti\u010dan i konkretan na\u010din iskusili djelotvornu Bo\u017eju prisutnost u svom \u017eivotu i svjedo\u010de je djelima ljubavi.<\/p><p><span style=\"color: #eb5658;\">2.- Dosada je zabranjena.<\/span> To je o\u010dito polazi\u0161te za svakog pripovjeda\u010da. Volimo se smijati i nasmijavati druge jer tako izra\u017eavamo svoju nadu i radost, istovremeno poti\u010du\u0107i na razmi\u0161ljanje i istra\u017euju\u0107i dubinu.<\/p><p><span style=\"color: #eb5658;\">3.- Dozvoljeno je pogrije\u0161iti.<\/span> Jer pogre\u0161ke nam poma\u017eu da u\u010dimo i usavr\u0161avamo se. Jedine pogre\u0161ke koje ne \u017eelimo \u010diniti su: biti pasivni, prigovarati i \u017ealiti se na ono \u0161to drugi \u010dine ili ne.<\/p><p><span style=\"color: #eb5658;\">4.- Na\u0161i su filmovi namijenjeni svakome.\u00a0<\/span>Bilo bi pogre\u0161no kad bismo se okrenuli odre\u0111enom profilu gledatelja ili nekakvoj \u201etr\u017ei\u0161noj ni\u0161i\u201c, jer evan\u0111elje je namijenjeno svakoj osobi, bez ikakve diskriminacije.<\/p><p><span style=\"color: #eb5658;\">5.- \u017delimo slu\u017eiti pojedina\u010dnom gledatelju, a ne masi. <\/span>Naravno, na\u0161a je \u017eelja dose\u0107i \u0161to ve\u0107i broj gledatelja. Me\u0111utim, cijelom procesu stvaranja filma pristupamo kao da \u0107e ga vidjeti samo jedna osoba, kojoj \u017eelimo slu\u017eiti.<\/p><p><span style=\"color: #eb5658;\">6.- Svi na\u0161i filmovi nastoje izazvati pozitivne specijalne efekte kod gledatelja.\u00a0<\/span>Ne \u017eelimo biti samo izvor zabave ili informacija. Svaka na\u0161a produkcija trebala bi biti prijateljski i konkretan poziv na osobnu promjenu, za \u017eivot u ljubavi. Ako se to ne dogodi, zna\u010di da smo samo stvarali buku.<\/p><p><span style=\"color: #eb5658;\">7.- Od sebe zahtijevamo kreativnost\u00a0<\/span>tijekom pisanja scenarija, kao i tijekom produkcije i distribucije na\u0161ih filmova. Tra\u017eimo nove na\u010dine kako do\u0107i do gledatelja. \u0160titimo kreativni rad, odvajaju\u0107i ga od poslovnih i financijskih pitanja.<\/p><p><span style=\"color: #eb5658;\">8.- Tra\u017eimo potrebna financijska sredstva\u00a0<\/span>za provedbu, \u0161irenje i promociju svakog projekta na najbolji mogu\u0107i na\u010din. Izbjegavamo svaki luksuz koji nepotrebno povisuje tro\u0161kove, a istodobno ne \u0161tedimo nau\u0161trb kvalitete. Da bismo pokrili tro\u0161kove, oslanjamo se na velikodu\u0161nu pomo\u0107 onih koji s odu\u0161evljenjem podr\u017eavaju na\u0161u misiju i za nju \u017eele donirati. Tako\u0111er zaklju\u010dujemo ugovore s koproducentima (fizi\u010dkim osobama ili tvrtkama), distributerima ili TV kanalima te se prijavljujemo za subvencije na isti na\u010din kao i bilo koja produkcijska ku\u0107a.\u00a0<\/p><p><span style=\"color: #eb5658;\">9.- Nije nam cilj obogatiti se.\u00a0<\/span>Zato i jesmo zaklada. Prihod od marketinga na\u0161ih filmova dijele sve uklju\u010dene strane: kina, distributeri, koproducenti, trgovine itd. Prihodom koji pripadne zakladi pokrivamo op\u0107e tro\u0161kove i razvijamo nove projekte u skladu s ciljevima na\u0161e zaklade.<\/p><p><span style=\"color: #eb5658;\">10.- Mi smo prava obitelj koja\u00a0<\/span>raste po cijelom svijetu i otvorena je za sve, bez ikakvih preduvjeta. Mi smo toliko \u0161arena skupina ljudi da \u0107e svi koji se \u017eele pridru\u017eiti sigurno prona\u0107i svoje mjesto.<\/p><p>Svi ste dobrodo\u0161li! NEKA NITKO NIKADA NE BUDE SAM.\u00a0<\/p>\t\t\t\t\t\t\t\t<\/div>\n\t\t\t\t<\/div>\n\t\t\t\t\t<\/div>\n\t\t<\/div>\n\t\t\t\t\t<\/div>\n\t\t<\/section>\n\t\t\t\t<\/div>\n\t\t","protected":false},"excerpt":{"rendered":"<p>DESET ZAPOVIJEDI ZAKLADE INFINITO +1 1.- Na\u0161i filmovi pokazuju kako Bog djeluje u dana\u0161njem svijetu. Bje\u017eimo od teoretskih pristupa i dajemo glas onima koji su na prakti\u010dan i konkretan na\u010din iskusili djelotvornu Bo\u017eju prisutnost u svom \u017eivotu i svjedo\u010de je djelima ljubavi. 2.- Dosada je zabranjena. To je o\u010dito polazi\u0161te za svakog pripovjeda\u010da. Volimo se [&hellip;]<\/p>\n","protected":false},"author":19323,"featured_media":0,"parent":0,"menu_order":0,"comment_status":"closed","ping_status":"closed","template":"","meta":{"_acf_changed":false,"site-sidebar-layout":"no-sidebar","site-content-layout":"page-builder","ast-site-content-layout":"default","site-content-style":"default","site-sidebar-style":"default","ast-global-header-display":"","ast-banner-title-visibility":"","ast-main-header-display":"","ast-hfb-above-header-display":"","ast-hfb-below-header-display":"","ast-hfb-mobile-header-display":"","site-post-title":"disabled","ast-breadcrumbs-content":"","ast-featured-img":"disabled","footer-sml-layout":"","ast-disable-related-posts":"","theme-transparent-header-meta":"enabled","adv-header-id-meta":"","stick-header-meta":"","header-above-stick-meta":"","header-main-stick-meta":"","header-below-stick-meta":"","astra-migrate-meta-layouts":"default","ast-page-background-enabled":"default","ast-page-background-meta":{"desktop":{"background-color":"","background-image":"","background-repeat":"repeat","background-position":"center center","background-size":"auto","background-attachment":"scroll","background-type":"","background-media":"","overlay-type":"","overlay-color":"","overlay-opacity":"","overlay-gradient":""},"tablet":{"background-color":"","background-image":"","background-repeat":"repeat","background-position":"center center","background-size":"auto","background-attachment":"scroll","background-type":"","background-media":"","overlay-type":"","overlay-color":"","overlay-opacity":"","overlay-gradient":""},"mobile":{"background-color":"","background-image":"","background-repeat":"repeat","background-position":"center center","background-size":"auto","background-attachment":"scroll","background-type":"","background-media":"","overlay-type":"","overlay-color":"","overlay-opacity":"","overlay-gradient":""}},"ast-content-background-meta":{"desktop":{"background-color":"var(--ast-global-color-5)","background-image":"","background-repeat":"repeat","background-position":"center center","background-size":"auto","background-attachment":"scroll","background-type":"","background-media":"","overlay-type":"","overlay-color":"","overlay-opacity":"","overlay-gradient":""},"tablet":{"background-color":"var(--ast-global-color-5)","background-image":"","background-repeat":"repeat","background-position":"center center","background-size":"auto","background-attachment":"scroll","background-type":"","background-media":"","overlay-type":"","overlay-color":"","overlay-opacity":"","overlay-gradient":""},"mobile":{"background-color":"var(--ast-global-color-5)","background-image":"","background-repeat":"repeat","background-position":"center center","background-size":"auto","background-attachment":"scroll","background-type":"","background-media":"","overlay-type":"","overlay-color":"","overlay-opacity":"","overlay-gradient":""}},"footnotes":""},"class_list":["post-167099","page","type-page","status-publish","hentry"],"acf":[],"aioseo_notices":[],"_links":{"self":[{"href":"https:\/\/www.infinitomasuno.org\/hr\/wp-json\/wp\/v2\/pages\/167099","targetHints":{"allow":["GET"]}}],"collection":[{"href":"https:\/\/www.infinitomasuno.org\/hr\/wp-json\/wp\/v2\/pages"}],"about":[{"href":"https:\/\/www.infinitomasuno.org\/hr\/wp-json\/wp\/v2\/types\/page"}],"author":[{"embeddable":true,"href":"https:\/\/www.infinitomasuno.org\/hr\/wp-json\/wp\/v2\/users\/19323"}],"replies":[{"embeddable":true,"href":"https:\/\/www.infinitomasuno.org\/hr\/wp-json\/wp\/v2\/comments?post=167099"}],"version-history":[{"count":29,"href":"https:\/\/www.infinitomasuno.org\/hr\/wp-json\/wp\/v2\/pages\/167099\/revisions"}],"predecessor-version":[{"id":174285,"href":"https:\/\/www.infinitomasuno.org\/hr\/wp-json\/wp\/v2\/pages\/167099\/revisions\/174285"}],"wp:attachment":[{"href":"https:\/\/www.infinitomasuno.org\/hr\/wp-json\/wp\/v2\/media?parent=167099"}],"curies":[{"name":"wp","href":"https:\/\/api.w.org\/{rel}","templated":true}]}}