{"id":167091,"date":"2020-07-28T11:43:48","date_gmt":"2020-07-28T11:43:48","guid":{"rendered":"https:\/\/www.infinitomasuno.org\/contagiosos\/"},"modified":"2021-04-13T13:21:32","modified_gmt":"2021-04-13T11:21:32","slug":"zarazni","status":"publish","type":"page","link":"https:\/\/www.infinitomasuno.org\/hr\/zarazni\/","title":{"rendered":"ZARAZNI"},"content":{"rendered":"\t\t<div data-elementor-type=\"wp-page\" data-elementor-id=\"167091\" class=\"elementor elementor-167091\" data-elementor-post-type=\"page\">\n\t\t\t\t\t\t<section class=\"elementor-section elementor-top-section elementor-element elementor-element-22d2baf elementor-section-stretched elementor-section-full_width elementor-section-height-default elementor-section-height-default\" data-id=\"22d2baf\" data-element_type=\"section\" data-e-type=\"section\" data-settings=\"{&quot;background_background&quot;:&quot;slideshow&quot;,&quot;background_slideshow_gallery&quot;:[{&quot;id&quot;:2022,&quot;url&quot;:&quot;https:\\\/\\\/infinitomasuno.org\\\/wp-content\\\/uploads\\\/2020\\\/07\\\/proximos-destinos-contagiosos-kati.jpg&quot;},{&quot;id&quot;:2021,&quot;url&quot;:&quot;https:\\\/\\\/infinitomasuno.org\\\/wp-content\\\/uploads\\\/2020\\\/07\\\/proximos-destinos-contagiosos-grilex.jpg&quot;},{&quot;id&quot;:2025,&quot;url&quot;:&quot;https:\\\/\\\/infinitomasuno.org\\\/wp-content\\\/uploads\\\/2020\\\/07\\\/proximos-destinos-contagiosos-susana.jpg&quot;},{&quot;id&quot;:2024,&quot;url&quot;:&quot;https:\\\/\\\/infinitomasuno.org\\\/wp-content\\\/uploads\\\/2020\\\/07\\\/proximos-destinos-contagiosos-pedro.jpg&quot;},{&quot;id&quot;:2023,&quot;url&quot;:&quot;https:\\\/\\\/infinitomasuno.org\\\/wp-content\\\/uploads\\\/2020\\\/07\\\/proximos-destinos-contagiosos-maribel.jpg&quot;}],&quot;stretch_section&quot;:&quot;section-stretched&quot;,&quot;background_slideshow_loop&quot;:&quot;yes&quot;,&quot;background_slideshow_slide_duration&quot;:5000,&quot;background_slideshow_slide_transition&quot;:&quot;fade&quot;,&quot;background_slideshow_transition_duration&quot;:500}\">\n\t\t\t\t\t\t\t<div class=\"elementor-background-overlay\"><\/div>\n\t\t\t\t\t\t\t<div class=\"elementor-container elementor-column-gap-default\">\n\t\t\t\t\t<div class=\"elementor-column elementor-col-50 elementor-top-column elementor-element elementor-element-0929c0d\" data-id=\"0929c0d\" data-element_type=\"column\" data-e-type=\"column\">\n\t\t\t<div class=\"elementor-widget-wrap elementor-element-populated\">\n\t\t\t\t\t\t<div class=\"elementor-element elementor-element-b496dc9 elementor-hidden-phone elementor-widget elementor-widget-text-editor\" data-id=\"b496dc9\" data-element_type=\"widget\" data-e-type=\"widget\" data-widget_type=\"text-editor.default\">\n\t\t\t\t<div class=\"elementor-widget-container\">\n\t\t\t\t\t\t\t\t\t<p><img decoding=\"async\" class=\"alignnone size-medium wp-image-173123\" src=\"https:\/\/www.infinitomasuno.org\/wp-content\/uploads\/2021\/01\/T\u00a1tulo-Contagiosos-300x58.png\" alt=\"\" width=\"300\" height=\"58\" srcset=\"https:\/\/www.infinitomasuno.org\/wp-content\/uploads\/2021\/01\/T\u00a1tulo-Contagiosos-300x58.png 300w, https:\/\/www.infinitomasuno.org\/wp-content\/uploads\/2021\/01\/T\u00a1tulo-Contagiosos-600x117.png 600w, https:\/\/www.infinitomasuno.org\/wp-content\/uploads\/2021\/01\/T\u00a1tulo-Contagiosos-768x150.png 768w, https:\/\/www.infinitomasuno.org\/wp-content\/uploads\/2021\/01\/T\u00a1tulo-Contagiosos.png 1001w\" sizes=\"(max-width: 300px) 100vw, 300px\" \/><\/p><p style=\"clear: both; text-align: left;\">Ima ne\u0161to posebno u tim ljudima. Ali \u0161to je to to\u010dno?<\/p><p>Njihov pogled, osmjeh, glas\u2026 sve odi\u0161e mirom.<\/p><p>\u201eVi ste svjetlost svijeta. Ne mo\u017ee se sakriti grad \u0161to le\u017ei na gori. Niti se u\u017ei\u017ee svjetiljka da se stavi pod posudu, nego na svije\u0107njak da svijetli svima u ku\u0107i. Tako neka svijetli va\u0161a svjetlost pred ljudima da vide va\u0161a dobra djela i slave Oca va\u0161ega koji je na nebesima.\u201c<\/p><p>Svjedo\u010danstvo tih ljudi poziva nas da \u017eivimo s vi\u0161e radosti, ljubavi, vjere i nade.<\/p><p>Time bismo svi trebali biti zara\u017eeni, zar ne?<\/p><p>Hvala vam \u0161to nam poma\u017eete da snimamo ovu seriju!<\/p><p><a href=\"https:\/\/www.youtube.com\/channel\/UC-_mBvDclfzE0mC7BQsTRuQ\/playlists\">Pogledajte ih ovdje<\/a><\/p><p>\u00a0<\/p>\t\t\t\t\t\t\t\t<\/div>\n\t\t\t\t<\/div>\n\t\t\t\t<div class=\"elementor-element elementor-element-a8ab7c5 elementor-hidden-desktop elementor-hidden-tablet elementor-widget elementor-widget-text-editor\" data-id=\"a8ab7c5\" data-element_type=\"widget\" data-e-type=\"widget\" data-widget_type=\"text-editor.default\">\n\t\t\t\t<div class=\"elementor-widget-container\">\n\t\t\t\t\t\t\t\t\t<p><img decoding=\"async\" class=\"alignnone size-medium wp-image-173123\" src=\"https:\/\/www.infinitomasuno.org\/wp-content\/uploads\/2021\/01\/T\u00a1tulo-Contagiosos-300x58.png\" alt=\"\" width=\"300\" height=\"58\" srcset=\"https:\/\/www.infinitomasuno.org\/wp-content\/uploads\/2021\/01\/T\u00a1tulo-Contagiosos-300x58.png 300w, https:\/\/www.infinitomasuno.org\/wp-content\/uploads\/2021\/01\/T\u00a1tulo-Contagiosos-600x117.png 600w, https:\/\/www.infinitomasuno.org\/wp-content\/uploads\/2021\/01\/T\u00a1tulo-Contagiosos-768x150.png 768w, https:\/\/www.infinitomasuno.org\/wp-content\/uploads\/2021\/01\/T\u00a1tulo-Contagiosos.png 1001w\" sizes=\"(max-width: 300px) 100vw, 300px\" \/><\/p><p style=\"clear: both; text-align: left;\">Ima ne\u0161to posebno u tim ljudima. Ali \u0161to je to to\u010dno?<\/p><p>Njihov pogled, osmjeh, glas\u2026 sve odi\u0161e mirom.<\/p><p>\u201eVi ste svjetlost svijeta. Ne mo\u017ee se sakriti grad \u0161to le\u017ei na gori. Niti se u\u017ei\u017ee svjetiljka da se stavi pod posudu, nego na svije\u0107njak da svijetli svima u ku\u0107i. Tako neka svijetli va\u0161a svjetlost pred ljudima da vide va\u0161a dobra djela i slave Oca va\u0161ega koji je na nebesima.\u201c<\/p><p>Svjedo\u010danstvo tih ljudi poziva nas da \u017eivimo s vi\u0161e radosti, ljubavi, vjere i nade.<\/p><p>Time bismo svi trebali biti zara\u017eeni, zar ne?<\/p><p>Hvala vam \u0161to nam poma\u017eete da snimamo ovu seriju!<\/p><p><a href=\"https:\/\/www.youtube.com\/channel\/UC-_mBvDclfzE0mC7BQsTRuQ\/playlists\">Pogledajte ih ovdje<\/a><\/p>\t\t\t\t\t\t\t\t<\/div>\n\t\t\t\t<\/div>\n\t\t\t\t<div class=\"elementor-element elementor-element-5ce1b6c elementor-mobile-align-center elementor-widget elementor-widget-button\" data-id=\"5ce1b6c\" data-element_type=\"widget\" data-e-type=\"widget\" data-widget_type=\"button.default\">\n\t\t\t\t<div class=\"elementor-widget-container\">\n\t\t\t\t\t\t\t\t\t<div class=\"elementor-button-wrapper\">\n\t\t\t\t\t<a class=\"elementor-button elementor-button-link elementor-size-sm\" href=\"\/hr\/donacija\/\">\n\t\t\t\t\t\t<span class=\"elementor-button-content-wrapper\">\n\t\t\t\t\t\t\t\t\t<span class=\"elementor-button-text\">DONIRAJTE OVDJE<\/span>\n\t\t\t\t\t<\/span>\n\t\t\t\t\t<\/a>\n\t\t\t\t<\/div>\n\t\t\t\t\t\t\t\t<\/div>\n\t\t\t\t<\/div>\n\t\t\t\t\t<\/div>\n\t\t<\/div>\n\t\t\t\t<div class=\"elementor-column elementor-col-50 elementor-top-column elementor-element elementor-element-c9fbdeb\" data-id=\"c9fbdeb\" data-element_type=\"column\" data-e-type=\"column\">\n\t\t\t<div class=\"elementor-widget-wrap elementor-element-populated\">\n\t\t\t\t\t\t<div class=\"elementor-element elementor-element-3972bd9 elementor-widget__width-inherit elementor-absolute elementor-hidden-phone play30 elementor-widget elementor-widget-video\" data-id=\"3972bd9\" data-element_type=\"widget\" data-e-type=\"widget\" data-settings=\"{&quot;youtube_url&quot;:&quot;https:\\\/\\\/www.youtube.com\\\/watch?v=s27hoOyXyJU&amp;t=80s&quot;,&quot;show_image_overlay&quot;:&quot;yes&quot;,&quot;image_overlay&quot;:{&quot;url&quot;:&quot;https:\\\/\\\/www.infinitomasuno.org\\\/wp-content\\\/uploads\\\/2020\\\/09\\\/cuadro-transparente.png&quot;,&quot;id&quot;:164211,&quot;size&quot;:&quot;&quot;},&quot;lightbox&quot;:&quot;yes&quot;,&quot;_position&quot;:&quot;absolute&quot;,&quot;video_type&quot;:&quot;youtube&quot;,&quot;controls&quot;:&quot;yes&quot;}\" data-widget_type=\"video.default\">\n\t\t\t\t<div class=\"elementor-widget-container\">\n\t\t\t\t\t\t\t<div class=\"elementor-wrapper elementor-open-lightbox\">\n\t\t\t\t\t\t\t<div class=\"elementor-custom-embed-image-overlay\" data-elementor-open-lightbox=\"yes\" data-elementor-lightbox=\"{&quot;type&quot;:&quot;video&quot;,&quot;videoType&quot;:&quot;youtube&quot;,&quot;url&quot;:&quot;https:\\\/\\\/www.youtube.com\\\/embed\\\/s27hoOyXyJU?feature=oembed&amp;start&amp;end&amp;wmode=opaque&amp;loop=0&amp;controls=1&amp;mute=0&amp;rel=0&amp;cc_load_policy=0&quot;,&quot;autoplay&quot;:&quot;&quot;,&quot;modalOptions&quot;:{&quot;id&quot;:&quot;elementor-lightbox-3972bd9&quot;,&quot;entranceAnimation&quot;:&quot;&quot;,&quot;entranceAnimation_tablet&quot;:&quot;&quot;,&quot;entranceAnimation_mobile&quot;:&quot;&quot;,&quot;videoAspectRatio&quot;:&quot;169&quot;}}\" data-e-action-hash=\"#elementor-action%3Aaction%3Dlightbox%26settings%3DeyJ0eXBlIjoidmlkZW8iLCJ2aWRlb1R5cGUiOiJ5b3V0dWJlIiwidXJsIjoiaHR0cHM6XC9cL3d3dy55b3V0dWJlLmNvbVwvZW1iZWRcL3MyN2hvT3lYeUpVP2ZlYXR1cmU9b2VtYmVkJnN0YXJ0JmVuZCZ3bW9kZT1vcGFxdWUmbG9vcD0wJmNvbnRyb2xzPTEmbXV0ZT0wJnJlbD0wJmNjX2xvYWRfcG9saWN5PTAiLCJhdXRvcGxheSI6IiIsIm1vZGFsT3B0aW9ucyI6eyJpZCI6ImVsZW1lbnRvci1saWdodGJveC0zOTcyYmQ5IiwiZW50cmFuY2VBbmltYXRpb24iOiIiLCJlbnRyYW5jZUFuaW1hdGlvbl90YWJsZXQiOiIiLCJlbnRyYW5jZUFuaW1hdGlvbl9tb2JpbGUiOiIiLCJ2aWRlb0FzcGVjdFJhdGlvIjoiMTY5In19\">\n\t\t\t\t\t\t\t\t\t\t\t<img decoding=\"async\" width=\"145\" height=\"145\" src=\"https:\/\/www.infinitomasuno.org\/wp-content\/uploads\/2020\/09\/cuadro-transparente.png\" class=\"attachment-full size-full wp-image-164211\" alt=\"\" srcset=\"https:\/\/www.infinitomasuno.org\/wp-content\/uploads\/2020\/09\/cuadro-transparente.png 145w, https:\/\/www.infinitomasuno.org\/wp-content\/uploads\/2020\/09\/cuadro-transparente-100x100.png 100w\" sizes=\"(max-width: 145px) 100vw, 145px\" \/>\t\t\t\t\t\t\t\t\t\t\t\t\t\t\t\t<div class=\"elementor-custom-embed-play\" role=\"button\" aria-label=\"Reproducir v\u00eddeo\" tabindex=\"0\">\n\t\t\t\t\t\t\t<i aria-hidden=\"true\" class=\"eicon-play\"><\/i>\t\t\t\t\t\t<\/div>\n\t\t\t\t\t\t\t\t\t<\/div>\n\t\t\t\t\t<\/div>\n\t\t\t\t\t\t<\/div>\n\t\t\t\t<\/div>\n\t\t\t\t\t<\/div>\n\t\t<\/div>\n\t\t\t\t\t<\/div>\n\t\t<\/section>\n\t\t\t\t<\/div>\n\t\t","protected":false},"excerpt":{"rendered":"<p>Ima ne\u0161to posebno u tim ljudima. Ali \u0161to je to to\u010dno? Njihov pogled, osmjeh, glas\u2026 sve odi\u0161e mirom. \u201eVi ste svjetlost svijeta. Ne mo\u017ee se sakriti grad \u0161to le\u017ei na gori. Niti se u\u017ei\u017ee svjetiljka da se stavi pod posudu, nego na svije\u0107njak da svijetli svima u ku\u0107i. Tako neka svijetli va\u0161a svjetlost pred ljudima [&hellip;]<\/p>\n","protected":false},"author":19323,"featured_media":0,"parent":0,"menu_order":0,"comment_status":"closed","ping_status":"closed","template":"","meta":{"_acf_changed":false,"site-sidebar-layout":"no-sidebar","site-content-layout":"page-builder","ast-site-content-layout":"default","site-content-style":"default","site-sidebar-style":"default","ast-global-header-display":"","ast-banner-title-visibility":"","ast-main-header-display":"","ast-hfb-above-header-display":"","ast-hfb-below-header-display":"","ast-hfb-mobile-header-display":"","site-post-title":"disabled","ast-breadcrumbs-content":"","ast-featured-img":"disabled","footer-sml-layout":"disabled","ast-disable-related-posts":"","theme-transparent-header-meta":"enabled","adv-header-id-meta":"","stick-header-meta":"","header-above-stick-meta":"","header-main-stick-meta":"","header-below-stick-meta":"","astra-migrate-meta-layouts":"default","ast-page-background-enabled":"default","ast-page-background-meta":{"desktop":{"background-color":"","background-image":"","background-repeat":"repeat","background-position":"center center","background-size":"auto","background-attachment":"scroll","background-type":"","background-media":"","overlay-type":"","overlay-color":"","overlay-opacity":"","overlay-gradient":""},"tablet":{"background-color":"","background-image":"","background-repeat":"repeat","background-position":"center center","background-size":"auto","background-attachment":"scroll","background-type":"","background-media":"","overlay-type":"","overlay-color":"","overlay-opacity":"","overlay-gradient":""},"mobile":{"background-color":"","background-image":"","background-repeat":"repeat","background-position":"center center","background-size":"auto","background-attachment":"scroll","background-type":"","background-media":"","overlay-type":"","overlay-color":"","overlay-opacity":"","overlay-gradient":""}},"ast-content-background-meta":{"desktop":{"background-color":"var(--ast-global-color-5)","background-image":"","background-repeat":"repeat","background-position":"center center","background-size":"auto","background-attachment":"scroll","background-type":"","background-media":"","overlay-type":"","overlay-color":"","overlay-opacity":"","overlay-gradient":""},"tablet":{"background-color":"var(--ast-global-color-5)","background-image":"","background-repeat":"repeat","background-position":"center center","background-size":"auto","background-attachment":"scroll","background-type":"","background-media":"","overlay-type":"","overlay-color":"","overlay-opacity":"","overlay-gradient":""},"mobile":{"background-color":"var(--ast-global-color-5)","background-image":"","background-repeat":"repeat","background-position":"center center","background-size":"auto","background-attachment":"scroll","background-type":"","background-media":"","overlay-type":"","overlay-color":"","overlay-opacity":"","overlay-gradient":""}},"footnotes":""},"class_list":["post-167091","page","type-page","status-publish","hentry"],"acf":[],"aioseo_notices":[],"_links":{"self":[{"href":"https:\/\/www.infinitomasuno.org\/hr\/wp-json\/wp\/v2\/pages\/167091","targetHints":{"allow":["GET"]}}],"collection":[{"href":"https:\/\/www.infinitomasuno.org\/hr\/wp-json\/wp\/v2\/pages"}],"about":[{"href":"https:\/\/www.infinitomasuno.org\/hr\/wp-json\/wp\/v2\/types\/page"}],"author":[{"embeddable":true,"href":"https:\/\/www.infinitomasuno.org\/hr\/wp-json\/wp\/v2\/users\/19323"}],"replies":[{"embeddable":true,"href":"https:\/\/www.infinitomasuno.org\/hr\/wp-json\/wp\/v2\/comments?post=167091"}],"version-history":[{"count":76,"href":"https:\/\/www.infinitomasuno.org\/hr\/wp-json\/wp\/v2\/pages\/167091\/revisions"}],"predecessor-version":[{"id":177732,"href":"https:\/\/www.infinitomasuno.org\/hr\/wp-json\/wp\/v2\/pages\/167091\/revisions\/177732"}],"wp:attachment":[{"href":"https:\/\/www.infinitomasuno.org\/hr\/wp-json\/wp\/v2\/media?parent=167091"}],"curies":[{"name":"wp","href":"https:\/\/api.w.org\/{rel}","templated":true}]}}