{"id":167082,"date":"2020-07-22T00:17:21","date_gmt":"2020-07-21T22:17:21","guid":{"rendered":"https:\/\/www.infinitomasuno.org\/condiciones-generales\/"},"modified":"2021-02-02T13:31:16","modified_gmt":"2021-02-02T11:31:16","slug":"uvjeti-koristenja","status":"publish","type":"page","link":"https:\/\/www.infinitomasuno.org\/hr\/uvjeti-koristenja\/","title":{"rendered":"Uvjeti Kori\u0161tenja"},"content":{"rendered":"\t\t<div data-elementor-type=\"wp-page\" data-elementor-id=\"167082\" class=\"elementor elementor-167082 elementor-167085\" data-elementor-post-type=\"page\">\n\t\t\t\t\t\t<section class=\"elementor-section elementor-top-section elementor-element elementor-element-119ab73 elementor-section-boxed elementor-section-height-default elementor-section-height-default\" data-id=\"119ab73\" data-element_type=\"section\" data-e-type=\"section\">\n\t\t\t\t\t\t\t<div class=\"elementor-background-overlay\"><\/div>\n\t\t\t\t\t\t\t<div class=\"elementor-container elementor-column-gap-default\">\n\t\t\t\t\t<div class=\"elementor-column elementor-col-100 elementor-top-column elementor-element elementor-element-eca703c\" data-id=\"eca703c\" data-element_type=\"column\" data-e-type=\"column\">\n\t\t\t<div class=\"elementor-widget-wrap elementor-element-populated\">\n\t\t\t\t\t\t<div class=\"elementor-element elementor-element-69a9fdb elementor-widget elementor-widget-text-editor\" data-id=\"69a9fdb\" data-element_type=\"widget\" data-e-type=\"widget\" data-widget_type=\"text-editor.default\">\n\t\t\t\t<div class=\"elementor-widget-container\">\n\t\t\t\t\t\t\t\t\t<p>www.infinitomasuno.org (u daljnjem tekstu Web) web je mjesto u vlasni\u0161tvu FUNDACI\u00d3N INFINITO, u daljnjem tekstu VLASNIK, s CIF \/ NIF brojem: G98499734 i sjedi\u0161tem na adresi: Calle Marines, 14 Pta 5, C.P.46183 &#8211; La Eliana (Valencia).<\/p><p>Pristup, reprodukcija i upotreba usluga Interneta zahtijeva prethodno prihva\u0107anje Uvjeta kori\u0161tenja koji su na snazi u svako doba;<\/p><p>VLASNIK zadr\u017eava pravo izmjene navedenih Uvjeta kad to smatra prikladnim, objavljivanjem novog teksta na Webu.<\/p><p>Korisnik je odgovoran znati uvjete kori\u0161tenja prije pristupa proizvodima i uslugama weba;<\/p><p>Ako niste zadovoljni njima, suzdr\u017eite se od njihove upotrebe.<\/p><p>IMOVINA Web je djelo sastavljeno od razli\u010ditih integriranih i nerazdvojnih elemenata (tekst, ilustracije, fotografije, animirane slike, videozapisi, ra\u010dunalni programi, uklju\u010duju\u0107i html kodove web mjesta itd.), \u010cije intelektualno vlasni\u0161tvo odgovara VLASNIKU, osim u pogledu na one materijale dobivene pod licencom tre\u0107ih strana.<\/p><p>VLASNIK i njegovi davatelji licenci u svakom trenutku zadr\u017eavaju intelektualno vlasni\u0161tvo na webu i na razli\u010ditim elementima koji ga \u010dine, pojedina\u010dno uzev\u0161i u obzir, u svim izra\u0111enim kopijama (bez obzira na podr\u0161ku u koju su ugra\u0111eni), daju\u0107i im samo prava kori\u0161tenja opisana u nastavku. Svako pravo koje nije izri\u010dito dodijeljeno smatra se rezerviranim.<\/p><p>Uz gore navedeno, VLASNIK je odgovoran za odabir, dizajn strukture i raspored sadr\u017eaja Mre\u017ee, kao i tko je preuzeo inicijativu i preuzeo rizik od zna\u010dajnih ulaganja usmjerenih na dobivanje, digitalizaciju i prezentaciju iste, dakle odgovaraju\u0107e za\u0161tite koju \u010dlanak 12. i naslov VIII. knjige II. Zakona o intelektualnom vlasni\u0161tvu mogu pru\u017eiti na web mjestu koje se smatra bazom podataka.<\/p><p>VLASNIK je tako\u0111er jedini vlasnik dizajna i grafi\u010dke slike Mre\u017ee, zadr\u017eavaju\u0107i odgovaraju\u0107e pravne radnje koje bi mogle odgovarati protiv ljudi koji ga imitiraju ili nepo\u0161teno koriste.<\/p><p>SADR\u017dAJ I PREUZIMANJE WEB-a. DOZVOLJENE I ZABRANJENE UPORABE.<\/p><p>Dopu\u0161teno je:<\/p><p>Pregledavanje weba, odnosno pristup i gledanje na ure\u0111aju, uz odobrenje bilo koje privremene reprodukcije ili dodataka, pod uvjetom da nije dobrovoljno i \u010dini sastavni i bitni dio tehnolo\u0161kog procesa prijenosa. Navigacija odre\u0111enim dijelovima weba zahtijeva prethodnu registraciju.<\/p><p>Pogodnost (nakon registracije) usluga i pogodnosti koje VLASNIK pru\u017ea putem Interneta svojim korisnicima pod uvjetima izri\u010dito navedenim u razli\u010ditim odjeljcima.<\/p><p>Strogo je zabranjeno:<\/p><p>Sve radnje u vezi s mre\u017eom, njezinim sadr\u017eajem, preuzetim proizvodima i kopijama svih njih koji su u suprotnosti sa zakonom, dobrim obi\u010dajima i dobrom namjerom.<\/p><p>Bilo koja uporaba izvan osobne i privatne sfere, posebno one u komercijalne ili profesionalne svrhe, uklju\u010duju\u0107i slanje reklama ili poruka te prikupljanje i obradu podataka od tre\u0107ih strana.<\/p><p>Bilo koja vrsta izdvajanja, javne komunikacije i \/ ili prijenosa, potpuna ili djelomi\u010dna, na bilo koji na\u010din, izvan privatnog opsega dopu\u0161tene uporabe i, posebno, njezino ugra\u0111ivanje u bilo koje drugo djelo, uklju\u010duju\u0107i web stranice, zbirke ili baze podataka. Objava materijala u medijima koji se mogu preuzeti iz odjeljka Press Room izuzeta je od ove zabrane.<\/p><p>Uklanjanje, prikrivanje ili krivotvorenje obavijesti i upozorenja o intelektualnom ili industrijskom vlasni\u0161tvu Mre\u017ee ili bilo kojeg proizvoda koji se putem njega pru\u017ea. Operacije i aktivnosti izri\u010dito su zabranjene u bilo kojem drugom odjeljku ovih Op\u0107ih uvjeta i op\u0107enito u onome \u0161to mo\u017ee na\u0161tetiti normalnom funkcioniranju Mre\u017ee, drugim korisnicima ili bilo kojoj tre\u0107oj strani. VEZE NA WEB Uspostavljanje poveznica i hiperveza na web s drugih stranica ili web stranica je odobreno, pod uvjetom da nisu na\u010dinjene na na\u010din koji \u0161teti javnom ugledu i robnoj marki VLASNIKA, weba ili bilo koje osobe i proizvoda na koje se odnosi. . Pri uspostavljanju veza s webom, uporaba tehnika koje podrazumijevaju zabunu oko identiteta i vlasni\u0161tva nad sadr\u017eajem, poput uokvirivanja ili drugih, izri\u010dito je zabranjena. Zabranjeno je uspostavljanje poveznica sa stranica ili web stranica \u010diji sadr\u017eaj promovira ili zagovara, izravno ili neizravno, bilo koju vrstu nasilja, diskriminacije, pornografije ili ilegalnih aktivnosti. Isto tako, uspostavljanje veza u komercijalne svrhe izri\u010dito je zabranjeno. Pri stvaranju veza izri\u010dito je zabranjena uporaba elemenata izvu\u010denih s weba, bez prethodnog i izri\u010ditog pristanka VLASNIKA.<\/p><p>Ni u kojem slu\u010daju se ne mo\u017ee shvatiti da veze na Web sa stranica tre\u0107ih strana ili web stranica podrazumijevaju odnose VLASNIKA s vlasnicima istih, niti podrazumijeva odobravanje, sponzorstvo ili bilo kakvu preporuku VLASNIKA na njima, pa VLASTITELJ to \u010dini ne\u0107e biti apsolutno odgovoran za njegov sadr\u017eaj i zakonitost.<\/p><p>SADR\u017dAJ I PONA\u0160ANJE KORISNIKA<\/p><p>Kao klijent ili korisnik Mre\u017ee, pristajete na primjerenu upotrebu sadr\u017eaja i usluga koje se nude putem njega i da ih ne\u0107ete koristiti za:<br \/>Sudjelovanje u nezakonitim, ilegalnim ili suprotnim aktivnostima dobre vjere i javnog reda i mira.<br \/>\u0160iriti sadr\u017eaj ili propagandu rasisti\u010dke, ksenofobne, pornografske prirode koja zagovara terorizam ili kr\u0161i ljudska prava.<br \/>Uzrokovanje \u0161tete na fizi\u010dkim i logi\u010dkim sustavima VLASNIKA, njegovih dobavlja\u010da ili tre\u0107ih strana, uvo\u0111enje ili \u0161irenje ra\u010dunalnih virusa ili bilo kojih drugih fizi\u010dkih ili logi\u010dkih sustava koji bi mogli prouzro\u010diti gore spomenutu \u0161tetu.<br \/>\u0160irite sadr\u017eaj koji kr\u0161i imid\u017e i reputaciju VLASNIKA ili tre\u0107ih strana. Napad protiv prava intelektualnog, industrijskog, imid\u017ea, \u010dasti ili drugog vlasni\u0161tva koje odgovara VLASNIKU ili tre\u0107im stranama.<\/p><p>VLASNIK \u0107e imati punu slobodu da odlu\u010di ho\u0107e li se prilozi i poruke kona\u010dno objaviti na webu ili ne, te \u0107e biti ovla\u0161ten povu\u0107i ih kad se to smatra prikladnim.<\/p><p>Kr\u0161enje bilo kojeg pravila sadr\u017eanog u ovim Uvjetima kori\u0161tenja, a posebno odredbi ove klauzule, osposobit \u0107e VLASNIKA da se odmah odjavi kao korisnik ili pretplatnik weba.<\/p><p>METODE PLA\u010cANJA<br \/>Kreditna kartica ili PayPal.<\/p><p>VREME DOSTAVE<\/p><p>Rok isporuke za \u0160panjolsku bit \u0107e od 2 do 5 dana, za Europu od 7 do 10 dana, a za ostale zemlje od 15 do 30 dana, ovisno o obi\u010dajima svakog mjesta.<\/p><p>POVLA\u010cENJE<\/p><p>Kupac ima 14 kalendarskih dana od primitka narud\u017ebe da se dobrovoljno povu\u010de iz kupnje, bez ikakve kazne i bez navo\u0111enja razloga.<\/p><p>Kupnja se mora vratiti sa svim njenim proizvodima. U svakom slu\u010daju, iz higijenskih razloga proizvodi koji se vra\u0107aju moraju biti u besprijekornom stanju, neiskori\u0161teni, u izvornom pakiranju i brtvi te sa svim pripadaju\u0107im priborom.<\/p><p>Kupac mora snositi tro\u0161kove povratne dostave. Dospjele po\u0161tarine u svakom slu\u010daju ne\u0107e biti prihva\u0107ene.<\/p><p>Kupac \u0107e biti odgovoran za osiguranje da i proizvod i njegova ambala\u017ea stignu u savr\u0161enom stanju, \u0161to je potrebno za pravilno pakiranje predmeta, kako bi se izbjeglo mogu\u0107e pogor\u0161anje tijekom transporta.<\/p><p>Nakon primitka povratnog paketa, provjerit \u0107emo njegov status i trenutkom kada provjerimo jesu li vra\u0107eni predmeti, kao i svi dodaci, uzorci, promotivni pokloni i dokumentacija kompletni i u savr\u0161enom stanju, kupcu \u0107emo poslati e-po\u0161tu da vas obavijestim o odobrenju ili odbijanju povrata.<\/p><p>Povrat svih uplata primljenih za kupnju, uklju\u010duju\u0107i tro\u0161kove isporuke, izvr\u0161it \u0107e se u roku od 14 kalendarskih dana nakon povla\u010denja.<\/p><p>Povrat novca obra\u0111ivat \u0107e se na isti na\u010din pla\u0107anja koji je kupac koristio za po\u010detnu transakciju.<\/p><p>Zadr\u017eavamo pravo zadr\u017eavanja povrata dok proizvodi ne budu primljeni ili dok kupac ne dostavi dokaz o njihovom povratku, ovisno o tome koji je uvjet prvo zadovoljen.<\/p><p>Ne\u0107emo izvr\u0161iti povrat novca ako je proizvod kori\u0161ten.<\/p><p>U slu\u010daju da kupac primi pogre\u0161an proizvod ili je u lo\u0161em stanju ili u slu\u010daju gubitka ili o\u0161te\u0107enja proizvoda od strane prijevozni\u010dke tvrtke, kupac mo\u017ee zatra\u017eiti njegov povratak i \/ ili zamjenu, u roku od 14 kalendarskih dana po isporuci. U tom se slu\u010daju obvezujemo snositi tro\u0161kove vra\u0107anja, pobrinut \u0107emo se za prikupljanje neispravnog proizvoda i \/ ili vra\u0107anje proizvoda koji nedostaje za drugi identi\u010dni proizvod bez dodatnih tro\u0161kova za kupca.<\/p><p>POLITIKA RAZMJENE I POVRATKA<\/p><p>Da bi zatra\u017eio promjenu proizvoda, kupac se mora obratiti korisni\u010dkoj slu\u017ebi u roku od 14 kalendarskih dana nakon primitka narud\u017ebe.<\/p><p>Iz zdravstvenih i higijenskih razloga proizvodi koji su otpe\u010da\u0107eni ili su se koristili nakon isporuke ne\u0107e se prihvatiti, stoga moraju biti u savr\u0161enom stanju i u istim uvjetima u kojima su primljeni.<\/p><p>U slu\u010daju povrata, tro\u0161kove slanja i prikupljanja snosi kupac. Dospjele po\u0161tarine u svakom slu\u010daju ne\u0107e biti prihva\u0107ene.<\/p><p>U slu\u010daju da proizvod koji treba zamijeniti ima ve\u0107u cijenu od prethodno kupljene, kupac mora platiti razliku u vrijednosti. Ako pak novi proizvod ima ni\u017eu cijenu od prethodno kupljene, razlika u nov\u010danom iznosu ne\u0107e se vratiti, ve\u0107 \u0107e se izvr\u0161iti u obliku poklon-bona koji \u0107ete koristiti pri sljede\u0107oj kupnji.<\/p><p>Da bi upravljao bilo kojom vrstom povrata ili razmjene proizvoda kupljenih na www.infinitomasuno.org, klijent se mora obratiti na\u0161oj Slu\u017ebi za korisnike putem e-po\u0161te: orders@infinitomasuno.org ili putem telefona +34 962 740 780, \u010dije je radno vrijeme za javnost: Od ponedjeljka do petka od 09:00 do 16:00.<\/p><p>Kupac mora navesti broj narud\u017ebe i mi \u0107emo mu to\u010dno re\u0107i sve korake koje treba slijediti.<\/p><p>Tako\u0111er vas obavje\u0161tavamo da ne\u0107emo prihvatiti promjene ili povratke koji prethodno nisu priop\u0107eni navedenim kanalima.<\/p><p>OTKAZI<\/p><p>Kupac mo\u017ee otkazati narud\u017ebu bez ikakvih tro\u0161kova i bez navo\u0111enja bilo kojeg razloga, moraju\u0107i \u0161to prije kontaktirati slu\u017ebu za korisnike putem telefona: +34 962 740 780 ili putem sljede\u0107e adrese e-po\u0161te: orders@infinitomasuno.org.<\/p><p>Ako narud\u017eba nije napustila na\u0161a skladi\u0161ta, otkazat \u0107emo je bez problema, ali ako je narud\u017eba ve\u0107 na putu, morat \u0107emo pri\u010dekati da je vratimo i nakon \u0161to se potvrdi primitak narud\u017ebe, koli\u010dina proizvoda bit \u0107e vra\u0107eni umanjeni za tro\u0161kove otpreme i vra\u0107anja \u0107e se izvr\u0161iti u istom obliku pla\u0107anja koji se koristi u kupnji.<\/p><p>ZA\u0160TITA PODATAKA<\/p><p>Podaci ili osobni podaci koje nam dostavite tretirat \u0107e se u skladu s odredbama Politike privatnosti. Kori\u0161tenjem ove web stranice pristajete na obradu takvih podataka i podataka te se izjavljuje da su svi podaci ili podaci koje nam pru\u017eate istiniti i da odgovaraju stvarnosti.<\/p><p>IZMJENE<\/p><p>VLASNIK zadr\u017eava pravo izvr\u0161iti, bez prethodne najave, izmjene koje smatra prikladnima na Webu, mo\u0107i mijenjati, brisati ili dodavati sadr\u017eaj i usluge koje se putem njega pru\u017eaju, kao i na\u010din na koji se pojavljuju. Predstavljaju ili nalazi.<\/p><p>Iako VLASNIK ula\u017ee sve napore kako bi informacije sadr\u017eane na webu bile a\u017eurne i bez gre\u0161aka, ne nudi nikakva jamstva u vezi s njihovom to\u010dno\u0161\u0107u i a\u017euriranjem. Ni zajam\u010deno je postizanje bilo kakvog odre\u0111enog rezultata ili svrhe, pa je pristup i kori\u0161tenje Interneta isklju\u010diva odgovornost korisnika i klijenata.<\/p><p>PRAVNE AKCIJE<\/p><p>VLASNIK \u0107e slijediti kr\u0161enje ovih Uvjeta kori\u0161tenja, kao i svaku nepravilnu uporabu Mre\u017ee ili njezinog sadr\u017eaja, kr\u0161enje prava koja odgovaraju njemu ili njegovim davateljima licence, posebno onima koji pripadaju intelektualnom i industrijskom vlasni\u0161tvu, izvr\u0161avaju\u0107i sve radnje, gra\u0111anski i kazneni, \u0161to mu u zakonu mo\u017ee odgovarati.<\/p>\t\t\t\t\t\t\t\t<\/div>\n\t\t\t\t<\/div>\n\t\t\t\t\t<\/div>\n\t\t<\/div>\n\t\t\t\t\t<\/div>\n\t\t<\/section>\n\t\t\t\t<\/div>\n\t\t","protected":false},"excerpt":{"rendered":"<p>www.infinitomasuno.org (u daljnjem tekstu Web) web je mjesto u vlasni\u0161tvu FUNDACI\u00d3N INFINITO, u daljnjem tekstu VLASNIK, s CIF \/ NIF brojem: G98499734 i sjedi\u0161tem na adresi: Calle Marines, 14 Pta 5, C.P.46183 &#8211; La Eliana (Valencia). Pristup, reprodukcija i upotreba usluga Interneta zahtijeva prethodno prihva\u0107anje Uvjeta kori\u0161tenja koji su na snazi u svako doba; VLASNIK [&hellip;]<\/p>\n","protected":false},"author":19323,"featured_media":0,"parent":0,"menu_order":0,"comment_status":"closed","ping_status":"closed","template":"","meta":{"_acf_changed":false,"site-sidebar-layout":"no-sidebar","site-content-layout":"page-builder","ast-site-content-layout":"default","site-content-style":"default","site-sidebar-style":"default","ast-global-header-display":"","ast-banner-title-visibility":"","ast-main-header-display":"","ast-hfb-above-header-display":"","ast-hfb-below-header-display":"","ast-hfb-mobile-header-display":"","site-post-title":"disabled","ast-breadcrumbs-content":"","ast-featured-img":"disabled","footer-sml-layout":"","ast-disable-related-posts":"","theme-transparent-header-meta":"enabled","adv-header-id-meta":"","stick-header-meta":"","header-above-stick-meta":"","header-main-stick-meta":"","header-below-stick-meta":"","astra-migrate-meta-layouts":"default","ast-page-background-enabled":"default","ast-page-background-meta":{"desktop":{"background-color":"","background-image":"","background-repeat":"repeat","background-position":"center center","background-size":"auto","background-attachment":"scroll","background-type":"","background-media":"","overlay-type":"","overlay-color":"","overlay-opacity":"","overlay-gradient":""},"tablet":{"background-color":"","background-image":"","background-repeat":"repeat","background-position":"center center","background-size":"auto","background-attachment":"scroll","background-type":"","background-media":"","overlay-type":"","overlay-color":"","overlay-opacity":"","overlay-gradient":""},"mobile":{"background-color":"","background-image":"","background-repeat":"repeat","background-position":"center center","background-size":"auto","background-attachment":"scroll","background-type":"","background-media":"","overlay-type":"","overlay-color":"","overlay-opacity":"","overlay-gradient":""}},"ast-content-background-meta":{"desktop":{"background-color":"var(--ast-global-color-5)","background-image":"","background-repeat":"repeat","background-position":"center center","background-size":"auto","background-attachment":"scroll","background-type":"","background-media":"","overlay-type":"","overlay-color":"","overlay-opacity":"","overlay-gradient":""},"tablet":{"background-color":"var(--ast-global-color-5)","background-image":"","background-repeat":"repeat","background-position":"center center","background-size":"auto","background-attachment":"scroll","background-type":"","background-media":"","overlay-type":"","overlay-color":"","overlay-opacity":"","overlay-gradient":""},"mobile":{"background-color":"var(--ast-global-color-5)","background-image":"","background-repeat":"repeat","background-position":"center center","background-size":"auto","background-attachment":"scroll","background-type":"","background-media":"","overlay-type":"","overlay-color":"","overlay-opacity":"","overlay-gradient":""}},"footnotes":""},"class_list":["post-167082","page","type-page","status-publish","hentry"],"acf":[],"aioseo_notices":[],"_links":{"self":[{"href":"https:\/\/www.infinitomasuno.org\/hr\/wp-json\/wp\/v2\/pages\/167082","targetHints":{"allow":["GET"]}}],"collection":[{"href":"https:\/\/www.infinitomasuno.org\/hr\/wp-json\/wp\/v2\/pages"}],"about":[{"href":"https:\/\/www.infinitomasuno.org\/hr\/wp-json\/wp\/v2\/types\/page"}],"author":[{"embeddable":true,"href":"https:\/\/www.infinitomasuno.org\/hr\/wp-json\/wp\/v2\/users\/19323"}],"replies":[{"embeddable":true,"href":"https:\/\/www.infinitomasuno.org\/hr\/wp-json\/wp\/v2\/comments?post=167082"}],"version-history":[{"count":8,"href":"https:\/\/www.infinitomasuno.org\/hr\/wp-json\/wp\/v2\/pages\/167082\/revisions"}],"predecessor-version":[{"id":173482,"href":"https:\/\/www.infinitomasuno.org\/hr\/wp-json\/wp\/v2\/pages\/167082\/revisions\/173482"}],"wp:attachment":[{"href":"https:\/\/www.infinitomasuno.org\/hr\/wp-json\/wp\/v2\/media?parent=167082"}],"curies":[{"name":"wp","href":"https:\/\/api.w.org\/{rel}","templated":true}]}}