{"id":167050,"date":"2020-07-22T00:09:10","date_gmt":"2020-07-21T22:09:10","guid":{"rendered":"https:\/\/www.infinitomasuno.org\/aviso-legal\/"},"modified":"2021-02-02T13:06:17","modified_gmt":"2021-02-02T11:06:17","slug":"pravna-napomena","status":"publish","type":"page","link":"https:\/\/www.infinitomasuno.org\/hr\/pravna-napomena\/","title":{"rendered":"Pravna Napomena"},"content":{"rendered":"\t\t<div data-elementor-type=\"wp-page\" data-elementor-id=\"167050\" class=\"elementor elementor-167050 elementor-167054\" data-elementor-post-type=\"page\">\n\t\t\t\t\t\t<section class=\"elementor-section elementor-top-section elementor-element elementor-element-119ab73 elementor-section-boxed elementor-section-height-default elementor-section-height-default\" data-id=\"119ab73\" data-element_type=\"section\" data-e-type=\"section\">\n\t\t\t\t\t\t\t<div class=\"elementor-background-overlay\"><\/div>\n\t\t\t\t\t\t\t<div class=\"elementor-container elementor-column-gap-default\">\n\t\t\t\t\t<div class=\"elementor-column elementor-col-100 elementor-top-column elementor-element elementor-element-eca703c\" data-id=\"eca703c\" data-element_type=\"column\" data-e-type=\"column\">\n\t\t\t<div class=\"elementor-widget-wrap elementor-element-populated\">\n\t\t\t\t\t\t<div class=\"elementor-element elementor-element-69a9fdb elementor-widget elementor-widget-text-editor\" data-id=\"69a9fdb\" data-element_type=\"widget\" data-e-type=\"widget\" data-widget_type=\"text-editor.default\">\n\t\t\t\t<div class=\"elementor-widget-container\">\n\t\t\t\t\t\t\t\t\t<p>U skladu s obvezom informiranja sadr\u017eanom u \u010dlanku 10. Zakona 34\/2002 od 11. srpnja, Usluge informacijskog dru\u0161tva i elektroni\u010dke trgovine (LSSICE), vlasnik web stranice, obavje\u0161tava vas o sljede\u0107em:<\/p><p>Naziv tvrtke: FUNDACION INFINITO<\/p><p>NIF: G98499734<\/p><p>Adresa: Calle Marines, 14 Pta 5, 46183 &#8211; La Eliana, Valencia, \u0160panjolska<\/p><p>Uz zakonski ograni\u010dena ograni\u010denja, FUNDACI\u00d3N INFINITO ne preuzima nikakvu odgovornost koja proizlazi iz nedostatka istinitosti, cjelovitosti, a\u017euriranja i preciznosti podataka ili informacija sadr\u017eanih na njegovim web stranicama.<\/p><p><span class=\"VIiyi\" lang=\"hr\"><span class=\"JLqJ4b ChMk0b\" data-language-for-alternatives=\"hr\" data-language-to-translate-into=\"auto\" data-phrase-index=\"0\">Sadr\u017eaj i informacije ne obvezuju FUNDACI\u00d3N INFINITO niti predstavljaju mi\u0161ljenja, savjete ili pravne savjete bilo koje vrste, jer su to samo usluge koje se nude u informativne i informativne svrhe.<\/span> <span class=\"JLqJ4b ChMk0b\" data-language-for-alternatives=\"hr\" data-language-to-translate-into=\"auto\" data-phrase-index=\"2\">Internetske stranice FUNDACI\u00d3N INFINITO mogu sadr\u017eavati poveznice na druge stranice tre\u0107ih strana koje FUNDACI\u00d3N INFINITO ne mo\u017ee kontrolirati.<\/span> <span class=\"JLqJ4b ChMk0b\" data-language-for-alternatives=\"hr\" data-language-to-translate-into=\"auto\" data-phrase-index=\"3\">Stoga FUNDACI\u00d3N INFINITO ne mo\u017ee preuzeti odgovornost za sadr\u017eaj koji se mo\u017ee pojaviti na stranicama tre\u0107ih strana.<\/span><\/span><\/p><p><span class=\"VIiyi\" lang=\"hr\"><span class=\"JLqJ4b ChMk0b\" data-language-for-alternatives=\"hr\" data-language-to-translate-into=\"auto\" data-phrase-index=\"0\">Tekstovi, slike, zvukovi, animacije, softver i ostatak sadr\u017eaja koji se nalaze na ovom web mjestu ekskluzivno su vlasni\u0161tvo FUNDACI\u00d3N INFINITO ili njegovih davatelja licenci.<\/span> <span class=\"JLqJ4b ChMk0b\" data-language-for-alternatives=\"hr\" data-language-to-translate-into=\"auto\" data-phrase-index=\"1\">Bilo koji \u010din prijenosa, distribucije, dodjele, reprodukcije,<\/span> <span class=\"JLqJ4b ChMk0b\" data-language-for-alternatives=\"hr\" data-language-to-translate-into=\"auto\" data-phrase-index=\"3\">pohrana ili potpuna ili djelomi\u010dna javna komunikacija, mora imati izri\u010ditu suglasnost FUNDACI\u00d3N INFINITO.<\/span><\/span><\/p><p><span class=\"VIiyi\" lang=\"hr\"><span class=\"JLqJ4b\" data-language-for-alternatives=\"hr\" data-language-to-translate-into=\"auto\" data-phrase-index=\"0\">Isto tako, za pristup nekim uslugama koje FUNDACI\u00d3N INFINITO nudi putem svoje web stranice, morate navesti neke osobne podatke. U skladu s odredbama Uredbe (EU) 2016\/679 Europskog parlamenta i Vije\u0107a od 27. travnja 2016. o za\u0161titi fizi\u010dkih osoba u pogledu obrade osobnih podataka i slobodnog kretanja Obavje\u0161tavamo vas ovih podataka da \u0107e popunjavanjem ovih obrazaca va\u0161i osobni podaci biti ugra\u0111eni i obra\u0111eni u datotekama FUNDACI\u00d3N INFINITO kako bi mogli pru\u017eati i nuditi na\u0161e usluge, kao i informirati vas o pobolj\u0161anjima web stranice. Tako\u0111er vas obavje\u0161tavamo da \u0107ete u bilo kojem trenutku imati mogu\u0107nost ostvarivanja prava na pristup, ispravku, otkazivanje, protivljenje, ograni\u010denje i prenosivost svojih osobnih podataka, besplatnom e-po\u0161tom na: hola@fundacioninfinito.org ili na adresu : Calle Marines, 14 Pta 5, 46183 La Eliana, Valencia, \u0160panjolska<\/span><\/span><\/p>\t\t\t\t\t\t\t\t<\/div>\n\t\t\t\t<\/div>\n\t\t\t\t\t<\/div>\n\t\t<\/div>\n\t\t\t\t\t<\/div>\n\t\t<\/section>\n\t\t\t\t<\/div>\n\t\t","protected":false},"excerpt":{"rendered":"<p>U skladu s obvezom informiranja sadr\u017eanom u \u010dlanku 10. Zakona 34\/2002 od 11. srpnja, Usluge informacijskog dru\u0161tva i elektroni\u010dke trgovine (LSSICE), vlasnik web stranice, obavje\u0161tava vas o sljede\u0107em: Naziv tvrtke: FUNDACION INFINITO NIF: G98499734 Adresa: Calle Marines, 14 Pta 5, 46183 &#8211; La Eliana, Valencia, \u0160panjolska Uz zakonski ograni\u010dena ograni\u010denja, FUNDACI\u00d3N INFINITO ne preuzima nikakvu [&hellip;]<\/p>\n","protected":false},"author":19323,"featured_media":0,"parent":0,"menu_order":0,"comment_status":"closed","ping_status":"closed","template":"","meta":{"_acf_changed":false,"site-sidebar-layout":"no-sidebar","site-content-layout":"page-builder","ast-site-content-layout":"default","site-content-style":"default","site-sidebar-style":"default","ast-global-header-display":"","ast-banner-title-visibility":"","ast-main-header-display":"","ast-hfb-above-header-display":"","ast-hfb-below-header-display":"","ast-hfb-mobile-header-display":"","site-post-title":"disabled","ast-breadcrumbs-content":"","ast-featured-img":"disabled","footer-sml-layout":"","ast-disable-related-posts":"","theme-transparent-header-meta":"enabled","adv-header-id-meta":"","stick-header-meta":"","header-above-stick-meta":"","header-main-stick-meta":"","header-below-stick-meta":"","astra-migrate-meta-layouts":"default","ast-page-background-enabled":"default","ast-page-background-meta":{"desktop":{"background-color":"","background-image":"","background-repeat":"repeat","background-position":"center center","background-size":"auto","background-attachment":"scroll","background-type":"","background-media":"","overlay-type":"","overlay-color":"","overlay-opacity":"","overlay-gradient":""},"tablet":{"background-color":"","background-image":"","background-repeat":"repeat","background-position":"center center","background-size":"auto","background-attachment":"scroll","background-type":"","background-media":"","overlay-type":"","overlay-color":"","overlay-opacity":"","overlay-gradient":""},"mobile":{"background-color":"","background-image":"","background-repeat":"repeat","background-position":"center center","background-size":"auto","background-attachment":"scroll","background-type":"","background-media":"","overlay-type":"","overlay-color":"","overlay-opacity":"","overlay-gradient":""}},"ast-content-background-meta":{"desktop":{"background-color":"var(--ast-global-color-5)","background-image":"","background-repeat":"repeat","background-position":"center center","background-size":"auto","background-attachment":"scroll","background-type":"","background-media":"","overlay-type":"","overlay-color":"","overlay-opacity":"","overlay-gradient":""},"tablet":{"background-color":"var(--ast-global-color-5)","background-image":"","background-repeat":"repeat","background-position":"center center","background-size":"auto","background-attachment":"scroll","background-type":"","background-media":"","overlay-type":"","overlay-color":"","overlay-opacity":"","overlay-gradient":""},"mobile":{"background-color":"var(--ast-global-color-5)","background-image":"","background-repeat":"repeat","background-position":"center center","background-size":"auto","background-attachment":"scroll","background-type":"","background-media":"","overlay-type":"","overlay-color":"","overlay-opacity":"","overlay-gradient":""}},"footnotes":""},"class_list":["post-167050","page","type-page","status-publish","hentry"],"acf":[],"aioseo_notices":[],"_links":{"self":[{"href":"https:\/\/www.infinitomasuno.org\/hr\/wp-json\/wp\/v2\/pages\/167050","targetHints":{"allow":["GET"]}}],"collection":[{"href":"https:\/\/www.infinitomasuno.org\/hr\/wp-json\/wp\/v2\/pages"}],"about":[{"href":"https:\/\/www.infinitomasuno.org\/hr\/wp-json\/wp\/v2\/types\/page"}],"author":[{"embeddable":true,"href":"https:\/\/www.infinitomasuno.org\/hr\/wp-json\/wp\/v2\/users\/19323"}],"replies":[{"embeddable":true,"href":"https:\/\/www.infinitomasuno.org\/hr\/wp-json\/wp\/v2\/comments?post=167050"}],"version-history":[{"count":7,"href":"https:\/\/www.infinitomasuno.org\/hr\/wp-json\/wp\/v2\/pages\/167050\/revisions"}],"predecessor-version":[{"id":218001,"href":"https:\/\/www.infinitomasuno.org\/hr\/wp-json\/wp\/v2\/pages\/167050\/revisions\/218001"}],"wp:attachment":[{"href":"https:\/\/www.infinitomasuno.org\/hr\/wp-json\/wp\/v2\/media?parent=167050"}],"curies":[{"name":"wp","href":"https:\/\/api.w.org\/{rel}","templated":true}]}}