{"id":167032,"date":"2020-07-20T22:54:12","date_gmt":"2020-07-20T20:54:12","guid":{"rendered":"https:\/\/www.infinitomasuno.org\/catequizis-para-ninos\/"},"modified":"2021-02-19T13:12:09","modified_gmt":"2021-02-19T11:12:09","slug":"katekvizam-za-djecu","status":"publish","type":"page","link":"https:\/\/www.infinitomasuno.org\/hr\/katekvizam-za-djecu\/","title":{"rendered":"+ KATEKVIZAM"},"content":{"rendered":"\t\t<div data-elementor-type=\"wp-page\" data-elementor-id=\"167032\" class=\"elementor elementor-167032\" data-elementor-post-type=\"page\">\n\t\t\t\t\t\t<section class=\"elementor-section elementor-top-section elementor-element elementor-element-65e08a9 elementor-section-stretched elementor-section-full_width elementor-section-height-default elementor-section-height-default\" data-id=\"65e08a9\" data-element_type=\"section\" data-e-type=\"section\" data-settings=\"{&quot;stretch_section&quot;:&quot;section-stretched&quot;,&quot;background_background&quot;:&quot;classic&quot;}\">\n\t\t\t\t\t\t<div class=\"elementor-container elementor-column-gap-default\">\n\t\t\t\t\t<div class=\"elementor-column elementor-col-100 elementor-top-column elementor-element elementor-element-03d59b6\" data-id=\"03d59b6\" data-element_type=\"column\" data-e-type=\"column\">\n\t\t\t<div class=\"elementor-widget-wrap elementor-element-populated\">\n\t\t\t\t\t\t<section class=\"elementor-section elementor-inner-section elementor-element elementor-element-21b761c elementor-section-full_width elementor-section-height-default elementor-section-height-default\" data-id=\"21b761c\" data-element_type=\"section\" data-e-type=\"section\">\n\t\t\t\t\t\t<div class=\"elementor-container elementor-column-gap-default\">\n\t\t\t\t\t<div class=\"elementor-column elementor-col-50 elementor-inner-column elementor-element elementor-element-dc1291c\" data-id=\"dc1291c\" data-element_type=\"column\" data-e-type=\"column\">\n\t\t\t<div class=\"elementor-widget-wrap elementor-element-populated\">\n\t\t\t\t\t\t<div class=\"elementor-element elementor-element-e88305a elementor-hidden-desktop elementor-hidden-tablet elementor-widget elementor-widget-text-editor\" data-id=\"e88305a\" data-element_type=\"widget\" data-e-type=\"widget\" data-widget_type=\"text-editor.default\">\n\t\t\t\t<div class=\"elementor-widget-container\">\n\t\t\t\t\t\t\t\t\t<p><img decoding=\"async\" class=\"alignnone size-medium wp-image-173113\" src=\"https:\/\/www.infinitomasuno.org\/wp-content\/uploads\/2021\/01\/T\u00a1tulo-mis-Catequizis-300x58.png\" alt=\"\" width=\"300\" height=\"58\" srcset=\"https:\/\/www.infinitomasuno.org\/wp-content\/uploads\/2021\/01\/T\u00a1tulo-mis-Catequizis-300x58.png 300w, https:\/\/www.infinitomasuno.org\/wp-content\/uploads\/2021\/01\/T\u00a1tulo-mis-Catequizis-600x117.png 600w, https:\/\/www.infinitomasuno.org\/wp-content\/uploads\/2021\/01\/T\u00a1tulo-mis-Catequizis-768x150.png 768w, https:\/\/www.infinitomasuno.org\/wp-content\/uploads\/2021\/01\/T\u00a1tulo-mis-Catequizis.png 1001w\" sizes=\"(max-width: 300px) 100vw, 300px\" \/><\/p><p>Snimili smo 51 epizoda <a href=\"https:\/\/www.infinitomasuno.org\/hr\/katekvizam\/\">KATEKVIZMA<\/a> kao pripremu za prvu pri\u010dest. No, htjeli bismo napraviti jo\u0161 vi\u0161e sadr\u017eaja za djecu. Mnoga djeca, roditelji, vjerou\u010ditelji, sve\u0107enici, biskupi \u017eele da nastavimo.<\/p><p>Ako ste ve\u0107 vidjeli na\u0161 <a href=\"https:\/\/www.infinitomasuno.org\/hr\/katekvizam\/\">KATEKVIZAM<\/a> i uvjerili se koliko poma\u017ee svima, ho\u0107ete li nam pomo\u0107i da pomognemo djeci?<\/p><p>NEIZMJERNO VAM HVALA!<\/p>\t\t\t\t\t\t\t\t<\/div>\n\t\t\t\t<\/div>\n\t\t\t\t<div class=\"elementor-element elementor-element-d697ee2 elementor-hidden-phone elementor-widget elementor-widget-text-editor\" data-id=\"d697ee2\" data-element_type=\"widget\" data-e-type=\"widget\" data-widget_type=\"text-editor.default\">\n\t\t\t\t<div class=\"elementor-widget-container\">\n\t\t\t\t\t\t\t\t\t<p><img decoding=\"async\" class=\"alignnone size-medium wp-image-173113\" src=\"https:\/\/www.infinitomasuno.org\/wp-content\/uploads\/2021\/01\/T\u00a1tulo-mis-Catequizis-300x58.png\" alt=\"\" width=\"300\" height=\"58\" srcset=\"https:\/\/www.infinitomasuno.org\/wp-content\/uploads\/2021\/01\/T\u00a1tulo-mis-Catequizis-300x58.png 300w, https:\/\/www.infinitomasuno.org\/wp-content\/uploads\/2021\/01\/T\u00a1tulo-mis-Catequizis-600x117.png 600w, https:\/\/www.infinitomasuno.org\/wp-content\/uploads\/2021\/01\/T\u00a1tulo-mis-Catequizis-768x150.png 768w, https:\/\/www.infinitomasuno.org\/wp-content\/uploads\/2021\/01\/T\u00a1tulo-mis-Catequizis.png 1001w\" sizes=\"(max-width: 300px) 100vw, 300px\" \/><\/p><p>Snimili smo 51 epizoda <a href=\"https:\/\/www.infinitomasuno.org\/hr\/katekvizam\/\">KATEKVIZMA<\/a> kao pripremu za prvu pri\u010dest. No, htjeli bismo napraviti jo\u0161 vi\u0161e sadr\u017eaja za djecu. Mnoga djeca, roditelji, vjerou\u010ditelji, sve\u0107enici, biskupi \u017eele da nastavimo.<\/p><p>Ako ste ve\u0107 vidjeli na\u0161 <a href=\"https:\/\/www.infinitomasuno.org\/hr\/katekvizam\/\">KATEKVIZAM<\/a> i uvjerili se koliko poma\u017ee svima, ho\u0107ete li nam pomo\u0107i da pomognemo djeci?<\/p><p>NEIZMJERNO VAM HVALA!<\/p>\t\t\t\t\t\t\t\t<\/div>\n\t\t\t\t<\/div>\n\t\t\t\t<div class=\"elementor-element elementor-element-69a6911 elementor-align-left elementor-mobile-align-center elementor-widget elementor-widget-button\" data-id=\"69a6911\" data-element_type=\"widget\" data-e-type=\"widget\" data-widget_type=\"button.default\">\n\t\t\t\t<div class=\"elementor-widget-container\">\n\t\t\t\t\t\t\t\t\t<div class=\"elementor-button-wrapper\">\n\t\t\t\t\t<a class=\"elementor-button elementor-button-link elementor-size-sm\" href=\"\/hr\/donacija\/\">\n\t\t\t\t\t\t<span class=\"elementor-button-content-wrapper\">\n\t\t\t\t\t\t\t\t\t<span class=\"elementor-button-text\">DONIRAJTE OVDJE<\/span>\n\t\t\t\t\t<\/span>\n\t\t\t\t\t<\/a>\n\t\t\t\t<\/div>\n\t\t\t\t\t\t\t\t<\/div>\n\t\t\t\t<\/div>\n\t\t\t\t\t<\/div>\n\t\t<\/div>\n\t\t\t\t<div class=\"elementor-column elementor-col-50 elementor-inner-column elementor-element elementor-element-97a4c36\" data-id=\"97a4c36\" data-element_type=\"column\" data-e-type=\"column\">\n\t\t\t<div class=\"elementor-widget-wrap\">\n\t\t\t\t\t\t\t<\/div>\n\t\t<\/div>\n\t\t\t\t\t<\/div>\n\t\t<\/section>\n\t\t\t\t\t<\/div>\n\t\t<\/div>\n\t\t\t\t\t<\/div>\n\t\t<\/section>\n\t\t\t\t<\/div>\n\t\t","protected":false},"excerpt":{"rendered":"<p>Snimili smo 51 epizoda KATEKVIZMA kao pripremu za prvu pri\u010dest. No, htjeli bismo napraviti jo\u0161 vi\u0161e sadr\u017eaja za djecu. Mnoga djeca, roditelji, vjerou\u010ditelji, sve\u0107enici, biskupi \u017eele da nastavimo. Ako ste ve\u0107 vidjeli na\u0161 KATEKVIZAM i uvjerili se koliko poma\u017ee svima, ho\u0107ete li nam pomo\u0107i da pomognemo djeci? NEIZMJERNO VAM HVALA! Snimili smo 51 epizoda KATEKVIZMA [&hellip;]<\/p>\n","protected":false},"author":19323,"featured_media":0,"parent":0,"menu_order":0,"comment_status":"closed","ping_status":"closed","template":"","meta":{"_acf_changed":false,"site-sidebar-layout":"no-sidebar","site-content-layout":"page-builder","ast-site-content-layout":"default","site-content-style":"default","site-sidebar-style":"default","ast-global-header-display":"","ast-banner-title-visibility":"","ast-main-header-display":"","ast-hfb-above-header-display":"","ast-hfb-below-header-display":"","ast-hfb-mobile-header-display":"","site-post-title":"disabled","ast-breadcrumbs-content":"","ast-featured-img":"disabled","footer-sml-layout":"","ast-disable-related-posts":"","theme-transparent-header-meta":"enabled","adv-header-id-meta":"","stick-header-meta":"","header-above-stick-meta":"","header-main-stick-meta":"","header-below-stick-meta":"","astra-migrate-meta-layouts":"default","ast-page-background-enabled":"default","ast-page-background-meta":{"desktop":{"background-color":"","background-image":"","background-repeat":"repeat","background-position":"center center","background-size":"auto","background-attachment":"scroll","background-type":"","background-media":"","overlay-type":"","overlay-color":"","overlay-opacity":"","overlay-gradient":""},"tablet":{"background-color":"","background-image":"","background-repeat":"repeat","background-position":"center center","background-size":"auto","background-attachment":"scroll","background-type":"","background-media":"","overlay-type":"","overlay-color":"","overlay-opacity":"","overlay-gradient":""},"mobile":{"background-color":"","background-image":"","background-repeat":"repeat","background-position":"center center","background-size":"auto","background-attachment":"scroll","background-type":"","background-media":"","overlay-type":"","overlay-color":"","overlay-opacity":"","overlay-gradient":""}},"ast-content-background-meta":{"desktop":{"background-color":"var(--ast-global-color-5)","background-image":"","background-repeat":"repeat","background-position":"center center","background-size":"auto","background-attachment":"scroll","background-type":"","background-media":"","overlay-type":"","overlay-color":"","overlay-opacity":"","overlay-gradient":""},"tablet":{"background-color":"var(--ast-global-color-5)","background-image":"","background-repeat":"repeat","background-position":"center center","background-size":"auto","background-attachment":"scroll","background-type":"","background-media":"","overlay-type":"","overlay-color":"","overlay-opacity":"","overlay-gradient":""},"mobile":{"background-color":"var(--ast-global-color-5)","background-image":"","background-repeat":"repeat","background-position":"center center","background-size":"auto","background-attachment":"scroll","background-type":"","background-media":"","overlay-type":"","overlay-color":"","overlay-opacity":"","overlay-gradient":""}},"footnotes":""},"class_list":["post-167032","page","type-page","status-publish","hentry"],"acf":[],"aioseo_notices":[],"_links":{"self":[{"href":"https:\/\/www.infinitomasuno.org\/hr\/wp-json\/wp\/v2\/pages\/167032","targetHints":{"allow":["GET"]}}],"collection":[{"href":"https:\/\/www.infinitomasuno.org\/hr\/wp-json\/wp\/v2\/pages"}],"about":[{"href":"https:\/\/www.infinitomasuno.org\/hr\/wp-json\/wp\/v2\/types\/page"}],"author":[{"embeddable":true,"href":"https:\/\/www.infinitomasuno.org\/hr\/wp-json\/wp\/v2\/users\/19323"}],"replies":[{"embeddable":true,"href":"https:\/\/www.infinitomasuno.org\/hr\/wp-json\/wp\/v2\/comments?post=167032"}],"version-history":[{"count":29,"href":"https:\/\/www.infinitomasuno.org\/hr\/wp-json\/wp\/v2\/pages\/167032\/revisions"}],"predecessor-version":[{"id":174920,"href":"https:\/\/www.infinitomasuno.org\/hr\/wp-json\/wp\/v2\/pages\/167032\/revisions\/174920"}],"wp:attachment":[{"href":"https:\/\/www.infinitomasuno.org\/hr\/wp-json\/wp\/v2\/media?parent=167032"}],"curies":[{"name":"wp","href":"https:\/\/api.w.org\/{rel}","templated":true}]}}