{"id":215297,"date":"2020-09-10T16:09:50","date_gmt":"2020-09-10T15:09:50","guid":{"rendered":"https:\/\/www.infinitomasuno.org\/producto\/visionado-online-tierra-de-maria-espanol-ingles-italiano-portugues-aleman-rumano\/"},"modified":"2024-03-06T14:34:12","modified_gmt":"2024-03-06T13:34:12","slug":"voir-en-ligne-marys-land-sous-titre-en-francais","status":"publish","type":"product","link":"https:\/\/www.infinitomasuno.org\/fr\/produit-fr\/voir-en-ligne-marys-land-sous-titre-en-francais\/","title":{"rendered":"Voir en ligne  MARY&rsquo;S LAND sous-titr\u00e9 en fran\u00e7ais"},"content":{"rendered":"\t\t<div data-elementor-type=\"product-post\" data-elementor-id=\"215297\" class=\"elementor elementor-215297\" data-elementor-post-type=\"product\">\n\t\t\t\t\t\t<section class=\"elementor-section elementor-top-section elementor-element elementor-element-77247cd elementor-section-boxed elementor-section-height-default elementor-section-height-default\" data-id=\"77247cd\" data-element_type=\"section\" data-e-type=\"section\">\n\t\t\t\t\t\t<div class=\"elementor-container elementor-column-gap-default\">\n\t\t\t\t\t<div class=\"elementor-column elementor-col-100 elementor-top-column elementor-element elementor-element-33a3fb4b\" data-id=\"33a3fb4b\" data-element_type=\"column\" data-e-type=\"column\">\n\t\t\t<div class=\"elementor-widget-wrap elementor-element-populated\">\n\t\t\t\t\t\t<div class=\"elementor-element elementor-element-5c8a8a29 elementor-widget elementor-widget-text-editor\" data-id=\"5c8a8a29\" data-element_type=\"widget\" data-e-type=\"widget\" data-widget_type=\"text-editor.default\">\n\t\t\t\t<div class=\"elementor-widget-container\">\n\t\t\t\t\t\t\t\t\tTendr\u00e1s 3 d\u00edas para ver la pel\u00edcula y los extras, cuantas veces quieras, desde el momento de la compra.\t\t\t\t\t\t\t\t<\/div>\n\t\t\t\t<\/div>\n\t\t\t\t<div class=\"elementor-element elementor-element-26cee0d elementor-hidden-mobile elementor-widget elementor-widget-heading\" data-id=\"26cee0d\" data-element_type=\"widget\" data-e-type=\"widget\" data-widget_type=\"heading.default\">\n\t\t\t\t<div class=\"elementor-widget-container\">\n\t\t\t\t\t<span class=\"elementor-heading-title elementor-size-default\"><a href=\"#elementor-action%3Aaction%3Dpopup%3Aopen%26settings%3DeyJpZCI6MjA0NDYyLCJ0b2dnbGUiOmZhbHNlfQ%3D%3D\">CONSULTA LAS PREGUNTAS FRECUENTES AQU\u00cd<\/a><\/span>\t\t\t\t<\/div>\n\t\t\t\t<\/div>\n\t\t\t\t\t<\/div>\n\t\t<\/div>\n\t\t\t\t\t<\/div>\n\t\t<\/section>\n\t\t\t\t<\/div>\n\t\t","protected":false},"excerpt":{"rendered":"<p>Un agente investiga a quienes dicen hablar con Dios Padre, con Jesucristo o con su madre, Mar\u00eda. Sin miedo a descubrir la verdad. \u00bfEst\u00e1n enga\u00f1ados, mienten\u2026 o no?<\/p>\n<p>Incluye 100 minutos de contenido adicional.<\/p>\n<p>Idiomas disponibles: espa\u00f1ol, alem\u00e1n (doblado), italiano (doblado), portugu\u00e9s (doblado), ingl\u00e9s (subt\u00edtulos) rumano (subt\u00edtulos), croata (subt\u00edtulos), japon\u00e9s (subt\u00edtulos).<\/p>\n","protected":false},"featured_media":164135,"template":"","meta":{"_acf_changed":false,"site-sidebar-layout":"default","site-content-layout":"default","ast-site-content-layout":"default","site-content-style":"default","site-sidebar-style":"default","ast-global-header-display":"","ast-banner-title-visibility":"","ast-main-header-display":"","ast-hfb-above-header-display":"","ast-hfb-below-header-display":"","ast-hfb-mobile-header-display":"","site-post-title":"","ast-breadcrumbs-content":"","ast-featured-img":"","footer-sml-layout":"","ast-disable-related-posts":"","theme-transparent-header-meta":"default","adv-header-id-meta":"","stick-header-meta":"","header-above-stick-meta":"","header-main-stick-meta":"","header-below-stick-meta":"","astra-migrate-meta-layouts":"set","ast-page-background-enabled":"default","ast-page-background-meta":{"desktop":{"background-color":"","background-image":"","background-repeat":"repeat","background-position":"center center","background-size":"auto","background-attachment":"scroll","background-type":"","background-media":"","overlay-type":"","overlay-color":"","overlay-opacity":"","overlay-gradient":""},"tablet":{"background-color":"","background-image":"","background-repeat":"repeat","background-position":"center center","background-size":"auto","background-attachment":"scroll","background-type":"","background-media":"","overlay-type":"","overlay-color":"","overlay-opacity":"","overlay-gradient":""},"mobile":{"background-color":"","background-image":"","background-repeat":"repeat","background-position":"center center","background-size":"auto","background-attachment":"scroll","background-type":"","background-media":"","overlay-type":"","overlay-color":"","overlay-opacity":"","overlay-gradient":""}},"ast-content-background-meta":{"desktop":{"background-color":"var(--ast-global-color-5)","background-image":"","background-repeat":"repeat","background-position":"center center","background-size":"auto","background-attachment":"scroll","background-type":"","background-media":"","overlay-type":"","overlay-color":"","overlay-opacity":"","overlay-gradient":""},"tablet":{"background-color":"var(--ast-global-color-5)","background-image":"","background-repeat":"repeat","background-position":"center center","background-size":"auto","background-attachment":"scroll","background-type":"","background-media":"","overlay-type":"","overlay-color":"","overlay-opacity":"","overlay-gradient":""},"mobile":{"background-color":"var(--ast-global-color-5)","background-image":"","background-repeat":"repeat","background-position":"center center","background-size":"auto","background-attachment":"scroll","background-type":"","background-media":"","overlay-type":"","overlay-color":"","overlay-opacity":"","overlay-gradient":""}}},"product_brand":[],"product_cat":[685,690,689,684],"product_tag":[687],"class_list":{"0":"post-215297","1":"product","2":"type-product","3":"status-publish","4":"has-post-thumbnail","6":"product_cat-00cine-online-fr","7":"product_cat-marijina-zemlja-fr","8":"product_cat-produkcije-hr-fr","9":"product_cat-web-shop-hr-fr","10":"product_tag-sin-categorizar","11":"desktop-align-left","12":"tablet-align-left","13":"mobile-align-left","15":"first","16":"instock","17":"downloadable","18":"virtual","19":"purchasable","20":"product-type-simple"},"acf":[],"aioseo_notices":[],"_links":{"self":[{"href":"https:\/\/www.infinitomasuno.org\/fr\/wp-json\/wp\/v2\/product\/215297","targetHints":{"allow":["GET"]}}],"collection":[{"href":"https:\/\/www.infinitomasuno.org\/fr\/wp-json\/wp\/v2\/product"}],"about":[{"href":"https:\/\/www.infinitomasuno.org\/fr\/wp-json\/wp\/v2\/types\/product"}],"version-history":[{"count":2,"href":"https:\/\/www.infinitomasuno.org\/fr\/wp-json\/wp\/v2\/product\/215297\/revisions"}],"predecessor-version":[{"id":215298,"href":"https:\/\/www.infinitomasuno.org\/fr\/wp-json\/wp\/v2\/product\/215297\/revisions\/215298"}],"wp:featuredmedia":[{"embeddable":true,"href":"https:\/\/www.infinitomasuno.org\/fr\/wp-json\/wp\/v2\/media\/164135"}],"wp:attachment":[{"href":"https:\/\/www.infinitomasuno.org\/fr\/wp-json\/wp\/v2\/media?parent=215297"}],"wp:term":[{"taxonomy":"product_brand","embeddable":true,"href":"https:\/\/www.infinitomasuno.org\/fr\/wp-json\/wp\/v2\/product_brand?post=215297"},{"taxonomy":"product_cat","embeddable":true,"href":"https:\/\/www.infinitomasuno.org\/fr\/wp-json\/wp\/v2\/product_cat?post=215297"},{"taxonomy":"product_tag","embeddable":true,"href":"https:\/\/www.infinitomasuno.org\/fr\/wp-json\/wp\/v2\/product_tag?post=215297"}],"curies":[{"name":"wp","href":"https:\/\/api.w.org\/{rel}","templated":true}]}}