{"id":215280,"date":"2020-09-10T16:08:58","date_gmt":"2020-09-10T15:08:58","guid":{"rendered":"https:\/\/www.infinitomasuno.org\/producto\/visionado-online-el-mayor-regalo-espanol\/"},"modified":"2024-03-06T14:21:17","modified_gmt":"2024-03-06T13:21:17","slug":"voir-en-ligne-le-plus-gran-cadeu-sous-titre-en-francais","status":"publish","type":"product","link":"https:\/\/www.infinitomasuno.org\/fr\/produit-fr\/voir-en-ligne-le-plus-gran-cadeu-sous-titre-en-francais\/","title":{"rendered":"Voir en ligne LE PLUS GRAN CADEU &#8211; Sous-titr\u00e9 en fran\u00e7ais"},"content":{"rendered":"\t\t<div data-elementor-type=\"product-post\" data-elementor-id=\"215280\" class=\"elementor elementor-215280\" data-elementor-post-type=\"product\">\n\t\t\t\t\t\t<section class=\"elementor-section elementor-top-section elementor-element elementor-element-3ede418 elementor-section-boxed elementor-section-height-default elementor-section-height-default\" data-id=\"3ede418\" data-element_type=\"section\" data-e-type=\"section\">\n\t\t\t\t\t\t<div class=\"elementor-container elementor-column-gap-default\">\n\t\t\t\t\t<div class=\"elementor-column elementor-col-100 elementor-top-column elementor-element elementor-element-4449bf36\" data-id=\"4449bf36\" data-element_type=\"column\" data-e-type=\"column\">\n\t\t\t<div class=\"elementor-widget-wrap elementor-element-populated\">\n\t\t\t\t\t\t<div class=\"elementor-element elementor-element-61bf6f7 elementor-widget elementor-widget-text-editor\" data-id=\"61bf6f7\" data-element_type=\"widget\" data-e-type=\"widget\" data-widget_type=\"text-editor.default\">\n\t\t\t\t<div class=\"elementor-widget-container\">\n\t\t\t\t\t\t\t\t\t<p>Vous disposez de 3 jours pour visionner le film et les suppl\u00e9ments, autant de fois que vous le souhaitez, \u00e0 compter de la date d&rsquo;achat.<\/p>\t\t\t\t\t\t\t\t<\/div>\n\t\t\t\t<\/div>\n\t\t\t\t<div class=\"elementor-element elementor-element-dafbd86 elementor-hidden-mobile elementor-widget elementor-widget-heading\" data-id=\"dafbd86\" data-element_type=\"widget\" data-e-type=\"widget\" data-widget_type=\"heading.default\">\n\t\t\t\t<div class=\"elementor-widget-container\">\n\t\t\t\t\t<span class=\"elementor-heading-title elementor-size-default\"><a href=\"#elementor-action%3Aaction%3Dpopup%3Aopen%26settings%3DeyJpZCI6MjA0NDYyLCJ0b2dnbGUiOmZhbHNlfQ%3D%3D\">VOIR LA FOIRE AUX QUESTIONS ICI<\/a><\/span>\t\t\t\t<\/div>\n\t\t\t\t<\/div>\n\t\t\t\t\t<\/div>\n\t\t<\/div>\n\t\t\t\t\t<\/div>\n\t\t<\/section>\n\t\t\t\t<\/div>\n\t\t","protected":false},"excerpt":{"rendered":"<p>Vous pouvez vous disputer, vous battre, ha\u00efr&#8230; mais il existe une meilleure arme pour r\u00e9soudre les conflits : le pardon. Cela semble impossible, mais ce sont des histoires vraies ! Apr\u00e8s avoir vu ce film, vous aurez envie de c\u00e9l\u00e9brer dans votre propre vie la meilleure fin heureuse : la f\u00eate du pardon.<\/p>\n<p>Comprend 110 minutes de contenu additionnel.<\/p>\n<p>Langues disponibles : espagnol, allemand (doubl\u00e9), anglais (doubl\u00e9), italien (doubl\u00e9), portugais (doubl\u00e9), roumain (sous-titr\u00e9), croate (sous-titr\u00e9) et fran\u00e7ais (sous-titr\u00e9).<\/p>\n","protected":false},"featured_media":163866,"template":"","meta":{"_acf_changed":false,"site-sidebar-layout":"default","site-content-layout":"default","ast-site-content-layout":"default","site-content-style":"default","site-sidebar-style":"default","ast-global-header-display":"","ast-banner-title-visibility":"","ast-main-header-display":"","ast-hfb-above-header-display":"","ast-hfb-below-header-display":"","ast-hfb-mobile-header-display":"","site-post-title":"","ast-breadcrumbs-content":"","ast-featured-img":"","footer-sml-layout":"","ast-disable-related-posts":"","theme-transparent-header-meta":"default","adv-header-id-meta":"","stick-header-meta":"","header-above-stick-meta":"","header-main-stick-meta":"","header-below-stick-meta":"","astra-migrate-meta-layouts":"set","ast-page-background-enabled":"default","ast-page-background-meta":{"desktop":{"background-color":"","background-image":"","background-repeat":"repeat","background-position":"center center","background-size":"auto","background-attachment":"scroll","background-type":"","background-media":"","overlay-type":"","overlay-color":"","overlay-opacity":"","overlay-gradient":""},"tablet":{"background-color":"","background-image":"","background-repeat":"repeat","background-position":"center center","background-size":"auto","background-attachment":"scroll","background-type":"","background-media":"","overlay-type":"","overlay-color":"","overlay-opacity":"","overlay-gradient":""},"mobile":{"background-color":"","background-image":"","background-repeat":"repeat","background-position":"center center","background-size":"auto","background-attachment":"scroll","background-type":"","background-media":"","overlay-type":"","overlay-color":"","overlay-opacity":"","overlay-gradient":""}},"ast-content-background-meta":{"desktop":{"background-color":"var(--ast-global-color-5)","background-image":"","background-repeat":"repeat","background-position":"center center","background-size":"auto","background-attachment":"scroll","background-type":"","background-media":"","overlay-type":"","overlay-color":"","overlay-opacity":"","overlay-gradient":""},"tablet":{"background-color":"var(--ast-global-color-5)","background-image":"","background-repeat":"repeat","background-position":"center center","background-size":"auto","background-attachment":"scroll","background-type":"","background-media":"","overlay-type":"","overlay-color":"","overlay-opacity":"","overlay-gradient":""},"mobile":{"background-color":"var(--ast-global-color-5)","background-image":"","background-repeat":"repeat","background-position":"center center","background-size":"auto","background-attachment":"scroll","background-type":"","background-media":"","overlay-type":"","overlay-color":"","overlay-opacity":"","overlay-gradient":""}}},"product_brand":[],"product_cat":[685,684],"product_tag":[687],"class_list":{"0":"post-215280","1":"product","2":"type-product","3":"status-publish","4":"has-post-thumbnail","6":"product_cat-00cine-online-fr","7":"product_cat-web-shop-hr-fr","8":"product_tag-sin-categorizar","9":"desktop-align-left","10":"tablet-align-left","11":"mobile-align-left","13":"first","14":"instock","15":"downloadable","16":"virtual","17":"purchasable","18":"product-type-simple"},"acf":[],"aioseo_notices":[],"_links":{"self":[{"href":"https:\/\/www.infinitomasuno.org\/fr\/wp-json\/wp\/v2\/product\/215280","targetHints":{"allow":["GET"]}}],"collection":[{"href":"https:\/\/www.infinitomasuno.org\/fr\/wp-json\/wp\/v2\/product"}],"about":[{"href":"https:\/\/www.infinitomasuno.org\/fr\/wp-json\/wp\/v2\/types\/product"}],"version-history":[{"count":7,"href":"https:\/\/www.infinitomasuno.org\/fr\/wp-json\/wp\/v2\/product\/215280\/revisions"}],"predecessor-version":[{"id":215295,"href":"https:\/\/www.infinitomasuno.org\/fr\/wp-json\/wp\/v2\/product\/215280\/revisions\/215295"}],"wp:featuredmedia":[{"embeddable":true,"href":"https:\/\/www.infinitomasuno.org\/fr\/wp-json\/wp\/v2\/media\/163866"}],"wp:attachment":[{"href":"https:\/\/www.infinitomasuno.org\/fr\/wp-json\/wp\/v2\/media?parent=215280"}],"wp:term":[{"taxonomy":"product_brand","embeddable":true,"href":"https:\/\/www.infinitomasuno.org\/fr\/wp-json\/wp\/v2\/product_brand?post=215280"},{"taxonomy":"product_cat","embeddable":true,"href":"https:\/\/www.infinitomasuno.org\/fr\/wp-json\/wp\/v2\/product_cat?post=215280"},{"taxonomy":"product_tag","embeddable":true,"href":"https:\/\/www.infinitomasuno.org\/fr\/wp-json\/wp\/v2\/product_tag?post=215280"}],"curies":[{"name":"wp","href":"https:\/\/api.w.org\/{rel}","templated":true}]}}