{"id":212603,"date":"2024-11-20T10:25:10","date_gmt":"2024-11-20T09:25:10","guid":{"rendered":"https:\/\/www.infinitomasuno.org\/?post_type=product&#038;p=212603"},"modified":"2026-02-20T11:41:19","modified_gmt":"2026-02-20T10:41:19","slug":"streamen-sonnenaufgang-ueber-kalkutta-deutsch","status":"publish","type":"product","link":"https:\/\/www.infinitomasuno.org\/de\/product-de\/streamen-sonnenaufgang-ueber-kalkutta-deutsch\/","title":{"rendered":"Streamen SONNENAUFGANG \u00dcBER KALKUTTA (deutsch)"},"content":{"rendered":"<p>Sprachen: Deutsch<\/p>\n<p>Der neue Film von Regisseur Jos\u00e9 Mar\u00eda Zavala, Sonnenaufgang \u00fcber Kalkutta, ist eine Lobeshymne auf eine kleine gro\u00dfe Frau, die ihr Leben den \u00c4rmsten der Armen gewidmet hat.<\/p>\n<p>Die Heilige Mutter Teresa erinnert uns auch heute daran, dass Kalkutta \u00fcberall ist. Auch in deiner Stadt gibt es ein \u201eKalkutta\u201c, da wo es Menschen schlecht geht, weil sie arm sind, weil sie einsam sind, weil sie Liebe brauchen \u2013 Gottes Liebe.<\/p>\n<p>Sonnenaufgang \u00fcber Kalkutta, das sind die Lebenszeugnisse von sechs Personen, die ganz nach dem Vorbild von Mutter Teresa ihr Leben geben, um an den abgelegensten Orten der Welt Jesus zu lieben und zu verk\u00fcnden. Diese Geschichten ersch\u00fcttern uns in unserer Bequemlichkeit.<\/p>\n","protected":false},"excerpt":{"rendered":"<p>Sprachen: Deutsch Der neue Film von Regisseur Jos\u00e9 Mar\u00eda Zavala, Sonnenaufgang \u00fcber Kalkutta, ist eine Lobeshymne auf eine kleine gro\u00dfe Frau, die ihr Leben den \u00c4rmsten der Armen gewidmet hat. Die Heilige Mutter Teresa erinnert uns auch heute daran, dass Kalkutta \u00fcberall ist. Auch in deiner Stadt gibt es ein \u201eKalkutta\u201c, da wo es Menschen [&hellip;]<\/p>\n","protected":false},"featured_media":212622,"template":"","meta":{"_acf_changed":false,"site-sidebar-layout":"default","site-content-layout":"","ast-site-content-layout":"default","site-content-style":"default","site-sidebar-style":"default","ast-global-header-display":"","ast-banner-title-visibility":"","ast-main-header-display":"","ast-hfb-above-header-display":"","ast-hfb-below-header-display":"","ast-hfb-mobile-header-display":"","site-post-title":"","ast-breadcrumbs-content":"","ast-featured-img":"","footer-sml-layout":"","ast-disable-related-posts":"","theme-transparent-header-meta":"default","adv-header-id-meta":"","stick-header-meta":"","header-above-stick-meta":"","header-main-stick-meta":"","header-below-stick-meta":"","astra-migrate-meta-layouts":"set","ast-page-background-enabled":"default","ast-page-background-meta":{"desktop":{"background-color":"","background-image":"","background-repeat":"repeat","background-position":"center center","background-size":"auto","background-attachment":"scroll","background-type":"","background-media":"","overlay-type":"","overlay-color":"","overlay-opacity":"","overlay-gradient":""},"tablet":{"background-color":"","background-image":"","background-repeat":"repeat","background-position":"center center","background-size":"auto","background-attachment":"scroll","background-type":"","background-media":"","overlay-type":"","overlay-color":"","overlay-opacity":"","overlay-gradient":""},"mobile":{"background-color":"","background-image":"","background-repeat":"repeat","background-position":"center center","background-size":"auto","background-attachment":"scroll","background-type":"","background-media":"","overlay-type":"","overlay-color":"","overlay-opacity":"","overlay-gradient":""}},"ast-content-background-meta":{"desktop":{"background-color":"var(--ast-global-color-5)","background-image":"","background-repeat":"repeat","background-position":"center center","background-size":"auto","background-attachment":"scroll","background-type":"","background-media":"","overlay-type":"","overlay-color":"","overlay-opacity":"","overlay-gradient":""},"tablet":{"background-color":"var(--ast-global-color-5)","background-image":"","background-repeat":"repeat","background-position":"center center","background-size":"auto","background-attachment":"scroll","background-type":"","background-media":"","overlay-type":"","overlay-color":"","overlay-opacity":"","overlay-gradient":""},"mobile":{"background-color":"var(--ast-global-color-5)","background-image":"","background-repeat":"repeat","background-position":"center center","background-size":"auto","background-attachment":"scroll","background-type":"","background-media":"","overlay-type":"","overlay-color":"","overlay-opacity":"","overlay-gradient":""}}},"product_brand":[],"product_cat":[660,299,682],"product_tag":[],"class_list":{"0":"post-212603","1":"product","2":"type-product","3":"status-publish","4":"has-post-thumbnail","6":"product_cat-streamen","7":"product_cat-produktionen-de","8":"product_cat-sonnenaufgang-ueber-kalkutta","9":"desktop-align-left","10":"tablet-align-left","11":"mobile-align-left","13":"first","14":"instock","15":"downloadable","16":"virtual","17":"purchasable","18":"product-type-simple"},"acf":[],"aioseo_notices":[],"_links":{"self":[{"href":"https:\/\/www.infinitomasuno.org\/de\/wp-json\/wp\/v2\/product\/212603","targetHints":{"allow":["GET"]}}],"collection":[{"href":"https:\/\/www.infinitomasuno.org\/de\/wp-json\/wp\/v2\/product"}],"about":[{"href":"https:\/\/www.infinitomasuno.org\/de\/wp-json\/wp\/v2\/types\/product"}],"version-history":[{"count":2,"href":"https:\/\/www.infinitomasuno.org\/de\/wp-json\/wp\/v2\/product\/212603\/revisions"}],"predecessor-version":[{"id":212621,"href":"https:\/\/www.infinitomasuno.org\/de\/wp-json\/wp\/v2\/product\/212603\/revisions\/212621"}],"wp:featuredmedia":[{"embeddable":true,"href":"https:\/\/www.infinitomasuno.org\/de\/wp-json\/wp\/v2\/media\/212622"}],"wp:attachment":[{"href":"https:\/\/www.infinitomasuno.org\/de\/wp-json\/wp\/v2\/media?parent=212603"}],"wp:term":[{"taxonomy":"product_brand","embeddable":true,"href":"https:\/\/www.infinitomasuno.org\/de\/wp-json\/wp\/v2\/product_brand?post=212603"},{"taxonomy":"product_cat","embeddable":true,"href":"https:\/\/www.infinitomasuno.org\/de\/wp-json\/wp\/v2\/product_cat?post=212603"},{"taxonomy":"product_tag","embeddable":true,"href":"https:\/\/www.infinitomasuno.org\/de\/wp-json\/wp\/v2\/product_tag?post=212603"}],"curies":[{"name":"wp","href":"https:\/\/api.w.org\/{rel}","templated":true}]}}