{"id":171968,"date":"2022-04-11T12:40:45","date_gmt":"2022-04-11T11:40:45","guid":{"rendered":"https:\/\/www.infinitomasuno.org\/?post_type=product&#038;p=171968"},"modified":"2026-02-20T11:41:31","modified_gmt":"2026-02-20T10:41:31","slug":"streamen-der-letzte-gipfel-deutsch","status":"publish","type":"product","link":"https:\/\/www.infinitomasuno.org\/de\/product-de\/streamen-der-letzte-gipfel-deutsch\/","title":{"rendered":"Streamen DER LETZTE GIPFEL (deutsch)"},"content":{"rendered":"<p>Sprachen: Deutsch<\/p>\n<p style=\"font-weight: 600;\"><span style=\"font-style: inherit;\">Mit 42 Jahren starb Pablo Dom\u00ednguez dort, wo er am liebsten war: in den Bergen. Er war Priester. Er war bescheiden, sympathisch und immer f\u00fcr die anderen da, einer von denen, die nie Schlagzeilen machen.<\/span><\/p>\n<p style=\"font-weight: 600;\"><span style=\"font-style: inherit;\">Dieser Film \u00fcber sein Leben wurde in 18 L\u00e4ndern gezeigt. Bei denen, die die Freude haben Pablo auf diese Weise kennenzulernen, zeigt er positive Nachwirkungen.<\/span><\/p>\n","protected":false},"excerpt":{"rendered":"<p>Sprachen: Deutsch Mit 42 Jahren starb Pablo Dom\u00ednguez dort, wo er am liebsten war: in den Bergen. Er war Priester. Er war bescheiden, sympathisch und immer f\u00fcr die anderen da, einer von denen, die nie Schlagzeilen machen. Dieser Film \u00fcber sein Leben wurde in 18 L\u00e4ndern gezeigt. Bei denen, die die Freude haben Pablo auf [&hellip;]<\/p>\n","protected":false},"featured_media":171973,"template":"","meta":{"_acf_changed":false,"site-sidebar-layout":"default","site-content-layout":"default","ast-site-content-layout":"default","site-content-style":"default","site-sidebar-style":"default","ast-global-header-display":"","ast-banner-title-visibility":"","ast-main-header-display":"","ast-hfb-above-header-display":"","ast-hfb-below-header-display":"","ast-hfb-mobile-header-display":"","site-post-title":"","ast-breadcrumbs-content":"","ast-featured-img":"","footer-sml-layout":"","ast-disable-related-posts":"","theme-transparent-header-meta":"default","adv-header-id-meta":"","stick-header-meta":"","header-above-stick-meta":"","header-main-stick-meta":"","header-below-stick-meta":"","astra-migrate-meta-layouts":"set","ast-page-background-enabled":"default","ast-page-background-meta":{"desktop":{"background-color":"","background-image":"","background-repeat":"repeat","background-position":"center center","background-size":"auto","background-attachment":"scroll","background-type":"","background-media":"","overlay-type":"","overlay-color":"","overlay-opacity":"","overlay-gradient":""},"tablet":{"background-color":"","background-image":"","background-repeat":"repeat","background-position":"center center","background-size":"auto","background-attachment":"scroll","background-type":"","background-media":"","overlay-type":"","overlay-color":"","overlay-opacity":"","overlay-gradient":""},"mobile":{"background-color":"","background-image":"","background-repeat":"repeat","background-position":"center center","background-size":"auto","background-attachment":"scroll","background-type":"","background-media":"","overlay-type":"","overlay-color":"","overlay-opacity":"","overlay-gradient":""}},"ast-content-background-meta":{"desktop":{"background-color":"var(--ast-global-color-5)","background-image":"","background-repeat":"repeat","background-position":"center center","background-size":"auto","background-attachment":"scroll","background-type":"","background-media":"","overlay-type":"","overlay-color":"","overlay-opacity":"","overlay-gradient":""},"tablet":{"background-color":"var(--ast-global-color-5)","background-image":"","background-repeat":"repeat","background-position":"center center","background-size":"auto","background-attachment":"scroll","background-type":"","background-media":"","overlay-type":"","overlay-color":"","overlay-opacity":"","overlay-gradient":""},"mobile":{"background-color":"var(--ast-global-color-5)","background-image":"","background-repeat":"repeat","background-position":"center center","background-size":"auto","background-attachment":"scroll","background-type":"","background-media":"","overlay-type":"","overlay-color":"","overlay-opacity":"","overlay-gradient":""}}},"product_brand":[],"product_cat":[420,660,299,296],"product_tag":[85],"class_list":{"0":"post-171968","1":"product","2":"type-product","3":"status-publish","4":"has-post-thumbnail","6":"product_cat-der-letzte-gipfel-de","7":"product_cat-streamen","8":"product_cat-produktionen-de","9":"product_cat-shop-de","10":"product_tag-streaming-video-on-line-de","11":"desktop-align-left","12":"tablet-align-left","13":"mobile-align-left","15":"first","16":"instock","17":"downloadable","18":"virtual","19":"purchasable","20":"product-type-simple"},"acf":[],"aioseo_notices":[],"_links":{"self":[{"href":"https:\/\/www.infinitomasuno.org\/de\/wp-json\/wp\/v2\/product\/171968","targetHints":{"allow":["GET"]}}],"collection":[{"href":"https:\/\/www.infinitomasuno.org\/de\/wp-json\/wp\/v2\/product"}],"about":[{"href":"https:\/\/www.infinitomasuno.org\/de\/wp-json\/wp\/v2\/types\/product"}],"version-history":[{"count":6,"href":"https:\/\/www.infinitomasuno.org\/de\/wp-json\/wp\/v2\/product\/171968\/revisions"}],"predecessor-version":[{"id":206000,"href":"https:\/\/www.infinitomasuno.org\/de\/wp-json\/wp\/v2\/product\/171968\/revisions\/206000"}],"wp:featuredmedia":[{"embeddable":true,"href":"https:\/\/www.infinitomasuno.org\/de\/wp-json\/wp\/v2\/media\/171973"}],"wp:attachment":[{"href":"https:\/\/www.infinitomasuno.org\/de\/wp-json\/wp\/v2\/media?parent=171968"}],"wp:term":[{"taxonomy":"product_brand","embeddable":true,"href":"https:\/\/www.infinitomasuno.org\/de\/wp-json\/wp\/v2\/product_brand?post=171968"},{"taxonomy":"product_cat","embeddable":true,"href":"https:\/\/www.infinitomasuno.org\/de\/wp-json\/wp\/v2\/product_cat?post=171968"},{"taxonomy":"product_tag","embeddable":true,"href":"https:\/\/www.infinitomasuno.org\/de\/wp-json\/wp\/v2\/product_tag?post=171968"}],"curies":[{"name":"wp","href":"https:\/\/api.w.org\/{rel}","templated":true}]}}