{"id":109742,"date":"2019-11-05T09:35:20","date_gmt":"2019-11-05T08:35:20","guid":{"rendered":"https:\/\/infinitomasuno.org\/?post_type=product&#038;p=109742"},"modified":"2023-11-16T09:17:47","modified_gmt":"2023-11-16T08:17:47","slug":"dvd-footprints-deutsche-sprache-2","status":"publish","type":"product","link":"https:\/\/www.infinitomasuno.org\/de\/product-de\/dvd-footprints-deutsche-sprache-2\/","title":{"rendered":"DVD &#8211; FOOTPRINTS (deutsch)"},"content":{"rendered":"<p>Formato PAL. Deutsche sprache.<\/p>\n<p>In Arizona, wurde eine Auschreibung gemacht. Gesucht wurden Leute, die f\u00fcnfhundert Meilen in vierzig Tagen zu Fuss zur\u00fccklegen k\u00f6nnen. Die Ankunft am Ziel kann nicht garantiert werden; daf\u00fcr aber Tage voll Schmerz, str\u00f6mendem Regen, bitterer K\u00e4lte und stechender Hitze. Verleztungen, Muskelkater und Blasen sind zu erwarten, so wie ein Gef\u00fchl der Entmutigung, das dich stets daran denken l\u00e4sst,\u00a0 den Plan aufzugeben. Zum Schlafen wird es nur wenig Zeit geben und manchmal wirst du dich gleich auf dem nackten Boden hinstrecken, unter freiem Himmel. Wenn du dich auf dem wundesch\u00f6nen aber geheimnisvollen Jakobsweg verrirst, musst du zus\u00e4tzliche Meilen laufen. Aber, wer diesen Weg schon gegangen ist, wei\u00df, dass er dir den wahren Sinn deines Lebens offenbaren kann. Auf diese Anzeige hin, haben sich 11 junge M\u00e4nner auf den Weg gemacht.<\/p>\n<p>In Spanien lief Footprints bereits erfolgreich in den Kinos. Mit deiner Hilfe kommt er bald nach \u00d6sterreich, Deutschland und in die Schweiz.<\/p>\n<p>Danke!<\/p>\n","protected":false},"excerpt":{"rendered":"<p><strong>1 disco DVD PAL<\/strong><\/p>\n","protected":false},"featured_media":78202,"template":"","meta":{"_acf_changed":false,"site-sidebar-layout":"default","site-content-layout":"default","ast-site-content-layout":"default","site-content-style":"default","site-sidebar-style":"default","ast-global-header-display":"","ast-banner-title-visibility":"","ast-main-header-display":"","ast-hfb-above-header-display":"","ast-hfb-below-header-display":"","ast-hfb-mobile-header-display":"","site-post-title":"","ast-breadcrumbs-content":"","ast-featured-img":"","footer-sml-layout":"","ast-disable-related-posts":"","theme-transparent-header-meta":"default","adv-header-id-meta":"","stick-header-meta":"","header-above-stick-meta":"","header-main-stick-meta":"","header-below-stick-meta":"","astra-migrate-meta-layouts":"set","ast-page-background-enabled":"default","ast-page-background-meta":{"desktop":{"background-color":"","background-image":"","background-repeat":"repeat","background-position":"center center","background-size":"auto","background-attachment":"scroll","background-type":"","background-media":"","overlay-type":"","overlay-color":"","overlay-opacity":"","overlay-gradient":""},"tablet":{"background-color":"","background-image":"","background-repeat":"repeat","background-position":"center center","background-size":"auto","background-attachment":"scroll","background-type":"","background-media":"","overlay-type":"","overlay-color":"","overlay-opacity":"","overlay-gradient":""},"mobile":{"background-color":"","background-image":"","background-repeat":"repeat","background-position":"center center","background-size":"auto","background-attachment":"scroll","background-type":"","background-media":"","overlay-type":"","overlay-color":"","overlay-opacity":"","overlay-gradient":""}},"ast-content-background-meta":{"desktop":{"background-color":"var(--ast-global-color-5)","background-image":"","background-repeat":"repeat","background-position":"center center","background-size":"auto","background-attachment":"scroll","background-type":"","background-media":"","overlay-type":"","overlay-color":"","overlay-opacity":"","overlay-gradient":""},"tablet":{"background-color":"var(--ast-global-color-5)","background-image":"","background-repeat":"repeat","background-position":"center center","background-size":"auto","background-attachment":"scroll","background-type":"","background-media":"","overlay-type":"","overlay-color":"","overlay-opacity":"","overlay-gradient":""},"mobile":{"background-color":"var(--ast-global-color-5)","background-image":"","background-repeat":"repeat","background-position":"center center","background-size":"auto","background-attachment":"scroll","background-type":"","background-media":"","overlay-type":"","overlay-color":"","overlay-opacity":"","overlay-gradient":""}}},"product_brand":[],"product_cat":[653,301,296],"product_tag":[],"class_list":{"0":"post-109742","1":"product","2":"type-product","3":"status-publish","4":"has-post-thumbnail","6":"product_cat-dvds-de","7":"product_cat-footprints-de","8":"product_cat-shop-de","9":"desktop-align-left","10":"tablet-align-left","11":"mobile-align-left","13":"first","14":"instock","15":"shipping-taxable","16":"purchasable","17":"product-type-simple"},"acf":[],"aioseo_notices":[],"_links":{"self":[{"href":"https:\/\/www.infinitomasuno.org\/de\/wp-json\/wp\/v2\/product\/109742","targetHints":{"allow":["GET"]}}],"collection":[{"href":"https:\/\/www.infinitomasuno.org\/de\/wp-json\/wp\/v2\/product"}],"about":[{"href":"https:\/\/www.infinitomasuno.org\/de\/wp-json\/wp\/v2\/types\/product"}],"version-history":[{"count":2,"href":"https:\/\/www.infinitomasuno.org\/de\/wp-json\/wp\/v2\/product\/109742\/revisions"}],"predecessor-version":[{"id":205438,"href":"https:\/\/www.infinitomasuno.org\/de\/wp-json\/wp\/v2\/product\/109742\/revisions\/205438"}],"wp:featuredmedia":[{"embeddable":true,"href":"https:\/\/www.infinitomasuno.org\/de\/wp-json\/wp\/v2\/media\/78202"}],"wp:attachment":[{"href":"https:\/\/www.infinitomasuno.org\/de\/wp-json\/wp\/v2\/media?parent=109742"}],"wp:term":[{"taxonomy":"product_brand","embeddable":true,"href":"https:\/\/www.infinitomasuno.org\/de\/wp-json\/wp\/v2\/product_brand?post=109742"},{"taxonomy":"product_cat","embeddable":true,"href":"https:\/\/www.infinitomasuno.org\/de\/wp-json\/wp\/v2\/product_cat?post=109742"},{"taxonomy":"product_tag","embeddable":true,"href":"https:\/\/www.infinitomasuno.org\/de\/wp-json\/wp\/v2\/product_tag?post=109742"}],"curies":[{"name":"wp","href":"https:\/\/api.w.org\/{rel}","templated":true}]}}