{"id":224321,"date":"2025-07-23T14:34:47","date_gmt":"2025-07-23T13:34:47","guid":{"rendered":"https:\/\/www.infinitomasuno.org\/?page_id=224321"},"modified":"2025-07-29T11:36:34","modified_gmt":"2025-07-29T10:36:34","slug":"gebet","status":"publish","type":"page","link":"https:\/\/www.infinitomasuno.org\/de\/gebet\/","title":{"rendered":"GEBET"},"content":{"rendered":"\t\t<div data-elementor-type=\"wp-post\" data-elementor-id=\"224321\" class=\"elementor elementor-224321\" data-elementor-post-type=\"page\">\n\t\t\t\t\t\t<section class=\"elementor-section elementor-top-section elementor-element elementor-element-939a484 elementor-section-content-middle elementor-section-full_width elementor-section-height-default elementor-section-height-default\" data-id=\"939a484\" data-element_type=\"section\" data-e-type=\"section\" id=\"oracion\" data-settings=\"{&quot;background_background&quot;:&quot;classic&quot;}\">\n\t\t\t\t\t\t\t<div class=\"elementor-background-overlay\"><\/div>\n\t\t\t\t\t\t\t<div class=\"elementor-container elementor-column-gap-no\">\n\t\t\t\t\t<div class=\"elementor-column elementor-col-100 elementor-top-column elementor-element elementor-element-cf7e41b\" data-id=\"cf7e41b\" data-element_type=\"column\" data-e-type=\"column\">\n\t\t\t<div class=\"elementor-widget-wrap elementor-element-populated\">\n\t\t\t\t\t\t<div class=\"elementor-element elementor-element-f22e73a elementor-widget elementor-widget-heading\" data-id=\"f22e73a\" data-element_type=\"widget\" data-e-type=\"widget\" data-widget_type=\"heading.default\">\n\t\t\t\t<div class=\"elementor-widget-container\">\n\t\t\t\t\t<h2 class=\"elementor-heading-title elementor-size-default\">GEBET DER LOCOMOTORAS<\/h2>\t\t\t\t<\/div>\n\t\t\t\t<\/div>\n\t\t\t\t<section class=\"elementor-section elementor-inner-section elementor-element elementor-element-3408b7f elementor-section-full_width elementor-section-height-default elementor-section-height-default\" data-id=\"3408b7f\" data-element_type=\"section\" data-e-type=\"section\">\n\t\t\t\t\t\t<div class=\"elementor-container elementor-column-gap-default\">\n\t\t\t\t\t<div class=\"elementor-column elementor-col-50 elementor-inner-column elementor-element elementor-element-16bbbe3\" data-id=\"16bbbe3\" data-element_type=\"column\" data-e-type=\"column\">\n\t\t\t<div class=\"elementor-widget-wrap elementor-element-populated\">\n\t\t\t\t\t\t<div class=\"elementor-element elementor-element-f0b4af6 elementor-widget elementor-widget-text-editor\" data-id=\"f0b4af6\" data-element_type=\"widget\" data-e-type=\"widget\" data-widget_type=\"text-editor.default\">\n\t\t\t\t<div class=\"elementor-widget-container\">\n\t\t\t\t\t\t\t\t\t<p class=\"MsoNormal\"><span lang=\"DE\" style=\"font-family: 'Helvetica','sans-serif'; mso-bidi-font-family: 'Times New Roman';\">Danke, Vater unser, dass du die Familie von INFINITO + 1 besch\u00fctzt, die du selbst inmitten deiner Kirche ins Leben gerufen hast.<br><br>\nSt\u00e4rke uns in der Liebe, durch die du uns verbunden hast, damit wir jede Trennung vermeiden. Und wenn es dennoch einmal dazu kommt, dann schenke uns die Gnade der ehrlichen und sofortigen Vergebung.<br><br>\n\nJesus, wachse du in jedem Einzelnen von uns und sende uns aus in die ganze Welt, um deine Botschaft der Erl\u00f6sung zu verk\u00fcnden. Danke, dass du dich unserer Schwachheit bedienst, um deine Macht zu offenbaren.<br><br>\n\nHeiliger Geist, du Licht und Salz unserer Seelen, werde sichtbar durch uns, indem wir allen Menschen, die uns auf unserem Weg begegnen, Frieden und Freude bringen.\t\t\t\t\t\t\t\t<\/div>\n\t\t\t\t<\/div>\n\t\t\t\t\t<\/div>\n\t\t<\/div>\n\t\t\t\t<div class=\"elementor-column elementor-col-50 elementor-inner-column elementor-element elementor-element-e7c4d05\" data-id=\"e7c4d05\" data-element_type=\"column\" data-e-type=\"column\">\n\t\t\t<div class=\"elementor-widget-wrap elementor-element-populated\">\n\t\t\t\t\t\t<div class=\"elementor-element elementor-element-1bdc662 elementor-widget elementor-widget-text-editor\" data-id=\"1bdc662\" data-element_type=\"widget\" data-e-type=\"widget\" data-widget_type=\"text-editor.default\">\n\t\t\t\t<div class=\"elementor-widget-container\">\n\t\t\t\t\t\t\t\t\t<span lang=\"DE\" style=\"font-family: 'Helvetica','sans-serif'; mso-bidi-font-family: 'Times New Roman';\">Heilige Maria, du K\u00f6nigin der Apostel, bitte f\u00fcr uns mit m\u00fctterlicher Z\u00e4rtlichkeit und f\u00fclle unsere Herzen mit Glauben.\n<br><br>\n\nHeiliger Joseph, du dem\u00fctiger Vater und Ehemann, besch\u00fctze diese Gro\u00dffamilie und schenke uns die n\u00f6tigen materiellen Mittel, um unsere Mission auf dem Weg mit Gott zu erf\u00fcllen. Lasse nicht zu, dass diese Mittel jemals zum Ziel unserer Anstrengungen werden.\n<br><br>\n\nJohannes Paul II, du unser heiliger Schutzpatron, begleite uns auf dem Weg durch die Welt und sende uns mehr gro\u00dfz\u00fcgige und dem\u00fctige Locomotoras, die nur im Vertrauen auf die Kraft Gottes auf jedem Gebiet unbeirrt vorw\u00e4rtsgehen.\n<br><br>\n\nIhr Engel des Himmels, besch\u00fctzt unsere Seelen und lasst nicht zu, dass wir Gott die Ehre stehlen, die ihm alleine geb\u00fchrt. Amen.\n\t\t\t\t\t\t\t\t<\/div>\n\t\t\t\t<\/div>\n\t\t\t\t\t<\/div>\n\t\t<\/div>\n\t\t\t\t\t<\/div>\n\t\t<\/section>\n\t\t\t\t\t<\/div>\n\t\t<\/div>\n\t\t\t\t\t<\/div>\n\t\t<\/section>\n\t\t\t\t<\/div>\n\t\t","protected":false},"excerpt":{"rendered":"<p>GEBET DER LOCOMOTORAS Danke, Vater unser, dass du die Familie von INFINITO + 1 besch\u00fctzt, die du selbst inmitten deiner Kirche ins Leben gerufen hast. St\u00e4rke uns in der Liebe, durch die du uns verbunden hast, damit wir jede Trennung vermeiden. Und wenn es dennoch einmal dazu kommt, dann schenke uns die Gnade der ehrlichen [&hellip;]<\/p>\n","protected":false},"author":3986,"featured_media":0,"parent":0,"menu_order":0,"comment_status":"closed","ping_status":"closed","template":"","meta":{"_acf_changed":false,"site-sidebar-layout":"no-sidebar","site-content-layout":"page-builder","ast-site-content-layout":"full-width-container","site-content-style":"unboxed","site-sidebar-style":"unboxed","ast-global-header-display":"","ast-banner-title-visibility":"","ast-main-header-display":"","ast-hfb-above-header-display":"","ast-hfb-below-header-display":"","ast-hfb-mobile-header-display":"","site-post-title":"disabled","ast-breadcrumbs-content":"","ast-featured-img":"disabled","footer-sml-layout":"","ast-disable-related-posts":"","theme-transparent-header-meta":"enabled","adv-header-id-meta":"","stick-header-meta":"","header-above-stick-meta":"","header-main-stick-meta":"","header-below-stick-meta":"","astra-migrate-meta-layouts":"set","ast-page-background-enabled":"default","ast-page-background-meta":{"desktop":{"background-color":"","background-image":"","background-repeat":"repeat","background-position":"center center","background-size":"auto","background-attachment":"scroll","background-type":"","background-media":"","overlay-type":"","overlay-color":"","overlay-opacity":"","overlay-gradient":""},"tablet":{"background-color":"","background-image":"","background-repeat":"repeat","background-position":"center center","background-size":"auto","background-attachment":"scroll","background-type":"","background-media":"","overlay-type":"","overlay-color":"","overlay-opacity":"","overlay-gradient":""},"mobile":{"background-color":"","background-image":"","background-repeat":"repeat","background-position":"center center","background-size":"auto","background-attachment":"scroll","background-type":"","background-media":"","overlay-type":"","overlay-color":"","overlay-opacity":"","overlay-gradient":""}},"ast-content-background-meta":{"desktop":{"background-color":"var(--ast-global-color-5)","background-image":"","background-repeat":"repeat","background-position":"center center","background-size":"auto","background-attachment":"scroll","background-type":"","background-media":"","overlay-type":"","overlay-color":"","overlay-opacity":"","overlay-gradient":""},"tablet":{"background-color":"var(--ast-global-color-5)","background-image":"","background-repeat":"repeat","background-position":"center center","background-size":"auto","background-attachment":"scroll","background-type":"","background-media":"","overlay-type":"","overlay-color":"","overlay-opacity":"","overlay-gradient":""},"mobile":{"background-color":"var(--ast-global-color-5)","background-image":"","background-repeat":"repeat","background-position":"center center","background-size":"auto","background-attachment":"scroll","background-type":"","background-media":"","overlay-type":"","overlay-color":"","overlay-opacity":"","overlay-gradient":""}},"footnotes":""},"class_list":["post-224321","page","type-page","status-publish","hentry"],"acf":[],"aioseo_notices":[],"_links":{"self":[{"href":"https:\/\/www.infinitomasuno.org\/de\/wp-json\/wp\/v2\/pages\/224321","targetHints":{"allow":["GET"]}}],"collection":[{"href":"https:\/\/www.infinitomasuno.org\/de\/wp-json\/wp\/v2\/pages"}],"about":[{"href":"https:\/\/www.infinitomasuno.org\/de\/wp-json\/wp\/v2\/types\/page"}],"author":[{"embeddable":true,"href":"https:\/\/www.infinitomasuno.org\/de\/wp-json\/wp\/v2\/users\/3986"}],"replies":[{"embeddable":true,"href":"https:\/\/www.infinitomasuno.org\/de\/wp-json\/wp\/v2\/comments?post=224321"}],"version-history":[{"count":8,"href":"https:\/\/www.infinitomasuno.org\/de\/wp-json\/wp\/v2\/pages\/224321\/revisions"}],"predecessor-version":[{"id":224681,"href":"https:\/\/www.infinitomasuno.org\/de\/wp-json\/wp\/v2\/pages\/224321\/revisions\/224681"}],"wp:attachment":[{"href":"https:\/\/www.infinitomasuno.org\/de\/wp-json\/wp\/v2\/media?parent=224321"}],"curies":[{"name":"wp","href":"https:\/\/api.w.org\/{rel}","templated":true}]}}