{"id":224231,"date":"2025-07-23T14:01:37","date_gmt":"2025-07-23T13:01:37","guid":{"rendered":"https:\/\/www.infinitomasuno.org\/?page_id=224231"},"modified":"2025-07-23T14:30:09","modified_gmt":"2025-07-23T13:30:09","slug":"action","status":"publish","type":"page","link":"https:\/\/www.infinitomasuno.org\/de\/action\/","title":{"rendered":"Action"},"content":{"rendered":"\t\t<div data-elementor-type=\"wp-post\" data-elementor-id=\"224231\" class=\"elementor elementor-224231\" data-elementor-post-type=\"page\">\n\t\t\t\t\t\t<section class=\"elementor-section elementor-top-section elementor-element elementor-element-3793acc elementor-section-full_width elementor-section-stretched elementor-section-height-default elementor-section-height-default\" data-id=\"3793acc\" data-element_type=\"section\" data-e-type=\"section\" data-settings=\"{&quot;stretch_section&quot;:&quot;section-stretched&quot;,&quot;background_background&quot;:&quot;classic&quot;}\">\n\t\t\t\t\t\t\t<div class=\"elementor-background-overlay\"><\/div>\n\t\t\t\t\t\t\t<div class=\"elementor-container elementor-column-gap-no\">\n\t\t\t\t\t<div class=\"elementor-column elementor-col-100 elementor-top-column elementor-element elementor-element-cb9c610\" data-id=\"cb9c610\" data-element_type=\"column\" data-e-type=\"column\">\n\t\t\t<div class=\"elementor-widget-wrap elementor-element-populated\">\n\t\t\t\t\t\t<div class=\"elementor-element elementor-element-1a373bc elementor-widget elementor-widget-heading\" data-id=\"1a373bc\" data-element_type=\"widget\" data-e-type=\"widget\" data-widget_type=\"heading.default\">\n\t\t\t\t<div class=\"elementor-widget-container\">\n\t\t\t\t\t<span class=\"elementor-heading-title elementor-size-default\">WILLST DU UNSERE FILME &amp; CO IN DEIN LAND HOLEN?\n\n<\/span>\t\t\t\t<\/div>\n\t\t\t\t<\/div>\n\t\t\t\t\t<\/div>\n\t\t<\/div>\n\t\t\t\t\t<\/div>\n\t\t<\/section>\n\t\t\t\t<section class=\"elementor-section elementor-top-section elementor-element elementor-element-e3b144d elementor-section-content-middle elementor-section-full_width elementor-section-height-default elementor-section-height-default\" data-id=\"e3b144d\" data-element_type=\"section\" data-e-type=\"section\" id=\"donacion\" data-settings=\"{&quot;background_background&quot;:&quot;classic&quot;}\">\n\t\t\t\t\t\t\t<div class=\"elementor-background-overlay\"><\/div>\n\t\t\t\t\t\t\t<div class=\"elementor-container elementor-column-gap-no\">\n\t\t\t\t\t<div class=\"elementor-column elementor-col-50 elementor-top-column elementor-element elementor-element-fa9d72e\" data-id=\"fa9d72e\" data-element_type=\"column\" data-e-type=\"column\">\n\t\t\t<div class=\"elementor-widget-wrap elementor-element-populated\">\n\t\t\t\t\t\t<div class=\"elementor-element elementor-element-6d31cb5 elementor-widget elementor-widget-text-editor\" data-id=\"6d31cb5\" data-element_type=\"widget\" data-e-type=\"widget\" data-widget_type=\"text-editor.default\">\n\t\t\t\t<div class=\"elementor-widget-container\">\n\t\t\t\t\t\t\t\t\t<h4><p class=\"MsoNormal\"><span lang=\"DE\" style=\"font-family:&quot;Helvetica&quot;,&quot;sans-serif&quot;;\nmso-bidi-font-family:&quot;Times New Roman&quot;\">Action! Du brauchst keine Erfahrung\nmitbringen. Wir zeigen dir Schritt f\u00fcr Schritt, was zu tun ist. So haben wir\nunser internationales Vertriebsnetz in inzwischen 35 L\u00e4ndern aufgebaut. Das einzige\nwas du brauchst ist Glauben, Liebe und&#8230;<o:p><\/o:p><\/span><\/p><\/h4>\t\t\t\t\t\t\t\t<\/div>\n\t\t\t\t<\/div>\n\t\t\t\t<section class=\"elementor-section elementor-inner-section elementor-element elementor-element-11eb3bb elementor-section-full_width elementor-section-height-default elementor-section-height-default\" data-id=\"11eb3bb\" data-element_type=\"section\" data-e-type=\"section\">\n\t\t\t\t\t\t<div class=\"elementor-container elementor-column-gap-narrow\">\n\t\t\t\t\t<div class=\"elementor-column elementor-col-50 elementor-inner-column elementor-element elementor-element-4dc204a\" data-id=\"4dc204a\" data-element_type=\"column\" data-e-type=\"column\">\n\t\t\t<div class=\"elementor-widget-wrap elementor-element-populated\">\n\t\t\t\t\t\t<div class=\"elementor-element elementor-element-daced0d elementor-widget elementor-widget-image\" data-id=\"daced0d\" data-element_type=\"widget\" data-e-type=\"widget\" data-widget_type=\"image.default\">\n\t\t\t\t<div class=\"elementor-widget-container\">\n\t\t\t\t\t\t\t\t\t\t\t\t\t\t\t<img decoding=\"async\" width=\"168\" height=\"205\" src=\"https:\/\/www.infinitomasuno.org\/wp-content\/uploads\/2020\/09\/audacia.png\" class=\"attachment-large size-large wp-image-163742\" alt=\"\" \/>\t\t\t\t\t\t\t\t\t\t\t\t\t\t\t<\/div>\n\t\t\t\t<\/div>\n\t\t\t\t<div class=\"elementor-element elementor-element-f17bde9 elementor-widget elementor-widget-heading\" data-id=\"f17bde9\" data-element_type=\"widget\" data-e-type=\"widget\" data-widget_type=\"heading.default\">\n\t\t\t\t<div class=\"elementor-widget-container\">\n\t\t\t\t\t<h2 class=\"elementor-heading-title elementor-size-default\"><p class=\"MsoNormal\"><span lang=\"DE\">Mut, um in unbekanntes Terrain\nvorzudringen.<\/span><\/p>\n\n<\/h2>\t\t\t\t<\/div>\n\t\t\t\t<\/div>\n\t\t\t\t<div class=\"elementor-element elementor-element-f28fdc2 elementor-widget elementor-widget-image\" data-id=\"f28fdc2\" data-element_type=\"widget\" data-e-type=\"widget\" data-widget_type=\"image.default\">\n\t\t\t\t<div class=\"elementor-widget-container\">\n\t\t\t\t\t\t\t\t\t\t\t\t\t\t\t<img decoding=\"async\" width=\"162\" height=\"189\" src=\"https:\/\/www.infinitomasuno.org\/wp-content\/uploads\/2020\/09\/pasion.png\" class=\"attachment-large size-large wp-image-163760\" alt=\"\" \/>\t\t\t\t\t\t\t\t\t\t\t\t\t\t\t<\/div>\n\t\t\t\t<\/div>\n\t\t\t\t<div class=\"elementor-element elementor-element-af37dc0 elementor-widget elementor-widget-heading\" data-id=\"af37dc0\" data-element_type=\"widget\" data-e-type=\"widget\" data-widget_type=\"heading.default\">\n\t\t\t\t<div class=\"elementor-widget-container\">\n\t\t\t\t\t<h2 class=\"elementor-heading-title elementor-size-default\"><p class=\"MsoNormal\"><span lang=\"DE\">Elan, um Hindernisse \u00fcberwinden zu\nk\u00f6nnen.<\/span><\/p>\n\n<\/h2>\t\t\t\t<\/div>\n\t\t\t\t<\/div>\n\t\t\t\t\t<\/div>\n\t\t<\/div>\n\t\t\t\t<div class=\"elementor-column elementor-col-50 elementor-inner-column elementor-element elementor-element-3b87c6f\" data-id=\"3b87c6f\" data-element_type=\"column\" data-e-type=\"column\">\n\t\t\t<div class=\"elementor-widget-wrap elementor-element-populated\">\n\t\t\t\t\t\t<div class=\"elementor-element elementor-element-b64451b elementor-widget elementor-widget-image\" data-id=\"b64451b\" data-element_type=\"widget\" data-e-type=\"widget\" data-widget_type=\"image.default\">\n\t\t\t\t<div class=\"elementor-widget-container\">\n\t\t\t\t\t\t\t\t\t\t\t\t\t\t\t<img decoding=\"async\" width=\"132\" height=\"133\" src=\"https:\/\/www.infinitomasuno.org\/wp-content\/uploads\/2020\/09\/buenhumor.png\" class=\"attachment-large size-large wp-image-163751\" alt=\"\" srcset=\"https:\/\/www.infinitomasuno.org\/wp-content\/uploads\/2020\/09\/buenhumor.png 132w, https:\/\/www.infinitomasuno.org\/wp-content\/uploads\/2020\/09\/buenhumor-100x100.png 100w\" sizes=\"(max-width: 132px) 100vw, 132px\" \/>\t\t\t\t\t\t\t\t\t\t\t\t\t\t\t<\/div>\n\t\t\t\t<\/div>\n\t\t\t\t<div class=\"elementor-element elementor-element-902f827 elementor-widget elementor-widget-heading\" data-id=\"902f827\" data-element_type=\"widget\" data-e-type=\"widget\" data-widget_type=\"heading.default\">\n\t\t\t\t<div class=\"elementor-widget-container\">\n\t\t\t\t\t<h2 class=\"elementor-heading-title elementor-size-default\"><p class=\"MsoNormal\"><span lang=\"DE\">Humor, um u\u0308ber deine eigenen Fehler lachen zu\nko\u0308nnen.<\/span><span lang=\"DE\"><\/span><\/p>\n\n<p class=\"MsoNormal\"><span style=\"font-family: var( --e-global-typography-primary-font-family ), Sans-serif;font-size: 1em;font-weight: 300\"><\/span><br><\/p><\/h2>\t\t\t\t<\/div>\n\t\t\t\t<\/div>\n\t\t\t\t<div class=\"elementor-element elementor-element-ca8ffea elementor-widget elementor-widget-image\" data-id=\"ca8ffea\" data-element_type=\"widget\" data-e-type=\"widget\" data-widget_type=\"image.default\">\n\t\t\t\t<div class=\"elementor-widget-container\">\n\t\t\t\t\t\t\t\t\t\t\t\t\t\t\t<img loading=\"lazy\" decoding=\"async\" width=\"195\" height=\"173\" src=\"https:\/\/www.infinitomasuno.org\/wp-content\/uploads\/2020\/09\/trabajo-equipo.png\" class=\"attachment-large size-large wp-image-163769\" alt=\"\" \/>\t\t\t\t\t\t\t\t\t\t\t\t\t\t\t<\/div>\n\t\t\t\t<\/div>\n\t\t\t\t<div class=\"elementor-element elementor-element-ae9bb6b elementor-widget elementor-widget-heading\" data-id=\"ae9bb6b\" data-element_type=\"widget\" data-e-type=\"widget\" data-widget_type=\"heading.default\">\n\t\t\t\t<div class=\"elementor-widget-container\">\n\t\t\t\t\t<h2 class=\"elementor-heading-title elementor-size-default\"><p class=\"MsoNormal\"><span lang=\"DE\">Demut, um im Team mit uns und mit Gott zu\narbeiten.<\/span><span lang=\"DE\"><\/span><\/p><\/h2>\t\t\t\t<\/div>\n\t\t\t\t<\/div>\n\t\t\t\t\t<\/div>\n\t\t<\/div>\n\t\t\t\t\t<\/div>\n\t\t<\/section>\n\t\t\t\t\t<\/div>\n\t\t<\/div>\n\t\t\t\t<div class=\"elementor-column elementor-col-50 elementor-top-column elementor-element elementor-element-3b31322\" data-id=\"3b31322\" data-element_type=\"column\" data-e-type=\"column\">\n\t\t\t<div class=\"elementor-widget-wrap elementor-element-populated\">\n\t\t\t\t\t\t<div class=\"elementor-element elementor-element-ee51def elementor-button-align-center formacion elementor-widget elementor-widget-form\" data-id=\"ee51def\" data-element_type=\"widget\" data-e-type=\"widget\" data-settings=\"{&quot;step_next_label&quot;:&quot;Next&quot;,&quot;step_previous_label&quot;:&quot;Previous&quot;,&quot;button_width&quot;:&quot;100&quot;,&quot;step_type&quot;:&quot;number_text&quot;,&quot;step_icon_shape&quot;:&quot;circle&quot;}\" data-widget_type=\"form.default\">\n\t\t\t\t<div class=\"elementor-widget-container\">\n\t\t\t\t\t\t\t<form class=\"elementor-form\" method=\"post\" id=\"mision\" name=\"ACCI\u00d3N\" aria-label=\"ACCI\u00d3N\">\n\t\t\t<input type=\"hidden\" name=\"post_id\" value=\"224231\"\/>\n\t\t\t<input type=\"hidden\" name=\"form_id\" value=\"ee51def\"\/>\n\t\t\t<input type=\"hidden\" name=\"referer_title\" value=\"Action\" \/>\n\n\t\t\t\t\t\t\t<input type=\"hidden\" name=\"queried_id\" value=\"224231\"\/>\n\t\t\t\n\t\t\t<div class=\"elementor-form-fields-wrapper elementor-labels-above\">\n\t\t\t\t\t\t\t\t<div class=\"elementor-field-type-text elementor-field-group elementor-column elementor-field-group-first_name elementor-col-40 elementor-field-required elementor-mark-required\">\n\t\t\t\t\t\t\t\t\t\t\t\t<label for=\"form-field-first_name\" class=\"elementor-field-label\">\n\t\t\t\t\t\t\t\tVorname\t\t\t\t\t\t\t<\/label>\n\t\t\t\t\t\t\t\t\t\t\t\t\t\t<input size=\"1\" type=\"text\" name=\"form_fields[first_name]\" id=\"form-field-first_name\" class=\"elementor-field elementor-size-sm  elementor-field-textual\" required=\"required\">\n\t\t\t\t\t\t\t\t\t\t\t<\/div>\n\t\t\t\t\t\t\t\t<div class=\"elementor-field-type-text elementor-field-group elementor-column elementor-field-group-last_name elementor-col-60 elementor-field-required elementor-mark-required\">\n\t\t\t\t\t\t\t\t\t\t\t\t<label for=\"form-field-last_name\" class=\"elementor-field-label\">\n\t\t\t\t\t\t\t\tNachname\t\t\t\t\t\t\t<\/label>\n\t\t\t\t\t\t\t\t\t\t\t\t\t\t<input size=\"1\" type=\"text\" name=\"form_fields[last_name]\" id=\"form-field-last_name\" class=\"elementor-field elementor-size-sm  elementor-field-textual\" required=\"required\">\n\t\t\t\t\t\t\t\t\t\t\t<\/div>\n\t\t\t\t\t\t\t\t<div class=\"elementor-field-type-tel elementor-field-group elementor-column elementor-field-group-telefono elementor-col-33 elementor-field-required elementor-mark-required\">\n\t\t\t\t\t\t\t\t\t\t\t\t<label for=\"form-field-telefono\" class=\"elementor-field-label\">\n\t\t\t\t\t\t\t\tTelefon\t\t\t\t\t\t\t<\/label>\n\t\t\t\t\t\t\t\t<input size=\"1\" type=\"tel\" name=\"form_fields[telefono]\" id=\"form-field-telefono\" class=\"elementor-field elementor-size-sm  elementor-field-textual\" required=\"required\" pattern=\"[0-9()#&amp;+*-=.]+\" title=\"Solo se aceptan n\u00fameros y caracteres de tel\u00e9fono (#,-,*,etc).\">\n\n\t\t\t\t\t\t<\/div>\n\t\t\t\t\t\t\t\t<div class=\"elementor-field-type-email elementor-field-group elementor-column elementor-field-group-email elementor-col-66 elementor-field-required elementor-mark-required\">\n\t\t\t\t\t\t\t\t\t\t\t\t<label for=\"form-field-email\" class=\"elementor-field-label\">\n\t\t\t\t\t\t\t\tE-Mail\t\t\t\t\t\t\t<\/label>\n\t\t\t\t\t\t\t\t\t\t\t\t\t\t<input size=\"1\" type=\"email\" name=\"form_fields[email]\" id=\"form-field-email\" class=\"elementor-field elementor-size-sm  elementor-field-textual\" required=\"required\">\n\t\t\t\t\t\t\t\t\t\t\t<\/div>\n\t\t\t\t\t\t\t\t<div class=\"elementor-field-type-text elementor-field-group elementor-column elementor-field-group-ciudad elementor-col-33 elementor-field-required elementor-mark-required\">\n\t\t\t\t\t\t\t\t\t\t\t\t<label for=\"form-field-ciudad\" class=\"elementor-field-label\">\n\t\t\t\t\t\t\t\tStadt\t\t\t\t\t\t\t<\/label>\n\t\t\t\t\t\t\t\t\t\t\t\t\t\t<input size=\"1\" type=\"text\" name=\"form_fields[ciudad]\" id=\"form-field-ciudad\" class=\"elementor-field elementor-size-sm  elementor-field-textual\" required=\"required\">\n\t\t\t\t\t\t\t\t\t\t\t<\/div>\n\t\t\t\t\t\t\t\t<div class=\"elementor-field-type-text elementor-field-group elementor-column elementor-field-group-provincia elementor-col-33 elementor-field-required elementor-mark-required\">\n\t\t\t\t\t\t\t\t\t\t\t\t<label for=\"form-field-provincia\" class=\"elementor-field-label\">\n\t\t\t\t\t\t\t\tBundesland\t\t\t\t\t\t\t<\/label>\n\t\t\t\t\t\t\t\t\t\t\t\t\t\t<input size=\"1\" type=\"text\" name=\"form_fields[provincia]\" id=\"form-field-provincia\" class=\"elementor-field elementor-size-sm  elementor-field-textual\" required=\"required\">\n\t\t\t\t\t\t\t\t\t\t\t<\/div>\n\t\t\t\t\t\t\t\t<div class=\"elementor-field-type-text elementor-field-group elementor-column elementor-field-group-pais elementor-col-33 elementor-field-required elementor-mark-required\">\n\t\t\t\t\t\t\t\t\t\t\t\t<label for=\"form-field-pais\" class=\"elementor-field-label\">\n\t\t\t\t\t\t\t\tLand\t\t\t\t\t\t\t<\/label>\n\t\t\t\t\t\t\t\t\t\t\t\t\t\t<input size=\"1\" type=\"text\" name=\"form_fields[pais]\" id=\"form-field-pais\" class=\"elementor-field elementor-size-sm  elementor-field-textual\" required=\"required\">\n\t\t\t\t\t\t\t\t\t\t\t<\/div>\n\t\t\t\t\t\t\t\t<div class=\"elementor-field-type-textarea elementor-field-group elementor-column elementor-field-group-mensaje elementor-col-100\">\n\t\t\t\t\t\t\t\t\t\t\t\t<label for=\"form-field-mensaje\" class=\"elementor-field-label\">\n\t\t\t\t\t\t\t\tNachricht\t\t\t\t\t\t\t<\/label>\n\t\t\t\t\t\t<textarea class=\"elementor-field-textual elementor-field  elementor-size-sm\" name=\"form_fields[mensaje]\" id=\"form-field-mensaje\" rows=\"2\"><\/textarea>\t\t\t\t<\/div>\n\t\t\t\t\t\t\t\t<div class=\"elementor-field-type-acceptance elementor-field-group elementor-column elementor-field-group-boletin elementor-col-100\">\n\t\t\t\t\t\t\t\t\t\t\t\t<label for=\"form-field-boletin\" class=\"elementor-field-label\">\n\t\t\t\t\t\t\t\tIch m\u00f6chte \u00fcber Neuigkeiten informiert werden.\t\t\t\t\t\t\t<\/label>\n\t\t\t\t\t\t\t\t<div class=\"elementor-field-subgroup\">\n\t\t\t<span class=\"elementor-field-option\">\n\t\t\t\t<input type=\"checkbox\" name=\"form_fields[boletin]\" id=\"form-field-boletin\" class=\"elementor-field elementor-size-sm  elementor-acceptance-field\">\n\t\t\t\t\t\t\t<\/span>\n\t\t<\/div>\n\t\t\t\t\t\t<\/div>\n\t\t\t\t\t\t\t\t<div class=\"elementor-field-type-acceptance elementor-field-group elementor-column elementor-field-group-privacidad elementor-col-100 elementor-field-required elementor-mark-required\">\n\t\t\t\t\t\t\t\t\t\t\t\t<label for=\"form-field-privacidad\" class=\"elementor-field-label\">\n\t\t\t\t\t\t\t\tIch habe die  <a href=\"\/politica-de-privacidad\" style=\"color: #fee253;\" target=\"_blank\">Datenschutzerk\u00e4lrung<\/a> gelesen und akzeptiere sie.\t\t\t\t\t\t\t<\/label>\n\t\t\t\t\t\t\t\t<div class=\"elementor-field-subgroup\">\n\t\t\t<span class=\"elementor-field-option\">\n\t\t\t\t<input type=\"checkbox\" name=\"form_fields[privacidad]\" id=\"form-field-privacidad\" class=\"elementor-field elementor-size-sm  elementor-acceptance-field\" required=\"required\">\n\t\t\t\t\t\t\t<\/span>\n\t\t<\/div>\n\t\t\t\t\t\t<\/div>\n\t\t\t\t\t\t\t\t<div class=\"elementor-field-group elementor-column elementor-field-type-submit elementor-col-100 e-form__buttons\">\n\t\t\t\t\t<button class=\"elementor-button elementor-size-sm\" type=\"submit\" id=\"enviar_accion\">\n\t\t\t\t\t\t<span class=\"elementor-button-content-wrapper\">\n\t\t\t\t\t\t\t\t\t\t\t\t\t\t\t\t\t\t\t\t\t\t<span class=\"elementor-button-text\">SENDEN<\/span>\n\t\t\t\t\t\t\t\t\t\t\t\t\t<\/span>\n\t\t\t\t\t<\/button>\n\t\t\t\t<\/div>\n\t\t\t<\/div>\n\t\t<\/form>\n\t\t\t\t\t\t<\/div>\n\t\t\t\t<\/div>\n\t\t\t\t<div class=\"elementor-element elementor-element-1572b88 elementor-widget elementor-widget-text-editor\" data-id=\"1572b88\" data-element_type=\"widget\" data-e-type=\"widget\" data-widget_type=\"text-editor.default\">\n\t\t\t\t<div class=\"elementor-widget-container\">\n\t\t\t\t\t\t\t\t\t<p class=\"MsoNormal\"><span lang=\"DE\" style=\"font-family: 'Helvetica','sans-serif'; mso-bidi-font-family: 'Times New Roman';\">Ihre Daten werden in der Datenbank der STIFITUNG INFINITO +1 gespeichert, um Sie \u00fcber unsere Aktivit\u00e4ten zu informieren. Zur Einsicht, \u00c4nderung oder L\u00f6schung Ihrer Daten schreiben Sie bitte an <\/span><span lang=\"DE\"><span style=\"font-family: 'Helvetica','sans-serif'; mso-bidi-font-family: 'Times New Roman';\"><span style=\"color: #ffffff;\"><a href=\"mailto:fundacion@infinitomasuno.org\">fundacion@infinitomasuno.org\u00a0<\/a> <\/span><\/span><\/span><span lang=\"DE\" style=\"font-family: 'Helvetica','sans-serif'; mso-bidi-font-family: 'Times New Roman';\">oder auf dem Postweg an FUNDACI\u00d3N INFINITO + 1; Calle Marines, 14 Pta. 5; 46183 \u2013 La Eliana, Valencia, Spanien. <\/span><span lang=\"EN-US\" style=\"font-family: 'Helvetica','sans-serif'; mso-bidi-font-family: 'Times New Roman'; mso-ansi-language: EN-US;\">Danke!<\/span><\/p>\t\t\t\t\t\t\t\t<\/div>\n\t\t\t\t<\/div>\n\t\t\t\t\t<\/div>\n\t\t<\/div>\n\t\t\t\t\t<\/div>\n\t\t<\/section>\n\t\t\t\t<\/div>\n\t\t","protected":false},"excerpt":{"rendered":"<p>WILLST DU UNSERE FILME &amp; CO IN DEIN LAND HOLEN? Action! Du brauchst keine Erfahrung mitbringen. Wir zeigen dir Schritt f\u00fcr Schritt, was zu tun ist. So haben wir unser internationales Vertriebsnetz in inzwischen 35 L\u00e4ndern aufgebaut. Das einzige was du brauchst ist Glauben, Liebe und&#8230; Mut, um in unbekanntes Terrain vorzudringen. Elan, um Hindernisse [&hellip;]<\/p>\n","protected":false},"author":3986,"featured_media":0,"parent":0,"menu_order":0,"comment_status":"closed","ping_status":"closed","template":"","meta":{"_acf_changed":false,"site-sidebar-layout":"no-sidebar","site-content-layout":"page-builder","ast-site-content-layout":"full-width-container","site-content-style":"unboxed","site-sidebar-style":"unboxed","ast-global-header-display":"","ast-banner-title-visibility":"","ast-main-header-display":"","ast-hfb-above-header-display":"","ast-hfb-below-header-display":"","ast-hfb-mobile-header-display":"","site-post-title":"disabled","ast-breadcrumbs-content":"","ast-featured-img":"disabled","footer-sml-layout":"","ast-disable-related-posts":"","theme-transparent-header-meta":"enabled","adv-header-id-meta":"","stick-header-meta":"","header-above-stick-meta":"","header-main-stick-meta":"","header-below-stick-meta":"","astra-migrate-meta-layouts":"set","ast-page-background-enabled":"default","ast-page-background-meta":{"desktop":{"background-color":"","background-image":"","background-repeat":"repeat","background-position":"center center","background-size":"auto","background-attachment":"scroll","background-type":"","background-media":"","overlay-type":"","overlay-color":"","overlay-opacity":"","overlay-gradient":""},"tablet":{"background-color":"","background-image":"","background-repeat":"repeat","background-position":"center center","background-size":"auto","background-attachment":"scroll","background-type":"","background-media":"","overlay-type":"","overlay-color":"","overlay-opacity":"","overlay-gradient":""},"mobile":{"background-color":"","background-image":"","background-repeat":"repeat","background-position":"center center","background-size":"auto","background-attachment":"scroll","background-type":"","background-media":"","overlay-type":"","overlay-color":"","overlay-opacity":"","overlay-gradient":""}},"ast-content-background-meta":{"desktop":{"background-color":"var(--ast-global-color-5)","background-image":"","background-repeat":"repeat","background-position":"center center","background-size":"auto","background-attachment":"scroll","background-type":"","background-media":"","overlay-type":"","overlay-color":"","overlay-opacity":"","overlay-gradient":""},"tablet":{"background-color":"var(--ast-global-color-5)","background-image":"","background-repeat":"repeat","background-position":"center center","background-size":"auto","background-attachment":"scroll","background-type":"","background-media":"","overlay-type":"","overlay-color":"","overlay-opacity":"","overlay-gradient":""},"mobile":{"background-color":"var(--ast-global-color-5)","background-image":"","background-repeat":"repeat","background-position":"center center","background-size":"auto","background-attachment":"scroll","background-type":"","background-media":"","overlay-type":"","overlay-color":"","overlay-opacity":"","overlay-gradient":""}},"footnotes":""},"class_list":["post-224231","page","type-page","status-publish","hentry"],"acf":[],"aioseo_notices":[],"_links":{"self":[{"href":"https:\/\/www.infinitomasuno.org\/de\/wp-json\/wp\/v2\/pages\/224231","targetHints":{"allow":["GET"]}}],"collection":[{"href":"https:\/\/www.infinitomasuno.org\/de\/wp-json\/wp\/v2\/pages"}],"about":[{"href":"https:\/\/www.infinitomasuno.org\/de\/wp-json\/wp\/v2\/types\/page"}],"author":[{"embeddable":true,"href":"https:\/\/www.infinitomasuno.org\/de\/wp-json\/wp\/v2\/users\/3986"}],"replies":[{"embeddable":true,"href":"https:\/\/www.infinitomasuno.org\/de\/wp-json\/wp\/v2\/comments?post=224231"}],"version-history":[{"count":80,"href":"https:\/\/www.infinitomasuno.org\/de\/wp-json\/wp\/v2\/pages\/224231\/revisions"}],"predecessor-version":[{"id":224320,"href":"https:\/\/www.infinitomasuno.org\/de\/wp-json\/wp\/v2\/pages\/224231\/revisions\/224320"}],"wp:attachment":[{"href":"https:\/\/www.infinitomasuno.org\/de\/wp-json\/wp\/v2\/media?parent=224231"}],"curies":[{"name":"wp","href":"https:\/\/api.w.org\/{rel}","templated":true}]}}