{"id":167813,"date":"2020-07-20T10:39:09","date_gmt":"2020-07-20T10:39:09","guid":{"rendered":"https:\/\/www.infinitomasuno.org\/la-ultima-cima\/"},"modified":"2025-07-29T11:47:56","modified_gmt":"2025-07-29T10:47:56","slug":"der-letzte-gipfel","status":"publish","type":"page","link":"https:\/\/www.infinitomasuno.org\/de\/der-letzte-gipfel\/","title":{"rendered":"DER LETZTE GIPFEL"},"content":{"rendered":"\t\t<div data-elementor-type=\"wp-page\" data-elementor-id=\"167813\" class=\"elementor elementor-167813\" data-elementor-post-type=\"page\">\n\t\t\t\t\t\t<section class=\"elementor-section elementor-top-section elementor-element elementor-element-65e08a9 elementor-section-stretched elementor-section-full_width elementor-section-height-default elementor-section-height-default\" data-id=\"65e08a9\" data-element_type=\"section\" data-e-type=\"section\" data-settings=\"{&quot;stretch_section&quot;:&quot;section-stretched&quot;,&quot;background_background&quot;:&quot;classic&quot;}\">\n\t\t\t\t\t\t<div class=\"elementor-container elementor-column-gap-no\">\n\t\t\t\t\t<div class=\"elementor-column elementor-col-100 elementor-top-column elementor-element elementor-element-03d59b6\" data-id=\"03d59b6\" data-element_type=\"column\" data-e-type=\"column\">\n\t\t\t<div class=\"elementor-widget-wrap elementor-element-populated\">\n\t\t\t\t\t\t<section class=\"elementor-section elementor-inner-section elementor-element elementor-element-21b761c elementor-section-full_width elementor-section-height-default elementor-section-height-default\" data-id=\"21b761c\" data-element_type=\"section\" data-e-type=\"section\">\n\t\t\t\t\t\t<div class=\"elementor-container elementor-column-gap-default\">\n\t\t\t\t\t<div class=\"elementor-column elementor-col-100 elementor-inner-column elementor-element elementor-element-dc1291c\" data-id=\"dc1291c\" data-element_type=\"column\" data-e-type=\"column\" data-settings=\"{&quot;background_background&quot;:&quot;classic&quot;}\">\n\t\t\t<div class=\"elementor-widget-wrap elementor-element-populated\">\n\t\t\t\t\t\t<div class=\"elementor-element elementor-element-209e874 elementor-widget__width-inherit elementor-absolute elementor-hidden-phone play30 elementor-widget elementor-widget-video\" data-id=\"209e874\" data-element_type=\"widget\" data-e-type=\"widget\" id=\"video_escritorio\" data-settings=\"{&quot;youtube_url&quot;:&quot;https:\\\/\\\/www.youtube.com\\\/watch?v=k_yxE9L9iD8&amp;list=PLBm_msYAT4Vb7IDV1cD7p7zcTvdXFGSyB&amp;index=1&quot;,&quot;show_image_overlay&quot;:&quot;yes&quot;,&quot;image_overlay&quot;:{&quot;url&quot;:&quot;https:\\\/\\\/infinitomasuno.org\\\/wp-content\\\/uploads\\\/2020\\\/07\\\/producciones-la-ultima-cima.jpg&quot;,&quot;id&quot;:1587,&quot;size&quot;:&quot;&quot;},&quot;lightbox&quot;:&quot;yes&quot;,&quot;_position&quot;:&quot;absolute&quot;,&quot;video_type&quot;:&quot;youtube&quot;,&quot;controls&quot;:&quot;yes&quot;}\" data-widget_type=\"video.default\">\n\t\t\t\t<div class=\"elementor-widget-container\">\n\t\t\t\t\t\t\t<div class=\"elementor-wrapper elementor-open-lightbox\">\n\t\t\t\t\t\t\t<div class=\"elementor-custom-embed-image-overlay\" data-elementor-open-lightbox=\"yes\" data-elementor-lightbox=\"{&quot;type&quot;:&quot;video&quot;,&quot;videoType&quot;:&quot;youtube&quot;,&quot;url&quot;:&quot;https:\\\/\\\/www.youtube.com\\\/embed\\\/k_yxE9L9iD8?feature=oembed&amp;start&amp;end&amp;wmode=opaque&amp;loop=0&amp;controls=1&amp;mute=0&amp;rel=0&amp;cc_load_policy=0&quot;,&quot;autoplay&quot;:&quot;&quot;,&quot;modalOptions&quot;:{&quot;id&quot;:&quot;elementor-lightbox-209e874&quot;,&quot;entranceAnimation&quot;:&quot;&quot;,&quot;entranceAnimation_tablet&quot;:&quot;&quot;,&quot;entranceAnimation_mobile&quot;:&quot;&quot;,&quot;videoAspectRatio&quot;:&quot;169&quot;}}\" data-e-action-hash=\"#elementor-action%3Aaction%3Dlightbox%26settings%3DeyJ0eXBlIjoidmlkZW8iLCJ2aWRlb1R5cGUiOiJ5b3V0dWJlIiwidXJsIjoiaHR0cHM6XC9cL3d3dy55b3V0dWJlLmNvbVwvZW1iZWRcL2tfeXhFOUw5aUQ4P2ZlYXR1cmU9b2VtYmVkJnN0YXJ0JmVuZCZ3bW9kZT1vcGFxdWUmbG9vcD0wJmNvbnRyb2xzPTEmbXV0ZT0wJnJlbD0wJmNjX2xvYWRfcG9saWN5PTAiLCJhdXRvcGxheSI6IiIsIm1vZGFsT3B0aW9ucyI6eyJpZCI6ImVsZW1lbnRvci1saWdodGJveC0yMDllODc0IiwiZW50cmFuY2VBbmltYXRpb24iOiIiLCJlbnRyYW5jZUFuaW1hdGlvbl90YWJsZXQiOiIiLCJlbnRyYW5jZUFuaW1hdGlvbl9tb2JpbGUiOiIiLCJ2aWRlb0FzcGVjdFJhdGlvIjoiMTY5In19\">\n\t\t\t\t\t\t\t\t\t\t\t<img fetchpriority=\"high\" decoding=\"async\" width=\"1920\" height=\"1228\" src=\"https:\/\/www.infinitomasuno.org\/wp-content\/uploads\/2020\/07\/producciones-la-ultima-cima-2.jpg\" class=\"attachment-full size-full wp-image-1587\" alt=\"\" srcset=\"https:\/\/www.infinitomasuno.org\/wp-content\/uploads\/2020\/07\/producciones-la-ultima-cima-2.jpg 1920w, https:\/\/www.infinitomasuno.org\/wp-content\/uploads\/2020\/07\/producciones-la-ultima-cima-2-600x384.jpg 600w, https:\/\/www.infinitomasuno.org\/wp-content\/uploads\/2020\/07\/producciones-la-ultima-cima-2-300x192.jpg 300w, https:\/\/www.infinitomasuno.org\/wp-content\/uploads\/2020\/07\/producciones-la-ultima-cima-2-1024x655.jpg 1024w, https:\/\/www.infinitomasuno.org\/wp-content\/uploads\/2020\/07\/producciones-la-ultima-cima-2-768x491.jpg 768w, https:\/\/www.infinitomasuno.org\/wp-content\/uploads\/2020\/07\/producciones-la-ultima-cima-2-1536x982.jpg 1536w\" sizes=\"(max-width: 1920px) 100vw, 1920px\" \/>\t\t\t\t\t\t\t\t\t\t\t\t\t\t\t\t<div class=\"elementor-custom-embed-play\" role=\"button\" aria-label=\"Video abspielen\" tabindex=\"0\">\n\t\t\t\t\t\t\t<i aria-hidden=\"true\" class=\"eicon-play\"><\/i>\t\t\t\t\t\t<\/div>\n\t\t\t\t\t\t\t\t\t<\/div>\n\t\t\t\t\t<\/div>\n\t\t\t\t\t\t<\/div>\n\t\t\t\t<\/div>\n\t\t\t\t<div class=\"elementor-element elementor-element-bf793d0 elementor-widget__width-inherit elementor-absolute elementor-hidden-desktop elementor-hidden-tablet play35 elementor-widget elementor-widget-video\" data-id=\"bf793d0\" data-element_type=\"widget\" data-e-type=\"widget\" id=\"video_movil\" data-settings=\"{&quot;youtube_url&quot;:&quot;https:\\\/\\\/www.youtube.com\\\/watch?v=k_yxE9L9iD8&amp;list=PLBm_msYAT4Vb7IDV1cD7p7zcTvdXFGSyB&amp;index=1&quot;,&quot;show_image_overlay&quot;:&quot;yes&quot;,&quot;image_overlay&quot;:{&quot;url&quot;:&quot;https:\\\/\\\/infinitomasuno.org\\\/wp-content\\\/uploads\\\/2020\\\/09\\\/produccion-la-ultima-cima-scaled.jpg&quot;,&quot;id&quot;:4313,&quot;size&quot;:&quot;&quot;},&quot;lightbox&quot;:&quot;yes&quot;,&quot;_position&quot;:&quot;absolute&quot;,&quot;video_type&quot;:&quot;youtube&quot;,&quot;controls&quot;:&quot;yes&quot;}\" data-widget_type=\"video.default\">\n\t\t\t\t<div class=\"elementor-widget-container\">\n\t\t\t\t\t\t\t<div class=\"elementor-wrapper elementor-open-lightbox\">\n\t\t\t\t\t\t\t<div class=\"elementor-custom-embed-image-overlay\" data-elementor-open-lightbox=\"yes\" data-elementor-lightbox=\"{&quot;type&quot;:&quot;video&quot;,&quot;videoType&quot;:&quot;youtube&quot;,&quot;url&quot;:&quot;https:\\\/\\\/www.youtube.com\\\/embed\\\/k_yxE9L9iD8?feature=oembed&amp;start&amp;end&amp;wmode=opaque&amp;loop=0&amp;controls=1&amp;mute=0&amp;rel=0&amp;cc_load_policy=0&quot;,&quot;autoplay&quot;:&quot;&quot;,&quot;modalOptions&quot;:{&quot;id&quot;:&quot;elementor-lightbox-bf793d0&quot;,&quot;entranceAnimation&quot;:&quot;&quot;,&quot;entranceAnimation_tablet&quot;:&quot;&quot;,&quot;entranceAnimation_mobile&quot;:&quot;&quot;,&quot;videoAspectRatio&quot;:&quot;169&quot;}}\" data-e-action-hash=\"#elementor-action%3Aaction%3Dlightbox%26settings%3DeyJ0eXBlIjoidmlkZW8iLCJ2aWRlb1R5cGUiOiJ5b3V0dWJlIiwidXJsIjoiaHR0cHM6XC9cL3d3dy55b3V0dWJlLmNvbVwvZW1iZWRcL2tfeXhFOUw5aUQ4P2ZlYXR1cmU9b2VtYmVkJnN0YXJ0JmVuZCZ3bW9kZT1vcGFxdWUmbG9vcD0wJmNvbnRyb2xzPTEmbXV0ZT0wJnJlbD0wJmNjX2xvYWRfcG9saWN5PTAiLCJhdXRvcGxheSI6IiIsIm1vZGFsT3B0aW9ucyI6eyJpZCI6ImVsZW1lbnRvci1saWdodGJveC1iZjc5M2QwIiwiZW50cmFuY2VBbmltYXRpb24iOiIiLCJlbnRyYW5jZUFuaW1hdGlvbl90YWJsZXQiOiIiLCJlbnRyYW5jZUFuaW1hdGlvbl9tb2JpbGUiOiIiLCJ2aWRlb0FzcGVjdFJhdGlvIjoiMTY5In19\">\n\t\t\t\t\t\t\t\t\t\t\t<img decoding=\"async\" width=\"627\" height=\"2560\" src=\"https:\/\/www.infinitomasuno.org\/wp-content\/uploads\/2020\/09\/produccion-la-ultima-cima-scaled-2.jpg\" class=\"attachment-full size-full wp-image-4313\" alt=\"\" srcset=\"https:\/\/www.infinitomasuno.org\/wp-content\/uploads\/2020\/09\/produccion-la-ultima-cima-scaled-2.jpg 627w, https:\/\/www.infinitomasuno.org\/wp-content\/uploads\/2020\/09\/produccion-la-ultima-cima-scaled-2-600x2450.jpg 600w, https:\/\/www.infinitomasuno.org\/wp-content\/uploads\/2020\/09\/produccion-la-ultima-cima-scaled-2-251x1024.jpg 251w, https:\/\/www.infinitomasuno.org\/wp-content\/uploads\/2020\/09\/produccion-la-ultima-cima-scaled-2-376x1536.jpg 376w\" sizes=\"(max-width: 627px) 100vw, 627px\" \/>\t\t\t\t\t\t\t\t\t\t\t\t\t\t\t\t<div class=\"elementor-custom-embed-play\" role=\"button\" aria-label=\"Video abspielen\" tabindex=\"0\">\n\t\t\t\t\t\t\t<i aria-hidden=\"true\" class=\"eicon-play\"><\/i>\t\t\t\t\t\t<\/div>\n\t\t\t\t\t\t\t\t\t<\/div>\n\t\t\t\t\t<\/div>\n\t\t\t\t\t\t<\/div>\n\t\t\t\t<\/div>\n\t\t\t\t<div class=\"elementor-element elementor-element-ec03307 elementor-widget elementor-widget-image\" data-id=\"ec03307\" data-element_type=\"widget\" data-e-type=\"widget\" data-widget_type=\"image.default\">\n\t\t\t\t<div class=\"elementor-widget-container\">\n\t\t\t\t\t\t\t\t\t\t\t\t\t\t\t<img decoding=\"async\" width=\"1024\" height=\"189\" src=\"https:\/\/www.infinitomasuno.org\/wp-content\/uploads\/2021\/02\/Titulo_LUC_DE-1024x189.png\" class=\"attachment-large size-large wp-image-174500\" alt=\"Titulo_LUC_DE\" srcset=\"https:\/\/www.infinitomasuno.org\/wp-content\/uploads\/2021\/02\/Titulo_LUC_DE-1024x189.png 1024w, https:\/\/www.infinitomasuno.org\/wp-content\/uploads\/2021\/02\/Titulo_LUC_DE-600x111.png 600w, https:\/\/www.infinitomasuno.org\/wp-content\/uploads\/2021\/02\/Titulo_LUC_DE-300x55.png 300w, https:\/\/www.infinitomasuno.org\/wp-content\/uploads\/2021\/02\/Titulo_LUC_DE-768x142.png 768w, https:\/\/www.infinitomasuno.org\/wp-content\/uploads\/2021\/02\/Titulo_LUC_DE.png 1408w\" sizes=\"(max-width: 1024px) 100vw, 1024px\" \/>\t\t\t\t\t\t\t\t\t\t\t\t\t\t\t<\/div>\n\t\t\t\t<\/div>\n\t\t\t\t<div class=\"elementor-element elementor-element-fea6105 elementor-widget__width-initial elementor-hidden-desktop elementor-hidden-tablet elementor-widget elementor-widget-text-editor\" data-id=\"fea6105\" data-element_type=\"widget\" data-e-type=\"widget\" id=\"texto_movil\" data-widget_type=\"text-editor.default\">\n\t\t\t\t<div class=\"elementor-widget-container\">\n\t\t\t\t\t\t\t\t\tPablo war ein junger Priester und passionierter Bergsteiger. Der eigentliche Gipfel seines Lebens war die Heiligkeit.\n\nDavon sind alle, die ihn kannten \u00fcberzeugt. Er war immer mit Freude f\u00fcr alle da: f\u00fcr Kinder, Studenten, Ehepaare, Obdachlose, Unternehmer, Bisch\u00f6fe und den Papst.\n\nWas ist das Geheimnis seines Lebens? Wie \u00e4ndert sich auch mein Blick auf das Leben, das Leid, den Tod und den Alltag, wenn ich zu Gott ja sage. Eine Reise in das Herz des Glaubens.\t\t\t\t\t\t\t\t<\/div>\n\t\t\t\t<\/div>\n\t\t\t\t<div class=\"elementor-element elementor-element-e88305a elementor-widget__width-initial elementor-hidden-phone elementor-widget elementor-widget-text-editor\" data-id=\"e88305a\" data-element_type=\"widget\" data-e-type=\"widget\" id=\"texto_escritorio\" data-widget_type=\"text-editor.default\">\n\t\t\t\t<div class=\"elementor-widget-container\">\n\t\t\t\t\t\t\t\t\tPablo war ein junger Priester und passionierter Bergsteiger. Der eigentliche Gipfel seines Lebens war die Heiligkeit.\n\nDavon sind alle, die ihn kannten \u00fcberzeugt. Er war immer mit Freude f\u00fcr alle da: f\u00fcr Kinder, Studenten, Ehepaare, Obdachlose, Unternehmer, Bisch\u00f6fe und den Papst.\n\nWas ist das Geheimnis seines Lebens? Wie \u00e4ndert sich auch mein Blick auf das Leben, das Leid, den Tod und den Alltag, wenn ich zu Gott ja sage. Eine Reise in das Herz des Glaubens.\t\t\t\t\t\t\t\t<\/div>\n\t\t\t\t<\/div>\n\t\t\t\t\t<\/div>\n\t\t<\/div>\n\t\t\t\t\t<\/div>\n\t\t<\/section>\n\t\t\t\t<section class=\"elementor-section elementor-inner-section elementor-element elementor-element-34be6b0 elementor-section-full_width elementor-section-height-default elementor-section-height-default\" data-id=\"34be6b0\" data-element_type=\"section\" data-e-type=\"section\">\n\t\t\t\t\t\t\t<div class=\"elementor-background-overlay\"><\/div>\n\t\t\t\t\t\t\t<div class=\"elementor-container elementor-column-gap-default\">\n\t\t\t\t\t<div class=\"elementor-column elementor-col-100 elementor-inner-column elementor-element elementor-element-0466f5e\" data-id=\"0466f5e\" data-element_type=\"column\" data-e-type=\"column\">\n\t\t\t<div class=\"elementor-widget-wrap elementor-element-populated\">\n\t\t\t\t\t\t<div class=\"elementor-element elementor-element-649b275 elementor-widget elementor-widget-shortcode\" data-id=\"649b275\" data-element_type=\"widget\" data-e-type=\"widget\" data-widget_type=\"shortcode.default\">\n\t\t\t\t<div class=\"elementor-widget-container\">\n\t\t\t\t\t\t\t<div class=\"elementor-shortcode\">\t\t<div id=\"woorousell-160645\" class=\"woorousell_sc\">\n\t\t\t\t\t<div class=\"wrsl-carousel-container\" \n\t\t\tdata-mode=\"horizontal\"\n\t\t\tdata-speed=\"500\"\n\t\t\tdata-maxslides=\"3\"\n\t\t\tdata-moveslides=\"1\"\n\t\t\tdata-slidemargin=\"10\"\n\t\t\tdata-randomstart=false\n\t\t\tdata-adaptiveheight=false\n\t\t\tdata-adaptiveHeightspeed=\"0\"\n\t\t\tdata-touchenabled=true\n\t\t\tdata-auto=false\n\t\t\tdata-pause=\"0\"\n\t\t\tdata-autohover=false\n\t\t\tdata-autodelay=\"0\"\n\t\t\tdata-ticker=false\n\t\t\tdata-tickerhover=false\n\t\t>\n\t\t\t\t\t\t\t<div class=\"wrsl-carousel\">\n\t\t\t\t\t\t\t\t\t<div class=\"wrsl-carousel-item\">\n\t\t\t\t\t\t\t<div id=\"woorousell-160645-171968\" class=\"wrsl-prosingle-wrapper wrsl-prosingle-style-1 wrsl-has-thumbnail wrsl-text-left wrsl-not-overlay wrsl-invert\">\n\t\t\t\t\t<div class=\"wrsl-prosingle-thumbnail\">\n\t\t\t<img loading=\"lazy\" decoding=\"async\" width=\"400\" height=\"400\" src=\"https:\/\/www.infinitomasuno.org\/wp-content\/uploads\/2021\/01\/Cartel-LUC-alema\u0301n-visionado-400x400.jpg\" class=\"attachment-woocommerce_thumbnail size-woocommerce_thumbnail\" alt=\"Cartel_LUC_aleman_visionado\" srcset=\"https:\/\/www.infinitomasuno.org\/wp-content\/uploads\/2021\/01\/Cartel-LUC-alema\u0301n-visionado-400x400.jpg 400w, https:\/\/www.infinitomasuno.org\/wp-content\/uploads\/2021\/01\/Cartel-LUC-alema\u0301n-visionado-100x100.jpg 100w, https:\/\/www.infinitomasuno.org\/wp-content\/uploads\/2021\/01\/Cartel-LUC-alema\u0301n-visionado-600x600.jpg 600w, https:\/\/www.infinitomasuno.org\/wp-content\/uploads\/2021\/01\/Cartel-LUC-alema\u0301n-visionado-300x300.jpg 300w, https:\/\/www.infinitomasuno.org\/wp-content\/uploads\/2021\/01\/Cartel-LUC-alema\u0301n-visionado-1024x1024.jpg 1024w, https:\/\/www.infinitomasuno.org\/wp-content\/uploads\/2021\/01\/Cartel-LUC-alema\u0301n-visionado-150x150.jpg 150w, https:\/\/www.infinitomasuno.org\/wp-content\/uploads\/2021\/01\/Cartel-LUC-alema\u0301n-visionado-768x768.jpg 768w, https:\/\/www.infinitomasuno.org\/wp-content\/uploads\/2021\/01\/Cartel-LUC-alema\u0301n-visionado.jpg 1500w\" sizes=\"(max-width: 400px) 100vw, 400px\" \/>\t\t\t\t\t<\/div>\n\t\t\t\t<div class=\"wrsl-prosingle-body\">\n\t\t\t<div class=\"wrsl-prosingle-overlay\">\n\n\t\t\t\t\t\t<h4 class=\"wrsl-prosingle-heading\"><a href=\"https:\/\/www.infinitomasuno.org\/de\/product-de\/streamen-der-letzte-gipfel-deutsch\/\">Streamen DER LETZTE GIPFEL (deutsch)<\/a><\/h4>\n\t\t\n\t\t\t\t\n\t\t\t\t\t\t<div class=\"wrsl-prosingle-price\">\n\t\t\t\n\t<span class=\"price\"><span class=\"woocommerce-Price-amount amount\"><bdi>3,95<span class=\"woocommerce-Price-currencySymbol\">&euro;<\/span><\/bdi><\/span><\/span>\n\t\t<\/div>\n\t\t\n\t\t\t\t\n\t\t\t\t\t\t<div class=\"wrsl-prosingle-button\">\n\t\t\t<a href=\"\/de\/wp-json\/wp\/v2\/pages\/167813?add-to-cart=171968\" aria-describedby=\"woocommerce_loop_add_to_cart_link_describedby_171968\" data-quantity=\"1\" class=\"button product_type_simple add_to_cart_button ajax_add_to_cart\" data-product_id=\"171968\" data-product_sku=\"STREAMING_LUC_DE\" aria-label=\"In den Warenkorb legen: \u201eStreamen DER LETZTE GIPFEL (deutsch)\u201c\" rel=\"nofollow\" data-success_message=\"\u201eStreamen DER LETZTE GIPFEL (deutsch)\u201c wurde deinem Warenkorb hinzugef\u00fcgt\">in den Einkaufswagen<\/a>\t<span id=\"woocommerce_loop_add_to_cart_link_describedby_171968\" class=\"screen-reader-text\">\n\t\t\t<\/span>\n\t\t<\/div>\n\t\t\t\t\t<\/div>\n\t\t<\/div>\n\t\t\t\t<\/div><!-- .wrsl-prosingle -->\n\t\t\t\t\t\t\t<\/div><!-- .wrsl-carousel-item -->\n\t\t\t\t\t\t\t\t\t<div class=\"wrsl-carousel-item\">\n\t\t\t\t\t\t\t<div id=\"woorousell-160645-191872\" class=\"wrsl-prosingle-wrapper wrsl-prosingle-style-1 wrsl-has-thumbnail wrsl-text-left wrsl-not-overlay wrsl-invert\">\n\t\t\t\t\t<div class=\"wrsl-prosingle-thumbnail\">\n\t\t\t<img loading=\"lazy\" decoding=\"async\" width=\"400\" height=\"400\" src=\"https:\/\/www.infinitomasuno.org\/wp-content\/uploads\/2022\/03\/Fictici-DVD-Luc-Ger-copia-scaled-400x400.jpg\" class=\"attachment-woocommerce_thumbnail size-woocommerce_thumbnail\" alt=\"DVD - DER LETZTE GIPFEL (deutsch)\" srcset=\"https:\/\/www.infinitomasuno.org\/wp-content\/uploads\/2022\/03\/Fictici-DVD-Luc-Ger-copia-scaled-400x400.jpg 400w, https:\/\/www.infinitomasuno.org\/wp-content\/uploads\/2022\/03\/Fictici-DVD-Luc-Ger-copia-scaled-100x100.jpg 100w, https:\/\/www.infinitomasuno.org\/wp-content\/uploads\/2022\/03\/Fictici-DVD-Luc-Ger-copia-150x150.jpg 150w\" sizes=\"(max-width: 400px) 100vw, 400px\" \/>\t\t\t\t\t<\/div>\n\t\t\t\t<div class=\"wrsl-prosingle-body\">\n\t\t\t<div class=\"wrsl-prosingle-overlay\">\n\n\t\t\t\t\t\t<h4 class=\"wrsl-prosingle-heading\"><a href=\"https:\/\/www.infinitomasuno.org\/de\/product-de\/dvd_luc_de\/\">DVD &#8211; DER LETZTE GIPFEL (deutsch)<\/a><\/h4>\n\t\t\n\t\t\t\t\n\t\t\t\t\t\t<div class=\"wrsl-prosingle-price\">\n\t\t\t\n\t<span class=\"price\"><span class=\"woocommerce-Price-amount amount\"><bdi>13,95<span class=\"woocommerce-Price-currencySymbol\">&euro;<\/span><\/bdi><\/span><\/span>\n\t\t<\/div>\n\t\t\n\t\t\t\t\n\t\t\t\t\t\t<div class=\"wrsl-prosingle-button\">\n\t\t\t<a href=\"\/de\/wp-json\/wp\/v2\/pages\/167813?add-to-cart=191872\" aria-describedby=\"woocommerce_loop_add_to_cart_link_describedby_191872\" data-quantity=\"1\" class=\"button product_type_simple add_to_cart_button ajax_add_to_cart\" data-product_id=\"191872\" data-product_sku=\"DVD_LUC_DE\" aria-label=\"In den Warenkorb legen: \u201eDVD - DER LETZTE GIPFEL (deutsch)\u201c\" rel=\"nofollow\" data-success_message=\"\u201eDVD - DER LETZTE GIPFEL (deutsch)\u201c wurde deinem Warenkorb hinzugef\u00fcgt\">in den Einkaufswagen<\/a>\t<span id=\"woocommerce_loop_add_to_cart_link_describedby_191872\" class=\"screen-reader-text\">\n\t\t\t<\/span>\n\t\t<\/div>\n\t\t\t\t\t<\/div>\n\t\t<\/div>\n\t\t\t\t<\/div><!-- .wrsl-prosingle -->\n\t\t\t\t\t\t\t<\/div><!-- .wrsl-carousel-item -->\n\t\t\t\t\t\t\t\t<\/div>\n\t\t\t\t\t<div class=\"wrsl-carousel-controller-center\">\n\t\t\t<button id=\"#woorousell-160645-prev\" class=\"wrsl-carousel-to-prev\"><i class=\"fa fa-chevron-left\"><\/i><\/button>\n\t\t\t<button id=\"#woorousell-160645-next\" class=\"wrsl-carousel-to-next\"><i class=\"fa fa-chevron-right\"><\/i><\/button>\n\t\t<\/div>\n\t\t\t\t<\/div><!-- .wrsl-carousel-container -->\n\t\t\t\t<\/div>\n\t\t<\/div>\n\t\t\t\t\t\t<\/div>\n\t\t\t\t<\/div>\n\t\t\t\t\t<\/div>\n\t\t<\/div>\n\t\t\t\t\t<\/div>\n\t\t<\/section>\n\t\t\t\t\t<\/div>\n\t\t<\/div>\n\t\t\t\t\t<\/div>\n\t\t<\/section>\n\t\t\t\t<\/div>\n\t\t","protected":false},"excerpt":{"rendered":"<p>Pablo war ein junger Priester und passionierter Bergsteiger. Der eigentliche Gipfel seines Lebens war die Heiligkeit. Davon sind alle, die ihn kannten \u00fcberzeugt. Er war immer mit Freude f\u00fcr alle da: f\u00fcr Kinder, Studenten, Ehepaare, Obdachlose, Unternehmer, Bisch\u00f6fe und den Papst. Was ist das Geheimnis seines Lebens? Wie \u00e4ndert sich auch mein Blick auf das [&hellip;]<\/p>\n","protected":false},"author":19323,"featured_media":0,"parent":0,"menu_order":0,"comment_status":"closed","ping_status":"closed","template":"","meta":{"_acf_changed":false,"site-sidebar-layout":"no-sidebar","site-content-layout":"page-builder","ast-site-content-layout":"default","site-content-style":"default","site-sidebar-style":"default","ast-global-header-display":"","ast-banner-title-visibility":"","ast-main-header-display":"","ast-hfb-above-header-display":"","ast-hfb-below-header-display":"","ast-hfb-mobile-header-display":"","site-post-title":"disabled","ast-breadcrumbs-content":"","ast-featured-img":"disabled","footer-sml-layout":"","ast-disable-related-posts":"","theme-transparent-header-meta":"enabled","adv-header-id-meta":"","stick-header-meta":"","header-above-stick-meta":"","header-main-stick-meta":"","header-below-stick-meta":"","astra-migrate-meta-layouts":"set","ast-page-background-enabled":"default","ast-page-background-meta":{"desktop":{"background-color":"","background-image":"","background-repeat":"repeat","background-position":"center center","background-size":"auto","background-attachment":"scroll","background-type":"","background-media":"","overlay-type":"","overlay-color":"","overlay-opacity":"","overlay-gradient":""},"tablet":{"background-color":"","background-image":"","background-repeat":"repeat","background-position":"center center","background-size":"auto","background-attachment":"scroll","background-type":"","background-media":"","overlay-type":"","overlay-color":"","overlay-opacity":"","overlay-gradient":""},"mobile":{"background-color":"","background-image":"","background-repeat":"repeat","background-position":"center center","background-size":"auto","background-attachment":"scroll","background-type":"","background-media":"","overlay-type":"","overlay-color":"","overlay-opacity":"","overlay-gradient":""}},"ast-content-background-meta":{"desktop":{"background-color":"var(--ast-global-color-5)","background-image":"","background-repeat":"repeat","background-position":"center center","background-size":"auto","background-attachment":"scroll","background-type":"","background-media":"","overlay-type":"","overlay-color":"","overlay-opacity":"","overlay-gradient":""},"tablet":{"background-color":"var(--ast-global-color-5)","background-image":"","background-repeat":"repeat","background-position":"center center","background-size":"auto","background-attachment":"scroll","background-type":"","background-media":"","overlay-type":"","overlay-color":"","overlay-opacity":"","overlay-gradient":""},"mobile":{"background-color":"var(--ast-global-color-5)","background-image":"","background-repeat":"repeat","background-position":"center center","background-size":"auto","background-attachment":"scroll","background-type":"","background-media":"","overlay-type":"","overlay-color":"","overlay-opacity":"","overlay-gradient":""}},"footnotes":""},"class_list":["post-167813","page","type-page","status-publish","hentry","desktop-align-left","tablet-align-left","mobile-align-left"],"acf":[],"aioseo_notices":[],"_links":{"self":[{"href":"https:\/\/www.infinitomasuno.org\/de\/wp-json\/wp\/v2\/pages\/167813","targetHints":{"allow":["GET"]}}],"collection":[{"href":"https:\/\/www.infinitomasuno.org\/de\/wp-json\/wp\/v2\/pages"}],"about":[{"href":"https:\/\/www.infinitomasuno.org\/de\/wp-json\/wp\/v2\/types\/page"}],"author":[{"embeddable":true,"href":"https:\/\/www.infinitomasuno.org\/de\/wp-json\/wp\/v2\/users\/19323"}],"replies":[{"embeddable":true,"href":"https:\/\/www.infinitomasuno.org\/de\/wp-json\/wp\/v2\/comments?post=167813"}],"version-history":[{"count":42,"href":"https:\/\/www.infinitomasuno.org\/de\/wp-json\/wp\/v2\/pages\/167813\/revisions"}],"predecessor-version":[{"id":224697,"href":"https:\/\/www.infinitomasuno.org\/de\/wp-json\/wp\/v2\/pages\/167813\/revisions\/224697"}],"wp:attachment":[{"href":"https:\/\/www.infinitomasuno.org\/de\/wp-json\/wp\/v2\/media?parent=167813"}],"curies":[{"name":"wp","href":"https:\/\/api.w.org\/{rel}","templated":true}]}}