{"id":167130,"date":"2020-07-21T17:00:36","date_gmt":"2020-07-21T17:00:36","guid":{"rendered":"https:\/\/www.infinitomasuno.org\/politica-de-privacidad-2\/"},"modified":"2026-03-25T09:03:05","modified_gmt":"2026-03-25T08:03:05","slug":"politica-de-privacidad-2","status":"publish","type":"page","link":"https:\/\/www.infinitomasuno.org\/de\/politica-de-privacidad-2\/","title":{"rendered":"Pol\u00edtica de privacidad"},"content":{"rendered":"\t\t<div data-elementor-type=\"wp-page\" data-elementor-id=\"167130\" class=\"elementor elementor-167130 elementor-167131\" data-elementor-post-type=\"page\">\n\t\t\t\t\t\t<section class=\"elementor-section elementor-top-section elementor-element elementor-element-119ab73 elementor-section-boxed elementor-section-height-default elementor-section-height-default\" data-id=\"119ab73\" data-element_type=\"section\" data-e-type=\"section\">\n\t\t\t\t\t\t\t<div class=\"elementor-background-overlay\"><\/div>\n\t\t\t\t\t\t\t<div class=\"elementor-container elementor-column-gap-default\">\n\t\t\t\t\t<div class=\"elementor-column elementor-col-100 elementor-top-column elementor-element elementor-element-eca703c\" data-id=\"eca703c\" data-element_type=\"column\" data-e-type=\"column\">\n\t\t\t<div class=\"elementor-widget-wrap elementor-element-populated\">\n\t\t\t\t\t\t<div class=\"elementor-element elementor-element-69a9fdb elementor-widget elementor-widget-text-editor\" data-id=\"69a9fdb\" data-element_type=\"widget\" data-e-type=\"widget\" data-widget_type=\"text-editor.default\">\n\t\t\t\t<div class=\"elementor-widget-container\">\n\t\t\t\t\t\t\t\t\t<h3 style=\"text-align: center;\" data-start=\"43\" data-end=\"94\"><span style=\"color: #ffffff;\"><strong data-start=\"43\" data-end=\"94\">Datenschutz personenbezogener Daten gem\u00e4\u00df DSGVO<\/strong><\/span><\/h3><p>\u00a0<\/p><p data-start=\"96\" data-end=\"424\">Die FUNDACI\u00d3N INFINITO informiert in Anwendung der geltenden Vorschriften zum Schutz personenbezogener Daten dar\u00fcber, dass die \u00fcber die Formulare der Website <a class=\"decorated-link\" href=\"http:\/\/www.infinitomasuno.org\" target=\"_new\" rel=\"noopener\" data-start=\"254\" data-end=\"276\">www.infinitomasuno.org<\/a> erhobenen personenbezogenen Daten in spezifische automatisierte Dateien von Nutzern der Dienstleistungen von FUNDACI\u00d3N INFINITO aufgenommen werden.<\/p><p data-start=\"426\" data-end=\"674\">Die Erhebung und automatisierte Verarbeitung personenbezogener Daten dient der Aufrechterhaltung der Gesch\u00e4ftsbeziehung sowie der Durchf\u00fchrung von Informations-, Schulungs-, Beratungs- und anderen T\u00e4tigkeiten, die der FUNDACI\u00d3N INFINITO eigen sind.<\/p><p data-start=\"676\" data-end=\"809\">Diese Daten werden ausschlie\u00dflich an diejenigen Stellen weitergegeben, die zur Erf\u00fcllung des oben genannten Zwecks erforderlich sind.<\/p><p data-start=\"811\" data-end=\"1368\">Die FUNDACI\u00d3N INFINITO trifft die notwendigen Ma\u00dfnahmen, um die Sicherheit, Integrit\u00e4t und Vertraulichkeit der Daten gem\u00e4\u00df den Bestimmungen der Verordnung (EU) 2016\/679 des Europ\u00e4ischen Parlaments und des Rates vom 27. April 2016 \u00fcber den Schutz nat\u00fcrlicher Personen bei der Verarbeitung personenbezogener Daten und den freien Datenverkehr sowie zur Aufhebung der alten Datenschutzrichtlinie sowie des spanischen Organgesetzes 3\/2018 vom 5. Dezember \u00fcber den Schutz personenbezogener Daten und die Gew\u00e4hrleistung digitaler Rechte (LOPDGDD) zu gew\u00e4hrleisten.<\/p><p data-start=\"1370\" data-end=\"1733\">Der Nutzer kann jederzeit die in der genannten Verordnung (EU) anerkannten Rechte auf Auskunft, Widerspruch, Berichtigung, L\u00f6schung, Einschr\u00e4nkung und Daten\u00fcbertragbarkeit aus\u00fcben. Die Aus\u00fcbung dieser Rechte kann der Nutzer selbst per E-Mail an: <a class=\"decorated-link cursor-pointer\" rel=\"noopener\" data-start=\"1616\" data-end=\"1641\">simona@infinitomasuno.org<\/a> oder an die Adresse: Calle Marines, 14 Pta 5, C.P. 46183 &#8211; La Eliana (Valencia), vornehmen.<\/p><p data-start=\"1735\" data-end=\"1931\">Der Nutzer erkl\u00e4rt, dass alle von ihm bereitgestellten Daten wahr und korrekt sind, und verpflichtet sich, diese auf dem neuesten Stand zu halten und \u00c4nderungen der FUNDACI\u00d3N INFINITO mitzuteilen.<\/p><hr data-start=\"1933\" data-end=\"1936\" \/><p data-start=\"1938\" data-end=\"1988\"><strong data-start=\"1938\" data-end=\"1988\">Zweck der Verarbeitung personenbezogener Daten<\/strong><\/p><p data-start=\"1990\" data-end=\"2056\"><strong data-start=\"1990\" data-end=\"2056\">Zu welchem Zweck verarbeiten wir Ihre personenbezogenen Daten?<\/strong><\/p><p data-start=\"2058\" data-end=\"2196\">Bei FUNDACI\u00d3N INFINITO verarbeiten wir die \u00fcber die Website <a class=\"decorated-link\" href=\"http:\/\/www.infinitomasuno.org\" target=\"_new\" rel=\"noopener\" data-start=\"2118\" data-end=\"2140\">www.infinitomasuno.org<\/a> erhobenen personenbezogenen Daten zu folgenden Zwecken:<\/p><ul data-start=\"2198\" data-end=\"2579\"><li data-section-id=\"1klp8lb\" data-start=\"2198\" data-end=\"2323\">Erf\u00fcllung der kommerziellen, arbeitsrechtlichen, unternehmerischen und buchhalterischen Verpflichtungen des Unternehmens.<\/li><li data-section-id=\"36b879\" data-start=\"2324\" data-end=\"2439\">Archivierung, Systemaktualisierung, Schutz und Aufbewahrung von Informationen und Datenbanken des Unternehmens.<\/li><li data-section-id=\"1cyda4o\" data-start=\"2440\" data-end=\"2493\">Erwerb der \u00fcber die Website angebotenen Produkte.<\/li><li data-section-id=\"15kmjn2\" data-start=\"2494\" data-end=\"2579\">Bereitstellung der vom Nutzer \u00fcber das Kontaktformular angeforderten Informationen.<\/li><\/ul><p data-start=\"2581\" data-end=\"2776\">Wir erinnern Sie daran, dass Sie dem Versand kommerzieller Mitteilungen jederzeit und \u00fcber jeden Kommunikationsweg widersprechen k\u00f6nnen, indem Sie eine E-Mail an die oben genannte Adresse senden.<\/p><p data-start=\"2778\" data-end=\"2926\">Die Felder in den entsprechenden Formularen sind obligatorisch auszuf\u00fcllen; ohne diese Daten ist es nicht m\u00f6glich, die genannten Zwecke zu erf\u00fcllen.<\/p><p data-start=\"2928\" data-end=\"2999\"><strong data-start=\"2928\" data-end=\"2999\">Wie lange werden die erhobenen personenbezogenen Daten gespeichert?<\/strong><\/p><p data-start=\"3001\" data-end=\"3265\">Die bereitgestellten personenbezogenen Daten werden so lange gespeichert, wie die Gesch\u00e4ftsbeziehung besteht oder bis Sie deren L\u00f6schung beantragen, sowie f\u00fcr den Zeitraum, in dem sich aus den erbrachten Dienstleistungen rechtliche Verpflichtungen ergeben k\u00f6nnten.<\/p><hr data-start=\"3267\" data-end=\"3270\" \/><p data-start=\"3272\" data-end=\"3291\"><strong data-start=\"3272\" data-end=\"3291\">Rechtsgrundlage<\/strong><\/p><p data-start=\"3293\" data-end=\"3377\">Die Verarbeitung Ihrer Daten erfolgt auf Grundlage folgender rechtlicher Grundlagen:<\/p><ul data-start=\"3379\" data-end=\"3888\"><li data-section-id=\"1vddeom\" data-start=\"3379\" data-end=\"3592\">Die Anfrage von Informationen und\/oder der Abschluss von Dienstleistungen der FUNDACI\u00d3N INFINITO, deren Bedingungen Ihnen in jedem Fall vor einer m\u00f6glichen Vertragsunterzeichnung zur Verf\u00fcgung gestellt werden.<\/li><li data-section-id=\"vu0j0q\" data-start=\"3593\" data-end=\"3888\">Ihre freie, spezifische, informierte und eindeutige Einwilligung, indem wir Ihnen diese Datenschutzrichtlinie zur Verf\u00fcgung stellen, die Sie nach Kenntnisnahme durch eine Erkl\u00e4rung oder eine eindeutige best\u00e4tigende Handlung (z. B. das Ankreuzen eines entsprechenden Feldes) akzeptieren k\u00f6nnen.<\/li><\/ul><p data-start=\"3890\" data-end=\"4020\">Falls Sie uns Ihre Daten nicht oder unvollst\u00e4ndig bzw. fehlerhaft zur Verf\u00fcgung stellen, k\u00f6nnen wir Ihre Anfrage nicht bearbeiten.<\/p><hr data-start=\"4022\" data-end=\"4025\" \/><p data-start=\"4027\" data-end=\"4040\"><strong data-start=\"4027\" data-end=\"4040\">Empf\u00e4nger<\/strong><\/p><p data-start=\"4042\" data-end=\"4178\">Die Daten werden nicht an Dritte au\u00dferhalb der FUNDACI\u00d3N INFINITO weitergegeben, es sei denn, es besteht eine gesetzliche Verpflichtung.<\/p><hr data-start=\"4180\" data-end=\"4183\" \/><p data-start=\"4185\" data-end=\"4227\"><strong data-start=\"4185\" data-end=\"4227\">Von Nutzern der Dienste erhobene Daten<\/strong><\/p><p data-start=\"4229\" data-end=\"4441\">In F\u00e4llen, in denen der Nutzer Dateien mit personenbezogenen Daten auf gemeinsam genutzten Hosting-Servern speichert, \u00fcbernimmt die FUNDACI\u00d3N INFINITO keine Verantwortung f\u00fcr Verst\u00f6\u00dfe des Nutzers gegen die DSGVO.<\/p><hr data-start=\"4443\" data-end=\"4446\" \/><p data-start=\"4448\" data-end=\"4488\"><strong data-start=\"4448\" data-end=\"4488\">Urheberrechte <a class=\"decorated-link\" href=\"http:\/\/www.infinitomasuno.org\" target=\"_new\" rel=\"noopener\" data-start=\"4464\" data-end=\"4486\">www.infinitomasuno.org<\/a><\/strong><\/p><p data-start=\"4490\" data-end=\"4804\">Die FUNDACI\u00d3N INFINITO ist Inhaber s\u00e4mtlicher Urheberrechte, gewerblicher Schutzrechte, \u201eKnow-how\u201c sowie aller weiteren Rechte in Bezug auf die Inhalte der Website <a class=\"decorated-link\" href=\"http:\/\/www.infinitomasuno.org\" target=\"_new\" rel=\"noopener\" data-start=\"4654\" data-end=\"4676\">www.infinitomasuno.org<\/a> und der dort angebotenen Dienstleistungen sowie der f\u00fcr deren Umsetzung erforderlichen Programme und zugeh\u00f6rigen Informationen.<\/p><p data-start=\"4806\" data-end=\"5014\">Die Vervielf\u00e4ltigung, Ver\u00f6ffentlichung und\/oder Nutzung der Inhalte der Website, ganz oder teilweise, zu anderen als ausschlie\u00dflich privaten Zwecken ist ohne vorherige schriftliche Zustimmung nicht gestattet.<\/p><hr data-start=\"5016\" data-end=\"5019\" \/><p data-start=\"5021\" data-end=\"5051\"><strong data-start=\"5021\" data-end=\"5051\">Urheberrechte der Software<\/strong><\/p><p data-start=\"5053\" data-end=\"5213\">Der Nutzer hat die von der FUNDACI\u00d3N INFINITO bereitgestellten Programme Dritter zu respektieren, auch wenn diese kostenlos und\/oder \u00f6ffentlich zug\u00e4nglich sind.<\/p><p data-start=\"5215\" data-end=\"5311\">Die FUNDACI\u00d3N INFINITO verf\u00fcgt \u00fcber die notwendigen Nutzungs- und Urheberrechte an der Software.<\/p><p data-start=\"5313\" data-end=\"5599\">Der Nutzer erwirbt durch den Vertrag keine Rechte oder Lizenzen an der zur Dienstleistungserbringung notwendigen Software oder an den technischen Informationen zur Dienstverfolgung, mit Ausnahme der zur Vertragserf\u00fcllung erforderlichen Rechte und nur f\u00fcr die Dauer der Dienstleistungen.<\/p><p data-start=\"5601\" data-end=\"5736\">F\u00fcr jede Handlung, die \u00fcber die Vertragserf\u00fcllung hinausgeht, ben\u00f6tigt der Nutzer eine schriftliche Genehmigung der FUNDACI\u00d3N INFINITO.<\/p><hr data-start=\"5738\" data-end=\"5741\" \/><p data-start=\"5743\" data-end=\"5783\"><strong data-start=\"5743\" data-end=\"5783\">Urheberrechte der gehosteten Inhalte<\/strong><\/p><p data-start=\"5785\" data-end=\"5938\">Es ist untersagt, die von der FUNDACI\u00d3N INFINITO erbrachten Dienstleistungen in einer Weise zu nutzen, die gegen das Urheberrecht verst\u00f6\u00dft, insbesondere:<\/p><ul data-start=\"5940\" data-end=\"6479\"><li data-section-id=\"1e7nd5i\" data-start=\"5940\" data-end=\"6018\">Nutzung, die gegen spanisches Recht verst\u00f6\u00dft oder Rechte Dritter verletzt.<\/li><li data-section-id=\"z6du7p\" data-start=\"6019\" data-end=\"6193\">Ver\u00f6ffentlichung oder \u00dcbermittlung von Inhalten, die als gewaltt\u00e4tig, obsz\u00f6n, missbr\u00e4uchlich, illegal, rassistisch, fremdenfeindlich oder verleumderisch angesehen werden.<\/li><li data-section-id=\"1xf228n\" data-start=\"6194\" data-end=\"6314\">Verwendung von Software-Cracks, Seriennummern oder anderen Inhalten, die geistige Eigentumsrechte Dritter verletzen.<\/li><li data-section-id=\"dx32zo\" data-start=\"6315\" data-end=\"6420\">Erhebung und\/oder Nutzung personenbezogener Daten anderer Nutzer ohne deren ausdr\u00fcckliche Zustimmung.<\/li><li data-section-id=\"5yg07m\" data-start=\"6421\" data-end=\"6479\">Nutzung des Mailservers f\u00fcr unerw\u00fcnschte Massen-E-Mails.<\/li><\/ul><hr data-start=\"6481\" data-end=\"6484\" \/><p data-start=\"6486\" data-end=\"6515\"><strong data-start=\"6486\" data-end=\"6515\">Verantwortung des Nutzers<\/strong><\/p><p data-start=\"6517\" data-end=\"6685\">Der Nutzer tr\u00e4gt die volle Verantwortung f\u00fcr die Inhalte seiner Website, die \u00fcbermittelten und gespeicherten Informationen, Hyperlinks sowie m\u00f6gliche Anspr\u00fcche Dritter.<\/p><p data-start=\"6687\" data-end=\"6764\">Er verpflichtet sich zur Einhaltung aller geltenden Gesetze und Vorschriften.<\/p><hr data-start=\"6766\" data-end=\"6769\" \/><p data-start=\"6771\" data-end=\"6813\"><strong data-start=\"6771\" data-end=\"6813\">Schutz der gespeicherten Informationen<\/strong><\/p><p data-start=\"6815\" data-end=\"6959\">Die FUNDACI\u00d3N INFINITO erstellt Sicherungskopien der gespeicherten Inhalte, \u00fcbernimmt jedoch keine Verantwortung f\u00fcr Datenverluste durch Nutzer.<\/p><hr data-start=\"6961\" data-end=\"6964\" \/><p data-start=\"6966\" data-end=\"6996\"><strong data-start=\"6966\" data-end=\"6996\">Kommerzielle Kommunikation<\/strong><\/p><p data-start=\"6998\" data-end=\"7123\">In Anwendung der LSSI wird die FUNDACI\u00d3N INFINITO keine Werbe- oder Verkaufsmitteilungen ohne vorherige Zustimmung versenden.<\/p><p data-start=\"7125\" data-end=\"7205\">Bei bestehenden Vertragsbeziehungen ist der Versand \u00e4hnlicher Angebote zul\u00e4ssig.<\/p><p data-start=\"7207\" data-end=\"7290\">Der Nutzer kann jederzeit den Erhalt weiterer kommerzieller Informationen ablehnen.<\/p><hr data-start=\"7292\" data-end=\"7295\" \/><p data-start=\"7297\" data-end=\"7425\" data-is-last-node=\"\" data-is-only-node=\"\">\u00a0<\/p>\t\t\t\t\t\t\t\t<\/div>\n\t\t\t\t<\/div>\n\t\t\t\t\t<\/div>\n\t\t<\/div>\n\t\t\t\t\t<\/div>\n\t\t<\/section>\n\t\t\t\t<\/div>\n\t\t","protected":false},"excerpt":{"rendered":"<p>Datenschutz personenbezogener Daten gem\u00e4\u00df DSGVO \u00a0 Die FUNDACI\u00d3N INFINITO informiert in Anwendung der geltenden Vorschriften zum Schutz personenbezogener Daten dar\u00fcber, dass die \u00fcber die Formulare der Website www.infinitomasuno.org erhobenen personenbezogenen Daten in spezifische automatisierte Dateien von Nutzern der Dienstleistungen von FUNDACI\u00d3N INFINITO aufgenommen werden. Die Erhebung und automatisierte Verarbeitung personenbezogener Daten dient der Aufrechterhaltung der [&hellip;]<\/p>\n","protected":false},"author":19323,"featured_media":0,"parent":0,"menu_order":0,"comment_status":"closed","ping_status":"closed","template":"","meta":{"_acf_changed":false,"site-sidebar-layout":"no-sidebar","site-content-layout":"page-builder","ast-site-content-layout":"default","site-content-style":"default","site-sidebar-style":"default","ast-global-header-display":"","ast-banner-title-visibility":"","ast-main-header-display":"","ast-hfb-above-header-display":"","ast-hfb-below-header-display":"","ast-hfb-mobile-header-display":"","site-post-title":"disabled","ast-breadcrumbs-content":"","ast-featured-img":"disabled","footer-sml-layout":"","ast-disable-related-posts":"","theme-transparent-header-meta":"enabled","adv-header-id-meta":"","stick-header-meta":"","header-above-stick-meta":"","header-main-stick-meta":"","header-below-stick-meta":"","astra-migrate-meta-layouts":"set","ast-page-background-enabled":"default","ast-page-background-meta":{"desktop":{"background-color":"","background-image":"","background-repeat":"repeat","background-position":"center center","background-size":"auto","background-attachment":"scroll","background-type":"","background-media":"","overlay-type":"","overlay-color":"","overlay-opacity":"","overlay-gradient":""},"tablet":{"background-color":"","background-image":"","background-repeat":"repeat","background-position":"center center","background-size":"auto","background-attachment":"scroll","background-type":"","background-media":"","overlay-type":"","overlay-color":"","overlay-opacity":"","overlay-gradient":""},"mobile":{"background-color":"","background-image":"","background-repeat":"repeat","background-position":"center center","background-size":"auto","background-attachment":"scroll","background-type":"","background-media":"","overlay-type":"","overlay-color":"","overlay-opacity":"","overlay-gradient":""}},"ast-content-background-meta":{"desktop":{"background-color":"var(--ast-global-color-5)","background-image":"","background-repeat":"repeat","background-position":"center center","background-size":"auto","background-attachment":"scroll","background-type":"","background-media":"","overlay-type":"","overlay-color":"","overlay-opacity":"","overlay-gradient":""},"tablet":{"background-color":"var(--ast-global-color-5)","background-image":"","background-repeat":"repeat","background-position":"center center","background-size":"auto","background-attachment":"scroll","background-type":"","background-media":"","overlay-type":"","overlay-color":"","overlay-opacity":"","overlay-gradient":""},"mobile":{"background-color":"var(--ast-global-color-5)","background-image":"","background-repeat":"repeat","background-position":"center center","background-size":"auto","background-attachment":"scroll","background-type":"","background-media":"","overlay-type":"","overlay-color":"","overlay-opacity":"","overlay-gradient":""}},"footnotes":""},"class_list":["post-167130","page","type-page","status-publish","hentry"],"acf":[],"aioseo_notices":[],"_links":{"self":[{"href":"https:\/\/www.infinitomasuno.org\/de\/wp-json\/wp\/v2\/pages\/167130","targetHints":{"allow":["GET"]}}],"collection":[{"href":"https:\/\/www.infinitomasuno.org\/de\/wp-json\/wp\/v2\/pages"}],"about":[{"href":"https:\/\/www.infinitomasuno.org\/de\/wp-json\/wp\/v2\/types\/page"}],"author":[{"embeddable":true,"href":"https:\/\/www.infinitomasuno.org\/de\/wp-json\/wp\/v2\/users\/19323"}],"replies":[{"embeddable":true,"href":"https:\/\/www.infinitomasuno.org\/de\/wp-json\/wp\/v2\/comments?post=167130"}],"version-history":[{"count":11,"href":"https:\/\/www.infinitomasuno.org\/de\/wp-json\/wp\/v2\/pages\/167130\/revisions"}],"predecessor-version":[{"id":228206,"href":"https:\/\/www.infinitomasuno.org\/de\/wp-json\/wp\/v2\/pages\/167130\/revisions\/228206"}],"wp:attachment":[{"href":"https:\/\/www.infinitomasuno.org\/de\/wp-json\/wp\/v2\/media?parent=167130"}],"curies":[{"name":"wp","href":"https:\/\/api.w.org\/{rel}","templated":true}]}}