{"id":167126,"date":"2020-07-21T16:44:03","date_gmt":"2020-07-21T16:44:03","guid":{"rendered":"https:\/\/www.infinitomasuno.org\/politica-de-cookies\/"},"modified":"2023-03-28T14:34:04","modified_gmt":"2023-03-28T13:34:04","slug":"cookies","status":"publish","type":"page","link":"https:\/\/www.infinitomasuno.org\/de\/cookies\/","title":{"rendered":"Cookies"},"content":{"rendered":"\t\t<div data-elementor-type=\"wp-page\" data-elementor-id=\"167126\" class=\"elementor elementor-167126 elementor-167127\" data-elementor-post-type=\"page\">\n\t\t\t\t\t\t<section class=\"elementor-section elementor-top-section elementor-element elementor-element-119ab73 elementor-section-boxed elementor-section-height-default elementor-section-height-default\" data-id=\"119ab73\" data-element_type=\"section\" data-e-type=\"section\">\n\t\t\t\t\t\t\t<div class=\"elementor-background-overlay\"><\/div>\n\t\t\t\t\t\t\t<div class=\"elementor-container elementor-column-gap-default\">\n\t\t\t\t\t<div class=\"elementor-column elementor-col-100 elementor-top-column elementor-element elementor-element-eca703c\" data-id=\"eca703c\" data-element_type=\"column\" data-e-type=\"column\">\n\t\t\t<div class=\"elementor-widget-wrap elementor-element-populated\">\n\t\t\t\t\t\t<div class=\"elementor-element elementor-element-69a9fdb elementor-widget elementor-widget-text-editor\" data-id=\"69a9fdb\" data-element_type=\"widget\" data-e-type=\"widget\" data-widget_type=\"text-editor.default\">\n\t\t\t\t<div class=\"elementor-widget-container\">\n\t\t\t\t\t\t\t\t\t<p>FUNDACI\u00d3N INFINITO<\/p><p>informiert auf ihrer Website \u00fcber die Verwendung von Cookies: www.infinitomasuno.org<\/p><p>Was sind Cookies?<\/p><p>Cookies sind Dateien, die \u00fcber Webseiten auf Ihren Computer heruntergeladen werden k\u00f6nnen. Sie sind Werkzeuge, die eine wesentliche Rolle bei der Bereitstellung zahlreicher Dienste spielen. Unter anderem erm\u00f6glichen sie einer Webseite das Speichern und Abrufen von Informationen \u00fcber die Surfgewohnheiten eines Benutzers oder seiner Ger\u00e4te. Abh\u00e4ngig von den erhaltenen Informationen k\u00f6nnen sie verwendet werden, um den Benutzer zu erkennen und den angebotenen Dienst zu verbessern.<\/p><p>Je nachdem, wer die Daten und die Domain verwaltet, k\u00f6nnen zwei Typen von Cookies unterschieden werden:<\/p><p>Eigene Cookies werden vom Ersteller einer Homepage oder einer Domain selbst an das Endger\u00e4t eines Benutzers gesendet, um den vom Benutzer gew\u00fcnschten Dienst bieten zu k\u00f6nnen.<\/p><p>Cookies von Drittanbietern werden von einem Computer oder einer Dom\u00e4ne an das Endger\u00e4t des Benutzers gesendet, die nicht vom Erstelller verwaltet werden, sondern von anderen, die die Informationen, die sie durch die Cookies erhalten, verarbeiten.<\/p><p>Falls Cookies von einem Computer oder einer Domain installiert werden, die vom Herausgeber selbst verwaltet werden, die gesammelten Informationen jedoch von Dritten verwaltet werden, so k\u00f6nnen diese Cookies nicht als eigene Cookies betrachtet werden.<\/p><p>Es gibt auch eine zweite Klassifizierung nach dem Zeitraum, in dem die Cookies im Browser des Clients gespeichert bleiben:<\/p><p>Sitzungscookies zum Sammeln und Speichern von Daten, w\u00e4hrend der Benutzer auf eine Webseite zugreift. Sie werden normalerweise zum Speichern von Informationen verwendet, die nur f\u00fcr die Bereitstellung des vom Benutzer angeforderten Dienstes bei einer einzigen Gelegenheit von Interesse sind (z. B. eine Liste der gekauften Produkte).<\/p><p>Dauerhafte Cookies zum Speichern der Daten im Terminal k\u00f6nnen f\u00fcr einen bestimmten Zeitraum abgerufen und verarbeitet werden. Dieser Zeitraum kann zwischen einigen Minuten und mehreren Jahren liegen und wird von der Person festgelegt, die f\u00fcr das Cookie verantwortlich ist.<\/p>\t\t\t\t\t\t\t\t<\/div>\n\t\t\t\t<\/div>\n\t\t\t\t\t<\/div>\n\t\t<\/div>\n\t\t\t\t\t<\/div>\n\t\t<\/section>\n\t\t\t\t<\/div>\n\t\t","protected":false},"excerpt":{"rendered":"<p>FUNDACI\u00d3N INFINITO informiert auf ihrer Website \u00fcber die Verwendung von Cookies: www.infinitomasuno.org Was sind Cookies? Cookies sind Dateien, die \u00fcber Webseiten auf Ihren Computer heruntergeladen werden k\u00f6nnen. Sie sind Werkzeuge, die eine wesentliche Rolle bei der Bereitstellung zahlreicher Dienste spielen. Unter anderem erm\u00f6glichen sie einer Webseite das Speichern und Abrufen von Informationen \u00fcber die Surfgewohnheiten [&hellip;]<\/p>\n","protected":false},"author":19323,"featured_media":0,"parent":0,"menu_order":0,"comment_status":"closed","ping_status":"closed","template":"","meta":{"_acf_changed":false,"site-sidebar-layout":"no-sidebar","site-content-layout":"page-builder","ast-site-content-layout":"default","site-content-style":"default","site-sidebar-style":"default","ast-global-header-display":"","ast-banner-title-visibility":"","ast-main-header-display":"","ast-hfb-above-header-display":"","ast-hfb-below-header-display":"","ast-hfb-mobile-header-display":"","site-post-title":"disabled","ast-breadcrumbs-content":"","ast-featured-img":"disabled","footer-sml-layout":"","ast-disable-related-posts":"","theme-transparent-header-meta":"enabled","adv-header-id-meta":"","stick-header-meta":"","header-above-stick-meta":"","header-main-stick-meta":"","header-below-stick-meta":"","astra-migrate-meta-layouts":"default","ast-page-background-enabled":"default","ast-page-background-meta":{"desktop":{"background-color":"","background-image":"","background-repeat":"repeat","background-position":"center center","background-size":"auto","background-attachment":"scroll","background-type":"","background-media":"","overlay-type":"","overlay-color":"","overlay-opacity":"","overlay-gradient":""},"tablet":{"background-color":"","background-image":"","background-repeat":"repeat","background-position":"center center","background-size":"auto","background-attachment":"scroll","background-type":"","background-media":"","overlay-type":"","overlay-color":"","overlay-opacity":"","overlay-gradient":""},"mobile":{"background-color":"","background-image":"","background-repeat":"repeat","background-position":"center center","background-size":"auto","background-attachment":"scroll","background-type":"","background-media":"","overlay-type":"","overlay-color":"","overlay-opacity":"","overlay-gradient":""}},"ast-content-background-meta":{"desktop":{"background-color":"var(--ast-global-color-5)","background-image":"","background-repeat":"repeat","background-position":"center center","background-size":"auto","background-attachment":"scroll","background-type":"","background-media":"","overlay-type":"","overlay-color":"","overlay-opacity":"","overlay-gradient":""},"tablet":{"background-color":"var(--ast-global-color-5)","background-image":"","background-repeat":"repeat","background-position":"center center","background-size":"auto","background-attachment":"scroll","background-type":"","background-media":"","overlay-type":"","overlay-color":"","overlay-opacity":"","overlay-gradient":""},"mobile":{"background-color":"var(--ast-global-color-5)","background-image":"","background-repeat":"repeat","background-position":"center center","background-size":"auto","background-attachment":"scroll","background-type":"","background-media":"","overlay-type":"","overlay-color":"","overlay-opacity":"","overlay-gradient":""}},"footnotes":""},"class_list":["post-167126","page","type-page","status-publish","hentry"],"acf":[],"aioseo_notices":[],"_links":{"self":[{"href":"https:\/\/www.infinitomasuno.org\/de\/wp-json\/wp\/v2\/pages\/167126","targetHints":{"allow":["GET"]}}],"collection":[{"href":"https:\/\/www.infinitomasuno.org\/de\/wp-json\/wp\/v2\/pages"}],"about":[{"href":"https:\/\/www.infinitomasuno.org\/de\/wp-json\/wp\/v2\/types\/page"}],"author":[{"embeddable":true,"href":"https:\/\/www.infinitomasuno.org\/de\/wp-json\/wp\/v2\/users\/19323"}],"replies":[{"embeddable":true,"href":"https:\/\/www.infinitomasuno.org\/de\/wp-json\/wp\/v2\/comments?post=167126"}],"version-history":[{"count":14,"href":"https:\/\/www.infinitomasuno.org\/de\/wp-json\/wp\/v2\/pages\/167126\/revisions"}],"predecessor-version":[{"id":207596,"href":"https:\/\/www.infinitomasuno.org\/de\/wp-json\/wp\/v2\/pages\/167126\/revisions\/207596"}],"wp:attachment":[{"href":"https:\/\/www.infinitomasuno.org\/de\/wp-json\/wp\/v2\/media?parent=167126"}],"curies":[{"name":"wp","href":"https:\/\/api.w.org\/{rel}","templated":true}]}}