{"id":167101,"date":"2020-07-19T11:38:50","date_gmt":"2020-07-19T11:38:50","guid":{"rendered":"https:\/\/www.infinitomasuno.org\/decalogo\/"},"modified":"2025-07-29T10:48:15","modified_gmt":"2025-07-29T09:48:15","slug":"dekalog","status":"publish","type":"page","link":"https:\/\/www.infinitomasuno.org\/de\/dekalog\/","title":{"rendered":"Dekalog"},"content":{"rendered":"\t\t<div data-elementor-type=\"wp-post\" data-elementor-id=\"167101\" class=\"elementor elementor-167101 elementor-167099\" data-elementor-post-type=\"page\">\n\t\t\t\t\t\t<section class=\"elementor-section elementor-top-section elementor-element elementor-element-8c39fce elementor-section-content-middle elementor-section-full_width elementor-section-height-default elementor-section-height-default\" data-id=\"8c39fce\" data-element_type=\"section\" data-e-type=\"section\" data-settings=\"{&quot;background_background&quot;:&quot;classic&quot;}\">\n\t\t\t\t\t\t\t<div class=\"elementor-background-overlay\"><\/div>\n\t\t\t\t\t\t\t<div class=\"elementor-container elementor-column-gap-no\">\n\t\t\t\t\t<div class=\"elementor-column elementor-col-100 elementor-top-column elementor-element elementor-element-b1952b1\" data-id=\"b1952b1\" data-element_type=\"column\" data-e-type=\"column\">\n\t\t\t<div class=\"elementor-widget-wrap\">\n\t\t\t\t\t\t\t<\/div>\n\t\t<\/div>\n\t\t\t\t\t<\/div>\n\t\t<\/section>\n\t\t\t\t<section class=\"elementor-section elementor-top-section elementor-element elementor-element-8ffa315 elementor-section-full_width elementor-section-height-default elementor-section-height-default\" data-id=\"8ffa315\" data-element_type=\"section\" data-e-type=\"section\">\n\t\t\t\t\t\t\t<div class=\"elementor-background-overlay\"><\/div>\n\t\t\t\t\t\t\t<div class=\"elementor-container elementor-column-gap-default\">\n\t\t\t\t\t<div class=\"elementor-column elementor-col-100 elementor-top-column elementor-element elementor-element-184f3d7\" data-id=\"184f3d7\" data-element_type=\"column\" data-e-type=\"column\">\n\t\t\t<div class=\"elementor-widget-wrap elementor-element-populated\">\n\t\t\t\t\t\t<div class=\"elementor-element elementor-element-160ff7f elementor-widget elementor-widget-heading\" data-id=\"160ff7f\" data-element_type=\"widget\" data-e-type=\"widget\" data-widget_type=\"heading.default\">\n\t\t\t\t<div class=\"elementor-widget-container\">\n\t\t\t\t\t<h2 class=\"elementor-heading-title elementor-size-default\"><p class=\"MsoNormal\"><span lang=\"DE\">DEKALOG DER STIFTUNG INFINITO + 1<\/span><span style=\"font-family: var( --e-global-typography-primary-font-family ), Sans-serif;font-size: 3.6vw;font-weight: var( --e-global-typography-primary-font-weight )\"><\/span><\/p><\/h2>\t\t\t\t<\/div>\n\t\t\t\t<\/div>\n\t\t\t\t<div class=\"elementor-element elementor-element-d79f88a elementor-widget elementor-widget-text-editor\" data-id=\"d79f88a\" data-element_type=\"widget\" data-e-type=\"widget\" data-widget_type=\"text-editor.default\">\n\t\t\t\t<div class=\"elementor-widget-container\">\n\t\t\t\t\t\t\t\t\t<p class=\"MsoNormal\"><span lang=\"DE\" style=\"font-family: 'Helvetica','sans-serif'; mso-bidi-font-family: 'Times New Roman'; color: red;\">1.-\u00a0Unsere Produktionen zeigen anschauliche Modelle des Glaubens und der Liebe.<\/span> Wir vermeiden theoretische Ausf\u00fchrungen und stellen Menschen in den Mittelpunkt, die heute die Lehren Jesu Christi umsetzen und so erleben, wie sich ihr eigenes Leben ver\u00e4ndert &#8211;  und auch das der anderen.\n<\/p>\n<p class=\"MsoNormal\"><span lang=\"DE\" style=\"font-family: 'Helvetica','sans-serif'; mso-bidi-font-family: 'Times New Roman'; color: red;\">2.- Langweile verboten. <\/span> Das ist ganz klar der Ausgangspunkt f\u00fcr jeden Geschichtenerz\u00e4hler. Wir lachen f\u00fcr unser Leben gern und bringen andere gerne zum Lachen. So dr\u00fccken wir unsere Hoffnung und Freude aus. Dabei bleiben wir nicht beim Spa\u00df stehen, sondern wollen zum Nachdenken anregen und in die Tiefe f\u00fchren.<\/p>\n<p class=\"MsoNormal\"><span lang=\"DE\" style=\"font-family: 'Helvetica','sans-serif'; mso-bidi-font-family: 'Times New Roman'; color: red;\">3.- Lasst uns so schnell wie m\u00f6glich Fehler machen, <\/span> denn durch unsere Fehler k\u00f6nnen wir lernen und besser werden. Die einzigen Fehler, die wir auf keinen Fall machen wollen sind: nichts tun, uns beklagen und uns \u00fcber das beschweren, was andere tun oder lassen.<\/p>\n<p class=\"MsoNormal\"><span lang=\"DE\" style=\"font-family: 'Helvetica','sans-serif'; mso-bidi-font-family: 'Times New Roman'; color: red;\">4.- Unsere Filme sind f\u00fcr jedermann. <\/span>es w\u00e4re dumm, wenn wir uns nur an eine bestimmte Zielgruppe wenden w\u00fcrden. Eine solche \u201eMarktnische\u201c gibt es nicht, denn das Evangelium ist ein Angebot f\u00fcr jeden Menschen, Diskriminierung ausgeschlossen!<\/p>\n<p class=\"MsoNormal\"><span lang=\"DE\" style=\"font-family: 'Helvetica','sans-serif'; mso-bidi-font-family: 'Times New Roman'; color: red;\">5.- Wir wollen dem einzelnen Zuschauer dienen, nicht den Massen.<\/span> Nat\u00fcrlich ist es unser Wunsch, so viele Zuschauer wie m\u00f6glich zu erreichen. Bei der Entstehung jedes Filmes haben wir aber nur den Einzelnen vor Augen, dem wir dienen m\u00f6chten.<\/p>\n<p class=\"MsoNormal\"><span lang=\"DE\" style=\"font-family: 'Helvetica','sans-serif'; mso-bidi-font-family: 'Times New Roman'; color: red;\">6.- Alle unsere Filme sollen positive Spezialeffekte in den Zuschauern ausl\u00f6sen<\/span>Wir geben uns nicht damit zufrieden, die Menschen zu unterhalten oder zu informieren. Jede unserer Produktionen soll eine liebevolle und konkrete Einladung zu einer pers\u00f6nlichen Ver\u00e4nderung sein, hin zu einem Leben in Liebe. Wenn das nicht passiert, war alles nur viel L\u00e4rm um nichts.<\/p>\n<p class=\"MsoNormal\"><span lang=\"DE\" style=\"font-family: 'Helvetica','sans-serif'; mso-bidi-font-family: 'Times New Roman'; color: red;\">7.- Wir haben hohe Anspr\u00fcche an unsere Kreativit\u00e4t.\u00a0<\/span>Beim Schreiben der Drehb\u00fccher, sowie bei der Produktion und der Verbreitung unserer Filme suchen wir nach immer neuen Wegen das Publikum zu erreichen. Wir sch\u00fctzen den kreativen Prozess, indem wir ihn vom Gesch\u00e4ftlichen und Finanziellen strickt trennen.<\/p>\n<p class=\"MsoNormal\"><span lang=\"DE\" style=\"font-family: 'Helvetica','sans-serif'; mso-bidi-font-family: 'Times New Roman'; color: red;\">8.- Wir suchen die n\u00f6tigen finanziellen Mittel,\u00a0<\/span>um jedes Projekt auf bestm\u00f6gliche Weise zu verwirklichen, zu verbreiten und zu bewerben. Dabei vermeiden wir jeden unn\u00f6tigen Luxus, der das Budget in die H\u00f6he treibt. Gleichzeitig scheuen wir keine Kosten, um unserem Qualit\u00e4tsanspruch gerecht zu werden. Um die Kosten decken zu k\u00f6nnen, vertrauen wir auf die gro\u00dfz\u00fcgige Unterst\u00fctzung derer, die unsere Mission begeistert unterst\u00fctzen und gerne daf\u00fcr spenden. Wir schlie\u00dfen Vertr\u00e4ge mit Co-Produzenten (Privatpersonen und Firmen), Filmverleihen und Fernsehkan\u00e4len ab und wir versuchen genauso F\u00f6rdergelder zu beantragen, wie jede andere Produktionsfirma.<\/p>\n<p class=\"MsoNormal\"><span lang=\"DE\" style=\"font-family: 'Helvetica','sans-serif'; mso-bidi-font-family: 'Times New Roman'; color: red;\">9.- Wir wollen uns nicht bereichern.<\/span>\u00a0Deshalb sind wir eine Stiftung. Die Einnahmen, die wir durch die Vermarktung unserer Filme erhalten, werden unter allen Beteiligten (Filmverleihe, Kinos, Co-Produzenten, Gesch\u00e4fte, etc.) aufgeteilt. Mit dem Erl\u00f6s, der der Stiftung zukommt, decken wir die laufenden Kosten und entwickeln neue Projekte, den Zielen unserer Stiftung entsprechend.<\/p>\n<p class=\"MsoNormal\"><span lang=\"DE\" style=\"font-family: 'Helvetica','sans-serif'; mso-bidi-font-family: 'Times New Roman'; color: red;\">10.- Wir sind eine richtige Familie,<\/span> die auf der ganzen Welt w\u00e4chst und jedem offensteht, ohne jede Voraussetzung. Wir sind so ein bunter Haufen, dass bestimmt jeder seinen Platz findet, der mitmachen will.<\/p>\n<p class=\"MsoNormal\"><span lang=\"DE\" style=\"font-family: 'Helvetica','sans-serif'; mso-bidi-font-family: 'Times New Roman';\">Alle sind willkommen! KEINER\u00a0JEMALS ALLEIN<\/span><\/p>\t\t\t\t\t\t\t\t<\/div>\n\t\t\t\t<\/div>\n\t\t\t\t\t<\/div>\n\t\t<\/div>\n\t\t\t\t\t<\/div>\n\t\t<\/section>\n\t\t\t\t<\/div>\n\t\t","protected":false},"excerpt":{"rendered":"<p>DEKALOG DER STIFTUNG INFINITO + 1 1.-\u00a0Unsere Produktionen zeigen anschauliche Modelle des Glaubens und der Liebe. Wir vermeiden theoretische Ausf\u00fchrungen und stellen Menschen in den Mittelpunkt, die heute die Lehren Jesu Christi umsetzen und so erleben, wie sich ihr eigenes Leben ver\u00e4ndert &#8211; und auch das der anderen. 2.- Langweile verboten. Das ist ganz klar [&hellip;]<\/p>\n","protected":false},"author":19323,"featured_media":0,"parent":0,"menu_order":0,"comment_status":"closed","ping_status":"closed","template":"","meta":{"_acf_changed":false,"site-sidebar-layout":"no-sidebar","site-content-layout":"page-builder","ast-site-content-layout":"default","site-content-style":"default","site-sidebar-style":"default","ast-global-header-display":"","ast-banner-title-visibility":"","ast-main-header-display":"","ast-hfb-above-header-display":"","ast-hfb-below-header-display":"","ast-hfb-mobile-header-display":"","site-post-title":"disabled","ast-breadcrumbs-content":"","ast-featured-img":"disabled","footer-sml-layout":"","ast-disable-related-posts":"","theme-transparent-header-meta":"enabled","adv-header-id-meta":"","stick-header-meta":"","header-above-stick-meta":"","header-main-stick-meta":"","header-below-stick-meta":"","astra-migrate-meta-layouts":"default","ast-page-background-enabled":"default","ast-page-background-meta":{"desktop":{"background-color":"","background-image":"","background-repeat":"repeat","background-position":"center center","background-size":"auto","background-attachment":"scroll","background-type":"","background-media":"","overlay-type":"","overlay-color":"","overlay-opacity":"","overlay-gradient":""},"tablet":{"background-color":"","background-image":"","background-repeat":"repeat","background-position":"center center","background-size":"auto","background-attachment":"scroll","background-type":"","background-media":"","overlay-type":"","overlay-color":"","overlay-opacity":"","overlay-gradient":""},"mobile":{"background-color":"","background-image":"","background-repeat":"repeat","background-position":"center center","background-size":"auto","background-attachment":"scroll","background-type":"","background-media":"","overlay-type":"","overlay-color":"","overlay-opacity":"","overlay-gradient":""}},"ast-content-background-meta":{"desktop":{"background-color":"var(--ast-global-color-5)","background-image":"","background-repeat":"repeat","background-position":"center center","background-size":"auto","background-attachment":"scroll","background-type":"","background-media":"","overlay-type":"","overlay-color":"","overlay-opacity":"","overlay-gradient":""},"tablet":{"background-color":"var(--ast-global-color-5)","background-image":"","background-repeat":"repeat","background-position":"center center","background-size":"auto","background-attachment":"scroll","background-type":"","background-media":"","overlay-type":"","overlay-color":"","overlay-opacity":"","overlay-gradient":""},"mobile":{"background-color":"var(--ast-global-color-5)","background-image":"","background-repeat":"repeat","background-position":"center center","background-size":"auto","background-attachment":"scroll","background-type":"","background-media":"","overlay-type":"","overlay-color":"","overlay-opacity":"","overlay-gradient":""}},"footnotes":""},"class_list":["post-167101","page","type-page","status-publish","hentry"],"acf":[],"aioseo_notices":[],"_links":{"self":[{"href":"https:\/\/www.infinitomasuno.org\/de\/wp-json\/wp\/v2\/pages\/167101","targetHints":{"allow":["GET"]}}],"collection":[{"href":"https:\/\/www.infinitomasuno.org\/de\/wp-json\/wp\/v2\/pages"}],"about":[{"href":"https:\/\/www.infinitomasuno.org\/de\/wp-json\/wp\/v2\/types\/page"}],"author":[{"embeddable":true,"href":"https:\/\/www.infinitomasuno.org\/de\/wp-json\/wp\/v2\/users\/19323"}],"replies":[{"embeddable":true,"href":"https:\/\/www.infinitomasuno.org\/de\/wp-json\/wp\/v2\/comments?post=167101"}],"version-history":[{"count":15,"href":"https:\/\/www.infinitomasuno.org\/de\/wp-json\/wp\/v2\/pages\/167101\/revisions"}],"predecessor-version":[{"id":224677,"href":"https:\/\/www.infinitomasuno.org\/de\/wp-json\/wp\/v2\/pages\/167101\/revisions\/224677"}],"wp:attachment":[{"href":"https:\/\/www.infinitomasuno.org\/de\/wp-json\/wp\/v2\/media?parent=167101"}],"curies":[{"name":"wp","href":"https:\/\/api.w.org\/{rel}","templated":true}]}}