{"id":167080,"date":"2020-07-28T10:38:52","date_gmt":"2020-07-28T10:38:52","guid":{"rendered":"https:\/\/www.infinitomasuno.org\/catequizis\/"},"modified":"2025-07-23T15:25:04","modified_gmt":"2025-07-23T14:25:04","slug":"kathoquiz-2","status":"publish","type":"page","link":"https:\/\/www.infinitomasuno.org\/de\/kathoquiz-2\/","title":{"rendered":"KATHOQUIZ"},"content":{"rendered":"\t\t<div data-elementor-type=\"wp-page\" data-elementor-id=\"167080\" class=\"elementor elementor-167080 elementor-167078\" data-elementor-post-type=\"page\">\n\t\t\t\t\t\t<section class=\"elementor-section elementor-top-section elementor-element elementor-element-65e08a9 elementor-section-stretched elementor-section-full_width elementor-section-height-default elementor-section-height-default\" data-id=\"65e08a9\" data-element_type=\"section\" data-e-type=\"section\" data-settings=\"{&quot;stretch_section&quot;:&quot;section-stretched&quot;,&quot;background_background&quot;:&quot;classic&quot;}\">\n\t\t\t\t\t\t<div class=\"elementor-container elementor-column-gap-default\">\n\t\t\t\t\t<div class=\"elementor-column elementor-col-100 elementor-top-column elementor-element elementor-element-03d59b6\" data-id=\"03d59b6\" data-element_type=\"column\" data-e-type=\"column\">\n\t\t\t<div class=\"elementor-widget-wrap elementor-element-populated\">\n\t\t\t\t\t\t<section class=\"elementor-section elementor-inner-section elementor-element elementor-element-21b761c elementor-section-full_width elementor-section-height-default elementor-section-height-default\" data-id=\"21b761c\" data-element_type=\"section\" data-e-type=\"section\">\n\t\t\t\t\t\t<div class=\"elementor-container elementor-column-gap-default\">\n\t\t\t\t\t<div class=\"elementor-column elementor-col-100 elementor-inner-column elementor-element elementor-element-dc1291c\" data-id=\"dc1291c\" data-element_type=\"column\" data-e-type=\"column\">\n\t\t\t<div class=\"elementor-widget-wrap elementor-element-populated\">\n\t\t\t\t\t\t<div class=\"elementor-element elementor-element-fa1336e elementor-widget elementor-widget-image\" data-id=\"fa1336e\" data-element_type=\"widget\" data-e-type=\"widget\" data-widget_type=\"image.default\">\n\t\t\t\t<div class=\"elementor-widget-container\">\n\t\t\t\t\t\t\t\t\t\t\t\t\t\t\t<img fetchpriority=\"high\" decoding=\"async\" width=\"715\" height=\"138\" src=\"https:\/\/www.infinitomasuno.org\/wp-content\/uploads\/2020\/11\/Titulo-KathoQuiz.png\" class=\"attachment-large size-large wp-image-169405\" alt=\"\" srcset=\"https:\/\/www.infinitomasuno.org\/wp-content\/uploads\/2020\/11\/Titulo-KathoQuiz.png 715w, https:\/\/www.infinitomasuno.org\/wp-content\/uploads\/2020\/11\/Titulo-KathoQuiz-600x116.png 600w, https:\/\/www.infinitomasuno.org\/wp-content\/uploads\/2020\/11\/Titulo-KathoQuiz-300x58.png 300w\" sizes=\"(max-width: 715px) 100vw, 715px\" \/>\t\t\t\t\t\t\t\t\t\t\t\t\t\t\t<\/div>\n\t\t\t\t<\/div>\n\t\t\t\t<div class=\"elementor-element elementor-element-bdcda55 elementor-hidden-desktop elementor-hidden-tablet elementor-widget elementor-widget-text-editor\" data-id=\"bdcda55\" data-element_type=\"widget\" data-e-type=\"widget\" id=\"texto_movil\" data-widget_type=\"text-editor.default\">\n\t\t\t\t<div class=\"elementor-widget-container\">\n\t\t\t\t\t\t\t\t\t<p class=\"MsoNormal\"><span lang=\"DE\" style=\"font-family: 'Helvetica','sans-serif'; mso-bidi-font-family: 'Times New Roman';\">Juan Manuel Cotelo KathoQuiz ist in vielen Pfarreien und Familien zum<br \/>\u201eWerkzeug\u201c f\u00fcr die Erstkommunionvorbereitung geworden.<br \/>Es gibt 54 Videos, die mitten in eine liebevolle Beziehung mit Jesus<br \/>f\u00fchren. Mit viel Spa\u00df geht es unter anderem um inneres Gebet, die<br \/>Kirche, die Beichte, nat\u00fcrlich um die Eucharistie,<br \/>und \u2013 ganz wichtig \u2013 darum, wie wir nach der Erstkommunion richtig<br \/>durchstarten k\u00f6nnen. F\u00fcnf Folgen richten sich ganz besonders<br \/>an die Eltern.<\/span><\/p><p><span style=\"font-size: 21.4595px; background-color: initial;\">Zu finden auf unserem <a href=\"https:\/\/www.youtube.com\/playlist?list=PLBm_msYAT4VaNlUWvV2zEe98OwezVBJas\">Youtube-Kanal<\/a><\/span><\/p>\t\t\t\t\t\t\t\t<\/div>\n\t\t\t\t<\/div>\n\t\t\t\t<div class=\"elementor-element elementor-element-43cd3bc elementor-hidden-phone elementor-widget elementor-widget-text-editor\" data-id=\"43cd3bc\" data-element_type=\"widget\" data-e-type=\"widget\" id=\"texto_escritorio\" data-widget_type=\"text-editor.default\">\n\t\t\t\t<div class=\"elementor-widget-container\">\n\t\t\t\t\t\t\t\t\t<p class=\"MsoNormal\"><span lang=\"DE\" style=\"font-family: 'Helvetica','sans-serif'; mso-bidi-font-family: 'Times New Roman';\">Juan Manuel Cotelo KathoQuiz ist in vielen Pfarreien und Familien zum<br \/>\u201eWerkzeug\u201c f\u00fcr die Erstkommunionvorbereitung geworden.<br \/>Es gibt 54 Videos, die mitten in eine liebevolle Beziehung mit Jesus<br \/>f\u00fchren. Mit viel Spa\u00df geht es unter anderem um inneres Gebet, die<br \/>Kirche, die Beichte, nat\u00fcrlich um die Eucharistie,<br \/>und \u2013 ganz wichtig \u2013 darum, wie wir nach der Erstkommunion richtig<br \/>durchstarten k\u00f6nnen. F\u00fcnf Folgen richten sich ganz besonders<br \/>an die Eltern.<\/span><\/p><p class=\"MsoNormal\"><span lang=\"DE\" style=\"font-family: 'Helvetica','sans-serif'; mso-bidi-font-family: 'Times New Roman';\">Zu finden auf unserem <a href=\"https:\/\/www.youtube.com\/playlist?list=PLBm_msYAT4VaNlUWvV2zEe98OwezVBJas\">Youtube-Kanal<\/a>\u00a0<\/span><\/p>\t\t\t\t\t\t\t\t<\/div>\n\t\t\t\t<\/div>\n\t\t\t\t\t<\/div>\n\t\t<\/div>\n\t\t\t\t\t<\/div>\n\t\t<\/section>\n\t\t\t\t\t<\/div>\n\t\t<\/div>\n\t\t\t\t\t<\/div>\n\t\t<\/section>\n\t\t\t\t<\/div>\n\t\t","protected":false},"excerpt":{"rendered":"<p>Juan Manuel Cotelo KathoQuiz ist in vielen Pfarreien und Familien zum\u201eWerkzeug\u201c f\u00fcr die Erstkommunionvorbereitung geworden.Es gibt 54 Videos, die mitten in eine liebevolle Beziehung mit Jesusf\u00fchren. Mit viel Spa\u00df geht es unter anderem um inneres Gebet, dieKirche, die Beichte, nat\u00fcrlich um die Eucharistie,und \u2013 ganz wichtig \u2013 darum, wie wir nach der Erstkommunion richtigdurchstarten k\u00f6nnen. [&hellip;]<\/p>\n","protected":false},"author":19323,"featured_media":0,"parent":0,"menu_order":0,"comment_status":"closed","ping_status":"closed","template":"","meta":{"_acf_changed":false,"site-sidebar-layout":"no-sidebar","site-content-layout":"page-builder","ast-site-content-layout":"default","site-content-style":"default","site-sidebar-style":"default","ast-global-header-display":"","ast-banner-title-visibility":"","ast-main-header-display":"","ast-hfb-above-header-display":"","ast-hfb-below-header-display":"","ast-hfb-mobile-header-display":"","site-post-title":"disabled","ast-breadcrumbs-content":"","ast-featured-img":"disabled","footer-sml-layout":"","ast-disable-related-posts":"","theme-transparent-header-meta":"enabled","adv-header-id-meta":"","stick-header-meta":"","header-above-stick-meta":"","header-main-stick-meta":"","header-below-stick-meta":"","astra-migrate-meta-layouts":"set","ast-page-background-enabled":"default","ast-page-background-meta":{"desktop":{"background-color":"","background-image":"","background-repeat":"repeat","background-position":"center center","background-size":"auto","background-attachment":"scroll","background-type":"","background-media":"","overlay-type":"","overlay-color":"","overlay-opacity":"","overlay-gradient":""},"tablet":{"background-color":"","background-image":"","background-repeat":"repeat","background-position":"center center","background-size":"auto","background-attachment":"scroll","background-type":"","background-media":"","overlay-type":"","overlay-color":"","overlay-opacity":"","overlay-gradient":""},"mobile":{"background-color":"","background-image":"","background-repeat":"repeat","background-position":"center center","background-size":"auto","background-attachment":"scroll","background-type":"","background-media":"","overlay-type":"","overlay-color":"","overlay-opacity":"","overlay-gradient":""}},"ast-content-background-meta":{"desktop":{"background-color":"var(--ast-global-color-5)","background-image":"","background-repeat":"repeat","background-position":"center center","background-size":"auto","background-attachment":"scroll","background-type":"","background-media":"","overlay-type":"","overlay-color":"","overlay-opacity":"","overlay-gradient":""},"tablet":{"background-color":"var(--ast-global-color-5)","background-image":"","background-repeat":"repeat","background-position":"center center","background-size":"auto","background-attachment":"scroll","background-type":"","background-media":"","overlay-type":"","overlay-color":"","overlay-opacity":"","overlay-gradient":""},"mobile":{"background-color":"var(--ast-global-color-5)","background-image":"","background-repeat":"repeat","background-position":"center center","background-size":"auto","background-attachment":"scroll","background-type":"","background-media":"","overlay-type":"","overlay-color":"","overlay-opacity":"","overlay-gradient":""}},"footnotes":""},"class_list":["post-167080","page","type-page","status-publish","hentry"],"acf":[],"aioseo_notices":[],"_links":{"self":[{"href":"https:\/\/www.infinitomasuno.org\/de\/wp-json\/wp\/v2\/pages\/167080","targetHints":{"allow":["GET"]}}],"collection":[{"href":"https:\/\/www.infinitomasuno.org\/de\/wp-json\/wp\/v2\/pages"}],"about":[{"href":"https:\/\/www.infinitomasuno.org\/de\/wp-json\/wp\/v2\/types\/page"}],"author":[{"embeddable":true,"href":"https:\/\/www.infinitomasuno.org\/de\/wp-json\/wp\/v2\/users\/19323"}],"replies":[{"embeddable":true,"href":"https:\/\/www.infinitomasuno.org\/de\/wp-json\/wp\/v2\/comments?post=167080"}],"version-history":[{"count":55,"href":"https:\/\/www.infinitomasuno.org\/de\/wp-json\/wp\/v2\/pages\/167080\/revisions"}],"predecessor-version":[{"id":224377,"href":"https:\/\/www.infinitomasuno.org\/de\/wp-json\/wp\/v2\/pages\/167080\/revisions\/224377"}],"wp:attachment":[{"href":"https:\/\/www.infinitomasuno.org\/de\/wp-json\/wp\/v2\/media?parent=167080"}],"curies":[{"name":"wp","href":"https:\/\/api.w.org\/{rel}","templated":true}]}}