{"id":167072,"date":"2020-07-20T23:05:37","date_gmt":"2020-07-20T23:05:37","guid":{"rendered":"https:\/\/www.infinitomasuno.org\/catecrisis\/"},"modified":"2023-02-08T09:29:59","modified_gmt":"2023-02-08T08:29:59","slug":"kathokrise","status":"publish","type":"page","link":"https:\/\/www.infinitomasuno.org\/de\/kathokrise\/","title":{"rendered":"KATHOKRISE"},"content":{"rendered":"\t\t<div data-elementor-type=\"wp-page\" data-elementor-id=\"167072\" class=\"elementor elementor-167072 elementor-167073\" data-elementor-post-type=\"page\">\n\t\t\t\t\t\t<section class=\"elementor-section elementor-top-section elementor-element elementor-element-65e08a9 elementor-section-stretched elementor-section-full_width elementor-section-height-default elementor-section-height-default\" data-id=\"65e08a9\" data-element_type=\"section\" data-e-type=\"section\" data-settings=\"{&quot;stretch_section&quot;:&quot;section-stretched&quot;,&quot;background_background&quot;:&quot;classic&quot;}\">\n\t\t\t\t\t\t<div class=\"elementor-container elementor-column-gap-default\">\n\t\t\t\t\t<div class=\"elementor-column elementor-col-100 elementor-top-column elementor-element elementor-element-03d59b6\" data-id=\"03d59b6\" data-element_type=\"column\" data-e-type=\"column\">\n\t\t\t<div class=\"elementor-widget-wrap elementor-element-populated\">\n\t\t\t\t\t\t<section class=\"elementor-section elementor-inner-section elementor-element elementor-element-21b761c elementor-section-full_width elementor-section-height-default elementor-section-height-default\" data-id=\"21b761c\" data-element_type=\"section\" data-e-type=\"section\">\n\t\t\t\t\t\t<div class=\"elementor-container elementor-column-gap-default\">\n\t\t\t\t\t<div class=\"elementor-column elementor-col-50 elementor-inner-column elementor-element elementor-element-dc1291c\" data-id=\"dc1291c\" data-element_type=\"column\" data-e-type=\"column\">\n\t\t\t<div class=\"elementor-widget-wrap elementor-element-populated\">\n\t\t\t\t\t\t<div class=\"elementor-element elementor-element-e993346 elementor-widget elementor-widget-image\" data-id=\"e993346\" data-element_type=\"widget\" data-e-type=\"widget\" data-widget_type=\"image.default\">\n\t\t\t\t<div class=\"elementor-widget-container\">\n\t\t\t\t\t\t\t\t\t\t\t\t\t\t\t<img fetchpriority=\"high\" decoding=\"async\" width=\"697\" height=\"148\" src=\"https:\/\/www.infinitomasuno.org\/wp-content\/uploads\/2020\/11\/Titulo-Kathocrisis-ger.png\" class=\"attachment-large size-large wp-image-169440\" alt=\"\" srcset=\"https:\/\/www.infinitomasuno.org\/wp-content\/uploads\/2020\/11\/Titulo-Kathocrisis-ger.png 697w, https:\/\/www.infinitomasuno.org\/wp-content\/uploads\/2020\/11\/Titulo-Kathocrisis-ger-600x127.png 600w, https:\/\/www.infinitomasuno.org\/wp-content\/uploads\/2020\/11\/Titulo-Kathocrisis-ger-300x64.png 300w\" sizes=\"(max-width: 697px) 100vw, 697px\" \/>\t\t\t\t\t\t\t\t\t\t\t\t\t\t\t<\/div>\n\t\t\t\t<\/div>\n\t\t\t\t<div class=\"elementor-element elementor-element-e88305a texto-catecrisis elementor-hidden-phone elementor-widget elementor-widget-text-editor\" data-id=\"e88305a\" data-element_type=\"widget\" data-e-type=\"widget\" id=\"texto_escritorio\" data-widget_type=\"text-editor.default\">\n\t\t\t\t<div class=\"elementor-widget-container\">\n\t\t\t\t\t\t\t\t\t<p class=\"MsoNormal\"><span lang=\"DE\" style=\"font-family: Helvetica, sans-serif; color: #808080;\">2019 sind allein in Deutschland 149.000 Ehen in die Br\u00fcche gegangen, eine alle drei Minuten.<\/span><\/p><p class=\"MsoNormal\"><span lang=\"DE\" style=\"font-family: Helvetica, sans-serif; color: #808080;\">Wir k\u00f6nnen uns daran gew\u00f6hnen oder dar\u00fcber jammern&#8230; oder etwas tun, um diese weltweite Pandemie zu stoppen.<\/span><\/p><p class=\"MsoNormal\"><span lang=\"DE\" style=\"font-family: Helvetica, sans-serif; color: #808080;\">Wir wollen Brautpaaren und Eheleuten Hoffnung geben. Wir wollen von ganz vielen echten Erfahrungen von Paaren erz\u00e4hlen, die mit Gottes Hilfe ihre Krisen \u00fcberwunden haben, dort wo gute Absichten und Ratschl\u00e4ge nichts mehr halfen.<\/span><\/p><p class=\"MsoNormal\"><span lang=\"DE\" style=\"font-family: Helvetica, sans-serif; color: #808080;\">Hilfst du uns, den Ehepaaren zu helfen? UNENDLICHEN DANK!<\/span><\/p><p class=\"MsoNormal\">\u00a0<\/p>\t\t\t\t\t\t\t\t<\/div>\n\t\t\t\t<\/div>\n\t\t\t\t<div class=\"elementor-element elementor-element-cd1c36a elementor-hidden-desktop elementor-hidden-tablet elementor-widget elementor-widget-text-editor\" data-id=\"cd1c36a\" data-element_type=\"widget\" data-e-type=\"widget\" data-widget_type=\"text-editor.default\">\n\t\t\t\t<div class=\"elementor-widget-container\">\n\t\t\t\t\t\t\t\t\t<p><span style=\"color: #808080;\">2019 sind allein in Deutschland 149.000 Ehen in die Br\u00fcche gegangen, eine alle drei Minuten.<\/span><\/p><p><span style=\"color: #808080;\">Wir k\u00f6nnen uns daran gew\u00f6hnen oder dar\u00fcber jammern&#8230; oder etwas tun, um diese weltweite Pandemie zu stoppen.<\/span><\/p><p><span style=\"color: #808080;\">Wir wollen Brautpaaren und Eheleuten Hoffnung geben. Wir wollen von ganz vielen echten Erfahrungen von Paaren erz\u00e4hlen, die mit Gottes Hilfe ihre Krisen \u00fcberwunden haben, dort wo gute Absichten und Ratschl\u00e4ge nichts mehr halfen.<\/span><\/p><p><span style=\"color: #808080;\">Hilfst du uns, den Ehepaaren zu helfen? UNENDLICHEN DANK!<\/span><\/p>\t\t\t\t\t\t\t\t<\/div>\n\t\t\t\t<\/div>\n\t\t\t\t<div class=\"elementor-element elementor-element-b9df094 elementor-mobile-align-center elementor-widget elementor-widget-button\" data-id=\"b9df094\" data-element_type=\"widget\" data-e-type=\"widget\" data-widget_type=\"button.default\">\n\t\t\t\t<div class=\"elementor-widget-container\">\n\t\t\t\t\t\t\t\t\t<div class=\"elementor-button-wrapper\">\n\t\t\t\t\t<a class=\"elementor-button elementor-button-link elementor-size-sm\" href=\"\/de\/spenden\/\">\n\t\t\t\t\t\t<span class=\"elementor-button-content-wrapper\">\n\t\t\t\t\t\t\t\t\t<span class=\"elementor-button-text\">HIER SPENDEN<\/span>\n\t\t\t\t\t<\/span>\n\t\t\t\t\t<\/a>\n\t\t\t\t<\/div>\n\t\t\t\t\t\t\t\t<\/div>\n\t\t\t\t<\/div>\n\t\t\t\t\t<\/div>\n\t\t<\/div>\n\t\t\t\t<div class=\"elementor-column elementor-col-50 elementor-inner-column elementor-element elementor-element-97a4c36\" data-id=\"97a4c36\" data-element_type=\"column\" data-e-type=\"column\">\n\t\t\t<div class=\"elementor-widget-wrap\">\n\t\t\t\t\t\t\t<\/div>\n\t\t<\/div>\n\t\t\t\t\t<\/div>\n\t\t<\/section>\n\t\t\t\t\t<\/div>\n\t\t<\/div>\n\t\t\t\t\t<\/div>\n\t\t<\/section>\n\t\t\t\t<\/div>\n\t\t","protected":false},"excerpt":{"rendered":"<p>2019 sind allein in Deutschland 149.000 Ehen in die Br\u00fcche gegangen, eine alle drei Minuten. Wir k\u00f6nnen uns daran gew\u00f6hnen oder dar\u00fcber jammern&#8230; oder etwas tun, um diese weltweite Pandemie zu stoppen. Wir wollen Brautpaaren und Eheleuten Hoffnung geben. Wir wollen von ganz vielen echten Erfahrungen von Paaren erz\u00e4hlen, die mit Gottes Hilfe ihre Krisen [&hellip;]<\/p>\n","protected":false},"author":19323,"featured_media":0,"parent":0,"menu_order":0,"comment_status":"closed","ping_status":"closed","template":"","meta":{"_acf_changed":false,"site-sidebar-layout":"no-sidebar","site-content-layout":"page-builder","ast-site-content-layout":"default","site-content-style":"default","site-sidebar-style":"default","ast-global-header-display":"","ast-banner-title-visibility":"","ast-main-header-display":"","ast-hfb-above-header-display":"","ast-hfb-below-header-display":"","ast-hfb-mobile-header-display":"","site-post-title":"disabled","ast-breadcrumbs-content":"","ast-featured-img":"disabled","footer-sml-layout":"","ast-disable-related-posts":"","theme-transparent-header-meta":"enabled","adv-header-id-meta":"","stick-header-meta":"","header-above-stick-meta":"","header-main-stick-meta":"","header-below-stick-meta":"","astra-migrate-meta-layouts":"default","ast-page-background-enabled":"default","ast-page-background-meta":{"desktop":{"background-color":"","background-image":"","background-repeat":"repeat","background-position":"center center","background-size":"auto","background-attachment":"scroll","background-type":"","background-media":"","overlay-type":"","overlay-color":"","overlay-opacity":"","overlay-gradient":""},"tablet":{"background-color":"","background-image":"","background-repeat":"repeat","background-position":"center center","background-size":"auto","background-attachment":"scroll","background-type":"","background-media":"","overlay-type":"","overlay-color":"","overlay-opacity":"","overlay-gradient":""},"mobile":{"background-color":"","background-image":"","background-repeat":"repeat","background-position":"center center","background-size":"auto","background-attachment":"scroll","background-type":"","background-media":"","overlay-type":"","overlay-color":"","overlay-opacity":"","overlay-gradient":""}},"ast-content-background-meta":{"desktop":{"background-color":"var(--ast-global-color-5)","background-image":"","background-repeat":"repeat","background-position":"center center","background-size":"auto","background-attachment":"scroll","background-type":"","background-media":"","overlay-type":"","overlay-color":"","overlay-opacity":"","overlay-gradient":""},"tablet":{"background-color":"var(--ast-global-color-5)","background-image":"","background-repeat":"repeat","background-position":"center center","background-size":"auto","background-attachment":"scroll","background-type":"","background-media":"","overlay-type":"","overlay-color":"","overlay-opacity":"","overlay-gradient":""},"mobile":{"background-color":"var(--ast-global-color-5)","background-image":"","background-repeat":"repeat","background-position":"center center","background-size":"auto","background-attachment":"scroll","background-type":"","background-media":"","overlay-type":"","overlay-color":"","overlay-opacity":"","overlay-gradient":""}},"footnotes":""},"class_list":["post-167072","page","type-page","status-publish","hentry"],"acf":[],"aioseo_notices":[],"_links":{"self":[{"href":"https:\/\/www.infinitomasuno.org\/de\/wp-json\/wp\/v2\/pages\/167072","targetHints":{"allow":["GET"]}}],"collection":[{"href":"https:\/\/www.infinitomasuno.org\/de\/wp-json\/wp\/v2\/pages"}],"about":[{"href":"https:\/\/www.infinitomasuno.org\/de\/wp-json\/wp\/v2\/types\/page"}],"author":[{"embeddable":true,"href":"https:\/\/www.infinitomasuno.org\/de\/wp-json\/wp\/v2\/users\/19323"}],"replies":[{"embeddable":true,"href":"https:\/\/www.infinitomasuno.org\/de\/wp-json\/wp\/v2\/comments?post=167072"}],"version-history":[{"count":18,"href":"https:\/\/www.infinitomasuno.org\/de\/wp-json\/wp\/v2\/pages\/167072\/revisions"}],"predecessor-version":[{"id":206078,"href":"https:\/\/www.infinitomasuno.org\/de\/wp-json\/wp\/v2\/pages\/167072\/revisions\/206078"}],"wp:attachment":[{"href":"https:\/\/www.infinitomasuno.org\/de\/wp-json\/wp\/v2\/media?parent=167072"}],"curies":[{"name":"wp","href":"https:\/\/api.w.org\/{rel}","templated":true}]}}