{"id":167054,"date":"2020-07-22T00:09:10","date_gmt":"2020-07-22T00:09:10","guid":{"rendered":"https:\/\/www.infinitomasuno.org\/aviso-legal\/"},"modified":"2023-04-03T12:34:20","modified_gmt":"2023-04-03T11:34:20","slug":"impressum","status":"publish","type":"page","link":"https:\/\/www.infinitomasuno.org\/de\/impressum\/","title":{"rendered":"Impressum"},"content":{"rendered":"\t\t<div data-elementor-type=\"wp-page\" data-elementor-id=\"167054\" class=\"elementor elementor-167054\" data-elementor-post-type=\"page\">\n\t\t\t\t\t\t<section class=\"elementor-section elementor-top-section elementor-element elementor-element-119ab73 elementor-section-boxed elementor-section-height-default elementor-section-height-default\" data-id=\"119ab73\" data-element_type=\"section\" data-e-type=\"section\">\n\t\t\t\t\t\t\t<div class=\"elementor-background-overlay\"><\/div>\n\t\t\t\t\t\t\t<div class=\"elementor-container elementor-column-gap-default\">\n\t\t\t\t\t<div class=\"elementor-column elementor-col-100 elementor-top-column elementor-element elementor-element-eca703c\" data-id=\"eca703c\" data-element_type=\"column\" data-e-type=\"column\">\n\t\t\t<div class=\"elementor-widget-wrap elementor-element-populated\">\n\t\t\t\t\t\t<div class=\"elementor-element elementor-element-69a9fdb elementor-widget elementor-widget-text-editor\" data-id=\"69a9fdb\" data-element_type=\"widget\" data-e-type=\"widget\" data-widget_type=\"text-editor.default\">\n\t\t\t\t<div class=\"elementor-widget-container\">\n\t\t\t\t\t\t\t\t\t<p>Datenschutzbestimmungen.<\/p><p>In \u00dcbereinstimmung mit der DSGVO informieren wir Sie hiermit, dass die Sammlung und automatische Verarbeitung der pers\u00f6nlichen Daten, nur zur Unterhaltung einer Handelsbeziehung dient, sowie zum Zweck der Information, Benachrichtigung und Betreuung und weiterer individueller Aktivit\u00e4ten der Stiftung Fundaci\u00f3n Infinito.<\/p><p>Ihre Daten werden einzig und allein an die notwendigen internen Stellen weitergegeben, um die vorher genannten Aufgaben erf\u00fcllen zu k\u00f6nnen.<\/p><p>Die Stiftung Fundaci\u00f3n Infinito unternimmt alle n\u00f6tigen Schritte, um die Sicherheit, Vertraulichkeit und Unantastbarkeit Ihrer Daten zu gew\u00e4hrleisten, gem\u00e4\u00df der EU Verordnung 2016\/679 des Europaparlaments und des Europarats vom 27. April. 2016.<\/p><p>Stiffung Infinito<br \/>Calle Marines, 14 &#8211; 5<br \/>46183 La Eliana &#8211; Valencia<br \/>Spanien<br \/>M +49 173 2842532<br \/>E-mail: fundacion@infinitomasuno.org<\/p><p>\u00a0<\/p>\t\t\t\t\t\t\t\t<\/div>\n\t\t\t\t<\/div>\n\t\t\t\t\t<\/div>\n\t\t<\/div>\n\t\t\t\t\t<\/div>\n\t\t<\/section>\n\t\t\t\t<\/div>\n\t\t","protected":false},"excerpt":{"rendered":"<p>Datenschutzbestimmungen. In \u00dcbereinstimmung mit der DSGVO informieren wir Sie hiermit, dass die Sammlung und automatische Verarbeitung der pers\u00f6nlichen Daten, nur zur Unterhaltung einer Handelsbeziehung dient, sowie zum Zweck der Information, Benachrichtigung und Betreuung und weiterer individueller Aktivit\u00e4ten der Stiftung Fundaci\u00f3n Infinito. Ihre Daten werden einzig und allein an die notwendigen internen Stellen weitergegeben, um die [&hellip;]<\/p>\n","protected":false},"author":19323,"featured_media":0,"parent":0,"menu_order":0,"comment_status":"closed","ping_status":"closed","template":"","meta":{"_acf_changed":false,"site-sidebar-layout":"no-sidebar","site-content-layout":"page-builder","ast-site-content-layout":"default","site-content-style":"default","site-sidebar-style":"default","ast-global-header-display":"","ast-banner-title-visibility":"","ast-main-header-display":"","ast-hfb-above-header-display":"","ast-hfb-below-header-display":"","ast-hfb-mobile-header-display":"","site-post-title":"disabled","ast-breadcrumbs-content":"","ast-featured-img":"disabled","footer-sml-layout":"","ast-disable-related-posts":"","theme-transparent-header-meta":"enabled","adv-header-id-meta":"","stick-header-meta":"","header-above-stick-meta":"","header-main-stick-meta":"","header-below-stick-meta":"","astra-migrate-meta-layouts":"default","ast-page-background-enabled":"default","ast-page-background-meta":{"desktop":{"background-color":"","background-image":"","background-repeat":"repeat","background-position":"center center","background-size":"auto","background-attachment":"scroll","background-type":"","background-media":"","overlay-type":"","overlay-color":"","overlay-opacity":"","overlay-gradient":""},"tablet":{"background-color":"","background-image":"","background-repeat":"repeat","background-position":"center center","background-size":"auto","background-attachment":"scroll","background-type":"","background-media":"","overlay-type":"","overlay-color":"","overlay-opacity":"","overlay-gradient":""},"mobile":{"background-color":"","background-image":"","background-repeat":"repeat","background-position":"center center","background-size":"auto","background-attachment":"scroll","background-type":"","background-media":"","overlay-type":"","overlay-color":"","overlay-opacity":"","overlay-gradient":""}},"ast-content-background-meta":{"desktop":{"background-color":"var(--ast-global-color-5)","background-image":"","background-repeat":"repeat","background-position":"center center","background-size":"auto","background-attachment":"scroll","background-type":"","background-media":"","overlay-type":"","overlay-color":"","overlay-opacity":"","overlay-gradient":""},"tablet":{"background-color":"var(--ast-global-color-5)","background-image":"","background-repeat":"repeat","background-position":"center center","background-size":"auto","background-attachment":"scroll","background-type":"","background-media":"","overlay-type":"","overlay-color":"","overlay-opacity":"","overlay-gradient":""},"mobile":{"background-color":"var(--ast-global-color-5)","background-image":"","background-repeat":"repeat","background-position":"center center","background-size":"auto","background-attachment":"scroll","background-type":"","background-media":"","overlay-type":"","overlay-color":"","overlay-opacity":"","overlay-gradient":""}},"footnotes":""},"class_list":["post-167054","page","type-page","status-publish","hentry"],"acf":[],"aioseo_notices":[],"_links":{"self":[{"href":"https:\/\/www.infinitomasuno.org\/de\/wp-json\/wp\/v2\/pages\/167054","targetHints":{"allow":["GET"]}}],"collection":[{"href":"https:\/\/www.infinitomasuno.org\/de\/wp-json\/wp\/v2\/pages"}],"about":[{"href":"https:\/\/www.infinitomasuno.org\/de\/wp-json\/wp\/v2\/types\/page"}],"author":[{"embeddable":true,"href":"https:\/\/www.infinitomasuno.org\/de\/wp-json\/wp\/v2\/users\/19323"}],"replies":[{"embeddable":true,"href":"https:\/\/www.infinitomasuno.org\/de\/wp-json\/wp\/v2\/comments?post=167054"}],"version-history":[{"count":28,"href":"https:\/\/www.infinitomasuno.org\/de\/wp-json\/wp\/v2\/pages\/167054\/revisions"}],"predecessor-version":[{"id":207866,"href":"https:\/\/www.infinitomasuno.org\/de\/wp-json\/wp\/v2\/pages\/167054\/revisions\/207866"}],"wp:attachment":[{"href":"https:\/\/www.infinitomasuno.org\/de\/wp-json\/wp\/v2\/media?parent=167054"}],"curies":[{"name":"wp","href":"https:\/\/api.w.org\/{rel}","templated":true}]}}