{"id":167037,"date":"2020-07-20T22:54:12","date_gmt":"2020-07-20T20:54:12","guid":{"rendered":"https:\/\/www.infinitomasuno.org\/catequizis-para-ninos\/"},"modified":"2021-02-17T16:45:36","modified_gmt":"2021-02-17T14:45:36","slug":"noch-mehr-kathoquiz","status":"publish","type":"page","link":"https:\/\/www.infinitomasuno.org\/de\/noch-mehr-kathoquiz\/","title":{"rendered":"NOCH MEHR KATHOQUIZ"},"content":{"rendered":"\t\t<div data-elementor-type=\"wp-page\" data-elementor-id=\"167037\" class=\"elementor elementor-167037 elementor-167032\" data-elementor-post-type=\"page\">\n\t\t\t\t\t\t<section class=\"elementor-section elementor-top-section elementor-element elementor-element-65e08a9 elementor-section-stretched elementor-section-full_width elementor-section-height-default elementor-section-height-default\" data-id=\"65e08a9\" data-element_type=\"section\" data-e-type=\"section\" data-settings=\"{&quot;stretch_section&quot;:&quot;section-stretched&quot;,&quot;background_background&quot;:&quot;classic&quot;}\">\n\t\t\t\t\t\t<div class=\"elementor-container elementor-column-gap-default\">\n\t\t\t\t\t<div class=\"elementor-column elementor-col-100 elementor-top-column elementor-element elementor-element-03d59b6\" data-id=\"03d59b6\" data-element_type=\"column\" data-e-type=\"column\">\n\t\t\t<div class=\"elementor-widget-wrap elementor-element-populated\">\n\t\t\t\t\t\t<section class=\"elementor-section elementor-inner-section elementor-element elementor-element-21b761c elementor-section-full_width elementor-section-height-default elementor-section-height-default\" data-id=\"21b761c\" data-element_type=\"section\" data-e-type=\"section\">\n\t\t\t\t\t\t<div class=\"elementor-container elementor-column-gap-default\">\n\t\t\t\t\t<div class=\"elementor-column elementor-col-50 elementor-inner-column elementor-element elementor-element-dc1291c\" data-id=\"dc1291c\" data-element_type=\"column\" data-e-type=\"column\">\n\t\t\t<div class=\"elementor-widget-wrap elementor-element-populated\">\n\t\t\t\t\t\t<div class=\"elementor-element elementor-element-e88305a elementor-hidden-desktop elementor-hidden-tablet elementor-widget elementor-widget-text-editor\" data-id=\"e88305a\" data-element_type=\"widget\" data-e-type=\"widget\" data-widget_type=\"text-editor.default\">\n\t\t\t\t<div class=\"elementor-widget-container\">\n\t\t\t\t\t\t\t\t\t<img fetchpriority=\"high\" decoding=\"async\" class=\"aligncenter wp-image-164849 size-full\" src=\"https:\/\/www.infinitomasuno.org\/wp-content\/uploads\/2020\/11\/Titulo-Mas-Catequizis-Ger-web.png\" alt=\"titulo-catequizis-nin\u0303os copia\" width=\"751\" height=\"203\" \/>\n\nWir haben 51 Folgen des KathoQuiz zur Vorbereitung auf die Erstkommunion gedreht. Wir m\u00f6chten gerne noch viel mehr f\u00fcr Kinder produzieren. Viele Kinder, Eltern, Religionslehrer, Priester, Bisch\u00f6fe,&#8230; wollen, dass wir weitermachen.\n\nHier kannst du unsere bisherigen KathoQuiz-Folgen ansehen und dich selbst \u00fcberzeugen.\n\nHilfst du uns, den Kindern zu helfen?\n\nUNDENDLICHEN DANK!\t\t\t\t\t\t\t\t<\/div>\n\t\t\t\t<\/div>\n\t\t\t\t<div class=\"elementor-element elementor-element-d697ee2 elementor-hidden-phone elementor-widget elementor-widget-text-editor\" data-id=\"d697ee2\" data-element_type=\"widget\" data-e-type=\"widget\" data-widget_type=\"text-editor.default\">\n\t\t\t\t<div class=\"elementor-widget-container\">\n\t\t\t\t\t\t\t\t\t<img fetchpriority=\"high\" decoding=\"async\" class=\"aligncenter wp-image-164849 size-full\" src=\"https:\/\/www.infinitomasuno.org\/wp-content\/uploads\/2020\/11\/Titulo-Mas-Catequizis-Ger-web.png\" alt=\"titulo-catequizis-nin\u0303os copia\" width=\"751\" height=\"203\" \/>\n\nWir haben 51 Folgen des KathoQuiz zur Vorbereitung auf die Erstkommunion gedreht. Wir m\u00f6chten gerne noch viel mehr f\u00fcr Kinder produzieren. Viele Kinder, Eltern, Religionslehrer, Priester, Bisch\u00f6fe,&#8230; wollen, dass wir weitermachen.\n\nHier kannst du unsere bisherigen KathoQuiz-Folgen ansehen und dich selbst \u00fcberzeugen.\n\nHilfst du uns, den Kindern zu helfen?\n\nUNDENDLICHEN DANK!\t\t\t\t\t\t\t\t<\/div>\n\t\t\t\t<\/div>\n\t\t\t\t<div class=\"elementor-element elementor-element-69a6911 elementor-align-left elementor-mobile-align-center elementor-widget elementor-widget-button\" data-id=\"69a6911\" data-element_type=\"widget\" data-e-type=\"widget\" data-widget_type=\"button.default\">\n\t\t\t\t<div class=\"elementor-widget-container\">\n\t\t\t\t\t\t\t\t\t<div class=\"elementor-button-wrapper\">\n\t\t\t\t\t<a class=\"elementor-button elementor-button-link elementor-size-sm\" href=\"\/de\/spenden\/\">\n\t\t\t\t\t\t<span class=\"elementor-button-content-wrapper\">\n\t\t\t\t\t\t\t\t\t<span class=\"elementor-button-text\">HIER SPENDEN<\/span>\n\t\t\t\t\t<\/span>\n\t\t\t\t\t<\/a>\n\t\t\t\t<\/div>\n\t\t\t\t\t\t\t\t<\/div>\n\t\t\t\t<\/div>\n\t\t\t\t\t<\/div>\n\t\t<\/div>\n\t\t\t\t<div class=\"elementor-column elementor-col-50 elementor-inner-column elementor-element elementor-element-97a4c36\" data-id=\"97a4c36\" data-element_type=\"column\" data-e-type=\"column\">\n\t\t\t<div class=\"elementor-widget-wrap\">\n\t\t\t\t\t\t\t<\/div>\n\t\t<\/div>\n\t\t\t\t\t<\/div>\n\t\t<\/section>\n\t\t\t\t\t<\/div>\n\t\t<\/div>\n\t\t\t\t\t<\/div>\n\t\t<\/section>\n\t\t\t\t<section class=\"elementor-section elementor-top-section elementor-element elementor-element-a49688a elementor-section-stretched elementor-section-full_width elementor-section-height-default elementor-section-height-default\" data-id=\"a49688a\" data-element_type=\"section\" data-e-type=\"section\" data-settings=\"{&quot;stretch_section&quot;:&quot;section-stretched&quot;}\">\n\t\t\t\t\t\t\t<div class=\"elementor-background-overlay\"><\/div>\n\t\t\t\t\t\t\t<div class=\"elementor-container elementor-column-gap-default\">\n\t\t\t\t\t<div class=\"elementor-column elementor-col-100 elementor-top-column elementor-element elementor-element-e78d01c\" data-id=\"e78d01c\" data-element_type=\"column\" data-e-type=\"column\">\n\t\t\t<div class=\"elementor-widget-wrap elementor-element-populated\">\n\t\t\t\t\t\t<div class=\"elementor-element elementor-element-3858aaf elementor-widget elementor-widget-text-editor\" data-id=\"3858aaf\" data-element_type=\"widget\" data-e-type=\"widget\" data-widget_type=\"text-editor.default\">\n\t\t\t\t<div class=\"elementor-widget-container\">\n\t\t\t\t\t\t\t\t\t<p>\r\n<div class=\"fve-video-wrapper fve-image-embed fve-thumbnail-image youtube\" style=\"padding-bottom:75%;\">\r\n    <iframe src=\"\/\/www.youtube.com\/embed\/ojqWh81GZQw?wmode=transparent&modestbranding=1&autohide=1&showinfo=0&rel=0\" width=\"100%\" height=\"100%\" frameborder=\"0\" webkitAllowFullScreen mozallowfullscreen allowFullScreen><\/iframe>    <\/div>\r\n\r\n<\/p>\t\t\t\t\t\t\t\t<\/div>\n\t\t\t\t<\/div>\n\t\t\t\t\t<\/div>\n\t\t<\/div>\n\t\t\t\t\t<\/div>\n\t\t<\/section>\n\t\t\t\t<\/div>\n\t\t","protected":false},"excerpt":{"rendered":"<p>Wir haben 51 Folgen des KathoQuiz zur Vorbereitung auf die Erstkommunion gedreht. Wir m\u00f6chten gerne noch viel mehr f\u00fcr Kinder produzieren. Viele Kinder, Eltern, Religionslehrer, Priester, Bisch\u00f6fe,&#8230; wollen, dass wir weitermachen. Hier kannst du unsere bisherigen KathoQuiz-Folgen ansehen und dich selbst \u00fcberzeugen. Hilfst du uns, den Kindern zu helfen? UNDENDLICHEN DANK! Wir haben 51 Folgen [&hellip;]<\/p>\n","protected":false},"author":19323,"featured_media":0,"parent":0,"menu_order":0,"comment_status":"closed","ping_status":"closed","template":"","meta":{"_acf_changed":false,"site-sidebar-layout":"no-sidebar","site-content-layout":"page-builder","ast-site-content-layout":"default","site-content-style":"default","site-sidebar-style":"default","ast-global-header-display":"","ast-banner-title-visibility":"","ast-main-header-display":"","ast-hfb-above-header-display":"","ast-hfb-below-header-display":"","ast-hfb-mobile-header-display":"","site-post-title":"disabled","ast-breadcrumbs-content":"","ast-featured-img":"disabled","footer-sml-layout":"","ast-disable-related-posts":"","theme-transparent-header-meta":"enabled","adv-header-id-meta":"","stick-header-meta":"","header-above-stick-meta":"","header-main-stick-meta":"","header-below-stick-meta":"","astra-migrate-meta-layouts":"default","ast-page-background-enabled":"default","ast-page-background-meta":{"desktop":{"background-color":"","background-image":"","background-repeat":"repeat","background-position":"center center","background-size":"auto","background-attachment":"scroll","background-type":"","background-media":"","overlay-type":"","overlay-color":"","overlay-opacity":"","overlay-gradient":""},"tablet":{"background-color":"","background-image":"","background-repeat":"repeat","background-position":"center center","background-size":"auto","background-attachment":"scroll","background-type":"","background-media":"","overlay-type":"","overlay-color":"","overlay-opacity":"","overlay-gradient":""},"mobile":{"background-color":"","background-image":"","background-repeat":"repeat","background-position":"center center","background-size":"auto","background-attachment":"scroll","background-type":"","background-media":"","overlay-type":"","overlay-color":"","overlay-opacity":"","overlay-gradient":""}},"ast-content-background-meta":{"desktop":{"background-color":"var(--ast-global-color-5)","background-image":"","background-repeat":"repeat","background-position":"center center","background-size":"auto","background-attachment":"scroll","background-type":"","background-media":"","overlay-type":"","overlay-color":"","overlay-opacity":"","overlay-gradient":""},"tablet":{"background-color":"var(--ast-global-color-5)","background-image":"","background-repeat":"repeat","background-position":"center center","background-size":"auto","background-attachment":"scroll","background-type":"","background-media":"","overlay-type":"","overlay-color":"","overlay-opacity":"","overlay-gradient":""},"mobile":{"background-color":"var(--ast-global-color-5)","background-image":"","background-repeat":"repeat","background-position":"center center","background-size":"auto","background-attachment":"scroll","background-type":"","background-media":"","overlay-type":"","overlay-color":"","overlay-opacity":"","overlay-gradient":""}},"footnotes":""},"class_list":["post-167037","page","type-page","status-publish","hentry"],"acf":[],"aioseo_notices":[],"_links":{"self":[{"href":"https:\/\/www.infinitomasuno.org\/de\/wp-json\/wp\/v2\/pages\/167037","targetHints":{"allow":["GET"]}}],"collection":[{"href":"https:\/\/www.infinitomasuno.org\/de\/wp-json\/wp\/v2\/pages"}],"about":[{"href":"https:\/\/www.infinitomasuno.org\/de\/wp-json\/wp\/v2\/types\/page"}],"author":[{"embeddable":true,"href":"https:\/\/www.infinitomasuno.org\/de\/wp-json\/wp\/v2\/users\/19323"}],"replies":[{"embeddable":true,"href":"https:\/\/www.infinitomasuno.org\/de\/wp-json\/wp\/v2\/comments?post=167037"}],"version-history":[{"count":36,"href":"https:\/\/www.infinitomasuno.org\/de\/wp-json\/wp\/v2\/pages\/167037\/revisions"}],"predecessor-version":[{"id":174847,"href":"https:\/\/www.infinitomasuno.org\/de\/wp-json\/wp\/v2\/pages\/167037\/revisions\/174847"}],"wp:attachment":[{"href":"https:\/\/www.infinitomasuno.org\/de\/wp-json\/wp\/v2\/media?parent=167037"}],"curies":[{"name":"wp","href":"https:\/\/api.w.org\/{rel}","templated":true}]}}